{"id":2999,"date":"2021-12-23T10:59:53","date_gmt":"2021-12-23T09:59:53","guid":{"rendered":"https:\/\/repatransportbanden.nl\/trommels-rollen\/trommels\/"},"modified":"2022-01-05T11:24:30","modified_gmt":"2022-01-05T10:24:30","slug":"trommels","status":"publish","type":"page","link":"https:\/\/repatransportbanden.nl\/es\/trommels-rollen\/trommels\/","title":{"rendered":"Tambores"},"content":{"rendered":"\n<p>REPA suministra todos los tambores que necesita. Tenemos pr\u00e1cticamente todos los tama\u00f1os y tipos de tambores disponibles para usted. Si es necesario, podemos a\u00f1adir revestimiento de caucho vulcanizado en caliente a los tambores, en que tambi\u00e9n podemos hacer un perfil romboidal, por ejemplo.<\/p>\n\n\n\n<p>Estos tambores est\u00e1n disponibles a un precio muy atractivo.<\/p>\n\n\n\n<p>Nuestros tambores se caracterizan por su alta calidad, que es el resultado de -o se refleja en- los siguientes puntos:<\/p>\n\n\n\n<ul class=\"wp-block-list\"><li>En el tubo del tambor, siempre hacemos primero una c\u00e1mara que contiene la brida soldada.<\/li><li>Antes de soldar la brida, la calentamos en el horno. Despu\u00e9s de soldar, dejamos que el tambor se caliente de nuevo con mucho cuidado. S\u00f3lo as\u00ed la soldadura adquiere una gran calidad.<\/li><li>Nuestros tambores s\u00f3lo pueden ser transportados al cliente si antes han sido debidamente equilibrados.<\/li><li>Si lo desea, podemos a\u00f1adir revestimiento de caucho vulcanizado en caliente a los tambores, utilizando caucho natural. El caucho natural es resistente a diversos productos qu\u00edmicos. Tambi\u00e9n podemos aplicar cualquier perfil espec\u00edfico si es necesario.<\/li><\/ul>\n\n\n\n<h2 class=\"wp-block-heading\">Tambores especiales<\/h2>\n\n\n\n<p>Naturalmente, podemos suministrarle todos los tambores normales y usuales. Sin embargo, tambi\u00e9n estamos a su servicio cuando necesite tambores especiales que tengan que cumplir con requisitos espec\u00edficos. Por ejemplo, tambores de espiral o de paletas.<\/p>\n\n\n\n<p>Siempre podemos hacerle una oferta basada en un dibujo proporcionado por usted.<\/p>\n","protected":false},"excerpt":{"rendered":"<p>REPA suministra todos los tambores que necesita. Tenemos pr\u00e1cticamente todos los tama\u00f1os y tipos de tambores disponibles para usted. Si es necesario, podemos a\u00f1adir revestimiento de caucho vulcanizado en caliente a los tambores, en que tambi\u00e9n podemos hacer un perfil romboidal, por ejemplo. Estos tambores est\u00e1n disponibles a un precio muy atractivo. Nuestros tambores se&hellip; <a class=\"more-link\" href=\"https:\/\/repatransportbanden.nl\/es\/trommels-rollen\/trommels\/\">Continue reading <span class=\"screen-reader-text\">Tambores<\/span><\/a><\/p>\n","protected":false},"author":2,"featured_media":1435,"parent":2090,"menu_order":0,"comment_status":"closed","ping_status":"closed","template":"templates\/template-service.php","meta":{"_acf_changed":false,"footnotes":""},"class_list":["post-2999","page","type-page","status-publish","has-post-thumbnail","hentry","entry"],"acf":[],"yoast_head":"<!-- This site is optimized with the Yoast SEO plugin v27.3 - https:\/\/yoast.com\/product\/yoast-seo-wordpress\/ -->\n<title>Tambores - repatransportbanden.nl<\/title>\n<meta name=\"robots\" content=\"index, follow, max-snippet:-1, max-image-preview:large, max-video-preview:-1\" \/>\n<link rel=\"canonical\" href=\"https:\/\/repatransportbanden.nl\/es\/trommels-rollen\/trommels\/\" \/>\n<meta property=\"og:locale\" content=\"es_ES\" \/>\n<meta property=\"og:type\" content=\"article\" \/>\n<meta property=\"og:title\" content=\"Tambores - repatransportbanden.nl\" \/>\n<meta property=\"og:description\" content=\"REPA suministra todos los tambores que necesita. Tenemos pr\u00e1cticamente todos los tama\u00f1os y tipos de tambores disponibles para usted. Si es necesario, podemos a\u00f1adir revestimiento de caucho vulcanizado en caliente a los tambores, en que tambi\u00e9n podemos hacer un perfil romboidal, por ejemplo. Estos tambores est\u00e1n disponibles a un precio muy atractivo. Nuestros tambores se&hellip; Continue reading Tambores\" \/>\n<meta property=\"og:url\" content=\"https:\/\/repatransportbanden.nl\/es\/trommels-rollen\/trommels\/\" \/>\n<meta property=\"og:site_name\" content=\"repatransportbanden.nl\" \/>\n<meta property=\"article:modified_time\" content=\"2022-01-05T10:24:30+00:00\" \/>\n<meta property=\"og:image\" content=\"https:\/\/repatransportbanden.tempurl.host\/wp-content\/uploads\/2021\/12\/Trommels.jpg\" \/>\n\t<meta property=\"og:image:width\" content=\"331\" \/>\n\t<meta property=\"og:image:height\" content=\"331\" \/>\n\t<meta property=\"og:image:type\" content=\"image\/jpeg\" \/>\n<meta name=\"twitter:card\" content=\"summary_large_image\" \/>\n<meta name=\"twitter:label1\" content=\"Tiempo de lectura\" \/>\n\t<meta name=\"twitter:data1\" content=\"1 minuto\" \/>\n<script type=\"application\/ld+json\" class=\"yoast-schema-graph\">{\"@context\":\"https:\\\/\\\/schema.org\",\"@graph\":[{\"@type\":\"WebPage\",\"@id\":\"https:\\\/\\\/repatransportbanden.nl\\\/es\\\/trommels-rollen\\\/trommels\\\/\",\"url\":\"https:\\\/\\\/repatransportbanden.nl\\\/es\\\/trommels-rollen\\\/trommels\\\/\",\"name\":\"Tambores - repatransportbanden.nl\",\"isPartOf\":{\"@id\":\"https:\\\/\\\/repatransportbanden.tempurl.host\\\/#website\"},\"primaryImageOfPage\":{\"@id\":\"https:\\\/\\\/repatransportbanden.nl\\\/es\\\/trommels-rollen\\\/trommels\\\/#primaryimage\"},\"image\":{\"@id\":\"https:\\\/\\\/repatransportbanden.nl\\\/es\\\/trommels-rollen\\\/trommels\\\/#primaryimage\"},\"thumbnailUrl\":\"https:\\\/\\\/repatransportbanden.nl\\\/wp-content\\\/uploads\\\/2021\\\/12\\\/Trommels.jpg\",\"datePublished\":\"2021-12-23T09:59:53+00:00\",\"dateModified\":\"2022-01-05T10:24:30+00:00\",\"breadcrumb\":{\"@id\":\"https:\\\/\\\/repatransportbanden.nl\\\/es\\\/trommels-rollen\\\/trommels\\\/#breadcrumb\"},\"inLanguage\":\"es\",\"potentialAction\":[{\"@type\":\"ReadAction\",\"target\":[\"https:\\\/\\\/repatransportbanden.nl\\\/es\\\/trommels-rollen\\\/trommels\\\/\"]}]},{\"@type\":\"ImageObject\",\"inLanguage\":\"es\",\"@id\":\"https:\\\/\\\/repatransportbanden.nl\\\/es\\\/trommels-rollen\\\/trommels\\\/#primaryimage\",\"url\":\"https:\\\/\\\/repatransportbanden.nl\\\/wp-content\\\/uploads\\\/2021\\\/12\\\/Trommels.jpg\",\"contentUrl\":\"https:\\\/\\\/repatransportbanden.nl\\\/wp-content\\\/uploads\\\/2021\\\/12\\\/Trommels.jpg\",\"width\":331,\"height\":331},{\"@type\":\"BreadcrumbList\",\"@id\":\"https:\\\/\\\/repatransportbanden.nl\\\/es\\\/trommels-rollen\\\/trommels\\\/#breadcrumb\",\"itemListElement\":[{\"@type\":\"ListItem\",\"position\":1,\"name\":\"Inicio\",\"item\":\"https:\\\/\\\/repatransportbanden.nl\\\/es\\\/\"},{\"@type\":\"ListItem\",\"position\":2,\"name\":\"Rodillos y tambores\",\"item\":\"https:\\\/\\\/repatransportbanden.tempurl.host\\\/es\\\/trommels-rollen\\\/\"},{\"@type\":\"ListItem\",\"position\":3,\"name\":\"Tambores\"}]},{\"@type\":\"WebSite\",\"@id\":\"https:\\\/\\\/repatransportbanden.tempurl.host\\\/#website\",\"url\":\"https:\\\/\\\/repatransportbanden.tempurl.host\\\/\",\"name\":\"repatransportbanden.nl\",\"description\":\"\",\"potentialAction\":[{\"@type\":\"SearchAction\",\"target\":{\"@type\":\"EntryPoint\",\"urlTemplate\":\"https:\\\/\\\/repatransportbanden.tempurl.host\\\/?s={search_term_string}\"},\"query-input\":{\"@type\":\"PropertyValueSpecification\",\"valueRequired\":true,\"valueName\":\"search_term_string\"}}],\"inLanguage\":\"es\"}]}<\/script>\n<!-- \/ Yoast SEO plugin. -->","yoast_head_json":{"title":"Tambores - repatransportbanden.nl","robots":{"index":"index","follow":"follow","max-snippet":"max-snippet:-1","max-image-preview":"max-image-preview:large","max-video-preview":"max-video-preview:-1"},"canonical":"https:\/\/repatransportbanden.nl\/es\/trommels-rollen\/trommels\/","og_locale":"es_ES","og_type":"article","og_title":"Tambores - repatransportbanden.nl","og_description":"REPA suministra todos los tambores que necesita. Tenemos pr\u00e1cticamente todos los tama\u00f1os y tipos de tambores disponibles para usted. Si es necesario, podemos a\u00f1adir revestimiento de caucho vulcanizado en caliente a los tambores, en que tambi\u00e9n podemos hacer un perfil romboidal, por ejemplo. Estos tambores est\u00e1n disponibles a un precio muy atractivo. Nuestros tambores se&hellip; Continue reading Tambores","og_url":"https:\/\/repatransportbanden.nl\/es\/trommels-rollen\/trommels\/","og_site_name":"repatransportbanden.nl","article_modified_time":"2022-01-05T10:24:30+00:00","og_image":[{"width":331,"height":331,"url":"https:\/\/repatransportbanden.tempurl.host\/wp-content\/uploads\/2021\/12\/Trommels.jpg","type":"image\/jpeg"}],"twitter_card":"summary_large_image","twitter_misc":{"Tiempo de lectura":"1 minuto"},"schema":{"@context":"https:\/\/schema.org","@graph":[{"@type":"WebPage","@id":"https:\/\/repatransportbanden.nl\/es\/trommels-rollen\/trommels\/","url":"https:\/\/repatransportbanden.nl\/es\/trommels-rollen\/trommels\/","name":"Tambores - repatransportbanden.nl","isPartOf":{"@id":"https:\/\/repatransportbanden.tempurl.host\/#website"},"primaryImageOfPage":{"@id":"https:\/\/repatransportbanden.nl\/es\/trommels-rollen\/trommels\/#primaryimage"},"image":{"@id":"https:\/\/repatransportbanden.nl\/es\/trommels-rollen\/trommels\/#primaryimage"},"thumbnailUrl":"https:\/\/repatransportbanden.nl\/wp-content\/uploads\/2021\/12\/Trommels.jpg","datePublished":"2021-12-23T09:59:53+00:00","dateModified":"2022-01-05T10:24:30+00:00","breadcrumb":{"@id":"https:\/\/repatransportbanden.nl\/es\/trommels-rollen\/trommels\/#breadcrumb"},"inLanguage":"es","potentialAction":[{"@type":"ReadAction","target":["https:\/\/repatransportbanden.nl\/es\/trommels-rollen\/trommels\/"]}]},{"@type":"ImageObject","inLanguage":"es","@id":"https:\/\/repatransportbanden.nl\/es\/trommels-rollen\/trommels\/#primaryimage","url":"https:\/\/repatransportbanden.nl\/wp-content\/uploads\/2021\/12\/Trommels.jpg","contentUrl":"https:\/\/repatransportbanden.nl\/wp-content\/uploads\/2021\/12\/Trommels.jpg","width":331,"height":331},{"@type":"BreadcrumbList","@id":"https:\/\/repatransportbanden.nl\/es\/trommels-rollen\/trommels\/#breadcrumb","itemListElement":[{"@type":"ListItem","position":1,"name":"Inicio","item":"https:\/\/repatransportbanden.nl\/es\/"},{"@type":"ListItem","position":2,"name":"Rodillos y tambores","item":"https:\/\/repatransportbanden.tempurl.host\/es\/trommels-rollen\/"},{"@type":"ListItem","position":3,"name":"Tambores"}]},{"@type":"WebSite","@id":"https:\/\/repatransportbanden.tempurl.host\/#website","url":"https:\/\/repatransportbanden.tempurl.host\/","name":"repatransportbanden.nl","description":"","potentialAction":[{"@type":"SearchAction","target":{"@type":"EntryPoint","urlTemplate":"https:\/\/repatransportbanden.tempurl.host\/?s={search_term_string}"},"query-input":{"@type":"PropertyValueSpecification","valueRequired":true,"valueName":"search_term_string"}}],"inLanguage":"es"}]}},"_links":{"self":[{"href":"https:\/\/repatransportbanden.nl\/es\/wp-json\/wp\/v2\/pages\/2999","targetHints":{"allow":["GET"]}}],"collection":[{"href":"https:\/\/repatransportbanden.nl\/es\/wp-json\/wp\/v2\/pages"}],"about":[{"href":"https:\/\/repatransportbanden.nl\/es\/wp-json\/wp\/v2\/types\/page"}],"author":[{"embeddable":true,"href":"https:\/\/repatransportbanden.nl\/es\/wp-json\/wp\/v2\/users\/2"}],"replies":[{"embeddable":true,"href":"https:\/\/repatransportbanden.nl\/es\/wp-json\/wp\/v2\/comments?post=2999"}],"version-history":[{"count":4,"href":"https:\/\/repatransportbanden.nl\/es\/wp-json\/wp\/v2\/pages\/2999\/revisions"}],"predecessor-version":[{"id":3392,"href":"https:\/\/repatransportbanden.nl\/es\/wp-json\/wp\/v2\/pages\/2999\/revisions\/3392"}],"up":[{"embeddable":true,"href":"https:\/\/repatransportbanden.nl\/es\/wp-json\/wp\/v2\/pages\/2090"}],"wp:featuredmedia":[{"embeddable":true,"href":"https:\/\/repatransportbanden.nl\/es\/wp-json\/wp\/v2\/media\/1435"}],"wp:attachment":[{"href":"https:\/\/repatransportbanden.nl\/es\/wp-json\/wp\/v2\/media?parent=2999"}],"curies":[{"name":"wp","href":"https:\/\/api.w.org\/{rel}","templated":true}]}}