{"id":1765,"date":"2021-12-16T10:19:08","date_gmt":"2021-12-16T09:19:08","guid":{"rendered":"https:\/\/repatransportbanden.nl\/wie-zijn-wij\/"},"modified":"2022-01-28T00:17:38","modified_gmt":"2022-01-27T23:17:38","slug":"wie-zijn-wij","status":"publish","type":"page","link":"https:\/\/repatransportbanden.nl\/es\/wie-zijn-wij\/","title":{"rendered":"Qui\u00e9nes somos"},"content":{"rendered":"\n<p>REPA Transportbanden BV se fund\u00f3 en 1993 en Akersloot y desde entonces ha experimentado un crecimiento explosivo. Ha crecido estando a disposici\u00f3n de sus clientes 24 horas al d\u00eda, 7 d\u00edas por semana. En resumen: una excelente calidad y entregas r\u00e1pidas son la base del \u00e9xito de REPA. Y ya desde 1998 tenemos la certificaci\u00f3n ISO-9001 y VCA desde 1998. REPA se traslad\u00f3 en 2020 a un nuevo edificio en Alkmaar, donde podemos seguir creciendo. La oficina principal en Alkmaar tiene una superficie de 35.000 m<sup>2<\/sup>, y todas las naves de producci\u00f3n est\u00e1n equipadas con las m\u00e1quinas m\u00e1s modernas para producir bandas transportadoras de pl\u00e1stico y de caucho. Nuestra adquisici\u00f3n m\u00e1s reciente es una l\u00ednea de producci\u00f3n semiautom\u00e1tica para la vulcanizaci\u00f3n de bandas de caucho con transportadores y bordes ondulados de hasta 2.600 mm de anchura.<\/p>\n\n\n\n<p>Adem\u00e1s, trabajamos con varias prensas t\u00e9rmicas de alta frecuencia para la vulcanizaci\u00f3n de bandas transportadoras de pl\u00e1stico de hasta 5.000 mm de anchura y con varias m\u00e1quinas de corte, de modo que podemos realizar entregas r\u00e1pidas, ya que los tiempos de inactividad siguen costando dinero innecesario. La fabricaci\u00f3n de diversos rodillos tambi\u00e9n forma parte de las actividades. Adem\u00e1s, REPA suministra desde el almac\u00e9n todas las piezas necesarias para el buen funcionamiento del sistema de bandas transportadoras.<\/p>\n\n\n\n<p>Todo el mundo est\u00e1 invitado para hacer una visita a nuestra nueva sala de exposiciones, donde se pueden ver todos los productos que ofrece el Grupo REPA. Por favor, llame primero para hacer una cita.<\/p>\n\n\n\n<p>Nuestras actividades incluyen entre otras:<\/p>\n\n\n\n<ul class=\"wp-block-list\"><li>Entrega, montaje y reparaci\u00f3n de bandas transportadoras de caucho y de pl\u00e1stico + piezas para todos los sectores industriales<\/li><li>Amplio stock de bandas de perfil de caucho<\/li><li>Mantenimiento de bandas transportadoras + piezas<\/li><li>Inspecci\u00f3n + informe de bandas transportadoras + piezas<\/li><li>Hacer un inventario de las bandas transportadoras + piezas<\/li><li>Servicio 24 horas<\/li><li>Fabricaci\u00f3n de bandas transportadoras de pl\u00e1stico y caucho<\/li><li>Fabricaci\u00f3n de bandas transportadoras<\/li><li>Entrega y montaje de rascadores<\/li><li>Entrega de tambores y rodillos. Todos los rodillos DIN disponibles en stock (acero y HDPE)<\/li><li>Entrega de estaciones de rodillos. Seg\u00fan DIN, disponible en stock.<\/li><li>Entrega de rodillos de direcci\u00f3n autom\u00e1ticos para la parte de retorno de la banda, llamados<br>Re-Track, hasta una anchura de banda de 2.400 mm<\/li><li>Entrega de estaciones de rodillos de direcci\u00f3n autom\u00e1ticas para la parte superior de la banda, denominadas Ce-Track, hasta una anchura de banda de 2.400 mm<\/li><li>Entrega de cubiertas de bandas<\/li><li>Revestimiento de tambores, tolvas, puntos de vertido, etc.<\/li><li>Entrega de revestimientos de caucho resistentes al desgaste y de cer\u00e1mica<\/li><li>Barras de impacto\/barras deslizantes<\/li><li>Cola de caucho e imprimaci\u00f3n<\/li><\/ul>\n","protected":false},"excerpt":{"rendered":"<p>REPA Transportbanden BV se fund\u00f3 en 1993 en Akersloot y desde entonces ha experimentado un crecimiento explosivo. Ha crecido estando a disposici\u00f3n de sus clientes 24 horas al d\u00eda, 7 d\u00edas por semana. En resumen: una excelente calidad y entregas r\u00e1pidas son la base del \u00e9xito de REPA. Y ya desde 1998 tenemos la certificaci\u00f3n&hellip; <a class=\"more-link\" href=\"https:\/\/repatransportbanden.nl\/es\/wie-zijn-wij\/\">Continue reading <span class=\"screen-reader-text\">Qui\u00e9nes somos<\/span><\/a><\/p>\n","protected":false},"author":2,"featured_media":1450,"parent":0,"menu_order":0,"comment_status":"closed","ping_status":"closed","template":"","meta":{"_acf_changed":false,"footnotes":""},"class_list":["post-1765","page","type-page","status-publish","has-post-thumbnail","hentry","entry"],"acf":[],"yoast_head":"<!-- This site is optimized with the Yoast SEO plugin v27.3 - https:\/\/yoast.com\/product\/yoast-seo-wordpress\/ -->\n<title>Qui\u00e9nes somos - repatransportbanden.nl<\/title>\n<meta name=\"robots\" content=\"index, follow, max-snippet:-1, max-image-preview:large, max-video-preview:-1\" \/>\n<link rel=\"canonical\" href=\"https:\/\/repatransportbanden.nl\/es\/wie-zijn-wij\/\" \/>\n<meta property=\"og:locale\" content=\"es_ES\" \/>\n<meta property=\"og:type\" content=\"article\" \/>\n<meta property=\"og:title\" content=\"Qui\u00e9nes somos - repatransportbanden.nl\" \/>\n<meta property=\"og:description\" content=\"REPA Transportbanden BV se fund\u00f3 en 1993 en Akersloot y desde entonces ha experimentado un crecimiento explosivo. Ha crecido estando a disposici\u00f3n de sus clientes 24 horas al d\u00eda, 7 d\u00edas por semana. En resumen: una excelente calidad y entregas r\u00e1pidas son la base del \u00e9xito de REPA. Y ya desde 1998 tenemos la certificaci\u00f3n&hellip; Continue reading Qui\u00e9nes somos\" \/>\n<meta property=\"og:url\" content=\"https:\/\/repatransportbanden.nl\/es\/wie-zijn-wij\/\" \/>\n<meta property=\"og:site_name\" content=\"repatransportbanden.nl\" \/>\n<meta property=\"article:modified_time\" content=\"2022-01-27T23:17:38+00:00\" \/>\n<meta property=\"og:image\" content=\"https:\/\/repatransportbanden.tempurl.host\/wp-content\/uploads\/2021\/12\/Wie-zijn-wij1.jpg\" \/>\n\t<meta property=\"og:image:width\" content=\"686\" \/>\n\t<meta property=\"og:image:height\" content=\"464\" \/>\n\t<meta property=\"og:image:type\" content=\"image\/jpeg\" \/>\n<meta name=\"twitter:card\" content=\"summary_large_image\" \/>\n<meta name=\"twitter:label1\" content=\"Tiempo de lectura\" \/>\n\t<meta name=\"twitter:data1\" content=\"3 minutos\" \/>\n<script type=\"application\/ld+json\" class=\"yoast-schema-graph\">{\"@context\":\"https:\\\/\\\/schema.org\",\"@graph\":[{\"@type\":\"WebPage\",\"@id\":\"https:\\\/\\\/repatransportbanden.nl\\\/es\\\/wie-zijn-wij\\\/\",\"url\":\"https:\\\/\\\/repatransportbanden.nl\\\/es\\\/wie-zijn-wij\\\/\",\"name\":\"Qui\u00e9nes somos - repatransportbanden.nl\",\"isPartOf\":{\"@id\":\"https:\\\/\\\/repatransportbanden.tempurl.host\\\/#website\"},\"primaryImageOfPage\":{\"@id\":\"https:\\\/\\\/repatransportbanden.nl\\\/es\\\/wie-zijn-wij\\\/#primaryimage\"},\"image\":{\"@id\":\"https:\\\/\\\/repatransportbanden.nl\\\/es\\\/wie-zijn-wij\\\/#primaryimage\"},\"thumbnailUrl\":\"https:\\\/\\\/repatransportbanden.nl\\\/wp-content\\\/uploads\\\/2021\\\/12\\\/Wie-zijn-wij1.jpg\",\"datePublished\":\"2021-12-16T09:19:08+00:00\",\"dateModified\":\"2022-01-27T23:17:38+00:00\",\"breadcrumb\":{\"@id\":\"https:\\\/\\\/repatransportbanden.nl\\\/es\\\/wie-zijn-wij\\\/#breadcrumb\"},\"inLanguage\":\"es\",\"potentialAction\":[{\"@type\":\"ReadAction\",\"target\":[\"https:\\\/\\\/repatransportbanden.nl\\\/es\\\/wie-zijn-wij\\\/\"]}]},{\"@type\":\"ImageObject\",\"inLanguage\":\"es\",\"@id\":\"https:\\\/\\\/repatransportbanden.nl\\\/es\\\/wie-zijn-wij\\\/#primaryimage\",\"url\":\"https:\\\/\\\/repatransportbanden.nl\\\/wp-content\\\/uploads\\\/2021\\\/12\\\/Wie-zijn-wij1.jpg\",\"contentUrl\":\"https:\\\/\\\/repatransportbanden.nl\\\/wp-content\\\/uploads\\\/2021\\\/12\\\/Wie-zijn-wij1.jpg\",\"width\":686,\"height\":464},{\"@type\":\"BreadcrumbList\",\"@id\":\"https:\\\/\\\/repatransportbanden.nl\\\/es\\\/wie-zijn-wij\\\/#breadcrumb\",\"itemListElement\":[{\"@type\":\"ListItem\",\"position\":1,\"name\":\"Inicio\",\"item\":\"https:\\\/\\\/repatransportbanden.nl\\\/es\\\/\"},{\"@type\":\"ListItem\",\"position\":2,\"name\":\"Qui\u00e9nes somos\"}]},{\"@type\":\"WebSite\",\"@id\":\"https:\\\/\\\/repatransportbanden.tempurl.host\\\/#website\",\"url\":\"https:\\\/\\\/repatransportbanden.tempurl.host\\\/\",\"name\":\"repatransportbanden.nl\",\"description\":\"\",\"potentialAction\":[{\"@type\":\"SearchAction\",\"target\":{\"@type\":\"EntryPoint\",\"urlTemplate\":\"https:\\\/\\\/repatransportbanden.tempurl.host\\\/?s={search_term_string}\"},\"query-input\":{\"@type\":\"PropertyValueSpecification\",\"valueRequired\":true,\"valueName\":\"search_term_string\"}}],\"inLanguage\":\"es\"}]}<\/script>\n<!-- \/ Yoast SEO plugin. -->","yoast_head_json":{"title":"Qui\u00e9nes somos - repatransportbanden.nl","robots":{"index":"index","follow":"follow","max-snippet":"max-snippet:-1","max-image-preview":"max-image-preview:large","max-video-preview":"max-video-preview:-1"},"canonical":"https:\/\/repatransportbanden.nl\/es\/wie-zijn-wij\/","og_locale":"es_ES","og_type":"article","og_title":"Qui\u00e9nes somos - repatransportbanden.nl","og_description":"REPA Transportbanden BV se fund\u00f3 en 1993 en Akersloot y desde entonces ha experimentado un crecimiento explosivo. Ha crecido estando a disposici\u00f3n de sus clientes 24 horas al d\u00eda, 7 d\u00edas por semana. En resumen: una excelente calidad y entregas r\u00e1pidas son la base del \u00e9xito de REPA. Y ya desde 1998 tenemos la certificaci\u00f3n&hellip; Continue reading Qui\u00e9nes somos","og_url":"https:\/\/repatransportbanden.nl\/es\/wie-zijn-wij\/","og_site_name":"repatransportbanden.nl","article_modified_time":"2022-01-27T23:17:38+00:00","og_image":[{"width":686,"height":464,"url":"https:\/\/repatransportbanden.tempurl.host\/wp-content\/uploads\/2021\/12\/Wie-zijn-wij1.jpg","type":"image\/jpeg"}],"twitter_card":"summary_large_image","twitter_misc":{"Tiempo de lectura":"3 minutos"},"schema":{"@context":"https:\/\/schema.org","@graph":[{"@type":"WebPage","@id":"https:\/\/repatransportbanden.nl\/es\/wie-zijn-wij\/","url":"https:\/\/repatransportbanden.nl\/es\/wie-zijn-wij\/","name":"Qui\u00e9nes somos - repatransportbanden.nl","isPartOf":{"@id":"https:\/\/repatransportbanden.tempurl.host\/#website"},"primaryImageOfPage":{"@id":"https:\/\/repatransportbanden.nl\/es\/wie-zijn-wij\/#primaryimage"},"image":{"@id":"https:\/\/repatransportbanden.nl\/es\/wie-zijn-wij\/#primaryimage"},"thumbnailUrl":"https:\/\/repatransportbanden.nl\/wp-content\/uploads\/2021\/12\/Wie-zijn-wij1.jpg","datePublished":"2021-12-16T09:19:08+00:00","dateModified":"2022-01-27T23:17:38+00:00","breadcrumb":{"@id":"https:\/\/repatransportbanden.nl\/es\/wie-zijn-wij\/#breadcrumb"},"inLanguage":"es","potentialAction":[{"@type":"ReadAction","target":["https:\/\/repatransportbanden.nl\/es\/wie-zijn-wij\/"]}]},{"@type":"ImageObject","inLanguage":"es","@id":"https:\/\/repatransportbanden.nl\/es\/wie-zijn-wij\/#primaryimage","url":"https:\/\/repatransportbanden.nl\/wp-content\/uploads\/2021\/12\/Wie-zijn-wij1.jpg","contentUrl":"https:\/\/repatransportbanden.nl\/wp-content\/uploads\/2021\/12\/Wie-zijn-wij1.jpg","width":686,"height":464},{"@type":"BreadcrumbList","@id":"https:\/\/repatransportbanden.nl\/es\/wie-zijn-wij\/#breadcrumb","itemListElement":[{"@type":"ListItem","position":1,"name":"Inicio","item":"https:\/\/repatransportbanden.nl\/es\/"},{"@type":"ListItem","position":2,"name":"Qui\u00e9nes somos"}]},{"@type":"WebSite","@id":"https:\/\/repatransportbanden.tempurl.host\/#website","url":"https:\/\/repatransportbanden.tempurl.host\/","name":"repatransportbanden.nl","description":"","potentialAction":[{"@type":"SearchAction","target":{"@type":"EntryPoint","urlTemplate":"https:\/\/repatransportbanden.tempurl.host\/?s={search_term_string}"},"query-input":{"@type":"PropertyValueSpecification","valueRequired":true,"valueName":"search_term_string"}}],"inLanguage":"es"}]}},"_links":{"self":[{"href":"https:\/\/repatransportbanden.nl\/es\/wp-json\/wp\/v2\/pages\/1765","targetHints":{"allow":["GET"]}}],"collection":[{"href":"https:\/\/repatransportbanden.nl\/es\/wp-json\/wp\/v2\/pages"}],"about":[{"href":"https:\/\/repatransportbanden.nl\/es\/wp-json\/wp\/v2\/types\/page"}],"author":[{"embeddable":true,"href":"https:\/\/repatransportbanden.nl\/es\/wp-json\/wp\/v2\/users\/2"}],"replies":[{"embeddable":true,"href":"https:\/\/repatransportbanden.nl\/es\/wp-json\/wp\/v2\/comments?post=1765"}],"version-history":[{"count":2,"href":"https:\/\/repatransportbanden.nl\/es\/wp-json\/wp\/v2\/pages\/1765\/revisions"}],"predecessor-version":[{"id":3258,"href":"https:\/\/repatransportbanden.nl\/es\/wp-json\/wp\/v2\/pages\/1765\/revisions\/3258"}],"wp:featuredmedia":[{"embeddable":true,"href":"https:\/\/repatransportbanden.nl\/es\/wp-json\/wp\/v2\/media\/1450"}],"wp:attachment":[{"href":"https:\/\/repatransportbanden.nl\/es\/wp-json\/wp\/v2\/media?parent=1765"}],"curies":[{"name":"wp","href":"https:\/\/api.w.org\/{rel}","templated":true}]}}