{"id":1736,"date":"2021-12-16T09:27:43","date_gmt":"2021-12-16T08:27:43","guid":{"rendered":"https:\/\/repatransportbanden.nl\/trommels-en-rollen\/testcentrum-rollen\/"},"modified":"2022-01-06T08:42:31","modified_gmt":"2022-01-06T07:42:31","slug":"testcentrum-rollen","status":"publish","type":"page","link":"https:\/\/repatransportbanden.nl\/es\/trommels-rollen\/testcentrum-rollen\/","title":{"rendered":"Centro de pruebas para rodillos"},"content":{"rendered":"\n<p>REPA dispone de su propio laboratorio que sirve de centro de pruebas para nuestros numerosos rodillos. Todos nuestros rodillos de acero y de HDPE se prueban exhaustivamente aqu\u00ed. Al hacer estas pruebas, tenemos una idea muy clara de la calidad exacta de los rodillos y sabemos lo que tenemos que hacer para conseguir una calidad a\u00fan mayor.<\/p>\n\n\n\n<p>Todos nuestros rodillos cumplen con las normas DIN, CEMA y JIS.<\/p>\n\n\n\n<p><strong>Las pruebas m\u00e1s esenciales que realizamos son:<\/strong><\/p>\n\n\n\n<div class=\"wp-block-columns is-layout-flex wp-container-core-columns-is-layout-9d6595d7 wp-block-columns-is-layout-flex\">\n<div class=\"wp-block-column is-layout-flow wp-block-column-is-layout-flow\">\n<figure class=\"wp-block-image size-full\"><img loading=\"lazy\" decoding=\"async\" width=\"686\" height=\"464\" src=\"https:\/\/repatransportbanden.nl\/wp-content\/uploads\/2021\/12\/Testcentrum-rollen1.jpg\" alt=\"\" class=\"wp-image-1327\" srcset=\"https:\/\/repatransportbanden.nl\/wp-content\/uploads\/2021\/12\/Testcentrum-rollen1.jpg 686w, https:\/\/repatransportbanden.nl\/wp-content\/uploads\/2021\/12\/Testcentrum-rollen1-300x203.jpg 300w\" sizes=\"auto, (max-width: 686px) 100vw, 686px\" \/><\/figure>\n\n\n\n<h2 class=\"wp-block-heading\">Prueba de polvo<\/h2>\n<\/div>\n\n\n\n<div class=\"wp-block-column is-layout-flow wp-block-column-is-layout-flow\">\n<figure class=\"wp-block-image size-full\"><img loading=\"lazy\" decoding=\"async\" width=\"686\" height=\"464\" src=\"https:\/\/repatransportbanden.nl\/wp-content\/uploads\/2021\/12\/Testcentrum-rollen2.jpg\" alt=\"\" class=\"wp-image-1330\" srcset=\"https:\/\/repatransportbanden.nl\/wp-content\/uploads\/2021\/12\/Testcentrum-rollen2.jpg 686w, https:\/\/repatransportbanden.nl\/wp-content\/uploads\/2021\/12\/Testcentrum-rollen2-300x203.jpg 300w\" sizes=\"auto, (max-width: 686px) 100vw, 686px\" \/><\/figure>\n\n\n\n<h2 class=\"wp-block-heading\">Prueba de resistencia del rodillo<\/h2>\n<\/div>\n<\/div>\n\n\n\n<div class=\"wp-block-columns is-layout-flex wp-container-core-columns-is-layout-9d6595d7 wp-block-columns-is-layout-flex\">\n<div class=\"wp-block-column is-layout-flow wp-block-column-is-layout-flow\">\n<figure class=\"wp-block-image size-full\"><img loading=\"lazy\" decoding=\"async\" width=\"686\" height=\"464\" src=\"https:\/\/repatransportbanden.nl\/wp-content\/uploads\/2021\/12\/Testcentrum-rollen3.jpg\" alt=\"\" class=\"wp-image-1333\" srcset=\"https:\/\/repatransportbanden.nl\/wp-content\/uploads\/2021\/12\/Testcentrum-rollen3.jpg 686w, https:\/\/repatransportbanden.nl\/wp-content\/uploads\/2021\/12\/Testcentrum-rollen3-300x203.jpg 300w\" sizes=\"auto, (max-width: 686px) 100vw, 686px\" \/><\/figure>\n\n\n\n<h2 class=\"wp-block-heading\">Prueba de agua<\/h2>\n<\/div>\n\n\n\n<div class=\"wp-block-column is-layout-flow wp-block-column-is-layout-flow\">\n<figure class=\"wp-block-image size-full\"><img loading=\"lazy\" decoding=\"async\" width=\"686\" height=\"464\" src=\"https:\/\/repatransportbanden.nl\/wp-content\/uploads\/2021\/12\/Testcentrum-rollen4.jpg\" alt=\"\" class=\"wp-image-1336\" srcset=\"https:\/\/repatransportbanden.nl\/wp-content\/uploads\/2021\/12\/Testcentrum-rollen4.jpg 686w, https:\/\/repatransportbanden.nl\/wp-content\/uploads\/2021\/12\/Testcentrum-rollen4-300x203.jpg 300w\" sizes=\"auto, (max-width: 686px) 100vw, 686px\" \/><\/figure>\n\n\n\n<h2 class=\"wp-block-heading\">Instalaci\u00f3n para realizar una prueba de resistencia (derecha). A la izquierda, la carrera radial se puede medir con un banco controlado por ordenador.<\/h2>\n<\/div>\n<\/div>\n\n\n\n<p>Tambi\u00e9n se pueden crear pruebas en cualquier momento en funci\u00f3n de las necesidades espec\u00edficas del cliente.<\/p>\n","protected":false},"excerpt":{"rendered":"<p>REPA dispone de su propio laboratorio que sirve de centro de pruebas para nuestros numerosos rodillos. Todos nuestros rodillos de acero y de HDPE se prueban exhaustivamente aqu\u00ed. Al hacer estas pruebas, tenemos una idea muy clara de la calidad exacta de los rodillos y sabemos lo que tenemos que hacer para conseguir una calidad&hellip; <a class=\"more-link\" href=\"https:\/\/repatransportbanden.nl\/es\/trommels-rollen\/testcentrum-rollen\/\">Continue reading <span class=\"screen-reader-text\">Centro de pruebas para rodillos<\/span><\/a><\/p>\n","protected":false},"author":2,"featured_media":1339,"parent":2090,"menu_order":0,"comment_status":"closed","ping_status":"closed","template":"templates\/template-service.php","meta":{"_acf_changed":false,"footnotes":""},"class_list":["post-1736","page","type-page","status-publish","has-post-thumbnail","hentry","entry"],"acf":[],"yoast_head":"<!-- This site is optimized with the Yoast SEO plugin v27.3 - https:\/\/yoast.com\/product\/yoast-seo-wordpress\/ -->\n<title>Centro de pruebas para rodillos - repatransportbanden.nl<\/title>\n<meta name=\"robots\" content=\"index, follow, max-snippet:-1, max-image-preview:large, max-video-preview:-1\" \/>\n<link rel=\"canonical\" href=\"https:\/\/repatransportbanden.nl\/es\/trommels-rollen\/testcentrum-rollen\/\" \/>\n<meta property=\"og:locale\" content=\"es_ES\" \/>\n<meta property=\"og:type\" content=\"article\" \/>\n<meta property=\"og:title\" content=\"Centro de pruebas para rodillos - repatransportbanden.nl\" \/>\n<meta property=\"og:description\" content=\"REPA dispone de su propio laboratorio que sirve de centro de pruebas para nuestros numerosos rodillos. Todos nuestros rodillos de acero y de HDPE se prueban exhaustivamente aqu\u00ed. Al hacer estas pruebas, tenemos una idea muy clara de la calidad exacta de los rodillos y sabemos lo que tenemos que hacer para conseguir una calidad&hellip; Continue reading Centro de pruebas para rodillos\" \/>\n<meta property=\"og:url\" content=\"https:\/\/repatransportbanden.nl\/es\/trommels-rollen\/testcentrum-rollen\/\" \/>\n<meta property=\"og:site_name\" content=\"repatransportbanden.nl\" \/>\n<meta property=\"article:modified_time\" content=\"2022-01-06T07:42:31+00:00\" \/>\n<meta property=\"og:image\" content=\"https:\/\/repatransportbanden.tempurl.host\/wp-content\/uploads\/2021\/12\/Testcentrum-rollen.jpg\" \/>\n\t<meta property=\"og:image:width\" content=\"331\" \/>\n\t<meta property=\"og:image:height\" content=\"331\" \/>\n\t<meta property=\"og:image:type\" content=\"image\/jpeg\" \/>\n<meta name=\"twitter:card\" content=\"summary_large_image\" \/>\n<meta name=\"twitter:label1\" content=\"Tiempo de lectura\" \/>\n\t<meta name=\"twitter:data1\" content=\"2 minutos\" \/>\n<script type=\"application\/ld+json\" class=\"yoast-schema-graph\">{\"@context\":\"https:\\\/\\\/schema.org\",\"@graph\":[{\"@type\":\"WebPage\",\"@id\":\"https:\\\/\\\/repatransportbanden.nl\\\/es\\\/trommels-rollen\\\/testcentrum-rollen\\\/\",\"url\":\"https:\\\/\\\/repatransportbanden.nl\\\/es\\\/trommels-rollen\\\/testcentrum-rollen\\\/\",\"name\":\"Centro de pruebas para rodillos - repatransportbanden.nl\",\"isPartOf\":{\"@id\":\"https:\\\/\\\/repatransportbanden.tempurl.host\\\/#website\"},\"primaryImageOfPage\":{\"@id\":\"https:\\\/\\\/repatransportbanden.nl\\\/es\\\/trommels-rollen\\\/testcentrum-rollen\\\/#primaryimage\"},\"image\":{\"@id\":\"https:\\\/\\\/repatransportbanden.nl\\\/es\\\/trommels-rollen\\\/testcentrum-rollen\\\/#primaryimage\"},\"thumbnailUrl\":\"https:\\\/\\\/repatransportbanden.nl\\\/wp-content\\\/uploads\\\/2021\\\/12\\\/Testcentrum-rollen.jpg\",\"datePublished\":\"2021-12-16T08:27:43+00:00\",\"dateModified\":\"2022-01-06T07:42:31+00:00\",\"breadcrumb\":{\"@id\":\"https:\\\/\\\/repatransportbanden.nl\\\/es\\\/trommels-rollen\\\/testcentrum-rollen\\\/#breadcrumb\"},\"inLanguage\":\"es\",\"potentialAction\":[{\"@type\":\"ReadAction\",\"target\":[\"https:\\\/\\\/repatransportbanden.nl\\\/es\\\/trommels-rollen\\\/testcentrum-rollen\\\/\"]}]},{\"@type\":\"ImageObject\",\"inLanguage\":\"es\",\"@id\":\"https:\\\/\\\/repatransportbanden.nl\\\/es\\\/trommels-rollen\\\/testcentrum-rollen\\\/#primaryimage\",\"url\":\"https:\\\/\\\/repatransportbanden.nl\\\/wp-content\\\/uploads\\\/2021\\\/12\\\/Testcentrum-rollen.jpg\",\"contentUrl\":\"https:\\\/\\\/repatransportbanden.nl\\\/wp-content\\\/uploads\\\/2021\\\/12\\\/Testcentrum-rollen.jpg\",\"width\":331,\"height\":331},{\"@type\":\"BreadcrumbList\",\"@id\":\"https:\\\/\\\/repatransportbanden.nl\\\/es\\\/trommels-rollen\\\/testcentrum-rollen\\\/#breadcrumb\",\"itemListElement\":[{\"@type\":\"ListItem\",\"position\":1,\"name\":\"Inicio\",\"item\":\"https:\\\/\\\/repatransportbanden.nl\\\/es\\\/\"},{\"@type\":\"ListItem\",\"position\":2,\"name\":\"Rodillos y tambores\",\"item\":\"https:\\\/\\\/repatransportbanden.tempurl.host\\\/es\\\/trommels-rollen\\\/\"},{\"@type\":\"ListItem\",\"position\":3,\"name\":\"Centro de pruebas para rodillos\"}]},{\"@type\":\"WebSite\",\"@id\":\"https:\\\/\\\/repatransportbanden.tempurl.host\\\/#website\",\"url\":\"https:\\\/\\\/repatransportbanden.tempurl.host\\\/\",\"name\":\"repatransportbanden.nl\",\"description\":\"\",\"potentialAction\":[{\"@type\":\"SearchAction\",\"target\":{\"@type\":\"EntryPoint\",\"urlTemplate\":\"https:\\\/\\\/repatransportbanden.tempurl.host\\\/?s={search_term_string}\"},\"query-input\":{\"@type\":\"PropertyValueSpecification\",\"valueRequired\":true,\"valueName\":\"search_term_string\"}}],\"inLanguage\":\"es\"}]}<\/script>\n<!-- \/ Yoast SEO plugin. -->","yoast_head_json":{"title":"Centro de pruebas para rodillos - repatransportbanden.nl","robots":{"index":"index","follow":"follow","max-snippet":"max-snippet:-1","max-image-preview":"max-image-preview:large","max-video-preview":"max-video-preview:-1"},"canonical":"https:\/\/repatransportbanden.nl\/es\/trommels-rollen\/testcentrum-rollen\/","og_locale":"es_ES","og_type":"article","og_title":"Centro de pruebas para rodillos - repatransportbanden.nl","og_description":"REPA dispone de su propio laboratorio que sirve de centro de pruebas para nuestros numerosos rodillos. Todos nuestros rodillos de acero y de HDPE se prueban exhaustivamente aqu\u00ed. Al hacer estas pruebas, tenemos una idea muy clara de la calidad exacta de los rodillos y sabemos lo que tenemos que hacer para conseguir una calidad&hellip; Continue reading Centro de pruebas para rodillos","og_url":"https:\/\/repatransportbanden.nl\/es\/trommels-rollen\/testcentrum-rollen\/","og_site_name":"repatransportbanden.nl","article_modified_time":"2022-01-06T07:42:31+00:00","og_image":[{"width":331,"height":331,"url":"https:\/\/repatransportbanden.tempurl.host\/wp-content\/uploads\/2021\/12\/Testcentrum-rollen.jpg","type":"image\/jpeg"}],"twitter_card":"summary_large_image","twitter_misc":{"Tiempo de lectura":"2 minutos"},"schema":{"@context":"https:\/\/schema.org","@graph":[{"@type":"WebPage","@id":"https:\/\/repatransportbanden.nl\/es\/trommels-rollen\/testcentrum-rollen\/","url":"https:\/\/repatransportbanden.nl\/es\/trommels-rollen\/testcentrum-rollen\/","name":"Centro de pruebas para rodillos - repatransportbanden.nl","isPartOf":{"@id":"https:\/\/repatransportbanden.tempurl.host\/#website"},"primaryImageOfPage":{"@id":"https:\/\/repatransportbanden.nl\/es\/trommels-rollen\/testcentrum-rollen\/#primaryimage"},"image":{"@id":"https:\/\/repatransportbanden.nl\/es\/trommels-rollen\/testcentrum-rollen\/#primaryimage"},"thumbnailUrl":"https:\/\/repatransportbanden.nl\/wp-content\/uploads\/2021\/12\/Testcentrum-rollen.jpg","datePublished":"2021-12-16T08:27:43+00:00","dateModified":"2022-01-06T07:42:31+00:00","breadcrumb":{"@id":"https:\/\/repatransportbanden.nl\/es\/trommels-rollen\/testcentrum-rollen\/#breadcrumb"},"inLanguage":"es","potentialAction":[{"@type":"ReadAction","target":["https:\/\/repatransportbanden.nl\/es\/trommels-rollen\/testcentrum-rollen\/"]}]},{"@type":"ImageObject","inLanguage":"es","@id":"https:\/\/repatransportbanden.nl\/es\/trommels-rollen\/testcentrum-rollen\/#primaryimage","url":"https:\/\/repatransportbanden.nl\/wp-content\/uploads\/2021\/12\/Testcentrum-rollen.jpg","contentUrl":"https:\/\/repatransportbanden.nl\/wp-content\/uploads\/2021\/12\/Testcentrum-rollen.jpg","width":331,"height":331},{"@type":"BreadcrumbList","@id":"https:\/\/repatransportbanden.nl\/es\/trommels-rollen\/testcentrum-rollen\/#breadcrumb","itemListElement":[{"@type":"ListItem","position":1,"name":"Inicio","item":"https:\/\/repatransportbanden.nl\/es\/"},{"@type":"ListItem","position":2,"name":"Rodillos y tambores","item":"https:\/\/repatransportbanden.tempurl.host\/es\/trommels-rollen\/"},{"@type":"ListItem","position":3,"name":"Centro de pruebas para rodillos"}]},{"@type":"WebSite","@id":"https:\/\/repatransportbanden.tempurl.host\/#website","url":"https:\/\/repatransportbanden.tempurl.host\/","name":"repatransportbanden.nl","description":"","potentialAction":[{"@type":"SearchAction","target":{"@type":"EntryPoint","urlTemplate":"https:\/\/repatransportbanden.tempurl.host\/?s={search_term_string}"},"query-input":{"@type":"PropertyValueSpecification","valueRequired":true,"valueName":"search_term_string"}}],"inLanguage":"es"}]}},"_links":{"self":[{"href":"https:\/\/repatransportbanden.nl\/es\/wp-json\/wp\/v2\/pages\/1736","targetHints":{"allow":["GET"]}}],"collection":[{"href":"https:\/\/repatransportbanden.nl\/es\/wp-json\/wp\/v2\/pages"}],"about":[{"href":"https:\/\/repatransportbanden.nl\/es\/wp-json\/wp\/v2\/types\/page"}],"author":[{"embeddable":true,"href":"https:\/\/repatransportbanden.nl\/es\/wp-json\/wp\/v2\/users\/2"}],"replies":[{"embeddable":true,"href":"https:\/\/repatransportbanden.nl\/es\/wp-json\/wp\/v2\/comments?post=1736"}],"version-history":[{"count":3,"href":"https:\/\/repatransportbanden.nl\/es\/wp-json\/wp\/v2\/pages\/1736\/revisions"}],"predecessor-version":[{"id":3438,"href":"https:\/\/repatransportbanden.nl\/es\/wp-json\/wp\/v2\/pages\/1736\/revisions\/3438"}],"up":[{"embeddable":true,"href":"https:\/\/repatransportbanden.nl\/es\/wp-json\/wp\/v2\/pages\/2090"}],"wp:featuredmedia":[{"embeddable":true,"href":"https:\/\/repatransportbanden.nl\/es\/wp-json\/wp\/v2\/media\/1339"}],"wp:attachment":[{"href":"https:\/\/repatransportbanden.nl\/es\/wp-json\/wp\/v2\/media?parent=1736"}],"curies":[{"name":"wp","href":"https:\/\/api.w.org\/{rel}","templated":true}]}}