{"id":1729,"date":"2021-12-16T09:27:39","date_gmt":"2021-12-16T08:27:39","guid":{"rendered":"https:\/\/repatransportbanden.nl\/trommels-en-rollen\/re-track-band-stuurrollen\/"},"modified":"2022-01-05T11:16:38","modified_gmt":"2022-01-05T10:16:38","slug":"re-track-band-stuurrollen","status":"publish","type":"page","link":"https:\/\/repatransportbanden.nl\/es\/trommels-rollen\/re-track-band-stuurrollen\/","title":{"rendered":"Rodillos de direcci\u00f3n re-track"},"content":{"rendered":"\n<h2 class=\"wp-block-heading\">Nuestro rodillo de direcci\u00f3n RE-Track es para situaciones est\u00e1ndar y para instalaciones pesadas tenemos el RE-Track HD.<\/h2>\n\n\n\n<p>El rodillo de direcci\u00f3n de mayor rendimiento disponible es nuestro rodillo de direcci\u00f3n de bandas RE-Track (HD). Este rodillo de direcci\u00f3n ha demostrado sus excelentes propiedades de direcci\u00f3n una y otra vez en las industrias de la miner\u00eda, el acero, los graneles y el cemento.<\/p>\n\n\n\n<p>El eje del rodillo de direcci\u00f3n RE-TRACK est\u00e1 hecho de una sola pieza de varilla redonda. El tubo puede girar a su alrededor, en paralelo a la banda transportadora que hay que dirigir. Esto tiene el efecto de hacer retroceder una banda que est\u00e1 corriendo demasiado.<\/p>\n\n\n\n<p>Para que el agarre de la banda transportadora al rodillo sea lo mejor posible, la carcasa tiene siempre un revestimiento vulcanizado en caliente con un perfil en forma de diamante.<\/p>\n\n\n\n<p>El RE-Track (HD) est\u00e1 equipado con rodamientos de bolas ranurados de alta resistencia. Gracias a su dise\u00f1o especial, el RE-Track (HD) est\u00e1 completamente sellado y no requiere ning\u00fan tipo de mantenimiento. Suministramos el RE-Track (HD) con soportes de montaje galvanizados en caliente.<\/p>\n\n\n\n<p>El RE-Track (HD) est\u00e1 disponible en todas las anchuras regulares, en las dimensiones que se muestran a continuaci\u00f3n. Adem\u00e1s, siempre disponemos de tama\u00f1os diferentes, totalmente adaptados a sus deseos.<\/p>\n","protected":false},"excerpt":{"rendered":"<p>Nuestro rodillo de direcci\u00f3n RE-Track es para situaciones est\u00e1ndar y para instalaciones pesadas tenemos el RE-Track HD. El rodillo de direcci\u00f3n de mayor rendimiento disponible es nuestro rodillo de direcci\u00f3n de bandas RE-Track (HD). Este rodillo de direcci\u00f3n ha demostrado sus excelentes propiedades de direcci\u00f3n una y otra vez en las industrias de la miner\u00eda,&hellip; <a class=\"more-link\" href=\"https:\/\/repatransportbanden.nl\/es\/trommels-rollen\/re-track-band-stuurrollen\/\">Continue reading <span class=\"screen-reader-text\">Rodillos de direcci\u00f3n re-track<\/span><\/a><\/p>\n","protected":false},"author":2,"featured_media":1468,"parent":2090,"menu_order":0,"comment_status":"closed","ping_status":"closed","template":"templates\/template-service.php","meta":{"_acf_changed":false,"footnotes":""},"class_list":["post-1729","page","type-page","status-publish","has-post-thumbnail","hentry","entry"],"acf":[],"yoast_head":"<!-- This site is optimized with the Yoast SEO plugin v27.3 - https:\/\/yoast.com\/product\/yoast-seo-wordpress\/ -->\n<title>Rodillos de direcci\u00f3n re-track - repatransportbanden.nl<\/title>\n<meta name=\"robots\" content=\"index, follow, max-snippet:-1, max-image-preview:large, max-video-preview:-1\" \/>\n<link rel=\"canonical\" href=\"https:\/\/repatransportbanden.nl\/es\/trommels-rollen\/re-track-band-stuurrollen\/\" \/>\n<meta property=\"og:locale\" content=\"es_ES\" \/>\n<meta property=\"og:type\" content=\"article\" \/>\n<meta property=\"og:title\" content=\"Rodillos de direcci\u00f3n re-track - repatransportbanden.nl\" \/>\n<meta property=\"og:description\" content=\"Nuestro rodillo de direcci\u00f3n RE-Track es para situaciones est\u00e1ndar y para instalaciones pesadas tenemos el RE-Track HD. El rodillo de direcci\u00f3n de mayor rendimiento disponible es nuestro rodillo de direcci\u00f3n de bandas RE-Track (HD). Este rodillo de direcci\u00f3n ha demostrado sus excelentes propiedades de direcci\u00f3n una y otra vez en las industrias de la miner\u00eda,&hellip; Continue reading Rodillos de direcci\u00f3n re-track\" \/>\n<meta property=\"og:url\" content=\"https:\/\/repatransportbanden.nl\/es\/trommels-rollen\/re-track-band-stuurrollen\/\" \/>\n<meta property=\"og:site_name\" content=\"repatransportbanden.nl\" \/>\n<meta property=\"article:modified_time\" content=\"2022-01-05T10:16:38+00:00\" \/>\n<meta property=\"og:image\" content=\"https:\/\/repatransportbanden.tempurl.host\/wp-content\/uploads\/2021\/12\/RE-TRACK-band-stuurrollen-1.jpg\" \/>\n\t<meta property=\"og:image:width\" content=\"331\" \/>\n\t<meta property=\"og:image:height\" content=\"331\" \/>\n\t<meta property=\"og:image:type\" content=\"image\/jpeg\" \/>\n<meta name=\"twitter:card\" content=\"summary_large_image\" \/>\n<meta name=\"twitter:label1\" content=\"Tiempo de lectura\" \/>\n\t<meta name=\"twitter:data1\" content=\"1 minuto\" \/>\n<script type=\"application\/ld+json\" class=\"yoast-schema-graph\">{\"@context\":\"https:\\\/\\\/schema.org\",\"@graph\":[{\"@type\":\"WebPage\",\"@id\":\"https:\\\/\\\/repatransportbanden.nl\\\/es\\\/trommels-rollen\\\/re-track-band-stuurrollen\\\/\",\"url\":\"https:\\\/\\\/repatransportbanden.nl\\\/es\\\/trommels-rollen\\\/re-track-band-stuurrollen\\\/\",\"name\":\"Rodillos de direcci\u00f3n re-track - repatransportbanden.nl\",\"isPartOf\":{\"@id\":\"https:\\\/\\\/repatransportbanden.tempurl.host\\\/#website\"},\"primaryImageOfPage\":{\"@id\":\"https:\\\/\\\/repatransportbanden.nl\\\/es\\\/trommels-rollen\\\/re-track-band-stuurrollen\\\/#primaryimage\"},\"image\":{\"@id\":\"https:\\\/\\\/repatransportbanden.nl\\\/es\\\/trommels-rollen\\\/re-track-band-stuurrollen\\\/#primaryimage\"},\"thumbnailUrl\":\"https:\\\/\\\/repatransportbanden.nl\\\/wp-content\\\/uploads\\\/2021\\\/12\\\/RE-TRACK-band-stuurrollen-1.jpg\",\"datePublished\":\"2021-12-16T08:27:39+00:00\",\"dateModified\":\"2022-01-05T10:16:38+00:00\",\"breadcrumb\":{\"@id\":\"https:\\\/\\\/repatransportbanden.nl\\\/es\\\/trommels-rollen\\\/re-track-band-stuurrollen\\\/#breadcrumb\"},\"inLanguage\":\"es\",\"potentialAction\":[{\"@type\":\"ReadAction\",\"target\":[\"https:\\\/\\\/repatransportbanden.nl\\\/es\\\/trommels-rollen\\\/re-track-band-stuurrollen\\\/\"]}]},{\"@type\":\"ImageObject\",\"inLanguage\":\"es\",\"@id\":\"https:\\\/\\\/repatransportbanden.nl\\\/es\\\/trommels-rollen\\\/re-track-band-stuurrollen\\\/#primaryimage\",\"url\":\"https:\\\/\\\/repatransportbanden.nl\\\/wp-content\\\/uploads\\\/2021\\\/12\\\/RE-TRACK-band-stuurrollen-1.jpg\",\"contentUrl\":\"https:\\\/\\\/repatransportbanden.nl\\\/wp-content\\\/uploads\\\/2021\\\/12\\\/RE-TRACK-band-stuurrollen-1.jpg\",\"width\":331,\"height\":331},{\"@type\":\"BreadcrumbList\",\"@id\":\"https:\\\/\\\/repatransportbanden.nl\\\/es\\\/trommels-rollen\\\/re-track-band-stuurrollen\\\/#breadcrumb\",\"itemListElement\":[{\"@type\":\"ListItem\",\"position\":1,\"name\":\"Inicio\",\"item\":\"https:\\\/\\\/repatransportbanden.nl\\\/es\\\/\"},{\"@type\":\"ListItem\",\"position\":2,\"name\":\"Rodillos y tambores\",\"item\":\"https:\\\/\\\/repatransportbanden.tempurl.host\\\/es\\\/trommels-rollen\\\/\"},{\"@type\":\"ListItem\",\"position\":3,\"name\":\"Rodillos de direcci\u00f3n re-track\"}]},{\"@type\":\"WebSite\",\"@id\":\"https:\\\/\\\/repatransportbanden.tempurl.host\\\/#website\",\"url\":\"https:\\\/\\\/repatransportbanden.tempurl.host\\\/\",\"name\":\"repatransportbanden.nl\",\"description\":\"\",\"potentialAction\":[{\"@type\":\"SearchAction\",\"target\":{\"@type\":\"EntryPoint\",\"urlTemplate\":\"https:\\\/\\\/repatransportbanden.tempurl.host\\\/?s={search_term_string}\"},\"query-input\":{\"@type\":\"PropertyValueSpecification\",\"valueRequired\":true,\"valueName\":\"search_term_string\"}}],\"inLanguage\":\"es\"}]}<\/script>\n<!-- \/ Yoast SEO plugin. -->","yoast_head_json":{"title":"Rodillos de direcci\u00f3n re-track - repatransportbanden.nl","robots":{"index":"index","follow":"follow","max-snippet":"max-snippet:-1","max-image-preview":"max-image-preview:large","max-video-preview":"max-video-preview:-1"},"canonical":"https:\/\/repatransportbanden.nl\/es\/trommels-rollen\/re-track-band-stuurrollen\/","og_locale":"es_ES","og_type":"article","og_title":"Rodillos de direcci\u00f3n re-track - repatransportbanden.nl","og_description":"Nuestro rodillo de direcci\u00f3n RE-Track es para situaciones est\u00e1ndar y para instalaciones pesadas tenemos el RE-Track HD. El rodillo de direcci\u00f3n de mayor rendimiento disponible es nuestro rodillo de direcci\u00f3n de bandas RE-Track (HD). Este rodillo de direcci\u00f3n ha demostrado sus excelentes propiedades de direcci\u00f3n una y otra vez en las industrias de la miner\u00eda,&hellip; Continue reading Rodillos de direcci\u00f3n re-track","og_url":"https:\/\/repatransportbanden.nl\/es\/trommels-rollen\/re-track-band-stuurrollen\/","og_site_name":"repatransportbanden.nl","article_modified_time":"2022-01-05T10:16:38+00:00","og_image":[{"width":331,"height":331,"url":"https:\/\/repatransportbanden.tempurl.host\/wp-content\/uploads\/2021\/12\/RE-TRACK-band-stuurrollen-1.jpg","type":"image\/jpeg"}],"twitter_card":"summary_large_image","twitter_misc":{"Tiempo de lectura":"1 minuto"},"schema":{"@context":"https:\/\/schema.org","@graph":[{"@type":"WebPage","@id":"https:\/\/repatransportbanden.nl\/es\/trommels-rollen\/re-track-band-stuurrollen\/","url":"https:\/\/repatransportbanden.nl\/es\/trommels-rollen\/re-track-band-stuurrollen\/","name":"Rodillos de direcci\u00f3n re-track - repatransportbanden.nl","isPartOf":{"@id":"https:\/\/repatransportbanden.tempurl.host\/#website"},"primaryImageOfPage":{"@id":"https:\/\/repatransportbanden.nl\/es\/trommels-rollen\/re-track-band-stuurrollen\/#primaryimage"},"image":{"@id":"https:\/\/repatransportbanden.nl\/es\/trommels-rollen\/re-track-band-stuurrollen\/#primaryimage"},"thumbnailUrl":"https:\/\/repatransportbanden.nl\/wp-content\/uploads\/2021\/12\/RE-TRACK-band-stuurrollen-1.jpg","datePublished":"2021-12-16T08:27:39+00:00","dateModified":"2022-01-05T10:16:38+00:00","breadcrumb":{"@id":"https:\/\/repatransportbanden.nl\/es\/trommels-rollen\/re-track-band-stuurrollen\/#breadcrumb"},"inLanguage":"es","potentialAction":[{"@type":"ReadAction","target":["https:\/\/repatransportbanden.nl\/es\/trommels-rollen\/re-track-band-stuurrollen\/"]}]},{"@type":"ImageObject","inLanguage":"es","@id":"https:\/\/repatransportbanden.nl\/es\/trommels-rollen\/re-track-band-stuurrollen\/#primaryimage","url":"https:\/\/repatransportbanden.nl\/wp-content\/uploads\/2021\/12\/RE-TRACK-band-stuurrollen-1.jpg","contentUrl":"https:\/\/repatransportbanden.nl\/wp-content\/uploads\/2021\/12\/RE-TRACK-band-stuurrollen-1.jpg","width":331,"height":331},{"@type":"BreadcrumbList","@id":"https:\/\/repatransportbanden.nl\/es\/trommels-rollen\/re-track-band-stuurrollen\/#breadcrumb","itemListElement":[{"@type":"ListItem","position":1,"name":"Inicio","item":"https:\/\/repatransportbanden.nl\/es\/"},{"@type":"ListItem","position":2,"name":"Rodillos y tambores","item":"https:\/\/repatransportbanden.tempurl.host\/es\/trommels-rollen\/"},{"@type":"ListItem","position":3,"name":"Rodillos de direcci\u00f3n re-track"}]},{"@type":"WebSite","@id":"https:\/\/repatransportbanden.tempurl.host\/#website","url":"https:\/\/repatransportbanden.tempurl.host\/","name":"repatransportbanden.nl","description":"","potentialAction":[{"@type":"SearchAction","target":{"@type":"EntryPoint","urlTemplate":"https:\/\/repatransportbanden.tempurl.host\/?s={search_term_string}"},"query-input":{"@type":"PropertyValueSpecification","valueRequired":true,"valueName":"search_term_string"}}],"inLanguage":"es"}]}},"_links":{"self":[{"href":"https:\/\/repatransportbanden.nl\/es\/wp-json\/wp\/v2\/pages\/1729","targetHints":{"allow":["GET"]}}],"collection":[{"href":"https:\/\/repatransportbanden.nl\/es\/wp-json\/wp\/v2\/pages"}],"about":[{"href":"https:\/\/repatransportbanden.nl\/es\/wp-json\/wp\/v2\/types\/page"}],"author":[{"embeddable":true,"href":"https:\/\/repatransportbanden.nl\/es\/wp-json\/wp\/v2\/users\/2"}],"replies":[{"embeddable":true,"href":"https:\/\/repatransportbanden.nl\/es\/wp-json\/wp\/v2\/comments?post=1729"}],"version-history":[{"count":5,"href":"https:\/\/repatransportbanden.nl\/es\/wp-json\/wp\/v2\/pages\/1729\/revisions"}],"predecessor-version":[{"id":3385,"href":"https:\/\/repatransportbanden.nl\/es\/wp-json\/wp\/v2\/pages\/1729\/revisions\/3385"}],"up":[{"embeddable":true,"href":"https:\/\/repatransportbanden.nl\/es\/wp-json\/wp\/v2\/pages\/2090"}],"wp:featuredmedia":[{"embeddable":true,"href":"https:\/\/repatransportbanden.nl\/es\/wp-json\/wp\/v2\/media\/1468"}],"wp:attachment":[{"href":"https:\/\/repatransportbanden.nl\/es\/wp-json\/wp\/v2\/media?parent=1729"}],"curies":[{"name":"wp","href":"https:\/\/api.w.org\/{rel}","templated":true}]}}