{"id":1726,"date":"2021-12-16T09:18:20","date_gmt":"2021-12-16T08:18:20","guid":{"rendered":"https:\/\/repatransportbanden.nl\/trommels-en-rollen\/hq-rol-cema-norm\/"},"modified":"2022-01-06T08:28:51","modified_gmt":"2022-01-06T07:28:51","slug":"hq-rol-cema-norm","status":"publish","type":"page","link":"https:\/\/repatransportbanden.nl\/es\/trommels-rollen\/hq-rol-cema-norm\/","title":{"rendered":"Rodillo HQ (norma CEMA)"},"content":{"rendered":"\n<p>Nuestros rodillos HQ est\u00e1n fabricados espec\u00edficamente para las bandas de transporte que deben cumplir con las normas m\u00e1s estrictas.<\/p>\n\n\n\n<p>Las bases se sueldan cuidadosamente en el rodillo, pero no antes de haber girado c\u00e1maras en el tubo. Este proceso es tambi\u00e9n responsable de la alineaci\u00f3n precisa de los rodamientos y, como resultado, de las excelentes propiedades de rotaci\u00f3n del rodillo. &nbsp;&nbsp;&nbsp;<\/p>\n\n\n\n<p>El sellado tambi\u00e9n se hizo de forma profesional. El uso de un sello trasero, entre otras cosas, da una vida \u00fatil muy larga al rodillo.<\/p>\n","protected":false},"excerpt":{"rendered":"<p>Nuestros rodillos HQ est\u00e1n fabricados espec\u00edficamente para las bandas de transporte que deben cumplir con las normas m\u00e1s estrictas. Las bases se sueldan cuidadosamente en el rodillo, pero no antes de haber girado c\u00e1maras en el tubo. Este proceso es tambi\u00e9n responsable de la alineaci\u00f3n precisa de los rodamientos y, como resultado, de las excelentes&hellip; <a class=\"more-link\" href=\"https:\/\/repatransportbanden.nl\/es\/trommels-rollen\/hq-rol-cema-norm\/\">Continue reading <span class=\"screen-reader-text\">Rodillo HQ (norma CEMA)<\/span><\/a><\/p>\n","protected":false},"author":2,"featured_media":1321,"parent":2090,"menu_order":0,"comment_status":"closed","ping_status":"closed","template":"templates\/template-service.php","meta":{"_acf_changed":false,"footnotes":""},"class_list":["post-1726","page","type-page","status-publish","has-post-thumbnail","hentry","entry"],"acf":[],"yoast_head":"<!-- This site is optimized with the Yoast SEO plugin v27.3 - https:\/\/yoast.com\/product\/yoast-seo-wordpress\/ -->\n<title>Rodillo HQ (norma CEMA) - repatransportbanden.nl<\/title>\n<meta name=\"robots\" content=\"index, follow, max-snippet:-1, max-image-preview:large, max-video-preview:-1\" \/>\n<link rel=\"canonical\" href=\"https:\/\/repatransportbanden.nl\/es\/trommels-rollen\/hq-rol-cema-norm\/\" \/>\n<meta property=\"og:locale\" content=\"es_ES\" \/>\n<meta property=\"og:type\" content=\"article\" \/>\n<meta property=\"og:title\" content=\"Rodillo HQ (norma CEMA) - repatransportbanden.nl\" \/>\n<meta property=\"og:description\" content=\"Nuestros rodillos HQ est\u00e1n fabricados espec\u00edficamente para las bandas de transporte que deben cumplir con las normas m\u00e1s estrictas. Las bases se sueldan cuidadosamente en el rodillo, pero no antes de haber girado c\u00e1maras en el tubo. Este proceso es tambi\u00e9n responsable de la alineaci\u00f3n precisa de los rodamientos y, como resultado, de las excelentes&hellip; Continue reading Rodillo HQ (norma CEMA)\" \/>\n<meta property=\"og:url\" content=\"https:\/\/repatransportbanden.nl\/es\/trommels-rollen\/hq-rol-cema-norm\/\" \/>\n<meta property=\"og:site_name\" content=\"repatransportbanden.nl\" \/>\n<meta property=\"article:modified_time\" content=\"2022-01-06T07:28:51+00:00\" \/>\n<meta property=\"og:image\" content=\"https:\/\/repatransportbanden.tempurl.host\/wp-content\/uploads\/2021\/12\/HQ-rol-Cema-norm.jpg\" \/>\n\t<meta property=\"og:image:width\" content=\"331\" \/>\n\t<meta property=\"og:image:height\" content=\"331\" \/>\n\t<meta property=\"og:image:type\" content=\"image\/jpeg\" \/>\n<meta name=\"twitter:card\" content=\"summary_large_image\" \/>\n<meta name=\"twitter:label1\" content=\"Tiempo de lectura\" \/>\n\t<meta name=\"twitter:data1\" content=\"1 minuto\" \/>\n<script type=\"application\/ld+json\" class=\"yoast-schema-graph\">{\"@context\":\"https:\\\/\\\/schema.org\",\"@graph\":[{\"@type\":\"WebPage\",\"@id\":\"https:\\\/\\\/repatransportbanden.nl\\\/es\\\/trommels-rollen\\\/hq-rol-cema-norm\\\/\",\"url\":\"https:\\\/\\\/repatransportbanden.nl\\\/es\\\/trommels-rollen\\\/hq-rol-cema-norm\\\/\",\"name\":\"Rodillo HQ (norma CEMA) - repatransportbanden.nl\",\"isPartOf\":{\"@id\":\"https:\\\/\\\/repatransportbanden.tempurl.host\\\/#website\"},\"primaryImageOfPage\":{\"@id\":\"https:\\\/\\\/repatransportbanden.nl\\\/es\\\/trommels-rollen\\\/hq-rol-cema-norm\\\/#primaryimage\"},\"image\":{\"@id\":\"https:\\\/\\\/repatransportbanden.nl\\\/es\\\/trommels-rollen\\\/hq-rol-cema-norm\\\/#primaryimage\"},\"thumbnailUrl\":\"https:\\\/\\\/repatransportbanden.nl\\\/wp-content\\\/uploads\\\/2021\\\/12\\\/HQ-rol-Cema-norm.jpg\",\"datePublished\":\"2021-12-16T08:18:20+00:00\",\"dateModified\":\"2022-01-06T07:28:51+00:00\",\"breadcrumb\":{\"@id\":\"https:\\\/\\\/repatransportbanden.nl\\\/es\\\/trommels-rollen\\\/hq-rol-cema-norm\\\/#breadcrumb\"},\"inLanguage\":\"es\",\"potentialAction\":[{\"@type\":\"ReadAction\",\"target\":[\"https:\\\/\\\/repatransportbanden.nl\\\/es\\\/trommels-rollen\\\/hq-rol-cema-norm\\\/\"]}]},{\"@type\":\"ImageObject\",\"inLanguage\":\"es\",\"@id\":\"https:\\\/\\\/repatransportbanden.nl\\\/es\\\/trommels-rollen\\\/hq-rol-cema-norm\\\/#primaryimage\",\"url\":\"https:\\\/\\\/repatransportbanden.nl\\\/wp-content\\\/uploads\\\/2021\\\/12\\\/HQ-rol-Cema-norm.jpg\",\"contentUrl\":\"https:\\\/\\\/repatransportbanden.nl\\\/wp-content\\\/uploads\\\/2021\\\/12\\\/HQ-rol-Cema-norm.jpg\",\"width\":331,\"height\":331},{\"@type\":\"BreadcrumbList\",\"@id\":\"https:\\\/\\\/repatransportbanden.nl\\\/es\\\/trommels-rollen\\\/hq-rol-cema-norm\\\/#breadcrumb\",\"itemListElement\":[{\"@type\":\"ListItem\",\"position\":1,\"name\":\"Inicio\",\"item\":\"https:\\\/\\\/repatransportbanden.nl\\\/es\\\/\"},{\"@type\":\"ListItem\",\"position\":2,\"name\":\"Rodillos y tambores\",\"item\":\"https:\\\/\\\/repatransportbanden.tempurl.host\\\/es\\\/trommels-rollen\\\/\"},{\"@type\":\"ListItem\",\"position\":3,\"name\":\"Rodillo HQ (norma CEMA)\"}]},{\"@type\":\"WebSite\",\"@id\":\"https:\\\/\\\/repatransportbanden.tempurl.host\\\/#website\",\"url\":\"https:\\\/\\\/repatransportbanden.tempurl.host\\\/\",\"name\":\"repatransportbanden.nl\",\"description\":\"\",\"potentialAction\":[{\"@type\":\"SearchAction\",\"target\":{\"@type\":\"EntryPoint\",\"urlTemplate\":\"https:\\\/\\\/repatransportbanden.tempurl.host\\\/?s={search_term_string}\"},\"query-input\":{\"@type\":\"PropertyValueSpecification\",\"valueRequired\":true,\"valueName\":\"search_term_string\"}}],\"inLanguage\":\"es\"}]}<\/script>\n<!-- \/ Yoast SEO plugin. -->","yoast_head_json":{"title":"Rodillo HQ (norma CEMA) - repatransportbanden.nl","robots":{"index":"index","follow":"follow","max-snippet":"max-snippet:-1","max-image-preview":"max-image-preview:large","max-video-preview":"max-video-preview:-1"},"canonical":"https:\/\/repatransportbanden.nl\/es\/trommels-rollen\/hq-rol-cema-norm\/","og_locale":"es_ES","og_type":"article","og_title":"Rodillo HQ (norma CEMA) - repatransportbanden.nl","og_description":"Nuestros rodillos HQ est\u00e1n fabricados espec\u00edficamente para las bandas de transporte que deben cumplir con las normas m\u00e1s estrictas. Las bases se sueldan cuidadosamente en el rodillo, pero no antes de haber girado c\u00e1maras en el tubo. Este proceso es tambi\u00e9n responsable de la alineaci\u00f3n precisa de los rodamientos y, como resultado, de las excelentes&hellip; Continue reading Rodillo HQ (norma CEMA)","og_url":"https:\/\/repatransportbanden.nl\/es\/trommels-rollen\/hq-rol-cema-norm\/","og_site_name":"repatransportbanden.nl","article_modified_time":"2022-01-06T07:28:51+00:00","og_image":[{"width":331,"height":331,"url":"https:\/\/repatransportbanden.tempurl.host\/wp-content\/uploads\/2021\/12\/HQ-rol-Cema-norm.jpg","type":"image\/jpeg"}],"twitter_card":"summary_large_image","twitter_misc":{"Tiempo de lectura":"1 minuto"},"schema":{"@context":"https:\/\/schema.org","@graph":[{"@type":"WebPage","@id":"https:\/\/repatransportbanden.nl\/es\/trommels-rollen\/hq-rol-cema-norm\/","url":"https:\/\/repatransportbanden.nl\/es\/trommels-rollen\/hq-rol-cema-norm\/","name":"Rodillo HQ (norma CEMA) - repatransportbanden.nl","isPartOf":{"@id":"https:\/\/repatransportbanden.tempurl.host\/#website"},"primaryImageOfPage":{"@id":"https:\/\/repatransportbanden.nl\/es\/trommels-rollen\/hq-rol-cema-norm\/#primaryimage"},"image":{"@id":"https:\/\/repatransportbanden.nl\/es\/trommels-rollen\/hq-rol-cema-norm\/#primaryimage"},"thumbnailUrl":"https:\/\/repatransportbanden.nl\/wp-content\/uploads\/2021\/12\/HQ-rol-Cema-norm.jpg","datePublished":"2021-12-16T08:18:20+00:00","dateModified":"2022-01-06T07:28:51+00:00","breadcrumb":{"@id":"https:\/\/repatransportbanden.nl\/es\/trommels-rollen\/hq-rol-cema-norm\/#breadcrumb"},"inLanguage":"es","potentialAction":[{"@type":"ReadAction","target":["https:\/\/repatransportbanden.nl\/es\/trommels-rollen\/hq-rol-cema-norm\/"]}]},{"@type":"ImageObject","inLanguage":"es","@id":"https:\/\/repatransportbanden.nl\/es\/trommels-rollen\/hq-rol-cema-norm\/#primaryimage","url":"https:\/\/repatransportbanden.nl\/wp-content\/uploads\/2021\/12\/HQ-rol-Cema-norm.jpg","contentUrl":"https:\/\/repatransportbanden.nl\/wp-content\/uploads\/2021\/12\/HQ-rol-Cema-norm.jpg","width":331,"height":331},{"@type":"BreadcrumbList","@id":"https:\/\/repatransportbanden.nl\/es\/trommels-rollen\/hq-rol-cema-norm\/#breadcrumb","itemListElement":[{"@type":"ListItem","position":1,"name":"Inicio","item":"https:\/\/repatransportbanden.nl\/es\/"},{"@type":"ListItem","position":2,"name":"Rodillos y tambores","item":"https:\/\/repatransportbanden.tempurl.host\/es\/trommels-rollen\/"},{"@type":"ListItem","position":3,"name":"Rodillo HQ (norma CEMA)"}]},{"@type":"WebSite","@id":"https:\/\/repatransportbanden.tempurl.host\/#website","url":"https:\/\/repatransportbanden.tempurl.host\/","name":"repatransportbanden.nl","description":"","potentialAction":[{"@type":"SearchAction","target":{"@type":"EntryPoint","urlTemplate":"https:\/\/repatransportbanden.tempurl.host\/?s={search_term_string}"},"query-input":{"@type":"PropertyValueSpecification","valueRequired":true,"valueName":"search_term_string"}}],"inLanguage":"es"}]}},"_links":{"self":[{"href":"https:\/\/repatransportbanden.nl\/es\/wp-json\/wp\/v2\/pages\/1726","targetHints":{"allow":["GET"]}}],"collection":[{"href":"https:\/\/repatransportbanden.nl\/es\/wp-json\/wp\/v2\/pages"}],"about":[{"href":"https:\/\/repatransportbanden.nl\/es\/wp-json\/wp\/v2\/types\/page"}],"author":[{"embeddable":true,"href":"https:\/\/repatransportbanden.nl\/es\/wp-json\/wp\/v2\/users\/2"}],"replies":[{"embeddable":true,"href":"https:\/\/repatransportbanden.nl\/es\/wp-json\/wp\/v2\/comments?post=1726"}],"version-history":[{"count":5,"href":"https:\/\/repatransportbanden.nl\/es\/wp-json\/wp\/v2\/pages\/1726\/revisions"}],"predecessor-version":[{"id":3432,"href":"https:\/\/repatransportbanden.nl\/es\/wp-json\/wp\/v2\/pages\/1726\/revisions\/3432"}],"up":[{"embeddable":true,"href":"https:\/\/repatransportbanden.nl\/es\/wp-json\/wp\/v2\/pages\/2090"}],"wp:featuredmedia":[{"embeddable":true,"href":"https:\/\/repatransportbanden.nl\/es\/wp-json\/wp\/v2\/media\/1321"}],"wp:attachment":[{"href":"https:\/\/repatransportbanden.nl\/es\/wp-json\/wp\/v2\/media?parent=1726"}],"curies":[{"name":"wp","href":"https:\/\/api.w.org\/{rel}","templated":true}]}}