{"id":1704,"date":"2021-12-16T09:13:40","date_gmt":"2021-12-16T08:13:40","guid":{"rendered":"https:\/\/repatransportbanden.nl\/trommels-en-rollen\/ce-track-band-stuurframes\/"},"modified":"2022-01-31T22:34:08","modified_gmt":"2022-01-31T21:34:08","slug":"ce-track-band-stuurframes","status":"publish","type":"page","link":"https:\/\/repatransportbanden.nl\/es\/trommels-rollen\/ce-track-band-stuurframes\/","title":{"rendered":"Rodillos de direcci\u00f3n ce-track"},"content":{"rendered":"\n<p>Nuestro CE-TRACK-ADJ es una estaci\u00f3n de rodillos ajustable y dirigible en 3 partes, con varias caracter\u00edsticas \u00fanicas:<\/p>\n\n\n\n<ul class=\"wp-block-list\"><li>Se puede utilizar en dos sentidos de rotaci\u00f3n.<\/li><li>Los rodillos tienen siempre un revestimiento vulcanizado en caliente para conseguir el mejor agarre con la banda transportadora. El revestimiento tambi\u00e9n tiene la propiedad de que se le pega muy poca suciedad.<\/li><li>Las longitudes de los rodillos cumplen siempre con las normas DIN.<\/li><li>Se utilizan rodillos laterales c\u00f3nicos, que aseguran una reacci\u00f3n inmediata del bastidor cuando la banda se mueve.<\/li><li>\u00c1ngulo de cubeta ajustable de 5 a 45 grados, con intervalos de 5 grados.<\/li><li>La viga inferior es ajustable en longitud.<\/li><li>La estaci\u00f3n de rodillos es ajustable en altura.<\/li><\/ul>\n\n\n\n<div style=\"height:15px\" aria-hidden=\"true\" class=\"wp-block-spacer\"><\/div>\n\n\n\n<h3 class=\"wp-block-heading\" id=\"el-ce-track-adj-esta-disponible-en-diferentes-anchuras\">El CE-TRACK-ADJ est\u00e1 disponible en diferentes anchuras:<\/h3>\n\n\n\n<ul class=\"wp-block-list\"><li>BB650<\/li><li>BB800<\/li><li>BB1000<\/li><li>BB1200<\/li><li>BB1400<\/li><\/ul>\n\n\n\n<div style=\"height:30px\" aria-hidden=\"true\" class=\"wp-block-spacer\"><\/div>\n\n\n\n<div class=\"wp-block-columns is-layout-flex wp-container-core-columns-is-layout-9d6595d7 wp-block-columns-is-layout-flex\">\n<div class=\"wp-block-column is-layout-flow wp-block-column-is-layout-flow\">\n<figure class=\"wp-block-image size-full\"><img loading=\"lazy\" decoding=\"async\" width=\"686\" height=\"464\" src=\"https:\/\/repatransportbanden.nl\/wp-content\/uploads\/2021\/12\/Ce-Track1.jpg\" alt=\"\" class=\"wp-image-1369\" srcset=\"https:\/\/repatransportbanden.nl\/wp-content\/uploads\/2021\/12\/Ce-Track1.jpg 686w, https:\/\/repatransportbanden.nl\/wp-content\/uploads\/2021\/12\/Ce-Track1-300x203.jpg 300w\" sizes=\"auto, (max-width: 686px) 100vw, 686px\" \/><\/figure>\n<\/div>\n\n\n\n<div class=\"wp-block-column is-layout-flow wp-block-column-is-layout-flow\">\n<h2 class=\"wp-block-heading\" id=\"rodillos-de-direccion-ce-track\">RODILLOS DE DIRECCI\u00d3N CE-TRACK&nbsp;<\/h2>\n\n\n\n<p><strong>Nuestro CE-TRACK es una estaci\u00f3n de rodillos dirigible en 3 partes, con varias caracter\u00edsticas \u00fanicas:<\/strong><\/p>\n\n\n\n<ul class=\"wp-block-list\"><li>Siempre aplicable en 2 sentidos de rotaci\u00f3n.<\/li><li>Los rodillos tienen siempre un revestimiento vulcanizado en caliente que garantiza el m\u00e1ximo agarre con la banda transportadora. El revestimiento tambi\u00e9n tiene la propiedad de que apenas se le pega la suciedad. &nbsp;&nbsp;<\/li><li>Como se utilizan rodillos laterales c\u00f3nicos, el bastidor se adapta inmediatamente cuando la banda se mueve.<\/li><\/ul>\n<\/div>\n\n\n\n<div class=\"wp-block-column is-layout-flow wp-block-column-is-layout-flow\">\n<h3 class=\"wp-block-heading\" id=\"el-ce-track-adj-esta-disponible-en-diferentes-anchuras-1\"><strong>El CE-TRACK-ADJ est\u00e1 disponible en diferentes anchuras:<\/strong><\/h3>\n\n\n\n<ul class=\"wp-block-list\"><li>BB650<\/li><li>BB800<\/li><li>BB1000<\/li><li>BB1200<\/li><li>BB1400<\/li><li>BB1600<\/li><li>BB1800<\/li><li>BB2000<\/li><li>BB2200<\/li><\/ul>\n<\/div>\n<\/div>\n","protected":false},"excerpt":{"rendered":"<p>Nuestro CE-TRACK-ADJ es una estaci\u00f3n de rodillos ajustable y dirigible en 3 partes, con varias caracter\u00edsticas \u00fanicas: Se puede utilizar en dos sentidos de rotaci\u00f3n. Los rodillos tienen siempre un revestimiento vulcanizado en caliente para conseguir el mejor agarre con la banda transportadora. El revestimiento tambi\u00e9n tiene la propiedad de que se le pega muy&hellip; <a class=\"more-link\" href=\"https:\/\/repatransportbanden.nl\/es\/trommels-rollen\/ce-track-band-stuurframes\/\">Continue reading <span class=\"screen-reader-text\">Rodillos de direcci\u00f3n ce-track<\/span><\/a><\/p>\n","protected":false},"author":2,"featured_media":1375,"parent":2090,"menu_order":0,"comment_status":"closed","ping_status":"closed","template":"templates\/template-service.php","meta":{"_acf_changed":false,"footnotes":""},"class_list":["post-1704","page","type-page","status-publish","has-post-thumbnail","hentry","entry"],"acf":[],"yoast_head":"<!-- This site is optimized with the Yoast SEO plugin v27.3 - https:\/\/yoast.com\/product\/yoast-seo-wordpress\/ -->\n<title>Rodillos de direcci\u00f3n ce-track - repatransportbanden.nl<\/title>\n<meta name=\"robots\" content=\"index, follow, max-snippet:-1, max-image-preview:large, max-video-preview:-1\" \/>\n<link rel=\"canonical\" href=\"https:\/\/repatransportbanden.nl\/es\/trommels-rollen\/ce-track-band-stuurframes\/\" \/>\n<meta property=\"og:locale\" content=\"es_ES\" \/>\n<meta property=\"og:type\" content=\"article\" \/>\n<meta property=\"og:title\" content=\"Rodillos de direcci\u00f3n ce-track - repatransportbanden.nl\" \/>\n<meta property=\"og:description\" content=\"Nuestro CE-TRACK-ADJ es una estaci\u00f3n de rodillos ajustable y dirigible en 3 partes, con varias caracter\u00edsticas \u00fanicas: Se puede utilizar en dos sentidos de rotaci\u00f3n. Los rodillos tienen siempre un revestimiento vulcanizado en caliente para conseguir el mejor agarre con la banda transportadora. El revestimiento tambi\u00e9n tiene la propiedad de que se le pega muy&hellip; Continue reading Rodillos de direcci\u00f3n ce-track\" \/>\n<meta property=\"og:url\" content=\"https:\/\/repatransportbanden.nl\/es\/trommels-rollen\/ce-track-band-stuurframes\/\" \/>\n<meta property=\"og:site_name\" content=\"repatransportbanden.nl\" \/>\n<meta property=\"article:modified_time\" content=\"2022-01-31T21:34:08+00:00\" \/>\n<meta property=\"og:image\" content=\"https:\/\/repatransportbanden.tempurl.host\/wp-content\/uploads\/2021\/12\/Ce-Track.jpg\" \/>\n\t<meta property=\"og:image:width\" content=\"331\" \/>\n\t<meta property=\"og:image:height\" content=\"331\" \/>\n\t<meta property=\"og:image:type\" content=\"image\/jpeg\" \/>\n<meta name=\"twitter:card\" content=\"summary_large_image\" \/>\n<meta name=\"twitter:label1\" content=\"Tiempo de lectura\" \/>\n\t<meta name=\"twitter:data1\" content=\"2 minutos\" \/>\n<script type=\"application\/ld+json\" class=\"yoast-schema-graph\">{\"@context\":\"https:\\\/\\\/schema.org\",\"@graph\":[{\"@type\":\"WebPage\",\"@id\":\"https:\\\/\\\/repatransportbanden.nl\\\/es\\\/trommels-rollen\\\/ce-track-band-stuurframes\\\/\",\"url\":\"https:\\\/\\\/repatransportbanden.nl\\\/es\\\/trommels-rollen\\\/ce-track-band-stuurframes\\\/\",\"name\":\"Rodillos de direcci\u00f3n ce-track - repatransportbanden.nl\",\"isPartOf\":{\"@id\":\"https:\\\/\\\/repatransportbanden.tempurl.host\\\/#website\"},\"primaryImageOfPage\":{\"@id\":\"https:\\\/\\\/repatransportbanden.nl\\\/es\\\/trommels-rollen\\\/ce-track-band-stuurframes\\\/#primaryimage\"},\"image\":{\"@id\":\"https:\\\/\\\/repatransportbanden.nl\\\/es\\\/trommels-rollen\\\/ce-track-band-stuurframes\\\/#primaryimage\"},\"thumbnailUrl\":\"https:\\\/\\\/repatransportbanden.nl\\\/wp-content\\\/uploads\\\/2021\\\/12\\\/Ce-Track.jpg\",\"datePublished\":\"2021-12-16T08:13:40+00:00\",\"dateModified\":\"2022-01-31T21:34:08+00:00\",\"breadcrumb\":{\"@id\":\"https:\\\/\\\/repatransportbanden.nl\\\/es\\\/trommels-rollen\\\/ce-track-band-stuurframes\\\/#breadcrumb\"},\"inLanguage\":\"es\",\"potentialAction\":[{\"@type\":\"ReadAction\",\"target\":[\"https:\\\/\\\/repatransportbanden.nl\\\/es\\\/trommels-rollen\\\/ce-track-band-stuurframes\\\/\"]}]},{\"@type\":\"ImageObject\",\"inLanguage\":\"es\",\"@id\":\"https:\\\/\\\/repatransportbanden.nl\\\/es\\\/trommels-rollen\\\/ce-track-band-stuurframes\\\/#primaryimage\",\"url\":\"https:\\\/\\\/repatransportbanden.nl\\\/wp-content\\\/uploads\\\/2021\\\/12\\\/Ce-Track.jpg\",\"contentUrl\":\"https:\\\/\\\/repatransportbanden.nl\\\/wp-content\\\/uploads\\\/2021\\\/12\\\/Ce-Track.jpg\",\"width\":331,\"height\":331},{\"@type\":\"BreadcrumbList\",\"@id\":\"https:\\\/\\\/repatransportbanden.nl\\\/es\\\/trommels-rollen\\\/ce-track-band-stuurframes\\\/#breadcrumb\",\"itemListElement\":[{\"@type\":\"ListItem\",\"position\":1,\"name\":\"Inicio\",\"item\":\"https:\\\/\\\/repatransportbanden.nl\\\/es\\\/\"},{\"@type\":\"ListItem\",\"position\":2,\"name\":\"Rodillos y tambores\",\"item\":\"https:\\\/\\\/repatransportbanden.tempurl.host\\\/es\\\/trommels-rollen\\\/\"},{\"@type\":\"ListItem\",\"position\":3,\"name\":\"Rodillos de direcci\u00f3n ce-track\"}]},{\"@type\":\"WebSite\",\"@id\":\"https:\\\/\\\/repatransportbanden.tempurl.host\\\/#website\",\"url\":\"https:\\\/\\\/repatransportbanden.tempurl.host\\\/\",\"name\":\"repatransportbanden.nl\",\"description\":\"\",\"potentialAction\":[{\"@type\":\"SearchAction\",\"target\":{\"@type\":\"EntryPoint\",\"urlTemplate\":\"https:\\\/\\\/repatransportbanden.tempurl.host\\\/?s={search_term_string}\"},\"query-input\":{\"@type\":\"PropertyValueSpecification\",\"valueRequired\":true,\"valueName\":\"search_term_string\"}}],\"inLanguage\":\"es\"}]}<\/script>\n<!-- \/ Yoast SEO plugin. -->","yoast_head_json":{"title":"Rodillos de direcci\u00f3n ce-track - repatransportbanden.nl","robots":{"index":"index","follow":"follow","max-snippet":"max-snippet:-1","max-image-preview":"max-image-preview:large","max-video-preview":"max-video-preview:-1"},"canonical":"https:\/\/repatransportbanden.nl\/es\/trommels-rollen\/ce-track-band-stuurframes\/","og_locale":"es_ES","og_type":"article","og_title":"Rodillos de direcci\u00f3n ce-track - repatransportbanden.nl","og_description":"Nuestro CE-TRACK-ADJ es una estaci\u00f3n de rodillos ajustable y dirigible en 3 partes, con varias caracter\u00edsticas \u00fanicas: Se puede utilizar en dos sentidos de rotaci\u00f3n. Los rodillos tienen siempre un revestimiento vulcanizado en caliente para conseguir el mejor agarre con la banda transportadora. El revestimiento tambi\u00e9n tiene la propiedad de que se le pega muy&hellip; Continue reading Rodillos de direcci\u00f3n ce-track","og_url":"https:\/\/repatransportbanden.nl\/es\/trommels-rollen\/ce-track-band-stuurframes\/","og_site_name":"repatransportbanden.nl","article_modified_time":"2022-01-31T21:34:08+00:00","og_image":[{"width":331,"height":331,"url":"https:\/\/repatransportbanden.tempurl.host\/wp-content\/uploads\/2021\/12\/Ce-Track.jpg","type":"image\/jpeg"}],"twitter_card":"summary_large_image","twitter_misc":{"Tiempo de lectura":"2 minutos"},"schema":{"@context":"https:\/\/schema.org","@graph":[{"@type":"WebPage","@id":"https:\/\/repatransportbanden.nl\/es\/trommels-rollen\/ce-track-band-stuurframes\/","url":"https:\/\/repatransportbanden.nl\/es\/trommels-rollen\/ce-track-band-stuurframes\/","name":"Rodillos de direcci\u00f3n ce-track - repatransportbanden.nl","isPartOf":{"@id":"https:\/\/repatransportbanden.tempurl.host\/#website"},"primaryImageOfPage":{"@id":"https:\/\/repatransportbanden.nl\/es\/trommels-rollen\/ce-track-band-stuurframes\/#primaryimage"},"image":{"@id":"https:\/\/repatransportbanden.nl\/es\/trommels-rollen\/ce-track-band-stuurframes\/#primaryimage"},"thumbnailUrl":"https:\/\/repatransportbanden.nl\/wp-content\/uploads\/2021\/12\/Ce-Track.jpg","datePublished":"2021-12-16T08:13:40+00:00","dateModified":"2022-01-31T21:34:08+00:00","breadcrumb":{"@id":"https:\/\/repatransportbanden.nl\/es\/trommels-rollen\/ce-track-band-stuurframes\/#breadcrumb"},"inLanguage":"es","potentialAction":[{"@type":"ReadAction","target":["https:\/\/repatransportbanden.nl\/es\/trommels-rollen\/ce-track-band-stuurframes\/"]}]},{"@type":"ImageObject","inLanguage":"es","@id":"https:\/\/repatransportbanden.nl\/es\/trommels-rollen\/ce-track-band-stuurframes\/#primaryimage","url":"https:\/\/repatransportbanden.nl\/wp-content\/uploads\/2021\/12\/Ce-Track.jpg","contentUrl":"https:\/\/repatransportbanden.nl\/wp-content\/uploads\/2021\/12\/Ce-Track.jpg","width":331,"height":331},{"@type":"BreadcrumbList","@id":"https:\/\/repatransportbanden.nl\/es\/trommels-rollen\/ce-track-band-stuurframes\/#breadcrumb","itemListElement":[{"@type":"ListItem","position":1,"name":"Inicio","item":"https:\/\/repatransportbanden.nl\/es\/"},{"@type":"ListItem","position":2,"name":"Rodillos y tambores","item":"https:\/\/repatransportbanden.tempurl.host\/es\/trommels-rollen\/"},{"@type":"ListItem","position":3,"name":"Rodillos de direcci\u00f3n ce-track"}]},{"@type":"WebSite","@id":"https:\/\/repatransportbanden.tempurl.host\/#website","url":"https:\/\/repatransportbanden.tempurl.host\/","name":"repatransportbanden.nl","description":"","potentialAction":[{"@type":"SearchAction","target":{"@type":"EntryPoint","urlTemplate":"https:\/\/repatransportbanden.tempurl.host\/?s={search_term_string}"},"query-input":{"@type":"PropertyValueSpecification","valueRequired":true,"valueName":"search_term_string"}}],"inLanguage":"es"}]}},"_links":{"self":[{"href":"https:\/\/repatransportbanden.nl\/es\/wp-json\/wp\/v2\/pages\/1704","targetHints":{"allow":["GET"]}}],"collection":[{"href":"https:\/\/repatransportbanden.nl\/es\/wp-json\/wp\/v2\/pages"}],"about":[{"href":"https:\/\/repatransportbanden.nl\/es\/wp-json\/wp\/v2\/types\/page"}],"author":[{"embeddable":true,"href":"https:\/\/repatransportbanden.nl\/es\/wp-json\/wp\/v2\/users\/2"}],"replies":[{"embeddable":true,"href":"https:\/\/repatransportbanden.nl\/es\/wp-json\/wp\/v2\/comments?post=1704"}],"version-history":[{"count":5,"href":"https:\/\/repatransportbanden.nl\/es\/wp-json\/wp\/v2\/pages\/1704\/revisions"}],"predecessor-version":[{"id":4953,"href":"https:\/\/repatransportbanden.nl\/es\/wp-json\/wp\/v2\/pages\/1704\/revisions\/4953"}],"up":[{"embeddable":true,"href":"https:\/\/repatransportbanden.nl\/es\/wp-json\/wp\/v2\/pages\/2090"}],"wp:featuredmedia":[{"embeddable":true,"href":"https:\/\/repatransportbanden.nl\/es\/wp-json\/wp\/v2\/media\/1375"}],"wp:attachment":[{"href":"https:\/\/repatransportbanden.nl\/es\/wp-json\/wp\/v2\/media?parent=1704"}],"curies":[{"name":"wp","href":"https:\/\/api.w.org\/{rel}","templated":true}]}}