{"id":1695,"date":"2021-12-16T09:10:11","date_gmt":"2021-12-16T08:10:11","guid":{"rendered":"https:\/\/repatransportbanden.nl\/trommels-en-rollen\/bandoverkappingen\/"},"modified":"2022-01-28T00:38:09","modified_gmt":"2022-01-27T23:38:09","slug":"bandoverkappingen","status":"publish","type":"page","link":"https:\/\/repatransportbanden.nl\/es\/trommels-rollen\/bandoverkappingen\/","title":{"rendered":"Cubiertas de bandas"},"content":{"rendered":"\n<p>REPA tambi\u00e9n fabrica y suministra cubiertas para bandas transportadoras. En nuestra vers\u00e1til nave de producci\u00f3n, equipada con todas las comodidades modernas, producimos una cubierta de banda para todos las anchuras de banda posibles. Para proteger a\u00fan m\u00e1s el revestimiento durante la laminaci\u00f3n, aplicamos una capa de l\u00e1mina a la cubierta.<\/p>\n","protected":false},"excerpt":{"rendered":"<p>REPA tambi\u00e9n fabrica y suministra cubiertas para bandas transportadoras. En nuestra vers\u00e1til nave de producci\u00f3n, equipada con todas las comodidades modernas, producimos una cubierta de banda para todos las anchuras de banda posibles. Para proteger a\u00fan m\u00e1s el revestimiento durante la laminaci\u00f3n, aplicamos una capa de l\u00e1mina a la cubierta.<\/p>\n","protected":false},"author":2,"featured_media":1366,"parent":2090,"menu_order":0,"comment_status":"closed","ping_status":"closed","template":"templates\/template-service.php","meta":{"_acf_changed":false,"footnotes":""},"class_list":["post-1695","page","type-page","status-publish","has-post-thumbnail","hentry","entry"],"acf":[],"yoast_head":"<!-- This site is optimized with the Yoast SEO plugin v27.3 - https:\/\/yoast.com\/product\/yoast-seo-wordpress\/ -->\n<title>Cubiertas de bandas - repatransportbanden.nl<\/title>\n<meta name=\"robots\" content=\"index, follow, max-snippet:-1, max-image-preview:large, max-video-preview:-1\" \/>\n<link rel=\"canonical\" href=\"https:\/\/repatransportbanden.nl\/es\/trommels-rollen\/bandoverkappingen\/\" \/>\n<meta property=\"og:locale\" content=\"es_ES\" \/>\n<meta property=\"og:type\" content=\"article\" \/>\n<meta property=\"og:title\" content=\"Cubiertas de bandas - repatransportbanden.nl\" \/>\n<meta property=\"og:description\" content=\"REPA tambi\u00e9n fabrica y suministra cubiertas para bandas transportadoras. En nuestra vers\u00e1til nave de producci\u00f3n, equipada con todas las comodidades modernas, producimos una cubierta de banda para todos las anchuras de banda posibles. Para proteger a\u00fan m\u00e1s el revestimiento durante la laminaci\u00f3n, aplicamos una capa de l\u00e1mina a la cubierta.\" \/>\n<meta property=\"og:url\" content=\"https:\/\/repatransportbanden.nl\/es\/trommels-rollen\/bandoverkappingen\/\" \/>\n<meta property=\"og:site_name\" content=\"repatransportbanden.nl\" \/>\n<meta property=\"article:modified_time\" content=\"2022-01-27T23:38:09+00:00\" \/>\n<meta property=\"og:image\" content=\"https:\/\/repatransportbanden.tempurl.host\/wp-content\/uploads\/2021\/12\/Bandoverkappingen.jpg\" \/>\n\t<meta property=\"og:image:width\" content=\"331\" \/>\n\t<meta property=\"og:image:height\" content=\"331\" \/>\n\t<meta property=\"og:image:type\" content=\"image\/jpeg\" \/>\n<meta name=\"twitter:card\" content=\"summary_large_image\" \/>\n<meta name=\"twitter:label1\" content=\"Tiempo de lectura\" \/>\n\t<meta name=\"twitter:data1\" content=\"1 minuto\" \/>\n<script type=\"application\/ld+json\" class=\"yoast-schema-graph\">{\"@context\":\"https:\\\/\\\/schema.org\",\"@graph\":[{\"@type\":\"WebPage\",\"@id\":\"https:\\\/\\\/repatransportbanden.nl\\\/es\\\/trommels-rollen\\\/bandoverkappingen\\\/\",\"url\":\"https:\\\/\\\/repatransportbanden.nl\\\/es\\\/trommels-rollen\\\/bandoverkappingen\\\/\",\"name\":\"Cubiertas de bandas - repatransportbanden.nl\",\"isPartOf\":{\"@id\":\"https:\\\/\\\/repatransportbanden.tempurl.host\\\/#website\"},\"primaryImageOfPage\":{\"@id\":\"https:\\\/\\\/repatransportbanden.nl\\\/es\\\/trommels-rollen\\\/bandoverkappingen\\\/#primaryimage\"},\"image\":{\"@id\":\"https:\\\/\\\/repatransportbanden.nl\\\/es\\\/trommels-rollen\\\/bandoverkappingen\\\/#primaryimage\"},\"thumbnailUrl\":\"https:\\\/\\\/repatransportbanden.nl\\\/wp-content\\\/uploads\\\/2021\\\/12\\\/Bandoverkappingen.jpg\",\"datePublished\":\"2021-12-16T08:10:11+00:00\",\"dateModified\":\"2022-01-27T23:38:09+00:00\",\"breadcrumb\":{\"@id\":\"https:\\\/\\\/repatransportbanden.nl\\\/es\\\/trommels-rollen\\\/bandoverkappingen\\\/#breadcrumb\"},\"inLanguage\":\"es\",\"potentialAction\":[{\"@type\":\"ReadAction\",\"target\":[\"https:\\\/\\\/repatransportbanden.nl\\\/es\\\/trommels-rollen\\\/bandoverkappingen\\\/\"]}]},{\"@type\":\"ImageObject\",\"inLanguage\":\"es\",\"@id\":\"https:\\\/\\\/repatransportbanden.nl\\\/es\\\/trommels-rollen\\\/bandoverkappingen\\\/#primaryimage\",\"url\":\"https:\\\/\\\/repatransportbanden.nl\\\/wp-content\\\/uploads\\\/2021\\\/12\\\/Bandoverkappingen.jpg\",\"contentUrl\":\"https:\\\/\\\/repatransportbanden.nl\\\/wp-content\\\/uploads\\\/2021\\\/12\\\/Bandoverkappingen.jpg\",\"width\":331,\"height\":331},{\"@type\":\"BreadcrumbList\",\"@id\":\"https:\\\/\\\/repatransportbanden.nl\\\/es\\\/trommels-rollen\\\/bandoverkappingen\\\/#breadcrumb\",\"itemListElement\":[{\"@type\":\"ListItem\",\"position\":1,\"name\":\"Inicio\",\"item\":\"https:\\\/\\\/repatransportbanden.nl\\\/es\\\/\"},{\"@type\":\"ListItem\",\"position\":2,\"name\":\"Rodillos y tambores\",\"item\":\"https:\\\/\\\/repatransportbanden.tempurl.host\\\/es\\\/trommels-rollen\\\/\"},{\"@type\":\"ListItem\",\"position\":3,\"name\":\"Cubiertas de bandas\"}]},{\"@type\":\"WebSite\",\"@id\":\"https:\\\/\\\/repatransportbanden.tempurl.host\\\/#website\",\"url\":\"https:\\\/\\\/repatransportbanden.tempurl.host\\\/\",\"name\":\"repatransportbanden.nl\",\"description\":\"\",\"potentialAction\":[{\"@type\":\"SearchAction\",\"target\":{\"@type\":\"EntryPoint\",\"urlTemplate\":\"https:\\\/\\\/repatransportbanden.tempurl.host\\\/?s={search_term_string}\"},\"query-input\":{\"@type\":\"PropertyValueSpecification\",\"valueRequired\":true,\"valueName\":\"search_term_string\"}}],\"inLanguage\":\"es\"}]}<\/script>\n<!-- \/ Yoast SEO plugin. -->","yoast_head_json":{"title":"Cubiertas de bandas - repatransportbanden.nl","robots":{"index":"index","follow":"follow","max-snippet":"max-snippet:-1","max-image-preview":"max-image-preview:large","max-video-preview":"max-video-preview:-1"},"canonical":"https:\/\/repatransportbanden.nl\/es\/trommels-rollen\/bandoverkappingen\/","og_locale":"es_ES","og_type":"article","og_title":"Cubiertas de bandas - repatransportbanden.nl","og_description":"REPA tambi\u00e9n fabrica y suministra cubiertas para bandas transportadoras. En nuestra vers\u00e1til nave de producci\u00f3n, equipada con todas las comodidades modernas, producimos una cubierta de banda para todos las anchuras de banda posibles. Para proteger a\u00fan m\u00e1s el revestimiento durante la laminaci\u00f3n, aplicamos una capa de l\u00e1mina a la cubierta.","og_url":"https:\/\/repatransportbanden.nl\/es\/trommels-rollen\/bandoverkappingen\/","og_site_name":"repatransportbanden.nl","article_modified_time":"2022-01-27T23:38:09+00:00","og_image":[{"width":331,"height":331,"url":"https:\/\/repatransportbanden.tempurl.host\/wp-content\/uploads\/2021\/12\/Bandoverkappingen.jpg","type":"image\/jpeg"}],"twitter_card":"summary_large_image","twitter_misc":{"Tiempo de lectura":"1 minuto"},"schema":{"@context":"https:\/\/schema.org","@graph":[{"@type":"WebPage","@id":"https:\/\/repatransportbanden.nl\/es\/trommels-rollen\/bandoverkappingen\/","url":"https:\/\/repatransportbanden.nl\/es\/trommels-rollen\/bandoverkappingen\/","name":"Cubiertas de bandas - repatransportbanden.nl","isPartOf":{"@id":"https:\/\/repatransportbanden.tempurl.host\/#website"},"primaryImageOfPage":{"@id":"https:\/\/repatransportbanden.nl\/es\/trommels-rollen\/bandoverkappingen\/#primaryimage"},"image":{"@id":"https:\/\/repatransportbanden.nl\/es\/trommels-rollen\/bandoverkappingen\/#primaryimage"},"thumbnailUrl":"https:\/\/repatransportbanden.nl\/wp-content\/uploads\/2021\/12\/Bandoverkappingen.jpg","datePublished":"2021-12-16T08:10:11+00:00","dateModified":"2022-01-27T23:38:09+00:00","breadcrumb":{"@id":"https:\/\/repatransportbanden.nl\/es\/trommels-rollen\/bandoverkappingen\/#breadcrumb"},"inLanguage":"es","potentialAction":[{"@type":"ReadAction","target":["https:\/\/repatransportbanden.nl\/es\/trommels-rollen\/bandoverkappingen\/"]}]},{"@type":"ImageObject","inLanguage":"es","@id":"https:\/\/repatransportbanden.nl\/es\/trommels-rollen\/bandoverkappingen\/#primaryimage","url":"https:\/\/repatransportbanden.nl\/wp-content\/uploads\/2021\/12\/Bandoverkappingen.jpg","contentUrl":"https:\/\/repatransportbanden.nl\/wp-content\/uploads\/2021\/12\/Bandoverkappingen.jpg","width":331,"height":331},{"@type":"BreadcrumbList","@id":"https:\/\/repatransportbanden.nl\/es\/trommels-rollen\/bandoverkappingen\/#breadcrumb","itemListElement":[{"@type":"ListItem","position":1,"name":"Inicio","item":"https:\/\/repatransportbanden.nl\/es\/"},{"@type":"ListItem","position":2,"name":"Rodillos y tambores","item":"https:\/\/repatransportbanden.tempurl.host\/es\/trommels-rollen\/"},{"@type":"ListItem","position":3,"name":"Cubiertas de bandas"}]},{"@type":"WebSite","@id":"https:\/\/repatransportbanden.tempurl.host\/#website","url":"https:\/\/repatransportbanden.tempurl.host\/","name":"repatransportbanden.nl","description":"","potentialAction":[{"@type":"SearchAction","target":{"@type":"EntryPoint","urlTemplate":"https:\/\/repatransportbanden.tempurl.host\/?s={search_term_string}"},"query-input":{"@type":"PropertyValueSpecification","valueRequired":true,"valueName":"search_term_string"}}],"inLanguage":"es"}]}},"_links":{"self":[{"href":"https:\/\/repatransportbanden.nl\/es\/wp-json\/wp\/v2\/pages\/1695","targetHints":{"allow":["GET"]}}],"collection":[{"href":"https:\/\/repatransportbanden.nl\/es\/wp-json\/wp\/v2\/pages"}],"about":[{"href":"https:\/\/repatransportbanden.nl\/es\/wp-json\/wp\/v2\/types\/page"}],"author":[{"embeddable":true,"href":"https:\/\/repatransportbanden.nl\/es\/wp-json\/wp\/v2\/users\/2"}],"replies":[{"embeddable":true,"href":"https:\/\/repatransportbanden.nl\/es\/wp-json\/wp\/v2\/comments?post=1695"}],"version-history":[{"count":5,"href":"https:\/\/repatransportbanden.nl\/es\/wp-json\/wp\/v2\/pages\/1695\/revisions"}],"predecessor-version":[{"id":4950,"href":"https:\/\/repatransportbanden.nl\/es\/wp-json\/wp\/v2\/pages\/1695\/revisions\/4950"}],"up":[{"embeddable":true,"href":"https:\/\/repatransportbanden.nl\/es\/wp-json\/wp\/v2\/pages\/2090"}],"wp:featuredmedia":[{"embeddable":true,"href":"https:\/\/repatransportbanden.nl\/es\/wp-json\/wp\/v2\/media\/1366"}],"wp:attachment":[{"href":"https:\/\/repatransportbanden.nl\/es\/wp-json\/wp\/v2\/media?parent=1695"}],"curies":[{"name":"wp","href":"https:\/\/api.w.org\/{rel}","templated":true}]}}