{"id":1687,"date":"2021-12-16T09:09:31","date_gmt":"2021-12-16T08:09:31","guid":{"rendered":"https:\/\/repatransportbanden.nl\/services\/"},"modified":"2022-01-28T00:10:53","modified_gmt":"2022-01-27T23:10:53","slug":"services","status":"publish","type":"page","link":"https:\/\/repatransportbanden.nl\/es\/services\/","title":{"rendered":"Servicios"},"content":{"rendered":"\n<h3 class=\"wp-block-heading\" id=\"montaje-en-sitio-servicio-al-cliente-24-horas-al-dia\">Montaje en sitio\/servicio al cliente 24 horas al d\u00eda<\/h3>\n\n\n\n<p>REPA se ha hecho grande y conocida gracias a nuestro servicio al cliente 24 horas al d\u00eda y al montaje en sitio. Para una empresa de producci\u00f3n que da gran importancia al servicio, esto es muy importante para nosotros. Por supuesto en combinaci\u00f3n con una espl\u00e9ndida gama de bandas transportadoras de alta calidad a precios competitivos. Todo el mundo sabe que el tiempo de inactividad de una l\u00ednea de producci\u00f3n cuesta mucho dinero. Los fallos de las bandas transportadoras siempre son inoportunos y hay que intentar organizar un equipo de ingenieros de servicio en el fin de semana o por la noche. REPA tiene a su servicio a m\u00e1s de 32 ingenieros de servicio integral, todos ellos formados para que la banda transportadora del cliente final vuelva a funcionar lo antes posible para limitar los da\u00f1os. Por supuesto, es a\u00fan m\u00e1s eficaz prevenir las calamidades y los fallos. Por ello, REPA tambi\u00e9n concierta contratos de mantenimiento con sus clientes. Entonces, se llevan a cabo rondas de inspecci\u00f3n peri\u00f3dicas para identificar de antemano cualquier problema potencial. Evidentemente, esta estrategia evita la mayor\u00eda de los fallos.<\/p>\n\n\n\n<p>Con nuestras \u00faltimas prensas refrigeradas por aire, desarrolladas en Beltquip, podemos vulcanizar r\u00e1pida y f\u00e1cilmente las bandas en sitio, hasta una anchura de 5.000 mm.<\/p>\n","protected":false},"excerpt":{"rendered":"<p>Montaje en sitio\/servicio al cliente 24 horas al d\u00eda REPA se ha hecho grande y conocida gracias a nuestro servicio al cliente 24 horas al d\u00eda y al montaje en sitio. Para una empresa de producci\u00f3n que da gran importancia al servicio, esto es muy importante para nosotros. Por supuesto en combinaci\u00f3n con una espl\u00e9ndida&hellip; <a class=\"more-link\" href=\"https:\/\/repatransportbanden.nl\/es\/services\/\">Continue reading <span class=\"screen-reader-text\">Servicios<\/span><\/a><\/p>\n","protected":false},"author":2,"featured_media":0,"parent":0,"menu_order":0,"comment_status":"closed","ping_status":"closed","template":"templates\/template-service.php","meta":{"_acf_changed":false,"footnotes":""},"class_list":["post-1687","page","type-page","status-publish","hentry","entry"],"acf":[],"yoast_head":"<!-- This site is optimized with the Yoast SEO plugin v27.3 - https:\/\/yoast.com\/product\/yoast-seo-wordpress\/ -->\n<title>Servicios - repatransportbanden.nl<\/title>\n<meta name=\"robots\" content=\"index, follow, max-snippet:-1, max-image-preview:large, max-video-preview:-1\" \/>\n<link rel=\"canonical\" href=\"https:\/\/repatransportbanden.nl\/es\/services\/\" \/>\n<meta property=\"og:locale\" content=\"es_ES\" \/>\n<meta property=\"og:type\" content=\"article\" \/>\n<meta property=\"og:title\" content=\"Servicios - repatransportbanden.nl\" \/>\n<meta property=\"og:description\" content=\"Montaje en sitio\/servicio al cliente 24 horas al d\u00eda REPA se ha hecho grande y conocida gracias a nuestro servicio al cliente 24 horas al d\u00eda y al montaje en sitio. Para una empresa de producci\u00f3n que da gran importancia al servicio, esto es muy importante para nosotros. Por supuesto en combinaci\u00f3n con una espl\u00e9ndida&hellip; Continue reading Servicios\" \/>\n<meta property=\"og:url\" content=\"https:\/\/repatransportbanden.nl\/es\/services\/\" \/>\n<meta property=\"og:site_name\" content=\"repatransportbanden.nl\" \/>\n<meta property=\"article:modified_time\" content=\"2022-01-27T23:10:53+00:00\" \/>\n<meta name=\"twitter:card\" content=\"summary_large_image\" \/>\n<meta name=\"twitter:label1\" content=\"Tiempo de lectura\" \/>\n\t<meta name=\"twitter:data1\" content=\"2 minutos\" \/>\n<script type=\"application\/ld+json\" class=\"yoast-schema-graph\">{\"@context\":\"https:\\\/\\\/schema.org\",\"@graph\":[{\"@type\":\"WebPage\",\"@id\":\"https:\\\/\\\/repatransportbanden.nl\\\/es\\\/services\\\/\",\"url\":\"https:\\\/\\\/repatransportbanden.nl\\\/es\\\/services\\\/\",\"name\":\"Servicios - repatransportbanden.nl\",\"isPartOf\":{\"@id\":\"https:\\\/\\\/repatransportbanden.tempurl.host\\\/#website\"},\"datePublished\":\"2021-12-16T08:09:31+00:00\",\"dateModified\":\"2022-01-27T23:10:53+00:00\",\"breadcrumb\":{\"@id\":\"https:\\\/\\\/repatransportbanden.nl\\\/es\\\/services\\\/#breadcrumb\"},\"inLanguage\":\"es\",\"potentialAction\":[{\"@type\":\"ReadAction\",\"target\":[\"https:\\\/\\\/repatransportbanden.nl\\\/es\\\/services\\\/\"]}]},{\"@type\":\"BreadcrumbList\",\"@id\":\"https:\\\/\\\/repatransportbanden.nl\\\/es\\\/services\\\/#breadcrumb\",\"itemListElement\":[{\"@type\":\"ListItem\",\"position\":1,\"name\":\"Inicio\",\"item\":\"https:\\\/\\\/repatransportbanden.nl\\\/es\\\/\"},{\"@type\":\"ListItem\",\"position\":2,\"name\":\"Servicios\"}]},{\"@type\":\"WebSite\",\"@id\":\"https:\\\/\\\/repatransportbanden.tempurl.host\\\/#website\",\"url\":\"https:\\\/\\\/repatransportbanden.tempurl.host\\\/\",\"name\":\"repatransportbanden.nl\",\"description\":\"\",\"potentialAction\":[{\"@type\":\"SearchAction\",\"target\":{\"@type\":\"EntryPoint\",\"urlTemplate\":\"https:\\\/\\\/repatransportbanden.tempurl.host\\\/?s={search_term_string}\"},\"query-input\":{\"@type\":\"PropertyValueSpecification\",\"valueRequired\":true,\"valueName\":\"search_term_string\"}}],\"inLanguage\":\"es\"}]}<\/script>\n<!-- \/ Yoast SEO plugin. -->","yoast_head_json":{"title":"Servicios - repatransportbanden.nl","robots":{"index":"index","follow":"follow","max-snippet":"max-snippet:-1","max-image-preview":"max-image-preview:large","max-video-preview":"max-video-preview:-1"},"canonical":"https:\/\/repatransportbanden.nl\/es\/services\/","og_locale":"es_ES","og_type":"article","og_title":"Servicios - repatransportbanden.nl","og_description":"Montaje en sitio\/servicio al cliente 24 horas al d\u00eda REPA se ha hecho grande y conocida gracias a nuestro servicio al cliente 24 horas al d\u00eda y al montaje en sitio. Para una empresa de producci\u00f3n que da gran importancia al servicio, esto es muy importante para nosotros. Por supuesto en combinaci\u00f3n con una espl\u00e9ndida&hellip; Continue reading Servicios","og_url":"https:\/\/repatransportbanden.nl\/es\/services\/","og_site_name":"repatransportbanden.nl","article_modified_time":"2022-01-27T23:10:53+00:00","twitter_card":"summary_large_image","twitter_misc":{"Tiempo de lectura":"2 minutos"},"schema":{"@context":"https:\/\/schema.org","@graph":[{"@type":"WebPage","@id":"https:\/\/repatransportbanden.nl\/es\/services\/","url":"https:\/\/repatransportbanden.nl\/es\/services\/","name":"Servicios - repatransportbanden.nl","isPartOf":{"@id":"https:\/\/repatransportbanden.tempurl.host\/#website"},"datePublished":"2021-12-16T08:09:31+00:00","dateModified":"2022-01-27T23:10:53+00:00","breadcrumb":{"@id":"https:\/\/repatransportbanden.nl\/es\/services\/#breadcrumb"},"inLanguage":"es","potentialAction":[{"@type":"ReadAction","target":["https:\/\/repatransportbanden.nl\/es\/services\/"]}]},{"@type":"BreadcrumbList","@id":"https:\/\/repatransportbanden.nl\/es\/services\/#breadcrumb","itemListElement":[{"@type":"ListItem","position":1,"name":"Inicio","item":"https:\/\/repatransportbanden.nl\/es\/"},{"@type":"ListItem","position":2,"name":"Servicios"}]},{"@type":"WebSite","@id":"https:\/\/repatransportbanden.tempurl.host\/#website","url":"https:\/\/repatransportbanden.tempurl.host\/","name":"repatransportbanden.nl","description":"","potentialAction":[{"@type":"SearchAction","target":{"@type":"EntryPoint","urlTemplate":"https:\/\/repatransportbanden.tempurl.host\/?s={search_term_string}"},"query-input":{"@type":"PropertyValueSpecification","valueRequired":true,"valueName":"search_term_string"}}],"inLanguage":"es"}]}},"_links":{"self":[{"href":"https:\/\/repatransportbanden.nl\/es\/wp-json\/wp\/v2\/pages\/1687","targetHints":{"allow":["GET"]}}],"collection":[{"href":"https:\/\/repatransportbanden.nl\/es\/wp-json\/wp\/v2\/pages"}],"about":[{"href":"https:\/\/repatransportbanden.nl\/es\/wp-json\/wp\/v2\/types\/page"}],"author":[{"embeddable":true,"href":"https:\/\/repatransportbanden.nl\/es\/wp-json\/wp\/v2\/users\/2"}],"replies":[{"embeddable":true,"href":"https:\/\/repatransportbanden.nl\/es\/wp-json\/wp\/v2\/comments?post=1687"}],"version-history":[{"count":5,"href":"https:\/\/repatransportbanden.nl\/es\/wp-json\/wp\/v2\/pages\/1687\/revisions"}],"predecessor-version":[{"id":4934,"href":"https:\/\/repatransportbanden.nl\/es\/wp-json\/wp\/v2\/pages\/1687\/revisions\/4934"}],"wp:attachment":[{"href":"https:\/\/repatransportbanden.nl\/es\/wp-json\/wp\/v2\/media?parent=1687"}],"curies":[{"name":"wp","href":"https:\/\/api.w.org\/{rel}","templated":true}]}}