{"id":1681,"date":"2021-12-16T09:07:55","date_gmt":"2021-12-16T08:07:55","guid":{"rendered":"https:\/\/repatransportbanden.nl\/rubber\/zoutbanden\/"},"modified":"2022-01-05T10:37:25","modified_gmt":"2022-01-05T09:37:25","slug":"zoutbanden","status":"publish","type":"page","link":"https:\/\/repatransportbanden.nl\/es\/rubber\/zoutbanden\/","title":{"rendered":"Bandas transportadoras de sal"},"content":{"rendered":"\n<p>Las bandas transportadoras son extremadamente eficaces en las m\u00e1quinas esparcidoras de sal. La banda transportadora garantiza que la sal se distribuya bien y uniformemente sobre todo el disco esparcidor. Adem\u00e1s, una banda transportadora en un esparcidor no s\u00f3lo permite esparcir sal, sino tambi\u00e9n arena o gravilla, por ejemplo.<\/p>\n\n\n\n<p>Las bandas transportadoras utilizadas en los esparcidores de sal tambi\u00e9n se conocen como bandas de sal. Est\u00e1n dise\u00f1adas espec\u00edficamente para tambores muy peque\u00f1os y deben poder alcanzar altas velocidades.<\/p>\n\n\n\n<p>Como las bandas de sal tienen un perfil plano y soportan mucha tracci\u00f3n, son f\u00e1ciles de dirigir. Probablemente no hace falta decir que las bandas de sal son extremadamente resistentes a la sal y a la intemperie.<\/p>\n","protected":false},"excerpt":{"rendered":"<p>Las bandas transportadoras son extremadamente eficaces en las m\u00e1quinas esparcidoras de sal. La banda transportadora garantiza que la sal se distribuya bien y uniformemente sobre todo el disco esparcidor. Adem\u00e1s, una banda transportadora en un esparcidor no s\u00f3lo permite esparcir sal, sino tambi\u00e9n arena o gravilla, por ejemplo. Las bandas transportadoras utilizadas en los esparcidores&hellip; <a class=\"more-link\" href=\"https:\/\/repatransportbanden.nl\/es\/rubber\/zoutbanden\/\">Continue reading <span class=\"screen-reader-text\">Bandas transportadoras de sal<\/span><\/a><\/p>\n","protected":false},"author":2,"featured_media":1249,"parent":1596,"menu_order":0,"comment_status":"closed","ping_status":"closed","template":"templates\/template-service.php","meta":{"_acf_changed":false,"footnotes":""},"class_list":["post-1681","page","type-page","status-publish","has-post-thumbnail","hentry","entry"],"acf":[],"yoast_head":"<!-- This site is optimized with the Yoast SEO plugin v27.4 - https:\/\/yoast.com\/product\/yoast-seo-wordpress\/ -->\n<title>Bandas transportadoras de sal - repatransportbanden.nl<\/title>\n<meta name=\"robots\" content=\"index, follow, max-snippet:-1, max-image-preview:large, max-video-preview:-1\" \/>\n<link rel=\"canonical\" href=\"https:\/\/repatransportbanden.nl\/es\/rubber\/zoutbanden\/\" \/>\n<meta property=\"og:locale\" content=\"es_ES\" \/>\n<meta property=\"og:type\" content=\"article\" \/>\n<meta property=\"og:title\" content=\"Bandas transportadoras de sal - repatransportbanden.nl\" \/>\n<meta property=\"og:description\" content=\"Las bandas transportadoras son extremadamente eficaces en las m\u00e1quinas esparcidoras de sal. La banda transportadora garantiza que la sal se distribuya bien y uniformemente sobre todo el disco esparcidor. Adem\u00e1s, una banda transportadora en un esparcidor no s\u00f3lo permite esparcir sal, sino tambi\u00e9n arena o gravilla, por ejemplo. Las bandas transportadoras utilizadas en los esparcidores&hellip; Continue reading Bandas transportadoras de sal\" \/>\n<meta property=\"og:url\" content=\"https:\/\/repatransportbanden.nl\/es\/rubber\/zoutbanden\/\" \/>\n<meta property=\"og:site_name\" content=\"repatransportbanden.nl\" \/>\n<meta property=\"article:modified_time\" content=\"2022-01-05T09:37:25+00:00\" \/>\n<meta property=\"og:image\" content=\"https:\/\/repatransportbanden.tempurl.host\/wp-content\/uploads\/2021\/12\/Zoutbanden.jpg\" \/>\n\t<meta property=\"og:image:width\" content=\"331\" \/>\n\t<meta property=\"og:image:height\" content=\"331\" \/>\n\t<meta property=\"og:image:type\" content=\"image\/jpeg\" \/>\n<meta name=\"twitter:card\" content=\"summary_large_image\" \/>\n<meta name=\"twitter:label1\" content=\"Tiempo de lectura\" \/>\n\t<meta name=\"twitter:data1\" content=\"1 minuto\" \/>\n<script type=\"application\/ld+json\" class=\"yoast-schema-graph\">{\"@context\":\"https:\\\/\\\/schema.org\",\"@graph\":[{\"@type\":\"WebPage\",\"@id\":\"https:\\\/\\\/repatransportbanden.nl\\\/es\\\/rubber\\\/zoutbanden\\\/\",\"url\":\"https:\\\/\\\/repatransportbanden.nl\\\/es\\\/rubber\\\/zoutbanden\\\/\",\"name\":\"Bandas transportadoras de sal - repatransportbanden.nl\",\"isPartOf\":{\"@id\":\"https:\\\/\\\/repatransportbanden.tempurl.host\\\/#website\"},\"primaryImageOfPage\":{\"@id\":\"https:\\\/\\\/repatransportbanden.nl\\\/es\\\/rubber\\\/zoutbanden\\\/#primaryimage\"},\"image\":{\"@id\":\"https:\\\/\\\/repatransportbanden.nl\\\/es\\\/rubber\\\/zoutbanden\\\/#primaryimage\"},\"thumbnailUrl\":\"https:\\\/\\\/repatransportbanden.nl\\\/wp-content\\\/uploads\\\/2021\\\/12\\\/Zoutbanden.jpg\",\"datePublished\":\"2021-12-16T08:07:55+00:00\",\"dateModified\":\"2022-01-05T09:37:25+00:00\",\"breadcrumb\":{\"@id\":\"https:\\\/\\\/repatransportbanden.nl\\\/es\\\/rubber\\\/zoutbanden\\\/#breadcrumb\"},\"inLanguage\":\"es\",\"potentialAction\":[{\"@type\":\"ReadAction\",\"target\":[\"https:\\\/\\\/repatransportbanden.nl\\\/es\\\/rubber\\\/zoutbanden\\\/\"]}]},{\"@type\":\"ImageObject\",\"inLanguage\":\"es\",\"@id\":\"https:\\\/\\\/repatransportbanden.nl\\\/es\\\/rubber\\\/zoutbanden\\\/#primaryimage\",\"url\":\"https:\\\/\\\/repatransportbanden.nl\\\/wp-content\\\/uploads\\\/2021\\\/12\\\/Zoutbanden.jpg\",\"contentUrl\":\"https:\\\/\\\/repatransportbanden.nl\\\/wp-content\\\/uploads\\\/2021\\\/12\\\/Zoutbanden.jpg\",\"width\":331,\"height\":331},{\"@type\":\"BreadcrumbList\",\"@id\":\"https:\\\/\\\/repatransportbanden.nl\\\/es\\\/rubber\\\/zoutbanden\\\/#breadcrumb\",\"itemListElement\":[{\"@type\":\"ListItem\",\"position\":1,\"name\":\"Inicio\",\"item\":\"https:\\\/\\\/repatransportbanden.nl\\\/es\\\/\"},{\"@type\":\"ListItem\",\"position\":2,\"name\":\"Caucho\",\"item\":\"https:\\\/\\\/repatransportbanden.tempurl.host\\\/es\\\/rubber\\\/\"},{\"@type\":\"ListItem\",\"position\":3,\"name\":\"Bandas transportadoras de sal\"}]},{\"@type\":\"WebSite\",\"@id\":\"https:\\\/\\\/repatransportbanden.tempurl.host\\\/#website\",\"url\":\"https:\\\/\\\/repatransportbanden.tempurl.host\\\/\",\"name\":\"repatransportbanden.nl\",\"description\":\"\",\"potentialAction\":[{\"@type\":\"SearchAction\",\"target\":{\"@type\":\"EntryPoint\",\"urlTemplate\":\"https:\\\/\\\/repatransportbanden.tempurl.host\\\/?s={search_term_string}\"},\"query-input\":{\"@type\":\"PropertyValueSpecification\",\"valueRequired\":true,\"valueName\":\"search_term_string\"}}],\"inLanguage\":\"es\"}]}<\/script>\n<!-- \/ Yoast SEO plugin. -->","yoast_head_json":{"title":"Bandas transportadoras de sal - repatransportbanden.nl","robots":{"index":"index","follow":"follow","max-snippet":"max-snippet:-1","max-image-preview":"max-image-preview:large","max-video-preview":"max-video-preview:-1"},"canonical":"https:\/\/repatransportbanden.nl\/es\/rubber\/zoutbanden\/","og_locale":"es_ES","og_type":"article","og_title":"Bandas transportadoras de sal - repatransportbanden.nl","og_description":"Las bandas transportadoras son extremadamente eficaces en las m\u00e1quinas esparcidoras de sal. La banda transportadora garantiza que la sal se distribuya bien y uniformemente sobre todo el disco esparcidor. Adem\u00e1s, una banda transportadora en un esparcidor no s\u00f3lo permite esparcir sal, sino tambi\u00e9n arena o gravilla, por ejemplo. Las bandas transportadoras utilizadas en los esparcidores&hellip; Continue reading Bandas transportadoras de sal","og_url":"https:\/\/repatransportbanden.nl\/es\/rubber\/zoutbanden\/","og_site_name":"repatransportbanden.nl","article_modified_time":"2022-01-05T09:37:25+00:00","og_image":[{"width":331,"height":331,"url":"https:\/\/repatransportbanden.tempurl.host\/wp-content\/uploads\/2021\/12\/Zoutbanden.jpg","type":"image\/jpeg"}],"twitter_card":"summary_large_image","twitter_misc":{"Tiempo de lectura":"1 minuto"},"schema":{"@context":"https:\/\/schema.org","@graph":[{"@type":"WebPage","@id":"https:\/\/repatransportbanden.nl\/es\/rubber\/zoutbanden\/","url":"https:\/\/repatransportbanden.nl\/es\/rubber\/zoutbanden\/","name":"Bandas transportadoras de sal - repatransportbanden.nl","isPartOf":{"@id":"https:\/\/repatransportbanden.tempurl.host\/#website"},"primaryImageOfPage":{"@id":"https:\/\/repatransportbanden.nl\/es\/rubber\/zoutbanden\/#primaryimage"},"image":{"@id":"https:\/\/repatransportbanden.nl\/es\/rubber\/zoutbanden\/#primaryimage"},"thumbnailUrl":"https:\/\/repatransportbanden.nl\/wp-content\/uploads\/2021\/12\/Zoutbanden.jpg","datePublished":"2021-12-16T08:07:55+00:00","dateModified":"2022-01-05T09:37:25+00:00","breadcrumb":{"@id":"https:\/\/repatransportbanden.nl\/es\/rubber\/zoutbanden\/#breadcrumb"},"inLanguage":"es","potentialAction":[{"@type":"ReadAction","target":["https:\/\/repatransportbanden.nl\/es\/rubber\/zoutbanden\/"]}]},{"@type":"ImageObject","inLanguage":"es","@id":"https:\/\/repatransportbanden.nl\/es\/rubber\/zoutbanden\/#primaryimage","url":"https:\/\/repatransportbanden.nl\/wp-content\/uploads\/2021\/12\/Zoutbanden.jpg","contentUrl":"https:\/\/repatransportbanden.nl\/wp-content\/uploads\/2021\/12\/Zoutbanden.jpg","width":331,"height":331},{"@type":"BreadcrumbList","@id":"https:\/\/repatransportbanden.nl\/es\/rubber\/zoutbanden\/#breadcrumb","itemListElement":[{"@type":"ListItem","position":1,"name":"Inicio","item":"https:\/\/repatransportbanden.nl\/es\/"},{"@type":"ListItem","position":2,"name":"Caucho","item":"https:\/\/repatransportbanden.tempurl.host\/es\/rubber\/"},{"@type":"ListItem","position":3,"name":"Bandas transportadoras de sal"}]},{"@type":"WebSite","@id":"https:\/\/repatransportbanden.tempurl.host\/#website","url":"https:\/\/repatransportbanden.tempurl.host\/","name":"repatransportbanden.nl","description":"","potentialAction":[{"@type":"SearchAction","target":{"@type":"EntryPoint","urlTemplate":"https:\/\/repatransportbanden.tempurl.host\/?s={search_term_string}"},"query-input":{"@type":"PropertyValueSpecification","valueRequired":true,"valueName":"search_term_string"}}],"inLanguage":"es"}]}},"_links":{"self":[{"href":"https:\/\/repatransportbanden.nl\/es\/wp-json\/wp\/v2\/pages\/1681","targetHints":{"allow":["GET"]}}],"collection":[{"href":"https:\/\/repatransportbanden.nl\/es\/wp-json\/wp\/v2\/pages"}],"about":[{"href":"https:\/\/repatransportbanden.nl\/es\/wp-json\/wp\/v2\/types\/page"}],"author":[{"embeddable":true,"href":"https:\/\/repatransportbanden.nl\/es\/wp-json\/wp\/v2\/users\/2"}],"replies":[{"embeddable":true,"href":"https:\/\/repatransportbanden.nl\/es\/wp-json\/wp\/v2\/comments?post=1681"}],"version-history":[{"count":4,"href":"https:\/\/repatransportbanden.nl\/es\/wp-json\/wp\/v2\/pages\/1681\/revisions"}],"predecessor-version":[{"id":3370,"href":"https:\/\/repatransportbanden.nl\/es\/wp-json\/wp\/v2\/pages\/1681\/revisions\/3370"}],"up":[{"embeddable":true,"href":"https:\/\/repatransportbanden.nl\/es\/wp-json\/wp\/v2\/pages\/1596"}],"wp:featuredmedia":[{"embeddable":true,"href":"https:\/\/repatransportbanden.nl\/es\/wp-json\/wp\/v2\/media\/1249"}],"wp:attachment":[{"href":"https:\/\/repatransportbanden.nl\/es\/wp-json\/wp\/v2\/media?parent=1681"}],"curies":[{"name":"wp","href":"https:\/\/api.w.org\/{rel}","templated":true}]}}