{"id":1669,"date":"2021-12-16T09:05:36","date_gmt":"2021-12-16T08:05:36","guid":{"rendered":"https:\/\/repatransportbanden.nl\/rubber\/vlamdovende-banden\/"},"modified":"2022-01-05T09:09:37","modified_gmt":"2022-01-05T08:09:37","slug":"vlamdovende-banden","status":"publish","type":"page","link":"https:\/\/repatransportbanden.nl\/es\/rubber\/vlamdovende-banden\/","title":{"rendered":"Bandas con sistema de extinci\u00f3n de incendios"},"content":{"rendered":"\n<p>Una temperatura (extremadamente) alta puede ser perjudicial para la integridad de una banda transportadora, que incluso puede reventar. Es a\u00fan m\u00e1s grave cuando un incendio se inicia en una banda transportadora o cerca de ella. En las industrias en las que este riesgo es superior a la media, las bandas transportadoras de extinci\u00f3n de incendios son esenciales. &nbsp;<\/p>\n\n\n\n<p>Las bandas con sistema de extinci\u00f3n de incendios pueden apagar activamente o al menos contener las llamas. Se trata de una cualidad muy valiosa, ya que el fuego puede extenderse r\u00e1pidamente a otras partes de una instalaci\u00f3n, f\u00e1brica o sitio y causar muchos da\u00f1os e incluso explosiones. &nbsp;<\/p>\n\n\n\n<p>Con una banda transportadora con sistema de extinci\u00f3n de incendios REPA, se reducen en gran medida estos riesgos.<\/p>\n","protected":false},"excerpt":{"rendered":"<p>Una temperatura (extremadamente) alta puede ser perjudicial para la integridad de una banda transportadora, que incluso puede reventar. Es a\u00fan m\u00e1s grave cuando un incendio se inicia en una banda transportadora o cerca de ella. En las industrias en las que este riesgo es superior a la media, las bandas transportadoras de extinci\u00f3n de incendios&hellip; <a class=\"more-link\" href=\"https:\/\/repatransportbanden.nl\/es\/rubber\/vlamdovende-banden\/\">Continue reading <span class=\"screen-reader-text\">Bandas con sistema de extinci\u00f3n de incendios<\/span><\/a><\/p>\n","protected":false},"author":2,"featured_media":1222,"parent":1596,"menu_order":0,"comment_status":"closed","ping_status":"closed","template":"templates\/template-service.php","meta":{"_acf_changed":false,"footnotes":""},"class_list":["post-1669","page","type-page","status-publish","has-post-thumbnail","hentry","entry"],"acf":[],"yoast_head":"<!-- This site is optimized with the Yoast SEO plugin v27.3 - https:\/\/yoast.com\/product\/yoast-seo-wordpress\/ -->\n<title>Bandas con sistema de extinci\u00f3n de incendios - repatransportbanden.nl<\/title>\n<meta name=\"robots\" content=\"index, follow, max-snippet:-1, max-image-preview:large, max-video-preview:-1\" \/>\n<link rel=\"canonical\" href=\"https:\/\/repatransportbanden.nl\/es\/rubber\/vlamdovende-banden\/\" \/>\n<meta property=\"og:locale\" content=\"es_ES\" \/>\n<meta property=\"og:type\" content=\"article\" \/>\n<meta property=\"og:title\" content=\"Bandas con sistema de extinci\u00f3n de incendios - repatransportbanden.nl\" \/>\n<meta property=\"og:description\" content=\"Una temperatura (extremadamente) alta puede ser perjudicial para la integridad de una banda transportadora, que incluso puede reventar. Es a\u00fan m\u00e1s grave cuando un incendio se inicia en una banda transportadora o cerca de ella. En las industrias en las que este riesgo es superior a la media, las bandas transportadoras de extinci\u00f3n de incendios&hellip; Continue reading Bandas con sistema de extinci\u00f3n de incendios\" \/>\n<meta property=\"og:url\" content=\"https:\/\/repatransportbanden.nl\/es\/rubber\/vlamdovende-banden\/\" \/>\n<meta property=\"og:site_name\" content=\"repatransportbanden.nl\" \/>\n<meta property=\"article:modified_time\" content=\"2022-01-05T08:09:37+00:00\" \/>\n<meta property=\"og:image\" content=\"https:\/\/repatransportbanden.tempurl.host\/wp-content\/uploads\/2021\/12\/Vlamdovende-banden.jpg\" \/>\n\t<meta property=\"og:image:width\" content=\"331\" \/>\n\t<meta property=\"og:image:height\" content=\"331\" \/>\n\t<meta property=\"og:image:type\" content=\"image\/jpeg\" \/>\n<meta name=\"twitter:card\" content=\"summary_large_image\" \/>\n<meta name=\"twitter:label1\" content=\"Tiempo de lectura\" \/>\n\t<meta name=\"twitter:data1\" content=\"1 minuto\" \/>\n<script type=\"application\/ld+json\" class=\"yoast-schema-graph\">{\"@context\":\"https:\\\/\\\/schema.org\",\"@graph\":[{\"@type\":\"WebPage\",\"@id\":\"https:\\\/\\\/repatransportbanden.nl\\\/es\\\/rubber\\\/vlamdovende-banden\\\/\",\"url\":\"https:\\\/\\\/repatransportbanden.nl\\\/es\\\/rubber\\\/vlamdovende-banden\\\/\",\"name\":\"Bandas con sistema de extinci\u00f3n de incendios - repatransportbanden.nl\",\"isPartOf\":{\"@id\":\"https:\\\/\\\/repatransportbanden.tempurl.host\\\/#website\"},\"primaryImageOfPage\":{\"@id\":\"https:\\\/\\\/repatransportbanden.nl\\\/es\\\/rubber\\\/vlamdovende-banden\\\/#primaryimage\"},\"image\":{\"@id\":\"https:\\\/\\\/repatransportbanden.nl\\\/es\\\/rubber\\\/vlamdovende-banden\\\/#primaryimage\"},\"thumbnailUrl\":\"https:\\\/\\\/repatransportbanden.nl\\\/wp-content\\\/uploads\\\/2021\\\/12\\\/Vlamdovende-banden.jpg\",\"datePublished\":\"2021-12-16T08:05:36+00:00\",\"dateModified\":\"2022-01-05T08:09:37+00:00\",\"breadcrumb\":{\"@id\":\"https:\\\/\\\/repatransportbanden.nl\\\/es\\\/rubber\\\/vlamdovende-banden\\\/#breadcrumb\"},\"inLanguage\":\"es\",\"potentialAction\":[{\"@type\":\"ReadAction\",\"target\":[\"https:\\\/\\\/repatransportbanden.nl\\\/es\\\/rubber\\\/vlamdovende-banden\\\/\"]}]},{\"@type\":\"ImageObject\",\"inLanguage\":\"es\",\"@id\":\"https:\\\/\\\/repatransportbanden.nl\\\/es\\\/rubber\\\/vlamdovende-banden\\\/#primaryimage\",\"url\":\"https:\\\/\\\/repatransportbanden.nl\\\/wp-content\\\/uploads\\\/2021\\\/12\\\/Vlamdovende-banden.jpg\",\"contentUrl\":\"https:\\\/\\\/repatransportbanden.nl\\\/wp-content\\\/uploads\\\/2021\\\/12\\\/Vlamdovende-banden.jpg\",\"width\":331,\"height\":331},{\"@type\":\"BreadcrumbList\",\"@id\":\"https:\\\/\\\/repatransportbanden.nl\\\/es\\\/rubber\\\/vlamdovende-banden\\\/#breadcrumb\",\"itemListElement\":[{\"@type\":\"ListItem\",\"position\":1,\"name\":\"Inicio\",\"item\":\"https:\\\/\\\/repatransportbanden.nl\\\/es\\\/\"},{\"@type\":\"ListItem\",\"position\":2,\"name\":\"Caucho\",\"item\":\"https:\\\/\\\/repatransportbanden.tempurl.host\\\/es\\\/rubber\\\/\"},{\"@type\":\"ListItem\",\"position\":3,\"name\":\"Bandas con sistema de extinci\u00f3n de incendios\"}]},{\"@type\":\"WebSite\",\"@id\":\"https:\\\/\\\/repatransportbanden.tempurl.host\\\/#website\",\"url\":\"https:\\\/\\\/repatransportbanden.tempurl.host\\\/\",\"name\":\"repatransportbanden.nl\",\"description\":\"\",\"potentialAction\":[{\"@type\":\"SearchAction\",\"target\":{\"@type\":\"EntryPoint\",\"urlTemplate\":\"https:\\\/\\\/repatransportbanden.tempurl.host\\\/?s={search_term_string}\"},\"query-input\":{\"@type\":\"PropertyValueSpecification\",\"valueRequired\":true,\"valueName\":\"search_term_string\"}}],\"inLanguage\":\"es\"}]}<\/script>\n<!-- \/ Yoast SEO plugin. -->","yoast_head_json":{"title":"Bandas con sistema de extinci\u00f3n de incendios - repatransportbanden.nl","robots":{"index":"index","follow":"follow","max-snippet":"max-snippet:-1","max-image-preview":"max-image-preview:large","max-video-preview":"max-video-preview:-1"},"canonical":"https:\/\/repatransportbanden.nl\/es\/rubber\/vlamdovende-banden\/","og_locale":"es_ES","og_type":"article","og_title":"Bandas con sistema de extinci\u00f3n de incendios - repatransportbanden.nl","og_description":"Una temperatura (extremadamente) alta puede ser perjudicial para la integridad de una banda transportadora, que incluso puede reventar. Es a\u00fan m\u00e1s grave cuando un incendio se inicia en una banda transportadora o cerca de ella. En las industrias en las que este riesgo es superior a la media, las bandas transportadoras de extinci\u00f3n de incendios&hellip; Continue reading Bandas con sistema de extinci\u00f3n de incendios","og_url":"https:\/\/repatransportbanden.nl\/es\/rubber\/vlamdovende-banden\/","og_site_name":"repatransportbanden.nl","article_modified_time":"2022-01-05T08:09:37+00:00","og_image":[{"width":331,"height":331,"url":"https:\/\/repatransportbanden.tempurl.host\/wp-content\/uploads\/2021\/12\/Vlamdovende-banden.jpg","type":"image\/jpeg"}],"twitter_card":"summary_large_image","twitter_misc":{"Tiempo de lectura":"1 minuto"},"schema":{"@context":"https:\/\/schema.org","@graph":[{"@type":"WebPage","@id":"https:\/\/repatransportbanden.nl\/es\/rubber\/vlamdovende-banden\/","url":"https:\/\/repatransportbanden.nl\/es\/rubber\/vlamdovende-banden\/","name":"Bandas con sistema de extinci\u00f3n de incendios - repatransportbanden.nl","isPartOf":{"@id":"https:\/\/repatransportbanden.tempurl.host\/#website"},"primaryImageOfPage":{"@id":"https:\/\/repatransportbanden.nl\/es\/rubber\/vlamdovende-banden\/#primaryimage"},"image":{"@id":"https:\/\/repatransportbanden.nl\/es\/rubber\/vlamdovende-banden\/#primaryimage"},"thumbnailUrl":"https:\/\/repatransportbanden.nl\/wp-content\/uploads\/2021\/12\/Vlamdovende-banden.jpg","datePublished":"2021-12-16T08:05:36+00:00","dateModified":"2022-01-05T08:09:37+00:00","breadcrumb":{"@id":"https:\/\/repatransportbanden.nl\/es\/rubber\/vlamdovende-banden\/#breadcrumb"},"inLanguage":"es","potentialAction":[{"@type":"ReadAction","target":["https:\/\/repatransportbanden.nl\/es\/rubber\/vlamdovende-banden\/"]}]},{"@type":"ImageObject","inLanguage":"es","@id":"https:\/\/repatransportbanden.nl\/es\/rubber\/vlamdovende-banden\/#primaryimage","url":"https:\/\/repatransportbanden.nl\/wp-content\/uploads\/2021\/12\/Vlamdovende-banden.jpg","contentUrl":"https:\/\/repatransportbanden.nl\/wp-content\/uploads\/2021\/12\/Vlamdovende-banden.jpg","width":331,"height":331},{"@type":"BreadcrumbList","@id":"https:\/\/repatransportbanden.nl\/es\/rubber\/vlamdovende-banden\/#breadcrumb","itemListElement":[{"@type":"ListItem","position":1,"name":"Inicio","item":"https:\/\/repatransportbanden.nl\/es\/"},{"@type":"ListItem","position":2,"name":"Caucho","item":"https:\/\/repatransportbanden.tempurl.host\/es\/rubber\/"},{"@type":"ListItem","position":3,"name":"Bandas con sistema de extinci\u00f3n de incendios"}]},{"@type":"WebSite","@id":"https:\/\/repatransportbanden.tempurl.host\/#website","url":"https:\/\/repatransportbanden.tempurl.host\/","name":"repatransportbanden.nl","description":"","potentialAction":[{"@type":"SearchAction","target":{"@type":"EntryPoint","urlTemplate":"https:\/\/repatransportbanden.tempurl.host\/?s={search_term_string}"},"query-input":{"@type":"PropertyValueSpecification","valueRequired":true,"valueName":"search_term_string"}}],"inLanguage":"es"}]}},"_links":{"self":[{"href":"https:\/\/repatransportbanden.nl\/es\/wp-json\/wp\/v2\/pages\/1669","targetHints":{"allow":["GET"]}}],"collection":[{"href":"https:\/\/repatransportbanden.nl\/es\/wp-json\/wp\/v2\/pages"}],"about":[{"href":"https:\/\/repatransportbanden.nl\/es\/wp-json\/wp\/v2\/types\/page"}],"author":[{"embeddable":true,"href":"https:\/\/repatransportbanden.nl\/es\/wp-json\/wp\/v2\/users\/2"}],"replies":[{"embeddable":true,"href":"https:\/\/repatransportbanden.nl\/es\/wp-json\/wp\/v2\/comments?post=1669"}],"version-history":[{"count":4,"href":"https:\/\/repatransportbanden.nl\/es\/wp-json\/wp\/v2\/pages\/1669\/revisions"}],"predecessor-version":[{"id":3363,"href":"https:\/\/repatransportbanden.nl\/es\/wp-json\/wp\/v2\/pages\/1669\/revisions\/3363"}],"up":[{"embeddable":true,"href":"https:\/\/repatransportbanden.nl\/es\/wp-json\/wp\/v2\/pages\/1596"}],"wp:featuredmedia":[{"embeddable":true,"href":"https:\/\/repatransportbanden.nl\/es\/wp-json\/wp\/v2\/media\/1222"}],"wp:attachment":[{"href":"https:\/\/repatransportbanden.nl\/es\/wp-json\/wp\/v2\/media?parent=1669"}],"curies":[{"name":"wp","href":"https:\/\/api.w.org\/{rel}","templated":true}]}}