{"id":1663,"date":"2021-12-16T09:04:23","date_gmt":"2021-12-16T08:04:23","guid":{"rendered":"https:\/\/repatransportbanden.nl\/rubber\/vlakke-banden\/"},"modified":"2022-01-21T13:25:56","modified_gmt":"2022-01-21T12:25:56","slug":"vlakke-banden","status":"publish","type":"page","link":"https:\/\/repatransportbanden.nl\/es\/rubber\/vlakke-banden\/","title":{"rendered":"Bandas planas"},"content":{"rendered":"\n<p>Las bandas transportadoras son el coraz\u00f3n de pr\u00e1cticamente todos los sistemas de transporte en todo tipo de industrias. Ya sea para reciclar, procesar materias primas o transportar madera, acero o productos qu\u00edmicos, las bandas transportadoras garantizan el transporte esencial de materiales y mercanc\u00edas dentro de la empresa.<\/p>\n\n\n\n<p>Las bandas transportadoras planas de caucho se presentan en muchos tipos y tama\u00f1os y pueden suministrarse con una variedad de caracter\u00edsticas y adaptaciones, seg\u00fan los requisitos espec\u00edficos. Por supuesto, hay bandas planas normales, pero tambi\u00e9n hay una gran demanda de bandas estables transversales, bandas deslizantes y bandas de tejido Ripstop, que est\u00e1n equipadas con cables de acero para evitar desgarros. &nbsp;<\/p>\n\n\n\n<p>Pr\u00e1cticamente todos los tipos de bandas planas est\u00e1n disponibles en versiones especiales, que protegen la banda contra el aceite y la grasa, o el calor (extremo).<\/p>\n","protected":false},"excerpt":{"rendered":"<p>Las bandas transportadoras son el coraz\u00f3n de pr\u00e1cticamente todos los sistemas de transporte en todo tipo de industrias. Ya sea para reciclar, procesar materias primas o transportar madera, acero o productos qu\u00edmicos, las bandas transportadoras garantizan el transporte esencial de materiales y mercanc\u00edas dentro de la empresa. Las bandas transportadoras planas de caucho se presentan&hellip; <a class=\"more-link\" href=\"https:\/\/repatransportbanden.nl\/es\/rubber\/vlakke-banden\/\">Continue reading <span class=\"screen-reader-text\">Bandas planas<\/span><\/a><\/p>\n","protected":false},"author":2,"featured_media":1207,"parent":1596,"menu_order":0,"comment_status":"closed","ping_status":"closed","template":"templates\/template-service.php","meta":{"_acf_changed":false,"footnotes":""},"class_list":["post-1663","page","type-page","status-publish","has-post-thumbnail","hentry","entry"],"acf":[],"yoast_head":"<!-- This site is optimized with the Yoast SEO plugin v27.3 - https:\/\/yoast.com\/product\/yoast-seo-wordpress\/ -->\n<title>Bandas planas - repatransportbanden.nl<\/title>\n<meta name=\"robots\" content=\"index, follow, max-snippet:-1, max-image-preview:large, max-video-preview:-1\" \/>\n<link rel=\"canonical\" href=\"https:\/\/repatransportbanden.nl\/es\/rubber\/vlakke-banden\/\" \/>\n<meta property=\"og:locale\" content=\"es_ES\" \/>\n<meta property=\"og:type\" content=\"article\" \/>\n<meta property=\"og:title\" content=\"Bandas planas - repatransportbanden.nl\" \/>\n<meta property=\"og:description\" content=\"Las bandas transportadoras son el coraz\u00f3n de pr\u00e1cticamente todos los sistemas de transporte en todo tipo de industrias. Ya sea para reciclar, procesar materias primas o transportar madera, acero o productos qu\u00edmicos, las bandas transportadoras garantizan el transporte esencial de materiales y mercanc\u00edas dentro de la empresa. Las bandas transportadoras planas de caucho se presentan&hellip; Continue reading Bandas planas\" \/>\n<meta property=\"og:url\" content=\"https:\/\/repatransportbanden.nl\/es\/rubber\/vlakke-banden\/\" \/>\n<meta property=\"og:site_name\" content=\"repatransportbanden.nl\" \/>\n<meta property=\"article:modified_time\" content=\"2022-01-21T12:25:56+00:00\" \/>\n<meta property=\"og:image\" content=\"https:\/\/repatransportbanden.tempurl.host\/wp-content\/uploads\/2021\/12\/Vlakke-banden.jpg\" \/>\n\t<meta property=\"og:image:width\" content=\"331\" \/>\n\t<meta property=\"og:image:height\" content=\"331\" \/>\n\t<meta property=\"og:image:type\" content=\"image\/jpeg\" \/>\n<meta name=\"twitter:card\" content=\"summary_large_image\" \/>\n<meta name=\"twitter:label1\" content=\"Tiempo de lectura\" \/>\n\t<meta name=\"twitter:data1\" content=\"1 minuto\" \/>\n<script type=\"application\/ld+json\" class=\"yoast-schema-graph\">{\"@context\":\"https:\\\/\\\/schema.org\",\"@graph\":[{\"@type\":\"WebPage\",\"@id\":\"https:\\\/\\\/repatransportbanden.nl\\\/es\\\/rubber\\\/vlakke-banden\\\/\",\"url\":\"https:\\\/\\\/repatransportbanden.nl\\\/es\\\/rubber\\\/vlakke-banden\\\/\",\"name\":\"Bandas planas - repatransportbanden.nl\",\"isPartOf\":{\"@id\":\"https:\\\/\\\/repatransportbanden.tempurl.host\\\/#website\"},\"primaryImageOfPage\":{\"@id\":\"https:\\\/\\\/repatransportbanden.nl\\\/es\\\/rubber\\\/vlakke-banden\\\/#primaryimage\"},\"image\":{\"@id\":\"https:\\\/\\\/repatransportbanden.nl\\\/es\\\/rubber\\\/vlakke-banden\\\/#primaryimage\"},\"thumbnailUrl\":\"https:\\\/\\\/repatransportbanden.nl\\\/wp-content\\\/uploads\\\/2021\\\/12\\\/Vlakke-banden.jpg\",\"datePublished\":\"2021-12-16T08:04:23+00:00\",\"dateModified\":\"2022-01-21T12:25:56+00:00\",\"breadcrumb\":{\"@id\":\"https:\\\/\\\/repatransportbanden.nl\\\/es\\\/rubber\\\/vlakke-banden\\\/#breadcrumb\"},\"inLanguage\":\"es\",\"potentialAction\":[{\"@type\":\"ReadAction\",\"target\":[\"https:\\\/\\\/repatransportbanden.nl\\\/es\\\/rubber\\\/vlakke-banden\\\/\"]}]},{\"@type\":\"ImageObject\",\"inLanguage\":\"es\",\"@id\":\"https:\\\/\\\/repatransportbanden.nl\\\/es\\\/rubber\\\/vlakke-banden\\\/#primaryimage\",\"url\":\"https:\\\/\\\/repatransportbanden.nl\\\/wp-content\\\/uploads\\\/2021\\\/12\\\/Vlakke-banden.jpg\",\"contentUrl\":\"https:\\\/\\\/repatransportbanden.nl\\\/wp-content\\\/uploads\\\/2021\\\/12\\\/Vlakke-banden.jpg\",\"width\":331,\"height\":331},{\"@type\":\"BreadcrumbList\",\"@id\":\"https:\\\/\\\/repatransportbanden.nl\\\/es\\\/rubber\\\/vlakke-banden\\\/#breadcrumb\",\"itemListElement\":[{\"@type\":\"ListItem\",\"position\":1,\"name\":\"Inicio\",\"item\":\"https:\\\/\\\/repatransportbanden.nl\\\/es\\\/\"},{\"@type\":\"ListItem\",\"position\":2,\"name\":\"Caucho\",\"item\":\"https:\\\/\\\/repatransportbanden.tempurl.host\\\/es\\\/rubber\\\/\"},{\"@type\":\"ListItem\",\"position\":3,\"name\":\"Bandas planas\"}]},{\"@type\":\"WebSite\",\"@id\":\"https:\\\/\\\/repatransportbanden.tempurl.host\\\/#website\",\"url\":\"https:\\\/\\\/repatransportbanden.tempurl.host\\\/\",\"name\":\"repatransportbanden.nl\",\"description\":\"\",\"potentialAction\":[{\"@type\":\"SearchAction\",\"target\":{\"@type\":\"EntryPoint\",\"urlTemplate\":\"https:\\\/\\\/repatransportbanden.tempurl.host\\\/?s={search_term_string}\"},\"query-input\":{\"@type\":\"PropertyValueSpecification\",\"valueRequired\":true,\"valueName\":\"search_term_string\"}}],\"inLanguage\":\"es\"}]}<\/script>\n<!-- \/ Yoast SEO plugin. -->","yoast_head_json":{"title":"Bandas planas - repatransportbanden.nl","robots":{"index":"index","follow":"follow","max-snippet":"max-snippet:-1","max-image-preview":"max-image-preview:large","max-video-preview":"max-video-preview:-1"},"canonical":"https:\/\/repatransportbanden.nl\/es\/rubber\/vlakke-banden\/","og_locale":"es_ES","og_type":"article","og_title":"Bandas planas - repatransportbanden.nl","og_description":"Las bandas transportadoras son el coraz\u00f3n de pr\u00e1cticamente todos los sistemas de transporte en todo tipo de industrias. Ya sea para reciclar, procesar materias primas o transportar madera, acero o productos qu\u00edmicos, las bandas transportadoras garantizan el transporte esencial de materiales y mercanc\u00edas dentro de la empresa. Las bandas transportadoras planas de caucho se presentan&hellip; Continue reading Bandas planas","og_url":"https:\/\/repatransportbanden.nl\/es\/rubber\/vlakke-banden\/","og_site_name":"repatransportbanden.nl","article_modified_time":"2022-01-21T12:25:56+00:00","og_image":[{"width":331,"height":331,"url":"https:\/\/repatransportbanden.tempurl.host\/wp-content\/uploads\/2021\/12\/Vlakke-banden.jpg","type":"image\/jpeg"}],"twitter_card":"summary_large_image","twitter_misc":{"Tiempo de lectura":"1 minuto"},"schema":{"@context":"https:\/\/schema.org","@graph":[{"@type":"WebPage","@id":"https:\/\/repatransportbanden.nl\/es\/rubber\/vlakke-banden\/","url":"https:\/\/repatransportbanden.nl\/es\/rubber\/vlakke-banden\/","name":"Bandas planas - repatransportbanden.nl","isPartOf":{"@id":"https:\/\/repatransportbanden.tempurl.host\/#website"},"primaryImageOfPage":{"@id":"https:\/\/repatransportbanden.nl\/es\/rubber\/vlakke-banden\/#primaryimage"},"image":{"@id":"https:\/\/repatransportbanden.nl\/es\/rubber\/vlakke-banden\/#primaryimage"},"thumbnailUrl":"https:\/\/repatransportbanden.nl\/wp-content\/uploads\/2021\/12\/Vlakke-banden.jpg","datePublished":"2021-12-16T08:04:23+00:00","dateModified":"2022-01-21T12:25:56+00:00","breadcrumb":{"@id":"https:\/\/repatransportbanden.nl\/es\/rubber\/vlakke-banden\/#breadcrumb"},"inLanguage":"es","potentialAction":[{"@type":"ReadAction","target":["https:\/\/repatransportbanden.nl\/es\/rubber\/vlakke-banden\/"]}]},{"@type":"ImageObject","inLanguage":"es","@id":"https:\/\/repatransportbanden.nl\/es\/rubber\/vlakke-banden\/#primaryimage","url":"https:\/\/repatransportbanden.nl\/wp-content\/uploads\/2021\/12\/Vlakke-banden.jpg","contentUrl":"https:\/\/repatransportbanden.nl\/wp-content\/uploads\/2021\/12\/Vlakke-banden.jpg","width":331,"height":331},{"@type":"BreadcrumbList","@id":"https:\/\/repatransportbanden.nl\/es\/rubber\/vlakke-banden\/#breadcrumb","itemListElement":[{"@type":"ListItem","position":1,"name":"Inicio","item":"https:\/\/repatransportbanden.nl\/es\/"},{"@type":"ListItem","position":2,"name":"Caucho","item":"https:\/\/repatransportbanden.tempurl.host\/es\/rubber\/"},{"@type":"ListItem","position":3,"name":"Bandas planas"}]},{"@type":"WebSite","@id":"https:\/\/repatransportbanden.tempurl.host\/#website","url":"https:\/\/repatransportbanden.tempurl.host\/","name":"repatransportbanden.nl","description":"","potentialAction":[{"@type":"SearchAction","target":{"@type":"EntryPoint","urlTemplate":"https:\/\/repatransportbanden.tempurl.host\/?s={search_term_string}"},"query-input":{"@type":"PropertyValueSpecification","valueRequired":true,"valueName":"search_term_string"}}],"inLanguage":"es"}]}},"_links":{"self":[{"href":"https:\/\/repatransportbanden.nl\/es\/wp-json\/wp\/v2\/pages\/1663","targetHints":{"allow":["GET"]}}],"collection":[{"href":"https:\/\/repatransportbanden.nl\/es\/wp-json\/wp\/v2\/pages"}],"about":[{"href":"https:\/\/repatransportbanden.nl\/es\/wp-json\/wp\/v2\/types\/page"}],"author":[{"embeddable":true,"href":"https:\/\/repatransportbanden.nl\/es\/wp-json\/wp\/v2\/users\/2"}],"replies":[{"embeddable":true,"href":"https:\/\/repatransportbanden.nl\/es\/wp-json\/wp\/v2\/comments?post=1663"}],"version-history":[{"count":4,"href":"https:\/\/repatransportbanden.nl\/es\/wp-json\/wp\/v2\/pages\/1663\/revisions"}],"predecessor-version":[{"id":4764,"href":"https:\/\/repatransportbanden.nl\/es\/wp-json\/wp\/v2\/pages\/1663\/revisions\/4764"}],"up":[{"embeddable":true,"href":"https:\/\/repatransportbanden.nl\/es\/wp-json\/wp\/v2\/pages\/1596"}],"wp:featuredmedia":[{"embeddable":true,"href":"https:\/\/repatransportbanden.nl\/es\/wp-json\/wp\/v2\/media\/1207"}],"wp:attachment":[{"href":"https:\/\/repatransportbanden.nl\/es\/wp-json\/wp\/v2\/media?parent=1663"}],"curies":[{"name":"wp","href":"https:\/\/api.w.org\/{rel}","templated":true}]}}