{"id":1657,"date":"2021-12-16T09:03:10","date_gmt":"2021-12-16T08:03:10","guid":{"rendered":"https:\/\/repatransportbanden.nl\/rubber\/trommelbekleding\/"},"modified":"2022-01-05T09:04:46","modified_gmt":"2022-01-05T08:04:46","slug":"trommelbekleding","status":"publish","type":"page","link":"https:\/\/repatransportbanden.nl\/es\/rubber\/trommelbekleding\/","title":{"rendered":"Revestimiento de tambores"},"content":{"rendered":"\n<p>El revestimiento para tambores, rodillos y cilindros est\u00e1 destinado a crear m\u00e1s fricci\u00f3n entre la banda transportadora y el tambor. Esto hace que la banda deslice menos. El resultado es un mejor funcionamiento de la banda y, en consecuencia, una mejora del rendimiento global de la instalaci\u00f3n.<\/p>\n\n\n\n<p>Debido a los efectos mencionados, un revestimiento de tambor de alta calidad es esencial para su instalaci\u00f3n de transporte. Garantiza una prolongaci\u00f3n considerable de la vida \u00fatil. No s\u00f3lo del tambor, sino tambi\u00e9n de la banda.<\/p>\n\n\n\n<p>REPA puede suministrar muchos tipos de revestimiento para tambores, todos ellos con sus propias caracter\u00edsticas, por ejemplo, en cuanto a forma, dureza, composici\u00f3n y resistencia al aceite y a la grasa.<\/p>\n","protected":false},"excerpt":{"rendered":"<p>El revestimiento para tambores, rodillos y cilindros est\u00e1 destinado a crear m\u00e1s fricci\u00f3n entre la banda transportadora y el tambor. Esto hace que la banda deslice menos. El resultado es un mejor funcionamiento de la banda y, en consecuencia, una mejora del rendimiento global de la instalaci\u00f3n. Debido a los efectos mencionados, un revestimiento de&hellip; <a class=\"more-link\" href=\"https:\/\/repatransportbanden.nl\/es\/rubber\/trommelbekleding\/\">Continue reading <span class=\"screen-reader-text\">Revestimiento de tambores<\/span><\/a><\/p>\n","protected":false},"author":2,"featured_media":1192,"parent":1596,"menu_order":0,"comment_status":"closed","ping_status":"closed","template":"templates\/template-service.php","meta":{"_acf_changed":false,"footnotes":""},"class_list":["post-1657","page","type-page","status-publish","has-post-thumbnail","hentry","entry"],"acf":[],"yoast_head":"<!-- This site is optimized with the Yoast SEO plugin v27.4 - https:\/\/yoast.com\/product\/yoast-seo-wordpress\/ -->\n<title>Revestimiento de tambores - repatransportbanden.nl<\/title>\n<meta name=\"robots\" content=\"index, follow, max-snippet:-1, max-image-preview:large, max-video-preview:-1\" \/>\n<link rel=\"canonical\" href=\"https:\/\/repatransportbanden.nl\/es\/rubber\/trommelbekleding\/\" \/>\n<meta property=\"og:locale\" content=\"es_ES\" \/>\n<meta property=\"og:type\" content=\"article\" \/>\n<meta property=\"og:title\" content=\"Revestimiento de tambores - repatransportbanden.nl\" \/>\n<meta property=\"og:description\" content=\"El revestimiento para tambores, rodillos y cilindros est\u00e1 destinado a crear m\u00e1s fricci\u00f3n entre la banda transportadora y el tambor. Esto hace que la banda deslice menos. El resultado es un mejor funcionamiento de la banda y, en consecuencia, una mejora del rendimiento global de la instalaci\u00f3n. Debido a los efectos mencionados, un revestimiento de&hellip; Continue reading Revestimiento de tambores\" \/>\n<meta property=\"og:url\" content=\"https:\/\/repatransportbanden.nl\/es\/rubber\/trommelbekleding\/\" \/>\n<meta property=\"og:site_name\" content=\"repatransportbanden.nl\" \/>\n<meta property=\"article:modified_time\" content=\"2022-01-05T08:04:46+00:00\" \/>\n<meta property=\"og:image\" content=\"https:\/\/repatransportbanden.tempurl.host\/wp-content\/uploads\/2021\/12\/Trommelbekleding.jpg\" \/>\n\t<meta property=\"og:image:width\" content=\"331\" \/>\n\t<meta property=\"og:image:height\" content=\"331\" \/>\n\t<meta property=\"og:image:type\" content=\"image\/jpeg\" \/>\n<meta name=\"twitter:card\" content=\"summary_large_image\" \/>\n<meta name=\"twitter:label1\" content=\"Tiempo de lectura\" \/>\n\t<meta name=\"twitter:data1\" content=\"1 minuto\" \/>\n<script type=\"application\/ld+json\" class=\"yoast-schema-graph\">{\"@context\":\"https:\\\/\\\/schema.org\",\"@graph\":[{\"@type\":\"WebPage\",\"@id\":\"https:\\\/\\\/repatransportbanden.nl\\\/es\\\/rubber\\\/trommelbekleding\\\/\",\"url\":\"https:\\\/\\\/repatransportbanden.nl\\\/es\\\/rubber\\\/trommelbekleding\\\/\",\"name\":\"Revestimiento de tambores - repatransportbanden.nl\",\"isPartOf\":{\"@id\":\"https:\\\/\\\/repatransportbanden.tempurl.host\\\/#website\"},\"primaryImageOfPage\":{\"@id\":\"https:\\\/\\\/repatransportbanden.nl\\\/es\\\/rubber\\\/trommelbekleding\\\/#primaryimage\"},\"image\":{\"@id\":\"https:\\\/\\\/repatransportbanden.nl\\\/es\\\/rubber\\\/trommelbekleding\\\/#primaryimage\"},\"thumbnailUrl\":\"https:\\\/\\\/repatransportbanden.nl\\\/wp-content\\\/uploads\\\/2021\\\/12\\\/Trommelbekleding.jpg\",\"datePublished\":\"2021-12-16T08:03:10+00:00\",\"dateModified\":\"2022-01-05T08:04:46+00:00\",\"breadcrumb\":{\"@id\":\"https:\\\/\\\/repatransportbanden.nl\\\/es\\\/rubber\\\/trommelbekleding\\\/#breadcrumb\"},\"inLanguage\":\"es\",\"potentialAction\":[{\"@type\":\"ReadAction\",\"target\":[\"https:\\\/\\\/repatransportbanden.nl\\\/es\\\/rubber\\\/trommelbekleding\\\/\"]}]},{\"@type\":\"ImageObject\",\"inLanguage\":\"es\",\"@id\":\"https:\\\/\\\/repatransportbanden.nl\\\/es\\\/rubber\\\/trommelbekleding\\\/#primaryimage\",\"url\":\"https:\\\/\\\/repatransportbanden.nl\\\/wp-content\\\/uploads\\\/2021\\\/12\\\/Trommelbekleding.jpg\",\"contentUrl\":\"https:\\\/\\\/repatransportbanden.nl\\\/wp-content\\\/uploads\\\/2021\\\/12\\\/Trommelbekleding.jpg\",\"width\":331,\"height\":331},{\"@type\":\"BreadcrumbList\",\"@id\":\"https:\\\/\\\/repatransportbanden.nl\\\/es\\\/rubber\\\/trommelbekleding\\\/#breadcrumb\",\"itemListElement\":[{\"@type\":\"ListItem\",\"position\":1,\"name\":\"Inicio\",\"item\":\"https:\\\/\\\/repatransportbanden.nl\\\/es\\\/\"},{\"@type\":\"ListItem\",\"position\":2,\"name\":\"Caucho\",\"item\":\"https:\\\/\\\/repatransportbanden.tempurl.host\\\/es\\\/rubber\\\/\"},{\"@type\":\"ListItem\",\"position\":3,\"name\":\"Revestimiento de tambores\"}]},{\"@type\":\"WebSite\",\"@id\":\"https:\\\/\\\/repatransportbanden.tempurl.host\\\/#website\",\"url\":\"https:\\\/\\\/repatransportbanden.tempurl.host\\\/\",\"name\":\"repatransportbanden.nl\",\"description\":\"\",\"potentialAction\":[{\"@type\":\"SearchAction\",\"target\":{\"@type\":\"EntryPoint\",\"urlTemplate\":\"https:\\\/\\\/repatransportbanden.tempurl.host\\\/?s={search_term_string}\"},\"query-input\":{\"@type\":\"PropertyValueSpecification\",\"valueRequired\":true,\"valueName\":\"search_term_string\"}}],\"inLanguage\":\"es\"}]}<\/script>\n<!-- \/ Yoast SEO plugin. -->","yoast_head_json":{"title":"Revestimiento de tambores - repatransportbanden.nl","robots":{"index":"index","follow":"follow","max-snippet":"max-snippet:-1","max-image-preview":"max-image-preview:large","max-video-preview":"max-video-preview:-1"},"canonical":"https:\/\/repatransportbanden.nl\/es\/rubber\/trommelbekleding\/","og_locale":"es_ES","og_type":"article","og_title":"Revestimiento de tambores - repatransportbanden.nl","og_description":"El revestimiento para tambores, rodillos y cilindros est\u00e1 destinado a crear m\u00e1s fricci\u00f3n entre la banda transportadora y el tambor. Esto hace que la banda deslice menos. El resultado es un mejor funcionamiento de la banda y, en consecuencia, una mejora del rendimiento global de la instalaci\u00f3n. Debido a los efectos mencionados, un revestimiento de&hellip; Continue reading Revestimiento de tambores","og_url":"https:\/\/repatransportbanden.nl\/es\/rubber\/trommelbekleding\/","og_site_name":"repatransportbanden.nl","article_modified_time":"2022-01-05T08:04:46+00:00","og_image":[{"width":331,"height":331,"url":"https:\/\/repatransportbanden.tempurl.host\/wp-content\/uploads\/2021\/12\/Trommelbekleding.jpg","type":"image\/jpeg"}],"twitter_card":"summary_large_image","twitter_misc":{"Tiempo de lectura":"1 minuto"},"schema":{"@context":"https:\/\/schema.org","@graph":[{"@type":"WebPage","@id":"https:\/\/repatransportbanden.nl\/es\/rubber\/trommelbekleding\/","url":"https:\/\/repatransportbanden.nl\/es\/rubber\/trommelbekleding\/","name":"Revestimiento de tambores - repatransportbanden.nl","isPartOf":{"@id":"https:\/\/repatransportbanden.tempurl.host\/#website"},"primaryImageOfPage":{"@id":"https:\/\/repatransportbanden.nl\/es\/rubber\/trommelbekleding\/#primaryimage"},"image":{"@id":"https:\/\/repatransportbanden.nl\/es\/rubber\/trommelbekleding\/#primaryimage"},"thumbnailUrl":"https:\/\/repatransportbanden.nl\/wp-content\/uploads\/2021\/12\/Trommelbekleding.jpg","datePublished":"2021-12-16T08:03:10+00:00","dateModified":"2022-01-05T08:04:46+00:00","breadcrumb":{"@id":"https:\/\/repatransportbanden.nl\/es\/rubber\/trommelbekleding\/#breadcrumb"},"inLanguage":"es","potentialAction":[{"@type":"ReadAction","target":["https:\/\/repatransportbanden.nl\/es\/rubber\/trommelbekleding\/"]}]},{"@type":"ImageObject","inLanguage":"es","@id":"https:\/\/repatransportbanden.nl\/es\/rubber\/trommelbekleding\/#primaryimage","url":"https:\/\/repatransportbanden.nl\/wp-content\/uploads\/2021\/12\/Trommelbekleding.jpg","contentUrl":"https:\/\/repatransportbanden.nl\/wp-content\/uploads\/2021\/12\/Trommelbekleding.jpg","width":331,"height":331},{"@type":"BreadcrumbList","@id":"https:\/\/repatransportbanden.nl\/es\/rubber\/trommelbekleding\/#breadcrumb","itemListElement":[{"@type":"ListItem","position":1,"name":"Inicio","item":"https:\/\/repatransportbanden.nl\/es\/"},{"@type":"ListItem","position":2,"name":"Caucho","item":"https:\/\/repatransportbanden.tempurl.host\/es\/rubber\/"},{"@type":"ListItem","position":3,"name":"Revestimiento de tambores"}]},{"@type":"WebSite","@id":"https:\/\/repatransportbanden.tempurl.host\/#website","url":"https:\/\/repatransportbanden.tempurl.host\/","name":"repatransportbanden.nl","description":"","potentialAction":[{"@type":"SearchAction","target":{"@type":"EntryPoint","urlTemplate":"https:\/\/repatransportbanden.tempurl.host\/?s={search_term_string}"},"query-input":{"@type":"PropertyValueSpecification","valueRequired":true,"valueName":"search_term_string"}}],"inLanguage":"es"}]}},"_links":{"self":[{"href":"https:\/\/repatransportbanden.nl\/es\/wp-json\/wp\/v2\/pages\/1657","targetHints":{"allow":["GET"]}}],"collection":[{"href":"https:\/\/repatransportbanden.nl\/es\/wp-json\/wp\/v2\/pages"}],"about":[{"href":"https:\/\/repatransportbanden.nl\/es\/wp-json\/wp\/v2\/types\/page"}],"author":[{"embeddable":true,"href":"https:\/\/repatransportbanden.nl\/es\/wp-json\/wp\/v2\/users\/2"}],"replies":[{"embeddable":true,"href":"https:\/\/repatransportbanden.nl\/es\/wp-json\/wp\/v2\/comments?post=1657"}],"version-history":[{"count":3,"href":"https:\/\/repatransportbanden.nl\/es\/wp-json\/wp\/v2\/pages\/1657\/revisions"}],"predecessor-version":[{"id":3356,"href":"https:\/\/repatransportbanden.nl\/es\/wp-json\/wp\/v2\/pages\/1657\/revisions\/3356"}],"up":[{"embeddable":true,"href":"https:\/\/repatransportbanden.nl\/es\/wp-json\/wp\/v2\/pages\/1596"}],"wp:featuredmedia":[{"embeddable":true,"href":"https:\/\/repatransportbanden.nl\/es\/wp-json\/wp\/v2\/media\/1192"}],"wp:attachment":[{"href":"https:\/\/repatransportbanden.nl\/es\/wp-json\/wp\/v2\/media?parent=1657"}],"curies":[{"name":"wp","href":"https:\/\/api.w.org\/{rel}","templated":true}]}}