{"id":1630,"date":"2021-12-16T08:54:32","date_gmt":"2021-12-16T07:54:32","guid":{"rendered":"https:\/\/repatransportbanden.nl\/rubber\/reparatiematerialen\/"},"modified":"2022-01-05T08:45:57","modified_gmt":"2022-01-05T07:45:57","slug":"reparatiematerialen","status":"publish","type":"page","link":"https:\/\/repatransportbanden.nl\/es\/rubber\/reparatiematerialen\/","title":{"rendered":"Materiales de reparaci\u00f3n"},"content":{"rendered":"\n<p>No siempre es necesario comprar bandas nuevas si sus bandas transportadoras actuales est\u00e1n da\u00f1adas. Todo depende del tipo y de la gravedad de los da\u00f1os. En REPA disponemos de muchos recursos para<br>reparar bandas transportadoras.<\/p>\n\n\n\n<p>En casi todos los casos podemos parchear los da\u00f1os de las bandas transportadoras con tiras o parches de reparaci\u00f3n especiales. Si esto no es posible, tambi\u00e9n podemos utilizar grapas para bandas, vulcanizaci\u00f3n en caliente o caucho de dos componentes, por ejemplo.<\/p>\n","protected":false},"excerpt":{"rendered":"<p>No siempre es necesario comprar bandas nuevas si sus bandas transportadoras actuales est\u00e1n da\u00f1adas. Todo depende del tipo y de la gravedad de los da\u00f1os. En REPA disponemos de muchos recursos parareparar bandas transportadoras. En casi todos los casos podemos parchear los da\u00f1os de las bandas transportadoras con tiras o parches de reparaci\u00f3n especiales. Si&hellip; <a class=\"more-link\" href=\"https:\/\/repatransportbanden.nl\/es\/rubber\/reparatiematerialen\/\">Continue reading <span class=\"screen-reader-text\">Materiales de reparaci\u00f3n<\/span><\/a><\/p>\n","protected":false},"author":2,"featured_media":1144,"parent":1596,"menu_order":0,"comment_status":"closed","ping_status":"closed","template":"templates\/template-service.php","meta":{"_acf_changed":false,"footnotes":""},"class_list":["post-1630","page","type-page","status-publish","has-post-thumbnail","hentry","entry"],"acf":[],"yoast_head":"<!-- This site is optimized with the Yoast SEO plugin v27.4 - https:\/\/yoast.com\/product\/yoast-seo-wordpress\/ -->\n<title>Materiales de reparaci\u00f3n - repatransportbanden.nl<\/title>\n<meta name=\"robots\" content=\"index, follow, max-snippet:-1, max-image-preview:large, max-video-preview:-1\" \/>\n<link rel=\"canonical\" href=\"https:\/\/repatransportbanden.nl\/es\/rubber\/reparatiematerialen\/\" \/>\n<meta property=\"og:locale\" content=\"es_ES\" \/>\n<meta property=\"og:type\" content=\"article\" \/>\n<meta property=\"og:title\" content=\"Materiales de reparaci\u00f3n - repatransportbanden.nl\" \/>\n<meta property=\"og:description\" content=\"No siempre es necesario comprar bandas nuevas si sus bandas transportadoras actuales est\u00e1n da\u00f1adas. Todo depende del tipo y de la gravedad de los da\u00f1os. En REPA disponemos de muchos recursos parareparar bandas transportadoras. En casi todos los casos podemos parchear los da\u00f1os de las bandas transportadoras con tiras o parches de reparaci\u00f3n especiales. Si&hellip; Continue reading Materiales de reparaci\u00f3n\" \/>\n<meta property=\"og:url\" content=\"https:\/\/repatransportbanden.nl\/es\/rubber\/reparatiematerialen\/\" \/>\n<meta property=\"og:site_name\" content=\"repatransportbanden.nl\" \/>\n<meta property=\"article:modified_time\" content=\"2022-01-05T07:45:57+00:00\" \/>\n<meta property=\"og:image\" content=\"https:\/\/repatransportbanden.tempurl.host\/wp-content\/uploads\/2021\/12\/Reparatiematerialen.jpg\" \/>\n\t<meta property=\"og:image:width\" content=\"331\" \/>\n\t<meta property=\"og:image:height\" content=\"331\" \/>\n\t<meta property=\"og:image:type\" content=\"image\/jpeg\" \/>\n<meta name=\"twitter:card\" content=\"summary_large_image\" \/>\n<script type=\"application\/ld+json\" class=\"yoast-schema-graph\">{\"@context\":\"https:\\\/\\\/schema.org\",\"@graph\":[{\"@type\":\"WebPage\",\"@id\":\"https:\\\/\\\/repatransportbanden.nl\\\/es\\\/rubber\\\/reparatiematerialen\\\/\",\"url\":\"https:\\\/\\\/repatransportbanden.nl\\\/es\\\/rubber\\\/reparatiematerialen\\\/\",\"name\":\"Materiales de reparaci\u00f3n - repatransportbanden.nl\",\"isPartOf\":{\"@id\":\"https:\\\/\\\/repatransportbanden.tempurl.host\\\/#website\"},\"primaryImageOfPage\":{\"@id\":\"https:\\\/\\\/repatransportbanden.nl\\\/es\\\/rubber\\\/reparatiematerialen\\\/#primaryimage\"},\"image\":{\"@id\":\"https:\\\/\\\/repatransportbanden.nl\\\/es\\\/rubber\\\/reparatiematerialen\\\/#primaryimage\"},\"thumbnailUrl\":\"https:\\\/\\\/repatransportbanden.nl\\\/wp-content\\\/uploads\\\/2021\\\/12\\\/Reparatiematerialen.jpg\",\"datePublished\":\"2021-12-16T07:54:32+00:00\",\"dateModified\":\"2022-01-05T07:45:57+00:00\",\"breadcrumb\":{\"@id\":\"https:\\\/\\\/repatransportbanden.nl\\\/es\\\/rubber\\\/reparatiematerialen\\\/#breadcrumb\"},\"inLanguage\":\"es\",\"potentialAction\":[{\"@type\":\"ReadAction\",\"target\":[\"https:\\\/\\\/repatransportbanden.nl\\\/es\\\/rubber\\\/reparatiematerialen\\\/\"]}]},{\"@type\":\"ImageObject\",\"inLanguage\":\"es\",\"@id\":\"https:\\\/\\\/repatransportbanden.nl\\\/es\\\/rubber\\\/reparatiematerialen\\\/#primaryimage\",\"url\":\"https:\\\/\\\/repatransportbanden.nl\\\/wp-content\\\/uploads\\\/2021\\\/12\\\/Reparatiematerialen.jpg\",\"contentUrl\":\"https:\\\/\\\/repatransportbanden.nl\\\/wp-content\\\/uploads\\\/2021\\\/12\\\/Reparatiematerialen.jpg\",\"width\":331,\"height\":331},{\"@type\":\"BreadcrumbList\",\"@id\":\"https:\\\/\\\/repatransportbanden.nl\\\/es\\\/rubber\\\/reparatiematerialen\\\/#breadcrumb\",\"itemListElement\":[{\"@type\":\"ListItem\",\"position\":1,\"name\":\"Inicio\",\"item\":\"https:\\\/\\\/repatransportbanden.nl\\\/es\\\/\"},{\"@type\":\"ListItem\",\"position\":2,\"name\":\"Caucho\",\"item\":\"https:\\\/\\\/repatransportbanden.tempurl.host\\\/es\\\/rubber\\\/\"},{\"@type\":\"ListItem\",\"position\":3,\"name\":\"Materiales de reparaci\u00f3n\"}]},{\"@type\":\"WebSite\",\"@id\":\"https:\\\/\\\/repatransportbanden.tempurl.host\\\/#website\",\"url\":\"https:\\\/\\\/repatransportbanden.tempurl.host\\\/\",\"name\":\"repatransportbanden.nl\",\"description\":\"\",\"potentialAction\":[{\"@type\":\"SearchAction\",\"target\":{\"@type\":\"EntryPoint\",\"urlTemplate\":\"https:\\\/\\\/repatransportbanden.tempurl.host\\\/?s={search_term_string}\"},\"query-input\":{\"@type\":\"PropertyValueSpecification\",\"valueRequired\":true,\"valueName\":\"search_term_string\"}}],\"inLanguage\":\"es\"}]}<\/script>\n<!-- \/ Yoast SEO plugin. -->","yoast_head_json":{"title":"Materiales de reparaci\u00f3n - repatransportbanden.nl","robots":{"index":"index","follow":"follow","max-snippet":"max-snippet:-1","max-image-preview":"max-image-preview:large","max-video-preview":"max-video-preview:-1"},"canonical":"https:\/\/repatransportbanden.nl\/es\/rubber\/reparatiematerialen\/","og_locale":"es_ES","og_type":"article","og_title":"Materiales de reparaci\u00f3n - repatransportbanden.nl","og_description":"No siempre es necesario comprar bandas nuevas si sus bandas transportadoras actuales est\u00e1n da\u00f1adas. Todo depende del tipo y de la gravedad de los da\u00f1os. En REPA disponemos de muchos recursos parareparar bandas transportadoras. En casi todos los casos podemos parchear los da\u00f1os de las bandas transportadoras con tiras o parches de reparaci\u00f3n especiales. Si&hellip; Continue reading Materiales de reparaci\u00f3n","og_url":"https:\/\/repatransportbanden.nl\/es\/rubber\/reparatiematerialen\/","og_site_name":"repatransportbanden.nl","article_modified_time":"2022-01-05T07:45:57+00:00","og_image":[{"width":331,"height":331,"url":"https:\/\/repatransportbanden.tempurl.host\/wp-content\/uploads\/2021\/12\/Reparatiematerialen.jpg","type":"image\/jpeg"}],"twitter_card":"summary_large_image","schema":{"@context":"https:\/\/schema.org","@graph":[{"@type":"WebPage","@id":"https:\/\/repatransportbanden.nl\/es\/rubber\/reparatiematerialen\/","url":"https:\/\/repatransportbanden.nl\/es\/rubber\/reparatiematerialen\/","name":"Materiales de reparaci\u00f3n - repatransportbanden.nl","isPartOf":{"@id":"https:\/\/repatransportbanden.tempurl.host\/#website"},"primaryImageOfPage":{"@id":"https:\/\/repatransportbanden.nl\/es\/rubber\/reparatiematerialen\/#primaryimage"},"image":{"@id":"https:\/\/repatransportbanden.nl\/es\/rubber\/reparatiematerialen\/#primaryimage"},"thumbnailUrl":"https:\/\/repatransportbanden.nl\/wp-content\/uploads\/2021\/12\/Reparatiematerialen.jpg","datePublished":"2021-12-16T07:54:32+00:00","dateModified":"2022-01-05T07:45:57+00:00","breadcrumb":{"@id":"https:\/\/repatransportbanden.nl\/es\/rubber\/reparatiematerialen\/#breadcrumb"},"inLanguage":"es","potentialAction":[{"@type":"ReadAction","target":["https:\/\/repatransportbanden.nl\/es\/rubber\/reparatiematerialen\/"]}]},{"@type":"ImageObject","inLanguage":"es","@id":"https:\/\/repatransportbanden.nl\/es\/rubber\/reparatiematerialen\/#primaryimage","url":"https:\/\/repatransportbanden.nl\/wp-content\/uploads\/2021\/12\/Reparatiematerialen.jpg","contentUrl":"https:\/\/repatransportbanden.nl\/wp-content\/uploads\/2021\/12\/Reparatiematerialen.jpg","width":331,"height":331},{"@type":"BreadcrumbList","@id":"https:\/\/repatransportbanden.nl\/es\/rubber\/reparatiematerialen\/#breadcrumb","itemListElement":[{"@type":"ListItem","position":1,"name":"Inicio","item":"https:\/\/repatransportbanden.nl\/es\/"},{"@type":"ListItem","position":2,"name":"Caucho","item":"https:\/\/repatransportbanden.tempurl.host\/es\/rubber\/"},{"@type":"ListItem","position":3,"name":"Materiales de reparaci\u00f3n"}]},{"@type":"WebSite","@id":"https:\/\/repatransportbanden.tempurl.host\/#website","url":"https:\/\/repatransportbanden.tempurl.host\/","name":"repatransportbanden.nl","description":"","potentialAction":[{"@type":"SearchAction","target":{"@type":"EntryPoint","urlTemplate":"https:\/\/repatransportbanden.tempurl.host\/?s={search_term_string}"},"query-input":{"@type":"PropertyValueSpecification","valueRequired":true,"valueName":"search_term_string"}}],"inLanguage":"es"}]}},"_links":{"self":[{"href":"https:\/\/repatransportbanden.nl\/es\/wp-json\/wp\/v2\/pages\/1630","targetHints":{"allow":["GET"]}}],"collection":[{"href":"https:\/\/repatransportbanden.nl\/es\/wp-json\/wp\/v2\/pages"}],"about":[{"href":"https:\/\/repatransportbanden.nl\/es\/wp-json\/wp\/v2\/types\/page"}],"author":[{"embeddable":true,"href":"https:\/\/repatransportbanden.nl\/es\/wp-json\/wp\/v2\/users\/2"}],"replies":[{"embeddable":true,"href":"https:\/\/repatransportbanden.nl\/es\/wp-json\/wp\/v2\/comments?post=1630"}],"version-history":[{"count":3,"href":"https:\/\/repatransportbanden.nl\/es\/wp-json\/wp\/v2\/pages\/1630\/revisions"}],"predecessor-version":[{"id":3342,"href":"https:\/\/repatransportbanden.nl\/es\/wp-json\/wp\/v2\/pages\/1630\/revisions\/3342"}],"up":[{"embeddable":true,"href":"https:\/\/repatransportbanden.nl\/es\/wp-json\/wp\/v2\/pages\/1596"}],"wp:featuredmedia":[{"embeddable":true,"href":"https:\/\/repatransportbanden.nl\/es\/wp-json\/wp\/v2\/media\/1144"}],"wp:attachment":[{"href":"https:\/\/repatransportbanden.nl\/es\/wp-json\/wp\/v2\/media?parent=1630"}],"curies":[{"name":"wp","href":"https:\/\/api.w.org\/{rel}","templated":true}]}}