{"id":1624,"date":"2021-12-16T08:52:49","date_gmt":"2021-12-16T07:52:49","guid":{"rendered":"https:\/\/repatransportbanden.nl\/rubber\/profielbanden\/"},"modified":"2022-01-05T08:40:11","modified_gmt":"2022-01-05T07:40:11","slug":"profielbanden","status":"publish","type":"page","link":"https:\/\/repatransportbanden.nl\/es\/rubber\/profielbanden\/","title":{"rendered":"Bandas nervadas"},"content":{"rendered":"\n<p>Las bandas nervadas son bandas transportadoras especiales dise\u00f1adas para transportar productos en un \u00e1ngulo hacia arriba. Estas bandas son necesarias en muchas industrias, como la log\u00edstica, la agricultura y la construcci\u00f3n de carreteras. &nbsp;<\/p>\n\n\n\n<p>REPA dispone de una amplia gama de bandas con diferentes tipos de perfiles. Un tipo com\u00fan es el perfil en \u201cV\u201d, tambi\u00e9n llamado perfil Chevron, pero tambi\u00e9n suministramos muchas otras variantes. Sea cual sea su deseo o reto, siempre tenemos la banda adecuada para usted.<\/p>\n\n\n\n<p>La elecci\u00f3n de una banda no se limita a la elecci\u00f3n de un tipo de perfil. La altura y la anchura del perfil y la anchura de la banda tambi\u00e9n desempe\u00f1an un papel importante.<\/p>\n","protected":false},"excerpt":{"rendered":"<p>Las bandas nervadas son bandas transportadoras especiales dise\u00f1adas para transportar productos en un \u00e1ngulo hacia arriba. Estas bandas son necesarias en muchas industrias, como la log\u00edstica, la agricultura y la construcci\u00f3n de carreteras. &nbsp; REPA dispone de una amplia gama de bandas con diferentes tipos de perfiles. Un tipo com\u00fan es el perfil en \u201cV\u201d,&hellip; <a class=\"more-link\" href=\"https:\/\/repatransportbanden.nl\/es\/rubber\/profielbanden\/\">Continue reading <span class=\"screen-reader-text\">Bandas nervadas<\/span><\/a><\/p>\n","protected":false},"author":2,"featured_media":1126,"parent":1596,"menu_order":0,"comment_status":"closed","ping_status":"closed","template":"templates\/template-service.php","meta":{"_acf_changed":false,"footnotes":""},"class_list":["post-1624","page","type-page","status-publish","has-post-thumbnail","hentry","entry"],"acf":[],"yoast_head":"<!-- This site is optimized with the Yoast SEO plugin v27.4 - https:\/\/yoast.com\/product\/yoast-seo-wordpress\/ -->\n<title>Bandas nervadas - repatransportbanden.nl<\/title>\n<meta name=\"robots\" content=\"index, follow, max-snippet:-1, max-image-preview:large, max-video-preview:-1\" \/>\n<link rel=\"canonical\" href=\"https:\/\/repatransportbanden.nl\/es\/rubber\/profielbanden\/\" \/>\n<meta property=\"og:locale\" content=\"es_ES\" \/>\n<meta property=\"og:type\" content=\"article\" \/>\n<meta property=\"og:title\" content=\"Bandas nervadas - repatransportbanden.nl\" \/>\n<meta property=\"og:description\" content=\"Las bandas nervadas son bandas transportadoras especiales dise\u00f1adas para transportar productos en un \u00e1ngulo hacia arriba. Estas bandas son necesarias en muchas industrias, como la log\u00edstica, la agricultura y la construcci\u00f3n de carreteras. &nbsp; REPA dispone de una amplia gama de bandas con diferentes tipos de perfiles. Un tipo com\u00fan es el perfil en \u201cV\u201d,&hellip; Continue reading Bandas nervadas\" \/>\n<meta property=\"og:url\" content=\"https:\/\/repatransportbanden.nl\/es\/rubber\/profielbanden\/\" \/>\n<meta property=\"og:site_name\" content=\"repatransportbanden.nl\" \/>\n<meta property=\"article:modified_time\" content=\"2022-01-05T07:40:11+00:00\" \/>\n<meta property=\"og:image\" content=\"https:\/\/repatransportbanden.tempurl.host\/wp-content\/uploads\/2021\/12\/Profielbanden.jpg\" \/>\n\t<meta property=\"og:image:width\" content=\"331\" \/>\n\t<meta property=\"og:image:height\" content=\"331\" \/>\n\t<meta property=\"og:image:type\" content=\"image\/jpeg\" \/>\n<meta name=\"twitter:card\" content=\"summary_large_image\" \/>\n<meta name=\"twitter:label1\" content=\"Tiempo de lectura\" \/>\n\t<meta name=\"twitter:data1\" content=\"1 minuto\" \/>\n<script type=\"application\/ld+json\" class=\"yoast-schema-graph\">{\"@context\":\"https:\\\/\\\/schema.org\",\"@graph\":[{\"@type\":\"WebPage\",\"@id\":\"https:\\\/\\\/repatransportbanden.nl\\\/es\\\/rubber\\\/profielbanden\\\/\",\"url\":\"https:\\\/\\\/repatransportbanden.nl\\\/es\\\/rubber\\\/profielbanden\\\/\",\"name\":\"Bandas nervadas - repatransportbanden.nl\",\"isPartOf\":{\"@id\":\"https:\\\/\\\/repatransportbanden.tempurl.host\\\/#website\"},\"primaryImageOfPage\":{\"@id\":\"https:\\\/\\\/repatransportbanden.nl\\\/es\\\/rubber\\\/profielbanden\\\/#primaryimage\"},\"image\":{\"@id\":\"https:\\\/\\\/repatransportbanden.nl\\\/es\\\/rubber\\\/profielbanden\\\/#primaryimage\"},\"thumbnailUrl\":\"https:\\\/\\\/repatransportbanden.nl\\\/wp-content\\\/uploads\\\/2021\\\/12\\\/Profielbanden.jpg\",\"datePublished\":\"2021-12-16T07:52:49+00:00\",\"dateModified\":\"2022-01-05T07:40:11+00:00\",\"breadcrumb\":{\"@id\":\"https:\\\/\\\/repatransportbanden.nl\\\/es\\\/rubber\\\/profielbanden\\\/#breadcrumb\"},\"inLanguage\":\"es\",\"potentialAction\":[{\"@type\":\"ReadAction\",\"target\":[\"https:\\\/\\\/repatransportbanden.nl\\\/es\\\/rubber\\\/profielbanden\\\/\"]}]},{\"@type\":\"ImageObject\",\"inLanguage\":\"es\",\"@id\":\"https:\\\/\\\/repatransportbanden.nl\\\/es\\\/rubber\\\/profielbanden\\\/#primaryimage\",\"url\":\"https:\\\/\\\/repatransportbanden.nl\\\/wp-content\\\/uploads\\\/2021\\\/12\\\/Profielbanden.jpg\",\"contentUrl\":\"https:\\\/\\\/repatransportbanden.nl\\\/wp-content\\\/uploads\\\/2021\\\/12\\\/Profielbanden.jpg\",\"width\":331,\"height\":331},{\"@type\":\"BreadcrumbList\",\"@id\":\"https:\\\/\\\/repatransportbanden.nl\\\/es\\\/rubber\\\/profielbanden\\\/#breadcrumb\",\"itemListElement\":[{\"@type\":\"ListItem\",\"position\":1,\"name\":\"Inicio\",\"item\":\"https:\\\/\\\/repatransportbanden.nl\\\/es\\\/\"},{\"@type\":\"ListItem\",\"position\":2,\"name\":\"Caucho\",\"item\":\"https:\\\/\\\/repatransportbanden.tempurl.host\\\/es\\\/rubber\\\/\"},{\"@type\":\"ListItem\",\"position\":3,\"name\":\"Bandas nervadas\"}]},{\"@type\":\"WebSite\",\"@id\":\"https:\\\/\\\/repatransportbanden.tempurl.host\\\/#website\",\"url\":\"https:\\\/\\\/repatransportbanden.tempurl.host\\\/\",\"name\":\"repatransportbanden.nl\",\"description\":\"\",\"potentialAction\":[{\"@type\":\"SearchAction\",\"target\":{\"@type\":\"EntryPoint\",\"urlTemplate\":\"https:\\\/\\\/repatransportbanden.tempurl.host\\\/?s={search_term_string}\"},\"query-input\":{\"@type\":\"PropertyValueSpecification\",\"valueRequired\":true,\"valueName\":\"search_term_string\"}}],\"inLanguage\":\"es\"}]}<\/script>\n<!-- \/ Yoast SEO plugin. -->","yoast_head_json":{"title":"Bandas nervadas - repatransportbanden.nl","robots":{"index":"index","follow":"follow","max-snippet":"max-snippet:-1","max-image-preview":"max-image-preview:large","max-video-preview":"max-video-preview:-1"},"canonical":"https:\/\/repatransportbanden.nl\/es\/rubber\/profielbanden\/","og_locale":"es_ES","og_type":"article","og_title":"Bandas nervadas - repatransportbanden.nl","og_description":"Las bandas nervadas son bandas transportadoras especiales dise\u00f1adas para transportar productos en un \u00e1ngulo hacia arriba. Estas bandas son necesarias en muchas industrias, como la log\u00edstica, la agricultura y la construcci\u00f3n de carreteras. &nbsp; REPA dispone de una amplia gama de bandas con diferentes tipos de perfiles. Un tipo com\u00fan es el perfil en \u201cV\u201d,&hellip; Continue reading Bandas nervadas","og_url":"https:\/\/repatransportbanden.nl\/es\/rubber\/profielbanden\/","og_site_name":"repatransportbanden.nl","article_modified_time":"2022-01-05T07:40:11+00:00","og_image":[{"width":331,"height":331,"url":"https:\/\/repatransportbanden.tempurl.host\/wp-content\/uploads\/2021\/12\/Profielbanden.jpg","type":"image\/jpeg"}],"twitter_card":"summary_large_image","twitter_misc":{"Tiempo de lectura":"1 minuto"},"schema":{"@context":"https:\/\/schema.org","@graph":[{"@type":"WebPage","@id":"https:\/\/repatransportbanden.nl\/es\/rubber\/profielbanden\/","url":"https:\/\/repatransportbanden.nl\/es\/rubber\/profielbanden\/","name":"Bandas nervadas - repatransportbanden.nl","isPartOf":{"@id":"https:\/\/repatransportbanden.tempurl.host\/#website"},"primaryImageOfPage":{"@id":"https:\/\/repatransportbanden.nl\/es\/rubber\/profielbanden\/#primaryimage"},"image":{"@id":"https:\/\/repatransportbanden.nl\/es\/rubber\/profielbanden\/#primaryimage"},"thumbnailUrl":"https:\/\/repatransportbanden.nl\/wp-content\/uploads\/2021\/12\/Profielbanden.jpg","datePublished":"2021-12-16T07:52:49+00:00","dateModified":"2022-01-05T07:40:11+00:00","breadcrumb":{"@id":"https:\/\/repatransportbanden.nl\/es\/rubber\/profielbanden\/#breadcrumb"},"inLanguage":"es","potentialAction":[{"@type":"ReadAction","target":["https:\/\/repatransportbanden.nl\/es\/rubber\/profielbanden\/"]}]},{"@type":"ImageObject","inLanguage":"es","@id":"https:\/\/repatransportbanden.nl\/es\/rubber\/profielbanden\/#primaryimage","url":"https:\/\/repatransportbanden.nl\/wp-content\/uploads\/2021\/12\/Profielbanden.jpg","contentUrl":"https:\/\/repatransportbanden.nl\/wp-content\/uploads\/2021\/12\/Profielbanden.jpg","width":331,"height":331},{"@type":"BreadcrumbList","@id":"https:\/\/repatransportbanden.nl\/es\/rubber\/profielbanden\/#breadcrumb","itemListElement":[{"@type":"ListItem","position":1,"name":"Inicio","item":"https:\/\/repatransportbanden.nl\/es\/"},{"@type":"ListItem","position":2,"name":"Caucho","item":"https:\/\/repatransportbanden.tempurl.host\/es\/rubber\/"},{"@type":"ListItem","position":3,"name":"Bandas nervadas"}]},{"@type":"WebSite","@id":"https:\/\/repatransportbanden.tempurl.host\/#website","url":"https:\/\/repatransportbanden.tempurl.host\/","name":"repatransportbanden.nl","description":"","potentialAction":[{"@type":"SearchAction","target":{"@type":"EntryPoint","urlTemplate":"https:\/\/repatransportbanden.tempurl.host\/?s={search_term_string}"},"query-input":{"@type":"PropertyValueSpecification","valueRequired":true,"valueName":"search_term_string"}}],"inLanguage":"es"}]}},"_links":{"self":[{"href":"https:\/\/repatransportbanden.nl\/es\/wp-json\/wp\/v2\/pages\/1624","targetHints":{"allow":["GET"]}}],"collection":[{"href":"https:\/\/repatransportbanden.nl\/es\/wp-json\/wp\/v2\/pages"}],"about":[{"href":"https:\/\/repatransportbanden.nl\/es\/wp-json\/wp\/v2\/types\/page"}],"author":[{"embeddable":true,"href":"https:\/\/repatransportbanden.nl\/es\/wp-json\/wp\/v2\/users\/2"}],"replies":[{"embeddable":true,"href":"https:\/\/repatransportbanden.nl\/es\/wp-json\/wp\/v2\/comments?post=1624"}],"version-history":[{"count":3,"href":"https:\/\/repatransportbanden.nl\/es\/wp-json\/wp\/v2\/pages\/1624\/revisions"}],"predecessor-version":[{"id":3339,"href":"https:\/\/repatransportbanden.nl\/es\/wp-json\/wp\/v2\/pages\/1624\/revisions\/3339"}],"up":[{"embeddable":true,"href":"https:\/\/repatransportbanden.nl\/es\/wp-json\/wp\/v2\/pages\/1596"}],"wp:featuredmedia":[{"embeddable":true,"href":"https:\/\/repatransportbanden.nl\/es\/wp-json\/wp\/v2\/media\/1126"}],"wp:attachment":[{"href":"https:\/\/repatransportbanden.nl\/es\/wp-json\/wp\/v2\/media?parent=1624"}],"curies":[{"name":"wp","href":"https:\/\/api.w.org\/{rel}","templated":true}]}}