{"id":1614,"date":"2021-12-16T08:50:24","date_gmt":"2021-12-16T07:50:24","guid":{"rendered":"https:\/\/repatransportbanden.nl\/rubber\/hittebestendige-banden\/"},"modified":"2022-01-05T08:21:35","modified_gmt":"2022-01-05T07:21:35","slug":"hittebestendige-banden","status":"publish","type":"page","link":"https:\/\/repatransportbanden.nl\/es\/rubber\/hittebestendige-banden\/","title":{"rendered":"Bandas resistentes al calor"},"content":{"rendered":"\n<p>En lugares en que se transportan productos calientes -como en la industria del acero, el reciclaje y en los puertos- se necesitan bandas transportadoras que pueden soportar altas temperaturas.<\/p>\n\n\n\n<p>Cuando las bandas transportadoras se exponen a temperaturas extremas por mucho tiempo, su calidad puede deteriorarse r\u00e1pidamente. Por ejemplo, las capas y las incrustaciones pueden soltarse, pero tambi\u00e9n la soldadura. Esto puede hacer que la banda se rompa, lo que a su vez har\u00e1 que la producci\u00f3n se estanque.<\/p>\n\n\n\n<p>Con las bandas transportadoras de alta calidad y resistentes al calor de REPA, este tipo de situaciones no tienen por qu\u00e9 ocurrir.<\/p>\n","protected":false},"excerpt":{"rendered":"<p>En lugares en que se transportan productos calientes -como en la industria del acero, el reciclaje y en los puertos- se necesitan bandas transportadoras que pueden soportar altas temperaturas. Cuando las bandas transportadoras se exponen a temperaturas extremas por mucho tiempo, su calidad puede deteriorarse r\u00e1pidamente. Por ejemplo, las capas y las incrustaciones pueden soltarse,&hellip; <a class=\"more-link\" href=\"https:\/\/repatransportbanden.nl\/es\/rubber\/hittebestendige-banden\/\">Continue reading <span class=\"screen-reader-text\">Bandas resistentes al calor<\/span><\/a><\/p>\n","protected":false},"author":2,"featured_media":1090,"parent":1596,"menu_order":0,"comment_status":"closed","ping_status":"closed","template":"templates\/template-service.php","meta":{"_acf_changed":false,"footnotes":""},"class_list":["post-1614","page","type-page","status-publish","has-post-thumbnail","hentry","entry"],"acf":[],"yoast_head":"<!-- This site is optimized with the Yoast SEO plugin v27.3 - https:\/\/yoast.com\/product\/yoast-seo-wordpress\/ -->\n<title>Bandas resistentes al calor - repatransportbanden.nl<\/title>\n<meta name=\"robots\" content=\"index, follow, max-snippet:-1, max-image-preview:large, max-video-preview:-1\" \/>\n<link rel=\"canonical\" href=\"https:\/\/repatransportbanden.nl\/es\/rubber\/hittebestendige-banden\/\" \/>\n<meta property=\"og:locale\" content=\"es_ES\" \/>\n<meta property=\"og:type\" content=\"article\" \/>\n<meta property=\"og:title\" content=\"Bandas resistentes al calor - repatransportbanden.nl\" \/>\n<meta property=\"og:description\" content=\"En lugares en que se transportan productos calientes -como en la industria del acero, el reciclaje y en los puertos- se necesitan bandas transportadoras que pueden soportar altas temperaturas. Cuando las bandas transportadoras se exponen a temperaturas extremas por mucho tiempo, su calidad puede deteriorarse r\u00e1pidamente. Por ejemplo, las capas y las incrustaciones pueden soltarse,&hellip; Continue reading Bandas resistentes al calor\" \/>\n<meta property=\"og:url\" content=\"https:\/\/repatransportbanden.nl\/es\/rubber\/hittebestendige-banden\/\" \/>\n<meta property=\"og:site_name\" content=\"repatransportbanden.nl\" \/>\n<meta property=\"article:modified_time\" content=\"2022-01-05T07:21:35+00:00\" \/>\n<meta property=\"og:image\" content=\"https:\/\/repatransportbanden.tempurl.host\/wp-content\/uploads\/2021\/12\/Hittebestendige-banden.jpg\" \/>\n\t<meta property=\"og:image:width\" content=\"331\" \/>\n\t<meta property=\"og:image:height\" content=\"331\" \/>\n\t<meta property=\"og:image:type\" content=\"image\/jpeg\" \/>\n<meta name=\"twitter:card\" content=\"summary_large_image\" \/>\n<meta name=\"twitter:label1\" content=\"Tiempo de lectura\" \/>\n\t<meta name=\"twitter:data1\" content=\"1 minuto\" \/>\n<script type=\"application\/ld+json\" class=\"yoast-schema-graph\">{\"@context\":\"https:\\\/\\\/schema.org\",\"@graph\":[{\"@type\":\"WebPage\",\"@id\":\"https:\\\/\\\/repatransportbanden.nl\\\/es\\\/rubber\\\/hittebestendige-banden\\\/\",\"url\":\"https:\\\/\\\/repatransportbanden.nl\\\/es\\\/rubber\\\/hittebestendige-banden\\\/\",\"name\":\"Bandas resistentes al calor - repatransportbanden.nl\",\"isPartOf\":{\"@id\":\"https:\\\/\\\/repatransportbanden.tempurl.host\\\/#website\"},\"primaryImageOfPage\":{\"@id\":\"https:\\\/\\\/repatransportbanden.nl\\\/es\\\/rubber\\\/hittebestendige-banden\\\/#primaryimage\"},\"image\":{\"@id\":\"https:\\\/\\\/repatransportbanden.nl\\\/es\\\/rubber\\\/hittebestendige-banden\\\/#primaryimage\"},\"thumbnailUrl\":\"https:\\\/\\\/repatransportbanden.nl\\\/wp-content\\\/uploads\\\/2021\\\/12\\\/Hittebestendige-banden.jpg\",\"datePublished\":\"2021-12-16T07:50:24+00:00\",\"dateModified\":\"2022-01-05T07:21:35+00:00\",\"breadcrumb\":{\"@id\":\"https:\\\/\\\/repatransportbanden.nl\\\/es\\\/rubber\\\/hittebestendige-banden\\\/#breadcrumb\"},\"inLanguage\":\"es\",\"potentialAction\":[{\"@type\":\"ReadAction\",\"target\":[\"https:\\\/\\\/repatransportbanden.nl\\\/es\\\/rubber\\\/hittebestendige-banden\\\/\"]}]},{\"@type\":\"ImageObject\",\"inLanguage\":\"es\",\"@id\":\"https:\\\/\\\/repatransportbanden.nl\\\/es\\\/rubber\\\/hittebestendige-banden\\\/#primaryimage\",\"url\":\"https:\\\/\\\/repatransportbanden.nl\\\/wp-content\\\/uploads\\\/2021\\\/12\\\/Hittebestendige-banden.jpg\",\"contentUrl\":\"https:\\\/\\\/repatransportbanden.nl\\\/wp-content\\\/uploads\\\/2021\\\/12\\\/Hittebestendige-banden.jpg\",\"width\":331,\"height\":331},{\"@type\":\"BreadcrumbList\",\"@id\":\"https:\\\/\\\/repatransportbanden.nl\\\/es\\\/rubber\\\/hittebestendige-banden\\\/#breadcrumb\",\"itemListElement\":[{\"@type\":\"ListItem\",\"position\":1,\"name\":\"Inicio\",\"item\":\"https:\\\/\\\/repatransportbanden.nl\\\/es\\\/\"},{\"@type\":\"ListItem\",\"position\":2,\"name\":\"Caucho\",\"item\":\"https:\\\/\\\/repatransportbanden.tempurl.host\\\/es\\\/rubber\\\/\"},{\"@type\":\"ListItem\",\"position\":3,\"name\":\"Bandas resistentes al calor\"}]},{\"@type\":\"WebSite\",\"@id\":\"https:\\\/\\\/repatransportbanden.tempurl.host\\\/#website\",\"url\":\"https:\\\/\\\/repatransportbanden.tempurl.host\\\/\",\"name\":\"repatransportbanden.nl\",\"description\":\"\",\"potentialAction\":[{\"@type\":\"SearchAction\",\"target\":{\"@type\":\"EntryPoint\",\"urlTemplate\":\"https:\\\/\\\/repatransportbanden.tempurl.host\\\/?s={search_term_string}\"},\"query-input\":{\"@type\":\"PropertyValueSpecification\",\"valueRequired\":true,\"valueName\":\"search_term_string\"}}],\"inLanguage\":\"es\"}]}<\/script>\n<!-- \/ Yoast SEO plugin. -->","yoast_head_json":{"title":"Bandas resistentes al calor - repatransportbanden.nl","robots":{"index":"index","follow":"follow","max-snippet":"max-snippet:-1","max-image-preview":"max-image-preview:large","max-video-preview":"max-video-preview:-1"},"canonical":"https:\/\/repatransportbanden.nl\/es\/rubber\/hittebestendige-banden\/","og_locale":"es_ES","og_type":"article","og_title":"Bandas resistentes al calor - repatransportbanden.nl","og_description":"En lugares en que se transportan productos calientes -como en la industria del acero, el reciclaje y en los puertos- se necesitan bandas transportadoras que pueden soportar altas temperaturas. Cuando las bandas transportadoras se exponen a temperaturas extremas por mucho tiempo, su calidad puede deteriorarse r\u00e1pidamente. Por ejemplo, las capas y las incrustaciones pueden soltarse,&hellip; Continue reading Bandas resistentes al calor","og_url":"https:\/\/repatransportbanden.nl\/es\/rubber\/hittebestendige-banden\/","og_site_name":"repatransportbanden.nl","article_modified_time":"2022-01-05T07:21:35+00:00","og_image":[{"width":331,"height":331,"url":"https:\/\/repatransportbanden.tempurl.host\/wp-content\/uploads\/2021\/12\/Hittebestendige-banden.jpg","type":"image\/jpeg"}],"twitter_card":"summary_large_image","twitter_misc":{"Tiempo de lectura":"1 minuto"},"schema":{"@context":"https:\/\/schema.org","@graph":[{"@type":"WebPage","@id":"https:\/\/repatransportbanden.nl\/es\/rubber\/hittebestendige-banden\/","url":"https:\/\/repatransportbanden.nl\/es\/rubber\/hittebestendige-banden\/","name":"Bandas resistentes al calor - repatransportbanden.nl","isPartOf":{"@id":"https:\/\/repatransportbanden.tempurl.host\/#website"},"primaryImageOfPage":{"@id":"https:\/\/repatransportbanden.nl\/es\/rubber\/hittebestendige-banden\/#primaryimage"},"image":{"@id":"https:\/\/repatransportbanden.nl\/es\/rubber\/hittebestendige-banden\/#primaryimage"},"thumbnailUrl":"https:\/\/repatransportbanden.nl\/wp-content\/uploads\/2021\/12\/Hittebestendige-banden.jpg","datePublished":"2021-12-16T07:50:24+00:00","dateModified":"2022-01-05T07:21:35+00:00","breadcrumb":{"@id":"https:\/\/repatransportbanden.nl\/es\/rubber\/hittebestendige-banden\/#breadcrumb"},"inLanguage":"es","potentialAction":[{"@type":"ReadAction","target":["https:\/\/repatransportbanden.nl\/es\/rubber\/hittebestendige-banden\/"]}]},{"@type":"ImageObject","inLanguage":"es","@id":"https:\/\/repatransportbanden.nl\/es\/rubber\/hittebestendige-banden\/#primaryimage","url":"https:\/\/repatransportbanden.nl\/wp-content\/uploads\/2021\/12\/Hittebestendige-banden.jpg","contentUrl":"https:\/\/repatransportbanden.nl\/wp-content\/uploads\/2021\/12\/Hittebestendige-banden.jpg","width":331,"height":331},{"@type":"BreadcrumbList","@id":"https:\/\/repatransportbanden.nl\/es\/rubber\/hittebestendige-banden\/#breadcrumb","itemListElement":[{"@type":"ListItem","position":1,"name":"Inicio","item":"https:\/\/repatransportbanden.nl\/es\/"},{"@type":"ListItem","position":2,"name":"Caucho","item":"https:\/\/repatransportbanden.tempurl.host\/es\/rubber\/"},{"@type":"ListItem","position":3,"name":"Bandas resistentes al calor"}]},{"@type":"WebSite","@id":"https:\/\/repatransportbanden.tempurl.host\/#website","url":"https:\/\/repatransportbanden.tempurl.host\/","name":"repatransportbanden.nl","description":"","potentialAction":[{"@type":"SearchAction","target":{"@type":"EntryPoint","urlTemplate":"https:\/\/repatransportbanden.tempurl.host\/?s={search_term_string}"},"query-input":{"@type":"PropertyValueSpecification","valueRequired":true,"valueName":"search_term_string"}}],"inLanguage":"es"}]}},"_links":{"self":[{"href":"https:\/\/repatransportbanden.nl\/es\/wp-json\/wp\/v2\/pages\/1614","targetHints":{"allow":["GET"]}}],"collection":[{"href":"https:\/\/repatransportbanden.nl\/es\/wp-json\/wp\/v2\/pages"}],"about":[{"href":"https:\/\/repatransportbanden.nl\/es\/wp-json\/wp\/v2\/types\/page"}],"author":[{"embeddable":true,"href":"https:\/\/repatransportbanden.nl\/es\/wp-json\/wp\/v2\/users\/2"}],"replies":[{"embeddable":true,"href":"https:\/\/repatransportbanden.nl\/es\/wp-json\/wp\/v2\/comments?post=1614"}],"version-history":[{"count":3,"href":"https:\/\/repatransportbanden.nl\/es\/wp-json\/wp\/v2\/pages\/1614\/revisions"}],"predecessor-version":[{"id":3331,"href":"https:\/\/repatransportbanden.nl\/es\/wp-json\/wp\/v2\/pages\/1614\/revisions\/3331"}],"up":[{"embeddable":true,"href":"https:\/\/repatransportbanden.nl\/es\/wp-json\/wp\/v2\/pages\/1596"}],"wp:featuredmedia":[{"embeddable":true,"href":"https:\/\/repatransportbanden.nl\/es\/wp-json\/wp\/v2\/media\/1090"}],"wp:attachment":[{"href":"https:\/\/repatransportbanden.nl\/es\/wp-json\/wp\/v2\/media?parent=1614"}],"curies":[{"name":"wp","href":"https:\/\/api.w.org\/{rel}","templated":true}]}}