{"id":1608,"date":"2021-12-16T08:49:21","date_gmt":"2021-12-16T07:49:21","guid":{"rendered":"https:\/\/repatransportbanden.nl\/rubber\/elevatorbanden\/"},"modified":"2022-01-05T08:07:17","modified_gmt":"2022-01-05T07:07:17","slug":"elevatorbanden","status":"publish","type":"page","link":"https:\/\/repatransportbanden.nl\/es\/rubber\/elevatorbanden\/","title":{"rendered":"Bandas elevadoras"},"content":{"rendered":"\n<p>Las bandas elevadoras est\u00e1n especialmente dise\u00f1adas para transportar materias primas y productos sueltos en vertical.<\/p>\n\n\n\n<p>La elecci\u00f3n de una banda elevadora de buena calidad es esencial para evitar interrupciones y calamidades. Nuestra gama incluye varios tipos de bandas elevadoras, a menudo reforzadas con capas de poli\u00e9ster\/poliamida especialmente tejidas o con refuerzos de tejido de acero. Disponible, entre otras, en calidad resistente al aceite y a la grasa, calidad alimentaria y con propiedades ign\u00edfugas, resistentes al desgaste y al calor.<\/p>\n\n\n\n<p>REPA dispone de kil\u00f3metros de banda elevadora en stock, por lo que puede realizar entregas muy r\u00e1pidas.<\/p>\n","protected":false},"excerpt":{"rendered":"<p>Las bandas elevadoras est\u00e1n especialmente dise\u00f1adas para transportar materias primas y productos sueltos en vertical. La elecci\u00f3n de una banda elevadora de buena calidad es esencial para evitar interrupciones y calamidades. Nuestra gama incluye varios tipos de bandas elevadoras, a menudo reforzadas con capas de poli\u00e9ster\/poliamida especialmente tejidas o con refuerzos de tejido de acero.&hellip; <a class=\"more-link\" href=\"https:\/\/repatransportbanden.nl\/es\/rubber\/elevatorbanden\/\">Continue reading <span class=\"screen-reader-text\">Bandas elevadoras<\/span><\/a><\/p>\n","protected":false},"author":2,"featured_media":1075,"parent":1596,"menu_order":0,"comment_status":"closed","ping_status":"closed","template":"templates\/template-service.php","meta":{"_acf_changed":false,"footnotes":""},"class_list":["post-1608","page","type-page","status-publish","has-post-thumbnail","hentry","entry"],"acf":[],"yoast_head":"<!-- This site is optimized with the Yoast SEO plugin v27.3 - https:\/\/yoast.com\/product\/yoast-seo-wordpress\/ -->\n<title>Bandas elevadoras - repatransportbanden.nl<\/title>\n<meta name=\"robots\" content=\"index, follow, max-snippet:-1, max-image-preview:large, max-video-preview:-1\" \/>\n<link rel=\"canonical\" href=\"https:\/\/repatransportbanden.nl\/es\/rubber\/elevatorbanden\/\" \/>\n<meta property=\"og:locale\" content=\"es_ES\" \/>\n<meta property=\"og:type\" content=\"article\" \/>\n<meta property=\"og:title\" content=\"Bandas elevadoras - repatransportbanden.nl\" \/>\n<meta property=\"og:description\" content=\"Las bandas elevadoras est\u00e1n especialmente dise\u00f1adas para transportar materias primas y productos sueltos en vertical. La elecci\u00f3n de una banda elevadora de buena calidad es esencial para evitar interrupciones y calamidades. Nuestra gama incluye varios tipos de bandas elevadoras, a menudo reforzadas con capas de poli\u00e9ster\/poliamida especialmente tejidas o con refuerzos de tejido de acero.&hellip; Continue reading Bandas elevadoras\" \/>\n<meta property=\"og:url\" content=\"https:\/\/repatransportbanden.nl\/es\/rubber\/elevatorbanden\/\" \/>\n<meta property=\"og:site_name\" content=\"repatransportbanden.nl\" \/>\n<meta property=\"article:modified_time\" content=\"2022-01-05T07:07:17+00:00\" \/>\n<meta property=\"og:image\" content=\"https:\/\/repatransportbanden.tempurl.host\/wp-content\/uploads\/2021\/12\/Elevatorbanden01.jpg\" \/>\n\t<meta property=\"og:image:width\" content=\"331\" \/>\n\t<meta property=\"og:image:height\" content=\"331\" \/>\n\t<meta property=\"og:image:type\" content=\"image\/jpeg\" \/>\n<meta name=\"twitter:card\" content=\"summary_large_image\" \/>\n<meta name=\"twitter:label1\" content=\"Tiempo de lectura\" \/>\n\t<meta name=\"twitter:data1\" content=\"1 minuto\" \/>\n<script type=\"application\/ld+json\" class=\"yoast-schema-graph\">{\"@context\":\"https:\\\/\\\/schema.org\",\"@graph\":[{\"@type\":\"WebPage\",\"@id\":\"https:\\\/\\\/repatransportbanden.nl\\\/es\\\/rubber\\\/elevatorbanden\\\/\",\"url\":\"https:\\\/\\\/repatransportbanden.nl\\\/es\\\/rubber\\\/elevatorbanden\\\/\",\"name\":\"Bandas elevadoras - repatransportbanden.nl\",\"isPartOf\":{\"@id\":\"https:\\\/\\\/repatransportbanden.tempurl.host\\\/#website\"},\"primaryImageOfPage\":{\"@id\":\"https:\\\/\\\/repatransportbanden.nl\\\/es\\\/rubber\\\/elevatorbanden\\\/#primaryimage\"},\"image\":{\"@id\":\"https:\\\/\\\/repatransportbanden.nl\\\/es\\\/rubber\\\/elevatorbanden\\\/#primaryimage\"},\"thumbnailUrl\":\"https:\\\/\\\/repatransportbanden.nl\\\/wp-content\\\/uploads\\\/2021\\\/12\\\/Elevatorbanden01.jpg\",\"datePublished\":\"2021-12-16T07:49:21+00:00\",\"dateModified\":\"2022-01-05T07:07:17+00:00\",\"breadcrumb\":{\"@id\":\"https:\\\/\\\/repatransportbanden.nl\\\/es\\\/rubber\\\/elevatorbanden\\\/#breadcrumb\"},\"inLanguage\":\"es\",\"potentialAction\":[{\"@type\":\"ReadAction\",\"target\":[\"https:\\\/\\\/repatransportbanden.nl\\\/es\\\/rubber\\\/elevatorbanden\\\/\"]}]},{\"@type\":\"ImageObject\",\"inLanguage\":\"es\",\"@id\":\"https:\\\/\\\/repatransportbanden.nl\\\/es\\\/rubber\\\/elevatorbanden\\\/#primaryimage\",\"url\":\"https:\\\/\\\/repatransportbanden.nl\\\/wp-content\\\/uploads\\\/2021\\\/12\\\/Elevatorbanden01.jpg\",\"contentUrl\":\"https:\\\/\\\/repatransportbanden.nl\\\/wp-content\\\/uploads\\\/2021\\\/12\\\/Elevatorbanden01.jpg\",\"width\":331,\"height\":331},{\"@type\":\"BreadcrumbList\",\"@id\":\"https:\\\/\\\/repatransportbanden.nl\\\/es\\\/rubber\\\/elevatorbanden\\\/#breadcrumb\",\"itemListElement\":[{\"@type\":\"ListItem\",\"position\":1,\"name\":\"Inicio\",\"item\":\"https:\\\/\\\/repatransportbanden.nl\\\/es\\\/\"},{\"@type\":\"ListItem\",\"position\":2,\"name\":\"Caucho\",\"item\":\"https:\\\/\\\/repatransportbanden.tempurl.host\\\/es\\\/rubber\\\/\"},{\"@type\":\"ListItem\",\"position\":3,\"name\":\"Bandas elevadoras\"}]},{\"@type\":\"WebSite\",\"@id\":\"https:\\\/\\\/repatransportbanden.tempurl.host\\\/#website\",\"url\":\"https:\\\/\\\/repatransportbanden.tempurl.host\\\/\",\"name\":\"repatransportbanden.nl\",\"description\":\"\",\"potentialAction\":[{\"@type\":\"SearchAction\",\"target\":{\"@type\":\"EntryPoint\",\"urlTemplate\":\"https:\\\/\\\/repatransportbanden.tempurl.host\\\/?s={search_term_string}\"},\"query-input\":{\"@type\":\"PropertyValueSpecification\",\"valueRequired\":true,\"valueName\":\"search_term_string\"}}],\"inLanguage\":\"es\"}]}<\/script>\n<!-- \/ Yoast SEO plugin. -->","yoast_head_json":{"title":"Bandas elevadoras - repatransportbanden.nl","robots":{"index":"index","follow":"follow","max-snippet":"max-snippet:-1","max-image-preview":"max-image-preview:large","max-video-preview":"max-video-preview:-1"},"canonical":"https:\/\/repatransportbanden.nl\/es\/rubber\/elevatorbanden\/","og_locale":"es_ES","og_type":"article","og_title":"Bandas elevadoras - repatransportbanden.nl","og_description":"Las bandas elevadoras est\u00e1n especialmente dise\u00f1adas para transportar materias primas y productos sueltos en vertical. La elecci\u00f3n de una banda elevadora de buena calidad es esencial para evitar interrupciones y calamidades. Nuestra gama incluye varios tipos de bandas elevadoras, a menudo reforzadas con capas de poli\u00e9ster\/poliamida especialmente tejidas o con refuerzos de tejido de acero.&hellip; Continue reading Bandas elevadoras","og_url":"https:\/\/repatransportbanden.nl\/es\/rubber\/elevatorbanden\/","og_site_name":"repatransportbanden.nl","article_modified_time":"2022-01-05T07:07:17+00:00","og_image":[{"width":331,"height":331,"url":"https:\/\/repatransportbanden.tempurl.host\/wp-content\/uploads\/2021\/12\/Elevatorbanden01.jpg","type":"image\/jpeg"}],"twitter_card":"summary_large_image","twitter_misc":{"Tiempo de lectura":"1 minuto"},"schema":{"@context":"https:\/\/schema.org","@graph":[{"@type":"WebPage","@id":"https:\/\/repatransportbanden.nl\/es\/rubber\/elevatorbanden\/","url":"https:\/\/repatransportbanden.nl\/es\/rubber\/elevatorbanden\/","name":"Bandas elevadoras - repatransportbanden.nl","isPartOf":{"@id":"https:\/\/repatransportbanden.tempurl.host\/#website"},"primaryImageOfPage":{"@id":"https:\/\/repatransportbanden.nl\/es\/rubber\/elevatorbanden\/#primaryimage"},"image":{"@id":"https:\/\/repatransportbanden.nl\/es\/rubber\/elevatorbanden\/#primaryimage"},"thumbnailUrl":"https:\/\/repatransportbanden.nl\/wp-content\/uploads\/2021\/12\/Elevatorbanden01.jpg","datePublished":"2021-12-16T07:49:21+00:00","dateModified":"2022-01-05T07:07:17+00:00","breadcrumb":{"@id":"https:\/\/repatransportbanden.nl\/es\/rubber\/elevatorbanden\/#breadcrumb"},"inLanguage":"es","potentialAction":[{"@type":"ReadAction","target":["https:\/\/repatransportbanden.nl\/es\/rubber\/elevatorbanden\/"]}]},{"@type":"ImageObject","inLanguage":"es","@id":"https:\/\/repatransportbanden.nl\/es\/rubber\/elevatorbanden\/#primaryimage","url":"https:\/\/repatransportbanden.nl\/wp-content\/uploads\/2021\/12\/Elevatorbanden01.jpg","contentUrl":"https:\/\/repatransportbanden.nl\/wp-content\/uploads\/2021\/12\/Elevatorbanden01.jpg","width":331,"height":331},{"@type":"BreadcrumbList","@id":"https:\/\/repatransportbanden.nl\/es\/rubber\/elevatorbanden\/#breadcrumb","itemListElement":[{"@type":"ListItem","position":1,"name":"Inicio","item":"https:\/\/repatransportbanden.nl\/es\/"},{"@type":"ListItem","position":2,"name":"Caucho","item":"https:\/\/repatransportbanden.tempurl.host\/es\/rubber\/"},{"@type":"ListItem","position":3,"name":"Bandas elevadoras"}]},{"@type":"WebSite","@id":"https:\/\/repatransportbanden.tempurl.host\/#website","url":"https:\/\/repatransportbanden.tempurl.host\/","name":"repatransportbanden.nl","description":"","potentialAction":[{"@type":"SearchAction","target":{"@type":"EntryPoint","urlTemplate":"https:\/\/repatransportbanden.tempurl.host\/?s={search_term_string}"},"query-input":{"@type":"PropertyValueSpecification","valueRequired":true,"valueName":"search_term_string"}}],"inLanguage":"es"}]}},"_links":{"self":[{"href":"https:\/\/repatransportbanden.nl\/es\/wp-json\/wp\/v2\/pages\/1608","targetHints":{"allow":["GET"]}}],"collection":[{"href":"https:\/\/repatransportbanden.nl\/es\/wp-json\/wp\/v2\/pages"}],"about":[{"href":"https:\/\/repatransportbanden.nl\/es\/wp-json\/wp\/v2\/types\/page"}],"author":[{"embeddable":true,"href":"https:\/\/repatransportbanden.nl\/es\/wp-json\/wp\/v2\/users\/2"}],"replies":[{"embeddable":true,"href":"https:\/\/repatransportbanden.nl\/es\/wp-json\/wp\/v2\/comments?post=1608"}],"version-history":[{"count":3,"href":"https:\/\/repatransportbanden.nl\/es\/wp-json\/wp\/v2\/pages\/1608\/revisions"}],"predecessor-version":[{"id":3328,"href":"https:\/\/repatransportbanden.nl\/es\/wp-json\/wp\/v2\/pages\/1608\/revisions\/3328"}],"up":[{"embeddable":true,"href":"https:\/\/repatransportbanden.nl\/es\/wp-json\/wp\/v2\/pages\/1596"}],"wp:featuredmedia":[{"embeddable":true,"href":"https:\/\/repatransportbanden.nl\/es\/wp-json\/wp\/v2\/media\/1075"}],"wp:attachment":[{"href":"https:\/\/repatransportbanden.nl\/es\/wp-json\/wp\/v2\/media?parent=1608"}],"curies":[{"name":"wp","href":"https:\/\/api.w.org\/{rel}","templated":true}]}}