{"id":1587,"date":"2021-12-16T08:45:13","date_gmt":"2021-12-16T07:45:13","guid":{"rendered":"https:\/\/repatransportbanden.nl\/kunststof\/vol-pu-band\/"},"modified":"2022-01-18T15:22:33","modified_gmt":"2022-01-18T14:22:33","slug":"vol-pu-band","status":"publish","type":"page","link":"https:\/\/repatransportbanden.nl\/es\/kunststof\/vol-pu-band\/","title":{"rendered":"Banda de PU completa"},"content":{"rendered":"\n<p>Debido a los requisitos cada vez m\u00e1s estrictos de la industria alimentaria, a lo largo de los a\u00f1os ha aparecido en el mercado otro tipo de banda transportadora. Esto se conoce popularmente como banda de PU completa. Esto significa que no hay tejidos en las bandas, por lo que no pueden deshilacharse tras un da\u00f1o mec\u00e1nico. Las bandas transportadoras convencionales siempre tienen que estar tensadas para conseguir la suficiente fricci\u00f3n en el tambor de accionamiento para que se muevan. La banda PU completa es accionada por ruedas de engranaje y tiene tacos en la parte inferior. Por lo tanto, este tipo de banda requiere poca o ninguna tensi\u00f3n para ser accionada. Este tipo de banda es f\u00e1cil de limpiar y cumple con toda la legislaci\u00f3n de la UE y la FDA.<\/p>\n\n\n\n<p>La banda de PU completa se utiliza principalmente en industrias como: carne y pescado, procesamiento de verduras, l\u00e1cteos, etc.<\/p>\n","protected":false},"excerpt":{"rendered":"<p>Debido a los requisitos cada vez m\u00e1s estrictos de la industria alimentaria, a lo largo de los a\u00f1os ha aparecido en el mercado otro tipo de banda transportadora. Esto se conoce popularmente como banda de PU completa. Esto significa que no hay tejidos en las bandas, por lo que no pueden deshilacharse tras un da\u00f1o&hellip; <a class=\"more-link\" href=\"https:\/\/repatransportbanden.nl\/es\/kunststof\/vol-pu-band\/\">Continue reading <span class=\"screen-reader-text\">Banda de PU completa<\/span><\/a><\/p>\n","protected":false},"author":2,"featured_media":5106,"parent":1520,"menu_order":0,"comment_status":"closed","ping_status":"closed","template":"templates\/template-service.php","meta":{"_acf_changed":false,"footnotes":""},"class_list":["post-1587","page","type-page","status-publish","has-post-thumbnail","hentry","entry"],"acf":[],"yoast_head":"<!-- This site is optimized with the Yoast SEO plugin v27.5 - https:\/\/yoast.com\/product\/yoast-seo-wordpress\/ -->\n<title>Banda de PU completa - repatransportbanden.nl<\/title>\n<meta name=\"robots\" content=\"index, follow, max-snippet:-1, max-image-preview:large, max-video-preview:-1\" \/>\n<link rel=\"canonical\" href=\"https:\/\/repatransportbanden.nl\/es\/kunststof\/vol-pu-band\/\" \/>\n<meta property=\"og:locale\" content=\"es_ES\" \/>\n<meta property=\"og:type\" content=\"article\" \/>\n<meta property=\"og:title\" content=\"Banda de PU completa - repatransportbanden.nl\" \/>\n<meta property=\"og:description\" content=\"Debido a los requisitos cada vez m\u00e1s estrictos de la industria alimentaria, a lo largo de los a\u00f1os ha aparecido en el mercado otro tipo de banda transportadora. Esto se conoce popularmente como banda de PU completa. Esto significa que no hay tejidos en las bandas, por lo que no pueden deshilacharse tras un da\u00f1o&hellip; Continue reading Banda de PU completa\" \/>\n<meta property=\"og:url\" content=\"https:\/\/repatransportbanden.nl\/es\/kunststof\/vol-pu-band\/\" \/>\n<meta property=\"og:site_name\" content=\"repatransportbanden.nl\" \/>\n<meta property=\"article:modified_time\" content=\"2022-01-18T14:22:33+00:00\" \/>\n<meta property=\"og:image\" content=\"https:\/\/repatransportbanden.tempurl.host\/wp-content\/uploads\/2021\/12\/transportbandensmallimg8.jpg\" \/>\n\t<meta property=\"og:image:width\" content=\"331\" \/>\n\t<meta property=\"og:image:height\" content=\"331\" \/>\n\t<meta property=\"og:image:type\" content=\"image\/jpeg\" \/>\n<meta name=\"twitter:card\" content=\"summary_large_image\" \/>\n<meta name=\"twitter:label1\" content=\"Tiempo de lectura\" \/>\n\t<meta name=\"twitter:data1\" content=\"1 minuto\" \/>\n<script type=\"application\/ld+json\" class=\"yoast-schema-graph\">{\"@context\":\"https:\\\/\\\/schema.org\",\"@graph\":[{\"@type\":\"WebPage\",\"@id\":\"https:\\\/\\\/repatransportbanden.nl\\\/es\\\/kunststof\\\/vol-pu-band\\\/\",\"url\":\"https:\\\/\\\/repatransportbanden.nl\\\/es\\\/kunststof\\\/vol-pu-band\\\/\",\"name\":\"Banda de PU completa - repatransportbanden.nl\",\"isPartOf\":{\"@id\":\"https:\\\/\\\/repatransportbanden.tempurl.host\\\/#website\"},\"primaryImageOfPage\":{\"@id\":\"https:\\\/\\\/repatransportbanden.nl\\\/es\\\/kunststof\\\/vol-pu-band\\\/#primaryimage\"},\"image\":{\"@id\":\"https:\\\/\\\/repatransportbanden.nl\\\/es\\\/kunststof\\\/vol-pu-band\\\/#primaryimage\"},\"thumbnailUrl\":\"https:\\\/\\\/repatransportbanden.nl\\\/wp-content\\\/uploads\\\/2022\\\/02\\\/vol-pu.png\",\"datePublished\":\"2021-12-16T07:45:13+00:00\",\"dateModified\":\"2022-01-18T14:22:33+00:00\",\"breadcrumb\":{\"@id\":\"https:\\\/\\\/repatransportbanden.nl\\\/es\\\/kunststof\\\/vol-pu-band\\\/#breadcrumb\"},\"inLanguage\":\"es\",\"potentialAction\":[{\"@type\":\"ReadAction\",\"target\":[\"https:\\\/\\\/repatransportbanden.nl\\\/es\\\/kunststof\\\/vol-pu-band\\\/\"]}]},{\"@type\":\"ImageObject\",\"inLanguage\":\"es\",\"@id\":\"https:\\\/\\\/repatransportbanden.nl\\\/es\\\/kunststof\\\/vol-pu-band\\\/#primaryimage\",\"url\":\"https:\\\/\\\/repatransportbanden.nl\\\/wp-content\\\/uploads\\\/2022\\\/02\\\/vol-pu.png\",\"contentUrl\":\"https:\\\/\\\/repatransportbanden.nl\\\/wp-content\\\/uploads\\\/2022\\\/02\\\/vol-pu.png\",\"width\":331,\"height\":331},{\"@type\":\"BreadcrumbList\",\"@id\":\"https:\\\/\\\/repatransportbanden.nl\\\/es\\\/kunststof\\\/vol-pu-band\\\/#breadcrumb\",\"itemListElement\":[{\"@type\":\"ListItem\",\"position\":1,\"name\":\"Inicio\",\"item\":\"https:\\\/\\\/repatransportbanden.nl\\\/es\\\/\"},{\"@type\":\"ListItem\",\"position\":2,\"name\":\"Pl\u00e1stico\",\"item\":\"https:\\\/\\\/repatransportbanden.tempurl.host\\\/es\\\/kunststof\\\/\"},{\"@type\":\"ListItem\",\"position\":3,\"name\":\"Banda de PU completa\"}]},{\"@type\":\"WebSite\",\"@id\":\"https:\\\/\\\/repatransportbanden.tempurl.host\\\/#website\",\"url\":\"https:\\\/\\\/repatransportbanden.tempurl.host\\\/\",\"name\":\"repatransportbanden.nl\",\"description\":\"\",\"potentialAction\":[{\"@type\":\"SearchAction\",\"target\":{\"@type\":\"EntryPoint\",\"urlTemplate\":\"https:\\\/\\\/repatransportbanden.tempurl.host\\\/?s={search_term_string}\"},\"query-input\":{\"@type\":\"PropertyValueSpecification\",\"valueRequired\":true,\"valueName\":\"search_term_string\"}}],\"inLanguage\":\"es\"}]}<\/script>\n<!-- \/ Yoast SEO plugin. -->","yoast_head_json":{"title":"Banda de PU completa - repatransportbanden.nl","robots":{"index":"index","follow":"follow","max-snippet":"max-snippet:-1","max-image-preview":"max-image-preview:large","max-video-preview":"max-video-preview:-1"},"canonical":"https:\/\/repatransportbanden.nl\/es\/kunststof\/vol-pu-band\/","og_locale":"es_ES","og_type":"article","og_title":"Banda de PU completa - repatransportbanden.nl","og_description":"Debido a los requisitos cada vez m\u00e1s estrictos de la industria alimentaria, a lo largo de los a\u00f1os ha aparecido en el mercado otro tipo de banda transportadora. Esto se conoce popularmente como banda de PU completa. Esto significa que no hay tejidos en las bandas, por lo que no pueden deshilacharse tras un da\u00f1o&hellip; Continue reading Banda de PU completa","og_url":"https:\/\/repatransportbanden.nl\/es\/kunststof\/vol-pu-band\/","og_site_name":"repatransportbanden.nl","article_modified_time":"2022-01-18T14:22:33+00:00","og_image":[{"width":331,"height":331,"url":"https:\/\/repatransportbanden.tempurl.host\/wp-content\/uploads\/2021\/12\/transportbandensmallimg8.jpg","type":"image\/jpeg"}],"twitter_card":"summary_large_image","twitter_misc":{"Tiempo de lectura":"1 minuto"},"schema":{"@context":"https:\/\/schema.org","@graph":[{"@type":"WebPage","@id":"https:\/\/repatransportbanden.nl\/es\/kunststof\/vol-pu-band\/","url":"https:\/\/repatransportbanden.nl\/es\/kunststof\/vol-pu-band\/","name":"Banda de PU completa - repatransportbanden.nl","isPartOf":{"@id":"https:\/\/repatransportbanden.tempurl.host\/#website"},"primaryImageOfPage":{"@id":"https:\/\/repatransportbanden.nl\/es\/kunststof\/vol-pu-band\/#primaryimage"},"image":{"@id":"https:\/\/repatransportbanden.nl\/es\/kunststof\/vol-pu-band\/#primaryimage"},"thumbnailUrl":"https:\/\/repatransportbanden.nl\/wp-content\/uploads\/2022\/02\/vol-pu.png","datePublished":"2021-12-16T07:45:13+00:00","dateModified":"2022-01-18T14:22:33+00:00","breadcrumb":{"@id":"https:\/\/repatransportbanden.nl\/es\/kunststof\/vol-pu-band\/#breadcrumb"},"inLanguage":"es","potentialAction":[{"@type":"ReadAction","target":["https:\/\/repatransportbanden.nl\/es\/kunststof\/vol-pu-band\/"]}]},{"@type":"ImageObject","inLanguage":"es","@id":"https:\/\/repatransportbanden.nl\/es\/kunststof\/vol-pu-band\/#primaryimage","url":"https:\/\/repatransportbanden.nl\/wp-content\/uploads\/2022\/02\/vol-pu.png","contentUrl":"https:\/\/repatransportbanden.nl\/wp-content\/uploads\/2022\/02\/vol-pu.png","width":331,"height":331},{"@type":"BreadcrumbList","@id":"https:\/\/repatransportbanden.nl\/es\/kunststof\/vol-pu-band\/#breadcrumb","itemListElement":[{"@type":"ListItem","position":1,"name":"Inicio","item":"https:\/\/repatransportbanden.nl\/es\/"},{"@type":"ListItem","position":2,"name":"Pl\u00e1stico","item":"https:\/\/repatransportbanden.tempurl.host\/es\/kunststof\/"},{"@type":"ListItem","position":3,"name":"Banda de PU completa"}]},{"@type":"WebSite","@id":"https:\/\/repatransportbanden.tempurl.host\/#website","url":"https:\/\/repatransportbanden.tempurl.host\/","name":"repatransportbanden.nl","description":"","potentialAction":[{"@type":"SearchAction","target":{"@type":"EntryPoint","urlTemplate":"https:\/\/repatransportbanden.tempurl.host\/?s={search_term_string}"},"query-input":{"@type":"PropertyValueSpecification","valueRequired":true,"valueName":"search_term_string"}}],"inLanguage":"es"}]}},"_links":{"self":[{"href":"https:\/\/repatransportbanden.nl\/es\/wp-json\/wp\/v2\/pages\/1587","targetHints":{"allow":["GET"]}}],"collection":[{"href":"https:\/\/repatransportbanden.nl\/es\/wp-json\/wp\/v2\/pages"}],"about":[{"href":"https:\/\/repatransportbanden.nl\/es\/wp-json\/wp\/v2\/types\/page"}],"author":[{"embeddable":true,"href":"https:\/\/repatransportbanden.nl\/es\/wp-json\/wp\/v2\/users\/2"}],"replies":[{"embeddable":true,"href":"https:\/\/repatransportbanden.nl\/es\/wp-json\/wp\/v2\/comments?post=1587"}],"version-history":[{"count":5,"href":"https:\/\/repatransportbanden.nl\/es\/wp-json\/wp\/v2\/pages\/1587\/revisions"}],"predecessor-version":[{"id":4591,"href":"https:\/\/repatransportbanden.nl\/es\/wp-json\/wp\/v2\/pages\/1587\/revisions\/4591"}],"up":[{"embeddable":true,"href":"https:\/\/repatransportbanden.nl\/es\/wp-json\/wp\/v2\/pages\/1520"}],"wp:featuredmedia":[{"embeddable":true,"href":"https:\/\/repatransportbanden.nl\/es\/wp-json\/wp\/v2\/media\/5106"}],"wp:attachment":[{"href":"https:\/\/repatransportbanden.nl\/es\/wp-json\/wp\/v2\/media?parent=1587"}],"curies":[{"name":"wp","href":"https:\/\/api.w.org\/{rel}","templated":true}]}}