{"id":1581,"date":"2021-12-16T08:43:08","date_gmt":"2021-12-16T07:43:08","guid":{"rendered":"https:\/\/repatransportbanden.nl\/kunststof\/voedselbanden\/"},"modified":"2025-06-17T17:17:09","modified_gmt":"2025-06-17T15:17:09","slug":"voedselbanden","status":"publish","type":"page","link":"https:\/\/repatransportbanden.nl\/es\/kunststof\/voedselbanden\/","title":{"rendered":"Bandas para alimentos"},"content":{"rendered":"\n<p>Nuestras bandas transportadoras para alimentos cumplen con todos los requisitos de la UE\/FDA\/USDA\/REACH. Las bandas de PVC se fabrican principalmente en azul y blanco, pero por supuesto tambi\u00e9n est\u00e1n disponibles en otros colores. Nuestras bandas de poliuretano se producen en una calandra. Las principales ventajas son el recubrimiento homog\u00e9neo y la adherencia entre los tejidos. Muy adecuado para las transiciones de cuchilla, que se utilizan a menudo en las panader\u00edas. Todas las bandas son resistentes al aceite y a la grasa, tienen muy buenas caracter\u00edsticas de direcci\u00f3n y son resistentes al desgaste. Tambi\u00e9n es posible fabricar modelos con los laterales cerrados para evitar que se deshilachen.<\/p>\n","protected":false},"excerpt":{"rendered":"<p>Nuestras bandas transportadoras para alimentos cumplen con todos los requisitos de la UE\/FDA\/USDA\/REACH. Las bandas de PVC se fabrican principalmente en azul y blanco, pero por supuesto tambi\u00e9n est\u00e1n disponibles en otros colores. Nuestras bandas de poliuretano se producen en una calandra. Las principales ventajas son el recubrimiento homog\u00e9neo y la adherencia entre los tejidos.&hellip; <a class=\"more-link\" href=\"https:\/\/repatransportbanden.nl\/es\/kunststof\/voedselbanden\/\">Continue reading <span class=\"screen-reader-text\">Bandas para alimentos<\/span><\/a><\/p>\n","protected":false},"author":2,"featured_media":5099,"parent":1520,"menu_order":0,"comment_status":"closed","ping_status":"closed","template":"templates\/template-service.php","meta":{"_acf_changed":false,"footnotes":""},"class_list":["post-1581","page","type-page","status-publish","has-post-thumbnail","hentry","entry"],"acf":[],"yoast_head":"<!-- This site is optimized with the Yoast SEO plugin v27.3 - https:\/\/yoast.com\/product\/yoast-seo-wordpress\/ -->\n<title>Bandas para alimentos - repatransportbanden.nl<\/title>\n<meta name=\"robots\" content=\"index, follow, max-snippet:-1, max-image-preview:large, max-video-preview:-1\" \/>\n<link rel=\"canonical\" href=\"https:\/\/repatransportbanden.nl\/es\/kunststof\/voedselbanden\/\" \/>\n<meta property=\"og:locale\" content=\"es_ES\" \/>\n<meta property=\"og:type\" content=\"article\" \/>\n<meta property=\"og:title\" content=\"Bandas para alimentos - repatransportbanden.nl\" \/>\n<meta property=\"og:description\" content=\"Nuestras bandas transportadoras para alimentos cumplen con todos los requisitos de la UE\/FDA\/USDA\/REACH. Las bandas de PVC se fabrican principalmente en azul y blanco, pero por supuesto tambi\u00e9n est\u00e1n disponibles en otros colores. Nuestras bandas de poliuretano se producen en una calandra. Las principales ventajas son el recubrimiento homog\u00e9neo y la adherencia entre los tejidos.&hellip; Continue reading Bandas para alimentos\" \/>\n<meta property=\"og:url\" content=\"https:\/\/repatransportbanden.nl\/es\/kunststof\/voedselbanden\/\" \/>\n<meta property=\"og:site_name\" content=\"repatransportbanden.nl\" \/>\n<meta property=\"article:modified_time\" content=\"2025-06-17T15:17:09+00:00\" \/>\n<meta property=\"og:image\" content=\"https:\/\/repatransportbanden.nl\/wp-content\/uploads\/2022\/02\/voedsel.png\" \/>\n\t<meta property=\"og:image:width\" content=\"331\" \/>\n\t<meta property=\"og:image:height\" content=\"331\" \/>\n\t<meta property=\"og:image:type\" content=\"image\/png\" \/>\n<meta name=\"twitter:card\" content=\"summary_large_image\" \/>\n<meta name=\"twitter:label1\" content=\"Tiempo de lectura\" \/>\n\t<meta name=\"twitter:data1\" content=\"1 minuto\" \/>\n<script type=\"application\/ld+json\" class=\"yoast-schema-graph\">{\"@context\":\"https:\\\/\\\/schema.org\",\"@graph\":[{\"@type\":\"WebPage\",\"@id\":\"https:\\\/\\\/repatransportbanden.nl\\\/es\\\/kunststof\\\/voedselbanden\\\/\",\"url\":\"https:\\\/\\\/repatransportbanden.nl\\\/es\\\/kunststof\\\/voedselbanden\\\/\",\"name\":\"Bandas para alimentos - repatransportbanden.nl\",\"isPartOf\":{\"@id\":\"https:\\\/\\\/repatransportbanden.tempurl.host\\\/#website\"},\"primaryImageOfPage\":{\"@id\":\"https:\\\/\\\/repatransportbanden.nl\\\/es\\\/kunststof\\\/voedselbanden\\\/#primaryimage\"},\"image\":{\"@id\":\"https:\\\/\\\/repatransportbanden.nl\\\/es\\\/kunststof\\\/voedselbanden\\\/#primaryimage\"},\"thumbnailUrl\":\"https:\\\/\\\/repatransportbanden.nl\\\/wp-content\\\/uploads\\\/2022\\\/02\\\/voedsel.png\",\"datePublished\":\"2021-12-16T07:43:08+00:00\",\"dateModified\":\"2025-06-17T15:17:09+00:00\",\"breadcrumb\":{\"@id\":\"https:\\\/\\\/repatransportbanden.nl\\\/es\\\/kunststof\\\/voedselbanden\\\/#breadcrumb\"},\"inLanguage\":\"es\",\"potentialAction\":[{\"@type\":\"ReadAction\",\"target\":[\"https:\\\/\\\/repatransportbanden.nl\\\/es\\\/kunststof\\\/voedselbanden\\\/\"]}]},{\"@type\":\"ImageObject\",\"inLanguage\":\"es\",\"@id\":\"https:\\\/\\\/repatransportbanden.nl\\\/es\\\/kunststof\\\/voedselbanden\\\/#primaryimage\",\"url\":\"https:\\\/\\\/repatransportbanden.nl\\\/wp-content\\\/uploads\\\/2022\\\/02\\\/voedsel.png\",\"contentUrl\":\"https:\\\/\\\/repatransportbanden.nl\\\/wp-content\\\/uploads\\\/2022\\\/02\\\/voedsel.png\",\"width\":331,\"height\":331},{\"@type\":\"BreadcrumbList\",\"@id\":\"https:\\\/\\\/repatransportbanden.nl\\\/es\\\/kunststof\\\/voedselbanden\\\/#breadcrumb\",\"itemListElement\":[{\"@type\":\"ListItem\",\"position\":1,\"name\":\"Inicio\",\"item\":\"https:\\\/\\\/repatransportbanden.nl\\\/es\\\/\"},{\"@type\":\"ListItem\",\"position\":2,\"name\":\"Pl\u00e1stico\",\"item\":\"https:\\\/\\\/repatransportbanden.tempurl.host\\\/es\\\/kunststof\\\/\"},{\"@type\":\"ListItem\",\"position\":3,\"name\":\"Bandas para alimentos\"}]},{\"@type\":\"WebSite\",\"@id\":\"https:\\\/\\\/repatransportbanden.tempurl.host\\\/#website\",\"url\":\"https:\\\/\\\/repatransportbanden.tempurl.host\\\/\",\"name\":\"repatransportbanden.nl\",\"description\":\"\",\"potentialAction\":[{\"@type\":\"SearchAction\",\"target\":{\"@type\":\"EntryPoint\",\"urlTemplate\":\"https:\\\/\\\/repatransportbanden.tempurl.host\\\/?s={search_term_string}\"},\"query-input\":{\"@type\":\"PropertyValueSpecification\",\"valueRequired\":true,\"valueName\":\"search_term_string\"}}],\"inLanguage\":\"es\"}]}<\/script>\n<!-- \/ Yoast SEO plugin. -->","yoast_head_json":{"title":"Bandas para alimentos - repatransportbanden.nl","robots":{"index":"index","follow":"follow","max-snippet":"max-snippet:-1","max-image-preview":"max-image-preview:large","max-video-preview":"max-video-preview:-1"},"canonical":"https:\/\/repatransportbanden.nl\/es\/kunststof\/voedselbanden\/","og_locale":"es_ES","og_type":"article","og_title":"Bandas para alimentos - repatransportbanden.nl","og_description":"Nuestras bandas transportadoras para alimentos cumplen con todos los requisitos de la UE\/FDA\/USDA\/REACH. Las bandas de PVC se fabrican principalmente en azul y blanco, pero por supuesto tambi\u00e9n est\u00e1n disponibles en otros colores. Nuestras bandas de poliuretano se producen en una calandra. Las principales ventajas son el recubrimiento homog\u00e9neo y la adherencia entre los tejidos.&hellip; Continue reading Bandas para alimentos","og_url":"https:\/\/repatransportbanden.nl\/es\/kunststof\/voedselbanden\/","og_site_name":"repatransportbanden.nl","article_modified_time":"2025-06-17T15:17:09+00:00","og_image":[{"width":331,"height":331,"url":"https:\/\/repatransportbanden.nl\/wp-content\/uploads\/2022\/02\/voedsel.png","type":"image\/png"}],"twitter_card":"summary_large_image","twitter_misc":{"Tiempo de lectura":"1 minuto"},"schema":{"@context":"https:\/\/schema.org","@graph":[{"@type":"WebPage","@id":"https:\/\/repatransportbanden.nl\/es\/kunststof\/voedselbanden\/","url":"https:\/\/repatransportbanden.nl\/es\/kunststof\/voedselbanden\/","name":"Bandas para alimentos - repatransportbanden.nl","isPartOf":{"@id":"https:\/\/repatransportbanden.tempurl.host\/#website"},"primaryImageOfPage":{"@id":"https:\/\/repatransportbanden.nl\/es\/kunststof\/voedselbanden\/#primaryimage"},"image":{"@id":"https:\/\/repatransportbanden.nl\/es\/kunststof\/voedselbanden\/#primaryimage"},"thumbnailUrl":"https:\/\/repatransportbanden.nl\/wp-content\/uploads\/2022\/02\/voedsel.png","datePublished":"2021-12-16T07:43:08+00:00","dateModified":"2025-06-17T15:17:09+00:00","breadcrumb":{"@id":"https:\/\/repatransportbanden.nl\/es\/kunststof\/voedselbanden\/#breadcrumb"},"inLanguage":"es","potentialAction":[{"@type":"ReadAction","target":["https:\/\/repatransportbanden.nl\/es\/kunststof\/voedselbanden\/"]}]},{"@type":"ImageObject","inLanguage":"es","@id":"https:\/\/repatransportbanden.nl\/es\/kunststof\/voedselbanden\/#primaryimage","url":"https:\/\/repatransportbanden.nl\/wp-content\/uploads\/2022\/02\/voedsel.png","contentUrl":"https:\/\/repatransportbanden.nl\/wp-content\/uploads\/2022\/02\/voedsel.png","width":331,"height":331},{"@type":"BreadcrumbList","@id":"https:\/\/repatransportbanden.nl\/es\/kunststof\/voedselbanden\/#breadcrumb","itemListElement":[{"@type":"ListItem","position":1,"name":"Inicio","item":"https:\/\/repatransportbanden.nl\/es\/"},{"@type":"ListItem","position":2,"name":"Pl\u00e1stico","item":"https:\/\/repatransportbanden.tempurl.host\/es\/kunststof\/"},{"@type":"ListItem","position":3,"name":"Bandas para alimentos"}]},{"@type":"WebSite","@id":"https:\/\/repatransportbanden.tempurl.host\/#website","url":"https:\/\/repatransportbanden.tempurl.host\/","name":"repatransportbanden.nl","description":"","potentialAction":[{"@type":"SearchAction","target":{"@type":"EntryPoint","urlTemplate":"https:\/\/repatransportbanden.tempurl.host\/?s={search_term_string}"},"query-input":{"@type":"PropertyValueSpecification","valueRequired":true,"valueName":"search_term_string"}}],"inLanguage":"es"}]}},"_links":{"self":[{"href":"https:\/\/repatransportbanden.nl\/es\/wp-json\/wp\/v2\/pages\/1581","targetHints":{"allow":["GET"]}}],"collection":[{"href":"https:\/\/repatransportbanden.nl\/es\/wp-json\/wp\/v2\/pages"}],"about":[{"href":"https:\/\/repatransportbanden.nl\/es\/wp-json\/wp\/v2\/types\/page"}],"author":[{"embeddable":true,"href":"https:\/\/repatransportbanden.nl\/es\/wp-json\/wp\/v2\/users\/2"}],"replies":[{"embeddable":true,"href":"https:\/\/repatransportbanden.nl\/es\/wp-json\/wp\/v2\/comments?post=1581"}],"version-history":[{"count":5,"href":"https:\/\/repatransportbanden.nl\/es\/wp-json\/wp\/v2\/pages\/1581\/revisions"}],"predecessor-version":[{"id":15582,"href":"https:\/\/repatransportbanden.nl\/es\/wp-json\/wp\/v2\/pages\/1581\/revisions\/15582"}],"up":[{"embeddable":true,"href":"https:\/\/repatransportbanden.nl\/es\/wp-json\/wp\/v2\/pages\/1520"}],"wp:featuredmedia":[{"embeddable":true,"href":"https:\/\/repatransportbanden.nl\/es\/wp-json\/wp\/v2\/media\/5099"}],"wp:attachment":[{"href":"https:\/\/repatransportbanden.nl\/es\/wp-json\/wp\/v2\/media?parent=1581"}],"curies":[{"name":"wp","href":"https:\/\/api.w.org\/{rel}","templated":true}]}}