{"id":1575,"date":"2021-12-16T08:41:14","date_gmt":"2021-12-16T07:41:14","guid":{"rendered":"https:\/\/repatransportbanden.nl\/kunststof\/pu-rondsnaren-en-v-snaren\/"},"modified":"2022-01-04T10:58:53","modified_gmt":"2022-01-04T09:58:53","slug":"pu-rondsnaren-en-v-snaren","status":"publish","type":"page","link":"https:\/\/repatransportbanden.nl\/es\/kunststof\/pu-rondsnaren-en-v-snaren\/","title":{"rendered":"Cordones redondos de PU y cordones trapezodales"},"content":{"rendered":"\n<p>En muchas aplicaciones de la industria alimentaria, los cordones redondos y los cordones trapezoidales de poliuretano y poli\u00e9ster de grado alimentario, son los m\u00e1s adecuados para los requisitos espec\u00edficos del procesamiento de carnes cortadas y quesos y para las l\u00edneas de decoraci\u00f3n y envasado. Sin embargo, los cordones redondos tambi\u00e9n se utilizan ampliamente para hacer bucles en los transportadores de rodillos. Los cordones tambi\u00e9n pueden suministrarse con un n\u00facleo para minimizar el alargamiento. Tambi\u00e9n pueden ser soldados en sitio por nuestros t\u00e9cnicos de servicio..<\/p>\n","protected":false},"excerpt":{"rendered":"<p>En muchas aplicaciones de la industria alimentaria, los cordones redondos y los cordones trapezoidales de poliuretano y poli\u00e9ster de grado alimentario, son los m\u00e1s adecuados para los requisitos espec\u00edficos del procesamiento de carnes cortadas y quesos y para las l\u00edneas de decoraci\u00f3n y envasado. Sin embargo, los cordones redondos tambi\u00e9n se utilizan ampliamente para hacer&hellip; <a class=\"more-link\" href=\"https:\/\/repatransportbanden.nl\/es\/kunststof\/pu-rondsnaren-en-v-snaren\/\">Continue reading <span class=\"screen-reader-text\">Cordones redondos de PU y cordones trapezodales<\/span><\/a><\/p>\n","protected":false},"author":2,"featured_media":5092,"parent":1520,"menu_order":0,"comment_status":"closed","ping_status":"closed","template":"templates\/template-service.php","meta":{"_acf_changed":false,"footnotes":""},"class_list":["post-1575","page","type-page","status-publish","has-post-thumbnail","hentry","entry"],"acf":[],"yoast_head":"<!-- This site is optimized with the Yoast SEO plugin v27.3 - https:\/\/yoast.com\/product\/yoast-seo-wordpress\/ -->\n<title>Cordones redondos de PU y cordones trapezodales - repatransportbanden.nl<\/title>\n<meta name=\"robots\" content=\"index, follow, max-snippet:-1, max-image-preview:large, max-video-preview:-1\" \/>\n<link rel=\"canonical\" href=\"https:\/\/repatransportbanden.nl\/es\/kunststof\/pu-rondsnaren-en-v-snaren\/\" \/>\n<meta property=\"og:locale\" content=\"es_ES\" \/>\n<meta property=\"og:type\" content=\"article\" \/>\n<meta property=\"og:title\" content=\"Cordones redondos de PU y cordones trapezodales - repatransportbanden.nl\" \/>\n<meta property=\"og:description\" content=\"En muchas aplicaciones de la industria alimentaria, los cordones redondos y los cordones trapezoidales de poliuretano y poli\u00e9ster de grado alimentario, son los m\u00e1s adecuados para los requisitos espec\u00edficos del procesamiento de carnes cortadas y quesos y para las l\u00edneas de decoraci\u00f3n y envasado. Sin embargo, los cordones redondos tambi\u00e9n se utilizan ampliamente para hacer&hellip; Continue reading Cordones redondos de PU y cordones trapezodales\" \/>\n<meta property=\"og:url\" content=\"https:\/\/repatransportbanden.nl\/es\/kunststof\/pu-rondsnaren-en-v-snaren\/\" \/>\n<meta property=\"og:site_name\" content=\"repatransportbanden.nl\" \/>\n<meta property=\"article:modified_time\" content=\"2022-01-04T09:58:53+00:00\" \/>\n<meta property=\"og:image\" content=\"https:\/\/repatransportbanden.tempurl.host\/wp-content\/uploads\/2021\/12\/transportbandensmallimg9.jpg\" \/>\n\t<meta property=\"og:image:width\" content=\"331\" \/>\n\t<meta property=\"og:image:height\" content=\"331\" \/>\n\t<meta property=\"og:image:type\" content=\"image\/jpeg\" \/>\n<meta name=\"twitter:card\" content=\"summary_large_image\" \/>\n<script type=\"application\/ld+json\" class=\"yoast-schema-graph\">{\"@context\":\"https:\\\/\\\/schema.org\",\"@graph\":[{\"@type\":\"WebPage\",\"@id\":\"https:\\\/\\\/repatransportbanden.nl\\\/es\\\/kunststof\\\/pu-rondsnaren-en-v-snaren\\\/\",\"url\":\"https:\\\/\\\/repatransportbanden.nl\\\/es\\\/kunststof\\\/pu-rondsnaren-en-v-snaren\\\/\",\"name\":\"Cordones redondos de PU y cordones trapezodales - repatransportbanden.nl\",\"isPartOf\":{\"@id\":\"https:\\\/\\\/repatransportbanden.tempurl.host\\\/#website\"},\"primaryImageOfPage\":{\"@id\":\"https:\\\/\\\/repatransportbanden.nl\\\/es\\\/kunststof\\\/pu-rondsnaren-en-v-snaren\\\/#primaryimage\"},\"image\":{\"@id\":\"https:\\\/\\\/repatransportbanden.nl\\\/es\\\/kunststof\\\/pu-rondsnaren-en-v-snaren\\\/#primaryimage\"},\"thumbnailUrl\":\"https:\\\/\\\/repatransportbanden.nl\\\/wp-content\\\/uploads\\\/2022\\\/02\\\/snaar.png\",\"datePublished\":\"2021-12-16T07:41:14+00:00\",\"dateModified\":\"2022-01-04T09:58:53+00:00\",\"breadcrumb\":{\"@id\":\"https:\\\/\\\/repatransportbanden.nl\\\/es\\\/kunststof\\\/pu-rondsnaren-en-v-snaren\\\/#breadcrumb\"},\"inLanguage\":\"es\",\"potentialAction\":[{\"@type\":\"ReadAction\",\"target\":[\"https:\\\/\\\/repatransportbanden.nl\\\/es\\\/kunststof\\\/pu-rondsnaren-en-v-snaren\\\/\"]}]},{\"@type\":\"ImageObject\",\"inLanguage\":\"es\",\"@id\":\"https:\\\/\\\/repatransportbanden.nl\\\/es\\\/kunststof\\\/pu-rondsnaren-en-v-snaren\\\/#primaryimage\",\"url\":\"https:\\\/\\\/repatransportbanden.nl\\\/wp-content\\\/uploads\\\/2022\\\/02\\\/snaar.png\",\"contentUrl\":\"https:\\\/\\\/repatransportbanden.nl\\\/wp-content\\\/uploads\\\/2022\\\/02\\\/snaar.png\",\"width\":331,\"height\":331},{\"@type\":\"BreadcrumbList\",\"@id\":\"https:\\\/\\\/repatransportbanden.nl\\\/es\\\/kunststof\\\/pu-rondsnaren-en-v-snaren\\\/#breadcrumb\",\"itemListElement\":[{\"@type\":\"ListItem\",\"position\":1,\"name\":\"Inicio\",\"item\":\"https:\\\/\\\/repatransportbanden.nl\\\/es\\\/\"},{\"@type\":\"ListItem\",\"position\":2,\"name\":\"Pl\u00e1stico\",\"item\":\"https:\\\/\\\/repatransportbanden.tempurl.host\\\/es\\\/kunststof\\\/\"},{\"@type\":\"ListItem\",\"position\":3,\"name\":\"Cordones redondos de PU y cordones trapezodales\"}]},{\"@type\":\"WebSite\",\"@id\":\"https:\\\/\\\/repatransportbanden.tempurl.host\\\/#website\",\"url\":\"https:\\\/\\\/repatransportbanden.tempurl.host\\\/\",\"name\":\"repatransportbanden.nl\",\"description\":\"\",\"potentialAction\":[{\"@type\":\"SearchAction\",\"target\":{\"@type\":\"EntryPoint\",\"urlTemplate\":\"https:\\\/\\\/repatransportbanden.tempurl.host\\\/?s={search_term_string}\"},\"query-input\":{\"@type\":\"PropertyValueSpecification\",\"valueRequired\":true,\"valueName\":\"search_term_string\"}}],\"inLanguage\":\"es\"}]}<\/script>\n<!-- \/ Yoast SEO plugin. -->","yoast_head_json":{"title":"Cordones redondos de PU y cordones trapezodales - repatransportbanden.nl","robots":{"index":"index","follow":"follow","max-snippet":"max-snippet:-1","max-image-preview":"max-image-preview:large","max-video-preview":"max-video-preview:-1"},"canonical":"https:\/\/repatransportbanden.nl\/es\/kunststof\/pu-rondsnaren-en-v-snaren\/","og_locale":"es_ES","og_type":"article","og_title":"Cordones redondos de PU y cordones trapezodales - repatransportbanden.nl","og_description":"En muchas aplicaciones de la industria alimentaria, los cordones redondos y los cordones trapezoidales de poliuretano y poli\u00e9ster de grado alimentario, son los m\u00e1s adecuados para los requisitos espec\u00edficos del procesamiento de carnes cortadas y quesos y para las l\u00edneas de decoraci\u00f3n y envasado. Sin embargo, los cordones redondos tambi\u00e9n se utilizan ampliamente para hacer&hellip; Continue reading Cordones redondos de PU y cordones trapezodales","og_url":"https:\/\/repatransportbanden.nl\/es\/kunststof\/pu-rondsnaren-en-v-snaren\/","og_site_name":"repatransportbanden.nl","article_modified_time":"2022-01-04T09:58:53+00:00","og_image":[{"width":331,"height":331,"url":"https:\/\/repatransportbanden.tempurl.host\/wp-content\/uploads\/2021\/12\/transportbandensmallimg9.jpg","type":"image\/jpeg"}],"twitter_card":"summary_large_image","schema":{"@context":"https:\/\/schema.org","@graph":[{"@type":"WebPage","@id":"https:\/\/repatransportbanden.nl\/es\/kunststof\/pu-rondsnaren-en-v-snaren\/","url":"https:\/\/repatransportbanden.nl\/es\/kunststof\/pu-rondsnaren-en-v-snaren\/","name":"Cordones redondos de PU y cordones trapezodales - repatransportbanden.nl","isPartOf":{"@id":"https:\/\/repatransportbanden.tempurl.host\/#website"},"primaryImageOfPage":{"@id":"https:\/\/repatransportbanden.nl\/es\/kunststof\/pu-rondsnaren-en-v-snaren\/#primaryimage"},"image":{"@id":"https:\/\/repatransportbanden.nl\/es\/kunststof\/pu-rondsnaren-en-v-snaren\/#primaryimage"},"thumbnailUrl":"https:\/\/repatransportbanden.nl\/wp-content\/uploads\/2022\/02\/snaar.png","datePublished":"2021-12-16T07:41:14+00:00","dateModified":"2022-01-04T09:58:53+00:00","breadcrumb":{"@id":"https:\/\/repatransportbanden.nl\/es\/kunststof\/pu-rondsnaren-en-v-snaren\/#breadcrumb"},"inLanguage":"es","potentialAction":[{"@type":"ReadAction","target":["https:\/\/repatransportbanden.nl\/es\/kunststof\/pu-rondsnaren-en-v-snaren\/"]}]},{"@type":"ImageObject","inLanguage":"es","@id":"https:\/\/repatransportbanden.nl\/es\/kunststof\/pu-rondsnaren-en-v-snaren\/#primaryimage","url":"https:\/\/repatransportbanden.nl\/wp-content\/uploads\/2022\/02\/snaar.png","contentUrl":"https:\/\/repatransportbanden.nl\/wp-content\/uploads\/2022\/02\/snaar.png","width":331,"height":331},{"@type":"BreadcrumbList","@id":"https:\/\/repatransportbanden.nl\/es\/kunststof\/pu-rondsnaren-en-v-snaren\/#breadcrumb","itemListElement":[{"@type":"ListItem","position":1,"name":"Inicio","item":"https:\/\/repatransportbanden.nl\/es\/"},{"@type":"ListItem","position":2,"name":"Pl\u00e1stico","item":"https:\/\/repatransportbanden.tempurl.host\/es\/kunststof\/"},{"@type":"ListItem","position":3,"name":"Cordones redondos de PU y cordones trapezodales"}]},{"@type":"WebSite","@id":"https:\/\/repatransportbanden.tempurl.host\/#website","url":"https:\/\/repatransportbanden.tempurl.host\/","name":"repatransportbanden.nl","description":"","potentialAction":[{"@type":"SearchAction","target":{"@type":"EntryPoint","urlTemplate":"https:\/\/repatransportbanden.tempurl.host\/?s={search_term_string}"},"query-input":{"@type":"PropertyValueSpecification","valueRequired":true,"valueName":"search_term_string"}}],"inLanguage":"es"}]}},"_links":{"self":[{"href":"https:\/\/repatransportbanden.nl\/es\/wp-json\/wp\/v2\/pages\/1575","targetHints":{"allow":["GET"]}}],"collection":[{"href":"https:\/\/repatransportbanden.nl\/es\/wp-json\/wp\/v2\/pages"}],"about":[{"href":"https:\/\/repatransportbanden.nl\/es\/wp-json\/wp\/v2\/types\/page"}],"author":[{"embeddable":true,"href":"https:\/\/repatransportbanden.nl\/es\/wp-json\/wp\/v2\/users\/2"}],"replies":[{"embeddable":true,"href":"https:\/\/repatransportbanden.nl\/es\/wp-json\/wp\/v2\/comments?post=1575"}],"version-history":[{"count":2,"href":"https:\/\/repatransportbanden.nl\/es\/wp-json\/wp\/v2\/pages\/1575\/revisions"}],"predecessor-version":[{"id":3300,"href":"https:\/\/repatransportbanden.nl\/es\/wp-json\/wp\/v2\/pages\/1575\/revisions\/3300"}],"up":[{"embeddable":true,"href":"https:\/\/repatransportbanden.nl\/es\/wp-json\/wp\/v2\/pages\/1520"}],"wp:featuredmedia":[{"embeddable":true,"href":"https:\/\/repatransportbanden.nl\/es\/wp-json\/wp\/v2\/media\/5092"}],"wp:attachment":[{"href":"https:\/\/repatransportbanden.nl\/es\/wp-json\/wp\/v2\/media?parent=1575"}],"curies":[{"name":"wp","href":"https:\/\/api.w.org\/{rel}","templated":true}]}}