{"id":1569,"date":"2021-12-16T08:40:16","date_gmt":"2021-12-16T07:40:16","guid":{"rendered":"https:\/\/repatransportbanden.nl\/kunststof\/heavy-duty-pu-transportband\/"},"modified":"2025-06-17T16:51:17","modified_gmt":"2025-06-17T14:51:17","slug":"heavy-duty-pu-transportband","status":"publish","type":"page","link":"https:\/\/repatransportbanden.nl\/es\/kunststof\/heavy-duty-pu-transportband\/","title":{"rendered":"Bandas de PU extremadamente resistentes al desgasteBandas transportadoras de PU Heavy Duty \u2013 resistentes, duraderas y listas para condiciones extremasBandas de PU extremadamente resistentes al desgaste"},"content":{"rendered":"\n<p><\/p>\n\n\n\n<p>Para las aplicaciones m\u00e1s exigentes \u2014como el <strong>reciclaje de acero, residuos de construcci\u00f3n y demolici\u00f3n, o el transporte de basura dom\u00e9stica<\/strong>\u2014 REPA ha desarrollado su propia banda transportadora Heavy Duty: la <strong>1SW 24m-2 B\/PU con carcasa tejida s\u00f3lida<\/strong>. Dise\u00f1ada para ofrecer una larga vida \u00fatil, un rendimiento fiable y un entorno de trabajo limpio.<\/p>\n\n\n\n<p><strong>Desarrollo exclusivo de REPA: 1SW 24m-2 B\/PU con carcasa tejida s\u00f3lida<\/strong><\/p>\n\n\n\n<p>Esta banda combina una <strong>estructura tejida s\u00f3lida de alta resistencia<\/strong> con un <strong>revestimiento superior grueso de PU<\/strong>. Sus principales ventajas:<\/p>\n\n\n\n<ul class=\"wp-block-list\">\n<li><strong>Altamente resistente al corte y al desgaste<\/strong><\/li>\n\n\n\n<li><strong>Resistente a aceites y grasas<\/strong><\/li>\n\n\n\n<li><strong>Superficie antiadherente<\/strong>, que evita la acumulaci\u00f3n de residuos en la banda y alrededor del transportador<\/li>\n\n\n\n<li><strong>Alta resistencia al impacto<\/strong>, ideal para materiales afilados, h\u00famedos o de gran volumen<\/li>\n\n\n\n<li><strong>Excelente estabilidad direccional<\/strong>, incluso en anchos mayores<\/li>\n<\/ul>\n\n\n\n<p>Mira el video en esta p\u00e1gina para ver el rendimiento real de esta banda en acci\u00f3n.<\/p>\n\n\n\n<p><strong>Tambi\u00e9n disponible en stock<\/strong><\/p>\n\n\n\n<p>Adem\u00e1s del modelo 1SW 24m-2 B\/PU, REPA ofrece una gama completa de bandas Heavy Duty con revestimiento de PU, todas <strong>disponibles directamente en stock<\/strong>. Estas versiones cuentan con una <strong>estructura estable en anchura<\/strong>, ideal para bandas m\u00e1s anchas:<\/p>\n\n\n\n<ul class=\"wp-block-list\">\n<li><strong>2MHA 20m-2 B\/PU\/PVC<\/strong> \u2013 con capas intermedias de absorci\u00f3n de impacto y gran estabilidad<\/li>\n\n\n\n<li><strong>2MH 15-2 TR\/PU\/PVC<\/strong> \u2013 versi\u00f3n vers\u00e1til con revestimiento de PU transparente<\/li>\n\n\n\n<li><strong>2MHA 15-2 B\/PU\/PVC<\/strong> \u2013 soluci\u00f3n resistente y estable para uso industrial intensivo<\/li>\n\n\n\n<li><strong>3MHA 20m-2 B\/PU\/PVC<\/strong> \u2013 versi\u00f3n extrarresistente con triple capa de refuerzo<\/li>\n\n\n\n<li><strong>1SW 20-2 R\/PU<\/strong> \u2013 variante con revestimiento superior rojo de PU<\/li>\n<\/ul>\n\n\n\n<p><strong>Listas para usar de inmediato<\/strong><\/p>\n\n\n\n<p>Todas nuestras bandas transportadoras de PU Heavy Duty est\u00e1n disponibles directamente desde stock. Contacta con nuestro equipo para obtener asesoramiento personalizado y entrega r\u00e1pida.<\/p>\n\n\n\n<div class=\"wp-block-columns is-layout-flex wp-container-core-columns-is-layout-9d6595d7 wp-block-columns-is-layout-flex\">\n<div class=\"wp-block-column is-layout-flow wp-block-column-is-layout-flow\">\n<figure class=\"wp-block-video\"><video width=\"920\" height=\"580\" controls src=\"https:\/\/repatransportbanden.nl\/wp-content\/uploads\/2025\/06\/6927d013-416c-4ed7-8777-e94edf2efafc.mp4\"><\/video><\/figure>\n<\/div>\n\n\n\n<div class=\"wp-block-column is-layout-flow wp-block-column-is-layout-flow\">\n<figure class=\"wp-block-video\"><video width=\"920\" height=\"580\" controls src=\"https:\/\/repatransportbanden.nl\/wp-content\/uploads\/2025\/06\/334fa129-8100-4374-96da-f0f7e04e17ff.mp4\"><\/video><\/figure>\n<\/div>\n<\/div>\n","protected":false},"excerpt":{"rendered":"<p>Para las aplicaciones m\u00e1s exigentes \u2014como el reciclaje de acero, residuos de construcci\u00f3n y demolici\u00f3n, o el transporte de basura dom\u00e9stica\u2014 REPA ha desarrollado su propia banda transportadora Heavy Duty: la 1SW 24m-2 B\/PU con carcasa tejida s\u00f3lida. Dise\u00f1ada para ofrecer una larga vida \u00fatil, un rendimiento fiable y un entorno de trabajo limpio. Desarrollo&hellip; <a class=\"more-link\" href=\"https:\/\/repatransportbanden.nl\/es\/kunststof\/heavy-duty-pu-transportband\/\">Continue reading <span class=\"screen-reader-text\">Bandas de PU extremadamente resistentes al desgasteBandas transportadoras de PU Heavy Duty \u2013 resistentes, duraderas y listas para condiciones extremasBandas de PU extremadamente resistentes al desgaste<\/span><\/a><\/p>\n","protected":false},"author":2,"featured_media":949,"parent":1520,"menu_order":0,"comment_status":"closed","ping_status":"closed","template":"templates\/template-service.php","meta":{"_acf_changed":false,"footnotes":""},"class_list":["post-1569","page","type-page","status-publish","has-post-thumbnail","hentry","entry"],"acf":[],"yoast_head":"<!-- This site is optimized with the Yoast SEO plugin v27.3 - https:\/\/yoast.com\/product\/yoast-seo-wordpress\/ -->\n<title>Bandas de PU extremadamente resistentes al desgasteBandas transportadoras de PU Heavy Duty \u2013 resistentes, duraderas y listas para condiciones extremasBandas de PU extremadamente resistentes al desgaste - repatransportbanden.nl<\/title>\n<meta name=\"robots\" content=\"index, follow, max-snippet:-1, max-image-preview:large, max-video-preview:-1\" \/>\n<link rel=\"canonical\" href=\"https:\/\/repatransportbanden.nl\/es\/kunststof\/heavy-duty-pu-transportband\/\" \/>\n<meta property=\"og:locale\" content=\"es_ES\" \/>\n<meta property=\"og:type\" content=\"article\" \/>\n<meta property=\"og:title\" content=\"Bandas de PU extremadamente resistentes al desgasteBandas transportadoras de PU Heavy Duty \u2013 resistentes, duraderas y listas para condiciones extremasBandas de PU extremadamente resistentes al desgaste - repatransportbanden.nl\" \/>\n<meta property=\"og:description\" content=\"Para las aplicaciones m\u00e1s exigentes \u2014como el reciclaje de acero, residuos de construcci\u00f3n y demolici\u00f3n, o el transporte de basura dom\u00e9stica\u2014 REPA ha desarrollado su propia banda transportadora Heavy Duty: la 1SW 24m-2 B\/PU con carcasa tejida s\u00f3lida. Dise\u00f1ada para ofrecer una larga vida \u00fatil, un rendimiento fiable y un entorno de trabajo limpio. Desarrollo&hellip; Continue reading Bandas de PU extremadamente resistentes al desgasteBandas transportadoras de PU Heavy Duty \u2013 resistentes, duraderas y listas para condiciones extremasBandas de PU extremadamente resistentes al desgaste\" \/>\n<meta property=\"og:url\" content=\"https:\/\/repatransportbanden.nl\/es\/kunststof\/heavy-duty-pu-transportband\/\" \/>\n<meta property=\"og:site_name\" content=\"repatransportbanden.nl\" \/>\n<meta property=\"article:modified_time\" content=\"2025-06-17T14:51:17+00:00\" \/>\n<meta property=\"og:image\" content=\"https:\/\/repatransportbanden.nl\/wp-content\/uploads\/2021\/12\/transportbandensmallimg2.jpg\" \/>\n\t<meta property=\"og:image:width\" content=\"331\" \/>\n\t<meta property=\"og:image:height\" content=\"331\" \/>\n\t<meta property=\"og:image:type\" content=\"image\/jpeg\" \/>\n<meta name=\"twitter:card\" content=\"summary_large_image\" \/>\n<meta name=\"twitter:label1\" content=\"Tiempo de lectura\" \/>\n\t<meta name=\"twitter:data1\" content=\"2 minutos\" \/>\n<script type=\"application\/ld+json\" class=\"yoast-schema-graph\">{\"@context\":\"https:\\\/\\\/schema.org\",\"@graph\":[{\"@type\":\"WebPage\",\"@id\":\"https:\\\/\\\/repatransportbanden.nl\\\/es\\\/kunststof\\\/heavy-duty-pu-transportband\\\/\",\"url\":\"https:\\\/\\\/repatransportbanden.nl\\\/es\\\/kunststof\\\/heavy-duty-pu-transportband\\\/\",\"name\":\"Bandas de PU extremadamente resistentes al desgasteBandas transportadoras de PU Heavy Duty \u2013 resistentes, duraderas y listas para condiciones extremasBandas de PU extremadamente resistentes al desgaste - repatransportbanden.nl\",\"isPartOf\":{\"@id\":\"https:\\\/\\\/repatransportbanden.tempurl.host\\\/#website\"},\"primaryImageOfPage\":{\"@id\":\"https:\\\/\\\/repatransportbanden.nl\\\/es\\\/kunststof\\\/heavy-duty-pu-transportband\\\/#primaryimage\"},\"image\":{\"@id\":\"https:\\\/\\\/repatransportbanden.nl\\\/es\\\/kunststof\\\/heavy-duty-pu-transportband\\\/#primaryimage\"},\"thumbnailUrl\":\"https:\\\/\\\/repatransportbanden.nl\\\/wp-content\\\/uploads\\\/2021\\\/12\\\/transportbandensmallimg2.jpg\",\"datePublished\":\"2021-12-16T07:40:16+00:00\",\"dateModified\":\"2025-06-17T14:51:17+00:00\",\"breadcrumb\":{\"@id\":\"https:\\\/\\\/repatransportbanden.nl\\\/es\\\/kunststof\\\/heavy-duty-pu-transportband\\\/#breadcrumb\"},\"inLanguage\":\"es\",\"potentialAction\":[{\"@type\":\"ReadAction\",\"target\":[\"https:\\\/\\\/repatransportbanden.nl\\\/es\\\/kunststof\\\/heavy-duty-pu-transportband\\\/\"]}]},{\"@type\":\"ImageObject\",\"inLanguage\":\"es\",\"@id\":\"https:\\\/\\\/repatransportbanden.nl\\\/es\\\/kunststof\\\/heavy-duty-pu-transportband\\\/#primaryimage\",\"url\":\"https:\\\/\\\/repatransportbanden.nl\\\/wp-content\\\/uploads\\\/2021\\\/12\\\/transportbandensmallimg2.jpg\",\"contentUrl\":\"https:\\\/\\\/repatransportbanden.nl\\\/wp-content\\\/uploads\\\/2021\\\/12\\\/transportbandensmallimg2.jpg\",\"width\":331,\"height\":331},{\"@type\":\"BreadcrumbList\",\"@id\":\"https:\\\/\\\/repatransportbanden.nl\\\/es\\\/kunststof\\\/heavy-duty-pu-transportband\\\/#breadcrumb\",\"itemListElement\":[{\"@type\":\"ListItem\",\"position\":1,\"name\":\"Inicio\",\"item\":\"https:\\\/\\\/repatransportbanden.nl\\\/es\\\/\"},{\"@type\":\"ListItem\",\"position\":2,\"name\":\"Pl\u00e1stico\",\"item\":\"https:\\\/\\\/repatransportbanden.tempurl.host\\\/es\\\/kunststof\\\/\"},{\"@type\":\"ListItem\",\"position\":3,\"name\":\"Bandas de PU extremadamente resistentes al desgasteBandas transportadoras de PU Heavy Duty \u2013 resistentes, duraderas y listas para condiciones extremasBandas de PU extremadamente resistentes al desgaste\"}]},{\"@type\":\"WebSite\",\"@id\":\"https:\\\/\\\/repatransportbanden.tempurl.host\\\/#website\",\"url\":\"https:\\\/\\\/repatransportbanden.tempurl.host\\\/\",\"name\":\"repatransportbanden.nl\",\"description\":\"\",\"potentialAction\":[{\"@type\":\"SearchAction\",\"target\":{\"@type\":\"EntryPoint\",\"urlTemplate\":\"https:\\\/\\\/repatransportbanden.tempurl.host\\\/?s={search_term_string}\"},\"query-input\":{\"@type\":\"PropertyValueSpecification\",\"valueRequired\":true,\"valueName\":\"search_term_string\"}}],\"inLanguage\":\"es\"}]}<\/script>\n<!-- \/ Yoast SEO plugin. -->","yoast_head_json":{"title":"Bandas de PU extremadamente resistentes al desgasteBandas transportadoras de PU Heavy Duty \u2013 resistentes, duraderas y listas para condiciones extremasBandas de PU extremadamente resistentes al desgaste - repatransportbanden.nl","robots":{"index":"index","follow":"follow","max-snippet":"max-snippet:-1","max-image-preview":"max-image-preview:large","max-video-preview":"max-video-preview:-1"},"canonical":"https:\/\/repatransportbanden.nl\/es\/kunststof\/heavy-duty-pu-transportband\/","og_locale":"es_ES","og_type":"article","og_title":"Bandas de PU extremadamente resistentes al desgasteBandas transportadoras de PU Heavy Duty \u2013 resistentes, duraderas y listas para condiciones extremasBandas de PU extremadamente resistentes al desgaste - repatransportbanden.nl","og_description":"Para las aplicaciones m\u00e1s exigentes \u2014como el reciclaje de acero, residuos de construcci\u00f3n y demolici\u00f3n, o el transporte de basura dom\u00e9stica\u2014 REPA ha desarrollado su propia banda transportadora Heavy Duty: la 1SW 24m-2 B\/PU con carcasa tejida s\u00f3lida. Dise\u00f1ada para ofrecer una larga vida \u00fatil, un rendimiento fiable y un entorno de trabajo limpio. Desarrollo&hellip; Continue reading Bandas de PU extremadamente resistentes al desgasteBandas transportadoras de PU Heavy Duty \u2013 resistentes, duraderas y listas para condiciones extremasBandas de PU extremadamente resistentes al desgaste","og_url":"https:\/\/repatransportbanden.nl\/es\/kunststof\/heavy-duty-pu-transportband\/","og_site_name":"repatransportbanden.nl","article_modified_time":"2025-06-17T14:51:17+00:00","og_image":[{"width":331,"height":331,"url":"https:\/\/repatransportbanden.nl\/wp-content\/uploads\/2021\/12\/transportbandensmallimg2.jpg","type":"image\/jpeg"}],"twitter_card":"summary_large_image","twitter_misc":{"Tiempo de lectura":"2 minutos"},"schema":{"@context":"https:\/\/schema.org","@graph":[{"@type":"WebPage","@id":"https:\/\/repatransportbanden.nl\/es\/kunststof\/heavy-duty-pu-transportband\/","url":"https:\/\/repatransportbanden.nl\/es\/kunststof\/heavy-duty-pu-transportband\/","name":"Bandas de PU extremadamente resistentes al desgasteBandas transportadoras de PU Heavy Duty \u2013 resistentes, duraderas y listas para condiciones extremasBandas de PU extremadamente resistentes al desgaste - repatransportbanden.nl","isPartOf":{"@id":"https:\/\/repatransportbanden.tempurl.host\/#website"},"primaryImageOfPage":{"@id":"https:\/\/repatransportbanden.nl\/es\/kunststof\/heavy-duty-pu-transportband\/#primaryimage"},"image":{"@id":"https:\/\/repatransportbanden.nl\/es\/kunststof\/heavy-duty-pu-transportband\/#primaryimage"},"thumbnailUrl":"https:\/\/repatransportbanden.nl\/wp-content\/uploads\/2021\/12\/transportbandensmallimg2.jpg","datePublished":"2021-12-16T07:40:16+00:00","dateModified":"2025-06-17T14:51:17+00:00","breadcrumb":{"@id":"https:\/\/repatransportbanden.nl\/es\/kunststof\/heavy-duty-pu-transportband\/#breadcrumb"},"inLanguage":"es","potentialAction":[{"@type":"ReadAction","target":["https:\/\/repatransportbanden.nl\/es\/kunststof\/heavy-duty-pu-transportband\/"]}]},{"@type":"ImageObject","inLanguage":"es","@id":"https:\/\/repatransportbanden.nl\/es\/kunststof\/heavy-duty-pu-transportband\/#primaryimage","url":"https:\/\/repatransportbanden.nl\/wp-content\/uploads\/2021\/12\/transportbandensmallimg2.jpg","contentUrl":"https:\/\/repatransportbanden.nl\/wp-content\/uploads\/2021\/12\/transportbandensmallimg2.jpg","width":331,"height":331},{"@type":"BreadcrumbList","@id":"https:\/\/repatransportbanden.nl\/es\/kunststof\/heavy-duty-pu-transportband\/#breadcrumb","itemListElement":[{"@type":"ListItem","position":1,"name":"Inicio","item":"https:\/\/repatransportbanden.nl\/es\/"},{"@type":"ListItem","position":2,"name":"Pl\u00e1stico","item":"https:\/\/repatransportbanden.tempurl.host\/es\/kunststof\/"},{"@type":"ListItem","position":3,"name":"Bandas de PU extremadamente resistentes al desgasteBandas transportadoras de PU Heavy Duty \u2013 resistentes, duraderas y listas para condiciones extremasBandas de PU extremadamente resistentes al desgaste"}]},{"@type":"WebSite","@id":"https:\/\/repatransportbanden.tempurl.host\/#website","url":"https:\/\/repatransportbanden.tempurl.host\/","name":"repatransportbanden.nl","description":"","potentialAction":[{"@type":"SearchAction","target":{"@type":"EntryPoint","urlTemplate":"https:\/\/repatransportbanden.tempurl.host\/?s={search_term_string}"},"query-input":{"@type":"PropertyValueSpecification","valueRequired":true,"valueName":"search_term_string"}}],"inLanguage":"es"}]}},"_links":{"self":[{"href":"https:\/\/repatransportbanden.nl\/es\/wp-json\/wp\/v2\/pages\/1569","targetHints":{"allow":["GET"]}}],"collection":[{"href":"https:\/\/repatransportbanden.nl\/es\/wp-json\/wp\/v2\/pages"}],"about":[{"href":"https:\/\/repatransportbanden.nl\/es\/wp-json\/wp\/v2\/types\/page"}],"author":[{"embeddable":true,"href":"https:\/\/repatransportbanden.nl\/es\/wp-json\/wp\/v2\/users\/2"}],"replies":[{"embeddable":true,"href":"https:\/\/repatransportbanden.nl\/es\/wp-json\/wp\/v2\/comments?post=1569"}],"version-history":[{"count":4,"href":"https:\/\/repatransportbanden.nl\/es\/wp-json\/wp\/v2\/pages\/1569\/revisions"}],"predecessor-version":[{"id":15535,"href":"https:\/\/repatransportbanden.nl\/es\/wp-json\/wp\/v2\/pages\/1569\/revisions\/15535"}],"up":[{"embeddable":true,"href":"https:\/\/repatransportbanden.nl\/es\/wp-json\/wp\/v2\/pages\/1520"}],"wp:featuredmedia":[{"embeddable":true,"href":"https:\/\/repatransportbanden.nl\/es\/wp-json\/wp\/v2\/media\/949"}],"wp:attachment":[{"href":"https:\/\/repatransportbanden.nl\/es\/wp-json\/wp\/v2\/media?parent=1569"}],"curies":[{"name":"wp","href":"https:\/\/api.w.org\/{rel}","templated":true}]}}