{"id":1563,"date":"2021-12-16T08:37:56","date_gmt":"2021-12-16T07:37:56","guid":{"rendered":"https:\/\/repatransportbanden.nl\/kunststof\/golfrandbanden\/"},"modified":"2022-01-18T15:12:17","modified_gmt":"2022-01-18T14:12:17","slug":"golfrandbanden","status":"publish","type":"page","link":"https:\/\/repatransportbanden.nl\/es\/kunststof\/golfrandbanden\/","title":{"rendered":"Bandas transportadoras de bordes ondulados"},"content":{"rendered":"\n<p>Las bandas transportadoras de bordes ondulados son muy eficaces. Son robustas, equilibradas y pueden transportar muchos productos bajo un \u00e1ngulo amplio. REPA entrega la banda de bordes ondulados que usted necesita, completamente hecha a medida.<\/p>\n\n\n\n<p>Las bandas de bordes ondulados tienen muchas ventajas. Con estas bandas &nbsp;se puede transportar todo en la misma banda. Adem\u00e1s, casi nunca hace falta realizar mantenimiento de las bandas, ya que los bordes ondulados forman una sola unidad con la banda y, por lo tanto, hay muchas menos piezas m\u00f3viles en total.<\/p>\n\n\n\n<p>El posible \u00e1ngulo de 90 grados significa que se requiere poca fuerza para (hacer) mover la banda. La direcci\u00f3n vertical de transporte tambi\u00e9n permite aprovechar mejor la superficie disponible.<\/p>\n\n\n\n<p>Las bandas de bordes ondulados constan de varios componentes. El componente principal es la propia banda, que puede ser transversal, ST, EP o CP. Se suele elegir una banda transversal estable porque, naturalmente, es muy estable. A continuaci\u00f3n, esta banda b\u00e1sica est\u00e1 provista de transportadores y bordes ondulados. &nbsp;&nbsp;<\/p>\n\n\n\n<p>Gracias a nuestros abundantes conocimientos, experiencia y existencias, podemos fabricar cualquier tipo de banda de bordes ondulados para usted.<\/p>\n","protected":false},"excerpt":{"rendered":"<p>Las bandas transportadoras de bordes ondulados son muy eficaces. Son robustas, equilibradas y pueden transportar muchos productos bajo un \u00e1ngulo amplio. REPA entrega la banda de bordes ondulados que usted necesita, completamente hecha a medida. Las bandas de bordes ondulados tienen muchas ventajas. Con estas bandas &nbsp;se puede transportar todo en la misma banda. Adem\u00e1s,&hellip; <a class=\"more-link\" href=\"https:\/\/repatransportbanden.nl\/es\/kunststof\/golfrandbanden\/\">Continue reading <span class=\"screen-reader-text\">Bandas transportadoras de bordes ondulados<\/span><\/a><\/p>\n","protected":false},"author":2,"featured_media":5085,"parent":1520,"menu_order":0,"comment_status":"closed","ping_status":"closed","template":"templates\/template-service.php","meta":{"_acf_changed":false,"footnotes":""},"class_list":["post-1563","page","type-page","status-publish","has-post-thumbnail","hentry","entry"],"acf":[],"yoast_head":"<!-- This site is optimized with the Yoast SEO plugin v27.3 - https:\/\/yoast.com\/product\/yoast-seo-wordpress\/ -->\n<title>Bandas transportadoras de bordes ondulados - repatransportbanden.nl<\/title>\n<meta name=\"robots\" content=\"index, follow, max-snippet:-1, max-image-preview:large, max-video-preview:-1\" \/>\n<link rel=\"canonical\" href=\"https:\/\/repatransportbanden.nl\/es\/kunststof\/golfrandbanden\/\" \/>\n<meta property=\"og:locale\" content=\"es_ES\" \/>\n<meta property=\"og:type\" content=\"article\" \/>\n<meta property=\"og:title\" content=\"Bandas transportadoras de bordes ondulados - repatransportbanden.nl\" \/>\n<meta property=\"og:description\" content=\"Las bandas transportadoras de bordes ondulados son muy eficaces. Son robustas, equilibradas y pueden transportar muchos productos bajo un \u00e1ngulo amplio. REPA entrega la banda de bordes ondulados que usted necesita, completamente hecha a medida. Las bandas de bordes ondulados tienen muchas ventajas. Con estas bandas &nbsp;se puede transportar todo en la misma banda. Adem\u00e1s,&hellip; Continue reading Bandas transportadoras de bordes ondulados\" \/>\n<meta property=\"og:url\" content=\"https:\/\/repatransportbanden.nl\/es\/kunststof\/golfrandbanden\/\" \/>\n<meta property=\"og:site_name\" content=\"repatransportbanden.nl\" \/>\n<meta property=\"article:modified_time\" content=\"2022-01-18T14:12:17+00:00\" \/>\n<meta property=\"og:image\" content=\"https:\/\/repatransportbanden.tempurl.host\/wp-content\/uploads\/2021\/12\/transportbandensmallimg10.jpg\" \/>\n\t<meta property=\"og:image:width\" content=\"331\" \/>\n\t<meta property=\"og:image:height\" content=\"331\" \/>\n\t<meta property=\"og:image:type\" content=\"image\/jpeg\" \/>\n<meta name=\"twitter:card\" content=\"summary_large_image\" \/>\n<meta name=\"twitter:label1\" content=\"Tiempo de lectura\" \/>\n\t<meta name=\"twitter:data1\" content=\"1 minuto\" \/>\n<script type=\"application\/ld+json\" class=\"yoast-schema-graph\">{\"@context\":\"https:\\\/\\\/schema.org\",\"@graph\":[{\"@type\":\"WebPage\",\"@id\":\"https:\\\/\\\/repatransportbanden.nl\\\/es\\\/kunststof\\\/golfrandbanden\\\/\",\"url\":\"https:\\\/\\\/repatransportbanden.nl\\\/es\\\/kunststof\\\/golfrandbanden\\\/\",\"name\":\"Bandas transportadoras de bordes ondulados - repatransportbanden.nl\",\"isPartOf\":{\"@id\":\"https:\\\/\\\/repatransportbanden.tempurl.host\\\/#website\"},\"primaryImageOfPage\":{\"@id\":\"https:\\\/\\\/repatransportbanden.nl\\\/es\\\/kunststof\\\/golfrandbanden\\\/#primaryimage\"},\"image\":{\"@id\":\"https:\\\/\\\/repatransportbanden.nl\\\/es\\\/kunststof\\\/golfrandbanden\\\/#primaryimage\"},\"thumbnailUrl\":\"https:\\\/\\\/repatransportbanden.nl\\\/wp-content\\\/uploads\\\/2022\\\/02\\\/golf.png\",\"datePublished\":\"2021-12-16T07:37:56+00:00\",\"dateModified\":\"2022-01-18T14:12:17+00:00\",\"breadcrumb\":{\"@id\":\"https:\\\/\\\/repatransportbanden.nl\\\/es\\\/kunststof\\\/golfrandbanden\\\/#breadcrumb\"},\"inLanguage\":\"es\",\"potentialAction\":[{\"@type\":\"ReadAction\",\"target\":[\"https:\\\/\\\/repatransportbanden.nl\\\/es\\\/kunststof\\\/golfrandbanden\\\/\"]}]},{\"@type\":\"ImageObject\",\"inLanguage\":\"es\",\"@id\":\"https:\\\/\\\/repatransportbanden.nl\\\/es\\\/kunststof\\\/golfrandbanden\\\/#primaryimage\",\"url\":\"https:\\\/\\\/repatransportbanden.nl\\\/wp-content\\\/uploads\\\/2022\\\/02\\\/golf.png\",\"contentUrl\":\"https:\\\/\\\/repatransportbanden.nl\\\/wp-content\\\/uploads\\\/2022\\\/02\\\/golf.png\",\"width\":331,\"height\":331},{\"@type\":\"BreadcrumbList\",\"@id\":\"https:\\\/\\\/repatransportbanden.nl\\\/es\\\/kunststof\\\/golfrandbanden\\\/#breadcrumb\",\"itemListElement\":[{\"@type\":\"ListItem\",\"position\":1,\"name\":\"Inicio\",\"item\":\"https:\\\/\\\/repatransportbanden.nl\\\/es\\\/\"},{\"@type\":\"ListItem\",\"position\":2,\"name\":\"Pl\u00e1stico\",\"item\":\"https:\\\/\\\/repatransportbanden.tempurl.host\\\/es\\\/kunststof\\\/\"},{\"@type\":\"ListItem\",\"position\":3,\"name\":\"Bandas transportadoras de bordes ondulados\"}]},{\"@type\":\"WebSite\",\"@id\":\"https:\\\/\\\/repatransportbanden.tempurl.host\\\/#website\",\"url\":\"https:\\\/\\\/repatransportbanden.tempurl.host\\\/\",\"name\":\"repatransportbanden.nl\",\"description\":\"\",\"potentialAction\":[{\"@type\":\"SearchAction\",\"target\":{\"@type\":\"EntryPoint\",\"urlTemplate\":\"https:\\\/\\\/repatransportbanden.tempurl.host\\\/?s={search_term_string}\"},\"query-input\":{\"@type\":\"PropertyValueSpecification\",\"valueRequired\":true,\"valueName\":\"search_term_string\"}}],\"inLanguage\":\"es\"}]}<\/script>\n<!-- \/ Yoast SEO plugin. -->","yoast_head_json":{"title":"Bandas transportadoras de bordes ondulados - repatransportbanden.nl","robots":{"index":"index","follow":"follow","max-snippet":"max-snippet:-1","max-image-preview":"max-image-preview:large","max-video-preview":"max-video-preview:-1"},"canonical":"https:\/\/repatransportbanden.nl\/es\/kunststof\/golfrandbanden\/","og_locale":"es_ES","og_type":"article","og_title":"Bandas transportadoras de bordes ondulados - repatransportbanden.nl","og_description":"Las bandas transportadoras de bordes ondulados son muy eficaces. Son robustas, equilibradas y pueden transportar muchos productos bajo un \u00e1ngulo amplio. REPA entrega la banda de bordes ondulados que usted necesita, completamente hecha a medida. Las bandas de bordes ondulados tienen muchas ventajas. Con estas bandas &nbsp;se puede transportar todo en la misma banda. Adem\u00e1s,&hellip; Continue reading Bandas transportadoras de bordes ondulados","og_url":"https:\/\/repatransportbanden.nl\/es\/kunststof\/golfrandbanden\/","og_site_name":"repatransportbanden.nl","article_modified_time":"2022-01-18T14:12:17+00:00","og_image":[{"width":331,"height":331,"url":"https:\/\/repatransportbanden.tempurl.host\/wp-content\/uploads\/2021\/12\/transportbandensmallimg10.jpg","type":"image\/jpeg"}],"twitter_card":"summary_large_image","twitter_misc":{"Tiempo de lectura":"1 minuto"},"schema":{"@context":"https:\/\/schema.org","@graph":[{"@type":"WebPage","@id":"https:\/\/repatransportbanden.nl\/es\/kunststof\/golfrandbanden\/","url":"https:\/\/repatransportbanden.nl\/es\/kunststof\/golfrandbanden\/","name":"Bandas transportadoras de bordes ondulados - repatransportbanden.nl","isPartOf":{"@id":"https:\/\/repatransportbanden.tempurl.host\/#website"},"primaryImageOfPage":{"@id":"https:\/\/repatransportbanden.nl\/es\/kunststof\/golfrandbanden\/#primaryimage"},"image":{"@id":"https:\/\/repatransportbanden.nl\/es\/kunststof\/golfrandbanden\/#primaryimage"},"thumbnailUrl":"https:\/\/repatransportbanden.nl\/wp-content\/uploads\/2022\/02\/golf.png","datePublished":"2021-12-16T07:37:56+00:00","dateModified":"2022-01-18T14:12:17+00:00","breadcrumb":{"@id":"https:\/\/repatransportbanden.nl\/es\/kunststof\/golfrandbanden\/#breadcrumb"},"inLanguage":"es","potentialAction":[{"@type":"ReadAction","target":["https:\/\/repatransportbanden.nl\/es\/kunststof\/golfrandbanden\/"]}]},{"@type":"ImageObject","inLanguage":"es","@id":"https:\/\/repatransportbanden.nl\/es\/kunststof\/golfrandbanden\/#primaryimage","url":"https:\/\/repatransportbanden.nl\/wp-content\/uploads\/2022\/02\/golf.png","contentUrl":"https:\/\/repatransportbanden.nl\/wp-content\/uploads\/2022\/02\/golf.png","width":331,"height":331},{"@type":"BreadcrumbList","@id":"https:\/\/repatransportbanden.nl\/es\/kunststof\/golfrandbanden\/#breadcrumb","itemListElement":[{"@type":"ListItem","position":1,"name":"Inicio","item":"https:\/\/repatransportbanden.nl\/es\/"},{"@type":"ListItem","position":2,"name":"Pl\u00e1stico","item":"https:\/\/repatransportbanden.tempurl.host\/es\/kunststof\/"},{"@type":"ListItem","position":3,"name":"Bandas transportadoras de bordes ondulados"}]},{"@type":"WebSite","@id":"https:\/\/repatransportbanden.tempurl.host\/#website","url":"https:\/\/repatransportbanden.tempurl.host\/","name":"repatransportbanden.nl","description":"","potentialAction":[{"@type":"SearchAction","target":{"@type":"EntryPoint","urlTemplate":"https:\/\/repatransportbanden.tempurl.host\/?s={search_term_string}"},"query-input":{"@type":"PropertyValueSpecification","valueRequired":true,"valueName":"search_term_string"}}],"inLanguage":"es"}]}},"_links":{"self":[{"href":"https:\/\/repatransportbanden.nl\/es\/wp-json\/wp\/v2\/pages\/1563","targetHints":{"allow":["GET"]}}],"collection":[{"href":"https:\/\/repatransportbanden.nl\/es\/wp-json\/wp\/v2\/pages"}],"about":[{"href":"https:\/\/repatransportbanden.nl\/es\/wp-json\/wp\/v2\/types\/page"}],"author":[{"embeddable":true,"href":"https:\/\/repatransportbanden.nl\/es\/wp-json\/wp\/v2\/users\/2"}],"replies":[{"embeddable":true,"href":"https:\/\/repatransportbanden.nl\/es\/wp-json\/wp\/v2\/comments?post=1563"}],"version-history":[{"count":5,"href":"https:\/\/repatransportbanden.nl\/es\/wp-json\/wp\/v2\/pages\/1563\/revisions"}],"predecessor-version":[{"id":4579,"href":"https:\/\/repatransportbanden.nl\/es\/wp-json\/wp\/v2\/pages\/1563\/revisions\/4579"}],"up":[{"embeddable":true,"href":"https:\/\/repatransportbanden.nl\/es\/wp-json\/wp\/v2\/pages\/1520"}],"wp:featuredmedia":[{"embeddable":true,"href":"https:\/\/repatransportbanden.nl\/es\/wp-json\/wp\/v2\/media\/5085"}],"wp:attachment":[{"href":"https:\/\/repatransportbanden.nl\/es\/wp-json\/wp\/v2\/media?parent=1563"}],"curies":[{"name":"wp","href":"https:\/\/api.w.org\/{rel}","templated":true}]}}