{"id":1555,"date":"2021-12-16T08:36:14","date_gmt":"2021-12-16T07:36:14","guid":{"rendered":"https:\/\/repatransportbanden.nl\/kunststof\/gaasbanden\/"},"modified":"2022-01-04T10:49:54","modified_gmt":"2022-01-04T09:49:54","slug":"gaasbanden","status":"publish","type":"page","link":"https:\/\/repatransportbanden.nl\/es\/kunststof\/gaasbanden\/","title":{"rendered":"Bandas de malla"},"content":{"rendered":"\n<p>Nuestras bandas de malla de poli\u00e9ster son sumamente adecuadas para el transporte de productos alimenticios y cumplen plenamente con la normativa de la UE y de la FDA\/USDA. Las bandas de malla son resistentes al desgaste, tienen buenas caracter\u00edsticas de direcci\u00f3n y son resistentes al aceite y a la grasa. Las bandas de malla tambi\u00e9n se utilizan en las m\u00e1quinas de enjuague, por ejemplo para bulbos de flores, patatas, cebollas, frutas, etc.<\/p>\n\n\n\n<p>Las bandas de malla se fabrican por encargo. Esto, por supuesto, tiene que ver con la aplicaci\u00f3n, el producto a transportar y las circunstancias. El paso de la malla es esencial, por lo que este componente est\u00e1 disponible en varias aberturas. Las bandas de malla pueden reforzarse con bordes longitudinales y transversales de PVC\/PU o PE. Por supuesto, en REPA podemos fabricar las bandas completamente con transportadores, cordones conductores, bordes de derrame, bordes ondulados, conectores, etc.<\/p>\n","protected":false},"excerpt":{"rendered":"<p>Nuestras bandas de malla de poli\u00e9ster son sumamente adecuadas para el transporte de productos alimenticios y cumplen plenamente con la normativa de la UE y de la FDA\/USDA. Las bandas de malla son resistentes al desgaste, tienen buenas caracter\u00edsticas de direcci\u00f3n y son resistentes al aceite y a la grasa. Las bandas de malla tambi\u00e9n&hellip; <a class=\"more-link\" href=\"https:\/\/repatransportbanden.nl\/es\/kunststof\/gaasbanden\/\">Continue reading <span class=\"screen-reader-text\">Bandas de malla<\/span><\/a><\/p>\n","protected":false},"author":2,"featured_media":5078,"parent":1520,"menu_order":0,"comment_status":"closed","ping_status":"closed","template":"templates\/template-service.php","meta":{"_acf_changed":false,"footnotes":""},"class_list":["post-1555","page","type-page","status-publish","has-post-thumbnail","hentry","entry"],"acf":[],"yoast_head":"<!-- This site is optimized with the Yoast SEO plugin v27.3 - https:\/\/yoast.com\/product\/yoast-seo-wordpress\/ -->\n<title>Bandas de malla - repatransportbanden.nl<\/title>\n<meta name=\"robots\" content=\"index, follow, max-snippet:-1, max-image-preview:large, max-video-preview:-1\" \/>\n<link rel=\"canonical\" href=\"https:\/\/repatransportbanden.nl\/es\/kunststof\/gaasbanden\/\" \/>\n<meta property=\"og:locale\" content=\"es_ES\" \/>\n<meta property=\"og:type\" content=\"article\" \/>\n<meta property=\"og:title\" content=\"Bandas de malla - repatransportbanden.nl\" \/>\n<meta property=\"og:description\" content=\"Nuestras bandas de malla de poli\u00e9ster son sumamente adecuadas para el transporte de productos alimenticios y cumplen plenamente con la normativa de la UE y de la FDA\/USDA. Las bandas de malla son resistentes al desgaste, tienen buenas caracter\u00edsticas de direcci\u00f3n y son resistentes al aceite y a la grasa. Las bandas de malla tambi\u00e9n&hellip; Continue reading Bandas de malla\" \/>\n<meta property=\"og:url\" content=\"https:\/\/repatransportbanden.nl\/es\/kunststof\/gaasbanden\/\" \/>\n<meta property=\"og:site_name\" content=\"repatransportbanden.nl\" \/>\n<meta property=\"article:modified_time\" content=\"2022-01-04T09:49:54+00:00\" \/>\n<meta property=\"og:image\" content=\"https:\/\/repatransportbanden.tempurl.host\/wp-content\/uploads\/2021\/12\/transportbandensmallimg7.jpg\" \/>\n\t<meta property=\"og:image:width\" content=\"331\" \/>\n\t<meta property=\"og:image:height\" content=\"331\" \/>\n\t<meta property=\"og:image:type\" content=\"image\/jpeg\" \/>\n<meta name=\"twitter:card\" content=\"summary_large_image\" \/>\n<meta name=\"twitter:label1\" content=\"Tiempo de lectura\" \/>\n\t<meta name=\"twitter:data1\" content=\"1 minuto\" \/>\n<script type=\"application\/ld+json\" class=\"yoast-schema-graph\">{\"@context\":\"https:\\\/\\\/schema.org\",\"@graph\":[{\"@type\":\"WebPage\",\"@id\":\"https:\\\/\\\/repatransportbanden.nl\\\/es\\\/kunststof\\\/gaasbanden\\\/\",\"url\":\"https:\\\/\\\/repatransportbanden.nl\\\/es\\\/kunststof\\\/gaasbanden\\\/\",\"name\":\"Bandas de malla - repatransportbanden.nl\",\"isPartOf\":{\"@id\":\"https:\\\/\\\/repatransportbanden.tempurl.host\\\/#website\"},\"primaryImageOfPage\":{\"@id\":\"https:\\\/\\\/repatransportbanden.nl\\\/es\\\/kunststof\\\/gaasbanden\\\/#primaryimage\"},\"image\":{\"@id\":\"https:\\\/\\\/repatransportbanden.nl\\\/es\\\/kunststof\\\/gaasbanden\\\/#primaryimage\"},\"thumbnailUrl\":\"https:\\\/\\\/repatransportbanden.nl\\\/wp-content\\\/uploads\\\/2022\\\/02\\\/gaas.png\",\"datePublished\":\"2021-12-16T07:36:14+00:00\",\"dateModified\":\"2022-01-04T09:49:54+00:00\",\"breadcrumb\":{\"@id\":\"https:\\\/\\\/repatransportbanden.nl\\\/es\\\/kunststof\\\/gaasbanden\\\/#breadcrumb\"},\"inLanguage\":\"es\",\"potentialAction\":[{\"@type\":\"ReadAction\",\"target\":[\"https:\\\/\\\/repatransportbanden.nl\\\/es\\\/kunststof\\\/gaasbanden\\\/\"]}]},{\"@type\":\"ImageObject\",\"inLanguage\":\"es\",\"@id\":\"https:\\\/\\\/repatransportbanden.nl\\\/es\\\/kunststof\\\/gaasbanden\\\/#primaryimage\",\"url\":\"https:\\\/\\\/repatransportbanden.nl\\\/wp-content\\\/uploads\\\/2022\\\/02\\\/gaas.png\",\"contentUrl\":\"https:\\\/\\\/repatransportbanden.nl\\\/wp-content\\\/uploads\\\/2022\\\/02\\\/gaas.png\",\"width\":331,\"height\":331},{\"@type\":\"BreadcrumbList\",\"@id\":\"https:\\\/\\\/repatransportbanden.nl\\\/es\\\/kunststof\\\/gaasbanden\\\/#breadcrumb\",\"itemListElement\":[{\"@type\":\"ListItem\",\"position\":1,\"name\":\"Inicio\",\"item\":\"https:\\\/\\\/repatransportbanden.nl\\\/es\\\/\"},{\"@type\":\"ListItem\",\"position\":2,\"name\":\"Pl\u00e1stico\",\"item\":\"https:\\\/\\\/repatransportbanden.tempurl.host\\\/es\\\/kunststof\\\/\"},{\"@type\":\"ListItem\",\"position\":3,\"name\":\"Bandas de malla\"}]},{\"@type\":\"WebSite\",\"@id\":\"https:\\\/\\\/repatransportbanden.tempurl.host\\\/#website\",\"url\":\"https:\\\/\\\/repatransportbanden.tempurl.host\\\/\",\"name\":\"repatransportbanden.nl\",\"description\":\"\",\"potentialAction\":[{\"@type\":\"SearchAction\",\"target\":{\"@type\":\"EntryPoint\",\"urlTemplate\":\"https:\\\/\\\/repatransportbanden.tempurl.host\\\/?s={search_term_string}\"},\"query-input\":{\"@type\":\"PropertyValueSpecification\",\"valueRequired\":true,\"valueName\":\"search_term_string\"}}],\"inLanguage\":\"es\"}]}<\/script>\n<!-- \/ Yoast SEO plugin. -->","yoast_head_json":{"title":"Bandas de malla - repatransportbanden.nl","robots":{"index":"index","follow":"follow","max-snippet":"max-snippet:-1","max-image-preview":"max-image-preview:large","max-video-preview":"max-video-preview:-1"},"canonical":"https:\/\/repatransportbanden.nl\/es\/kunststof\/gaasbanden\/","og_locale":"es_ES","og_type":"article","og_title":"Bandas de malla - repatransportbanden.nl","og_description":"Nuestras bandas de malla de poli\u00e9ster son sumamente adecuadas para el transporte de productos alimenticios y cumplen plenamente con la normativa de la UE y de la FDA\/USDA. Las bandas de malla son resistentes al desgaste, tienen buenas caracter\u00edsticas de direcci\u00f3n y son resistentes al aceite y a la grasa. Las bandas de malla tambi\u00e9n&hellip; Continue reading Bandas de malla","og_url":"https:\/\/repatransportbanden.nl\/es\/kunststof\/gaasbanden\/","og_site_name":"repatransportbanden.nl","article_modified_time":"2022-01-04T09:49:54+00:00","og_image":[{"width":331,"height":331,"url":"https:\/\/repatransportbanden.tempurl.host\/wp-content\/uploads\/2021\/12\/transportbandensmallimg7.jpg","type":"image\/jpeg"}],"twitter_card":"summary_large_image","twitter_misc":{"Tiempo de lectura":"1 minuto"},"schema":{"@context":"https:\/\/schema.org","@graph":[{"@type":"WebPage","@id":"https:\/\/repatransportbanden.nl\/es\/kunststof\/gaasbanden\/","url":"https:\/\/repatransportbanden.nl\/es\/kunststof\/gaasbanden\/","name":"Bandas de malla - repatransportbanden.nl","isPartOf":{"@id":"https:\/\/repatransportbanden.tempurl.host\/#website"},"primaryImageOfPage":{"@id":"https:\/\/repatransportbanden.nl\/es\/kunststof\/gaasbanden\/#primaryimage"},"image":{"@id":"https:\/\/repatransportbanden.nl\/es\/kunststof\/gaasbanden\/#primaryimage"},"thumbnailUrl":"https:\/\/repatransportbanden.nl\/wp-content\/uploads\/2022\/02\/gaas.png","datePublished":"2021-12-16T07:36:14+00:00","dateModified":"2022-01-04T09:49:54+00:00","breadcrumb":{"@id":"https:\/\/repatransportbanden.nl\/es\/kunststof\/gaasbanden\/#breadcrumb"},"inLanguage":"es","potentialAction":[{"@type":"ReadAction","target":["https:\/\/repatransportbanden.nl\/es\/kunststof\/gaasbanden\/"]}]},{"@type":"ImageObject","inLanguage":"es","@id":"https:\/\/repatransportbanden.nl\/es\/kunststof\/gaasbanden\/#primaryimage","url":"https:\/\/repatransportbanden.nl\/wp-content\/uploads\/2022\/02\/gaas.png","contentUrl":"https:\/\/repatransportbanden.nl\/wp-content\/uploads\/2022\/02\/gaas.png","width":331,"height":331},{"@type":"BreadcrumbList","@id":"https:\/\/repatransportbanden.nl\/es\/kunststof\/gaasbanden\/#breadcrumb","itemListElement":[{"@type":"ListItem","position":1,"name":"Inicio","item":"https:\/\/repatransportbanden.nl\/es\/"},{"@type":"ListItem","position":2,"name":"Pl\u00e1stico","item":"https:\/\/repatransportbanden.tempurl.host\/es\/kunststof\/"},{"@type":"ListItem","position":3,"name":"Bandas de malla"}]},{"@type":"WebSite","@id":"https:\/\/repatransportbanden.tempurl.host\/#website","url":"https:\/\/repatransportbanden.tempurl.host\/","name":"repatransportbanden.nl","description":"","potentialAction":[{"@type":"SearchAction","target":{"@type":"EntryPoint","urlTemplate":"https:\/\/repatransportbanden.tempurl.host\/?s={search_term_string}"},"query-input":{"@type":"PropertyValueSpecification","valueRequired":true,"valueName":"search_term_string"}}],"inLanguage":"es"}]}},"_links":{"self":[{"href":"https:\/\/repatransportbanden.nl\/es\/wp-json\/wp\/v2\/pages\/1555","targetHints":{"allow":["GET"]}}],"collection":[{"href":"https:\/\/repatransportbanden.nl\/es\/wp-json\/wp\/v2\/pages"}],"about":[{"href":"https:\/\/repatransportbanden.nl\/es\/wp-json\/wp\/v2\/types\/page"}],"author":[{"embeddable":true,"href":"https:\/\/repatransportbanden.nl\/es\/wp-json\/wp\/v2\/users\/2"}],"replies":[{"embeddable":true,"href":"https:\/\/repatransportbanden.nl\/es\/wp-json\/wp\/v2\/comments?post=1555"}],"version-history":[{"count":3,"href":"https:\/\/repatransportbanden.nl\/es\/wp-json\/wp\/v2\/pages\/1555\/revisions"}],"predecessor-version":[{"id":3292,"href":"https:\/\/repatransportbanden.nl\/es\/wp-json\/wp\/v2\/pages\/1555\/revisions\/3292"}],"up":[{"embeddable":true,"href":"https:\/\/repatransportbanden.nl\/es\/wp-json\/wp\/v2\/pages\/1520"}],"wp:featuredmedia":[{"embeddable":true,"href":"https:\/\/repatransportbanden.nl\/es\/wp-json\/wp\/v2\/media\/5078"}],"wp:attachment":[{"href":"https:\/\/repatransportbanden.nl\/es\/wp-json\/wp\/v2\/media?parent=1555"}],"curies":[{"name":"wp","href":"https:\/\/api.w.org\/{rel}","templated":true}]}}