{"id":1549,"date":"2021-12-16T08:34:41","date_gmt":"2021-12-16T07:34:41","guid":{"rendered":"https:\/\/repatransportbanden.nl\/kunststof\/energiezuinige-transportband\/"},"modified":"2022-01-04T10:47:17","modified_gmt":"2022-01-04T09:47:17","slug":"energiezuinige-transportband","status":"publish","type":"page","link":"https:\/\/repatransportbanden.nl\/es\/kunststof\/energiezuinige-transportband\/","title":{"rendered":"Banda transportadora de bajo consumo de energ\u00eda"},"content":{"rendered":"\n<p>La banda transportadora de bajo consumo de energ\u00eda se ha desarrollado especialmente para los clientes que trabajan frecuentemente con bandas que giran por encima de placas deslizantes. Gracias al tejido especial de la parte inferior de la banda, el motor consume entre un 25 y un 50% menos de energ\u00eda. La banda transportadora especial de bajo consumo de energ\u00eda tambi\u00e9n es ign\u00edfuga y antiest\u00e1tica. En combinaci\u00f3n con las tiras deslizantes ecol\u00f3gicas (eco-glides) de REPA, el nivel de ahorro de energ\u00eda es incluso superior al 50%. REPA ha probado y medido esto en la pr\u00e1ctica durante dos a\u00f1os en un gran aeropuerto, y los resultados superaron las expectativas. Las tiras deslizantes especiales (REPA eco-glides) tambi\u00e9n se pueden montar en los puntos de vertido o en los vertederos. Debido a la baja resistencia de estas tiras, no se producen acumulaciones y todos los productos se deslizan suavemente por la banda.<\/p>\n\n\n\n<p>Pida a nuestros expertos de REPA m\u00e1s informaci\u00f3n sobre las bandas transportadoras de bajo consumo de energ\u00eda.<\/p>\n","protected":false},"excerpt":{"rendered":"<p>La banda transportadora de bajo consumo de energ\u00eda se ha desarrollado especialmente para los clientes que trabajan frecuentemente con bandas que giran por encima de placas deslizantes. Gracias al tejido especial de la parte inferior de la banda, el motor consume entre un 25 y un 50% menos de energ\u00eda. La banda transportadora especial de&hellip; <a class=\"more-link\" href=\"https:\/\/repatransportbanden.nl\/es\/kunststof\/energiezuinige-transportband\/\">Continue reading <span class=\"screen-reader-text\">Banda transportadora de bajo consumo de energ\u00eda<\/span><\/a><\/p>\n","protected":false},"author":2,"featured_media":5071,"parent":1520,"menu_order":0,"comment_status":"closed","ping_status":"closed","template":"templates\/template-service.php","meta":{"_acf_changed":false,"footnotes":""},"class_list":["post-1549","page","type-page","status-publish","has-post-thumbnail","hentry","entry"],"acf":[],"yoast_head":"<!-- This site is optimized with the Yoast SEO plugin v27.3 - https:\/\/yoast.com\/product\/yoast-seo-wordpress\/ -->\n<title>Banda transportadora de bajo consumo de energ\u00eda - repatransportbanden.nl<\/title>\n<meta name=\"robots\" content=\"index, follow, max-snippet:-1, max-image-preview:large, max-video-preview:-1\" \/>\n<link rel=\"canonical\" href=\"https:\/\/repatransportbanden.nl\/es\/kunststof\/energiezuinige-transportband\/\" \/>\n<meta property=\"og:locale\" content=\"es_ES\" \/>\n<meta property=\"og:type\" content=\"article\" \/>\n<meta property=\"og:title\" content=\"Banda transportadora de bajo consumo de energ\u00eda - repatransportbanden.nl\" \/>\n<meta property=\"og:description\" content=\"La banda transportadora de bajo consumo de energ\u00eda se ha desarrollado especialmente para los clientes que trabajan frecuentemente con bandas que giran por encima de placas deslizantes. Gracias al tejido especial de la parte inferior de la banda, el motor consume entre un 25 y un 50% menos de energ\u00eda. La banda transportadora especial de&hellip; Continue reading Banda transportadora de bajo consumo de energ\u00eda\" \/>\n<meta property=\"og:url\" content=\"https:\/\/repatransportbanden.nl\/es\/kunststof\/energiezuinige-transportband\/\" \/>\n<meta property=\"og:site_name\" content=\"repatransportbanden.nl\" \/>\n<meta property=\"article:modified_time\" content=\"2022-01-04T09:47:17+00:00\" \/>\n<meta property=\"og:image\" content=\"https:\/\/repatransportbanden.tempurl.host\/wp-content\/uploads\/2021\/12\/transportbandensmallimg5.jpg\" \/>\n\t<meta property=\"og:image:width\" content=\"331\" \/>\n\t<meta property=\"og:image:height\" content=\"331\" \/>\n\t<meta property=\"og:image:type\" content=\"image\/jpeg\" \/>\n<meta name=\"twitter:card\" content=\"summary_large_image\" \/>\n<meta name=\"twitter:label1\" content=\"Tiempo de lectura\" \/>\n\t<meta name=\"twitter:data1\" content=\"1 minuto\" \/>\n<script type=\"application\/ld+json\" class=\"yoast-schema-graph\">{\"@context\":\"https:\\\/\\\/schema.org\",\"@graph\":[{\"@type\":\"WebPage\",\"@id\":\"https:\\\/\\\/repatransportbanden.nl\\\/es\\\/kunststof\\\/energiezuinige-transportband\\\/\",\"url\":\"https:\\\/\\\/repatransportbanden.nl\\\/es\\\/kunststof\\\/energiezuinige-transportband\\\/\",\"name\":\"Banda transportadora de bajo consumo de energ\u00eda - repatransportbanden.nl\",\"isPartOf\":{\"@id\":\"https:\\\/\\\/repatransportbanden.tempurl.host\\\/#website\"},\"primaryImageOfPage\":{\"@id\":\"https:\\\/\\\/repatransportbanden.nl\\\/es\\\/kunststof\\\/energiezuinige-transportband\\\/#primaryimage\"},\"image\":{\"@id\":\"https:\\\/\\\/repatransportbanden.nl\\\/es\\\/kunststof\\\/energiezuinige-transportband\\\/#primaryimage\"},\"thumbnailUrl\":\"https:\\\/\\\/repatransportbanden.nl\\\/wp-content\\\/uploads\\\/2022\\\/02\\\/energie.png\",\"datePublished\":\"2021-12-16T07:34:41+00:00\",\"dateModified\":\"2022-01-04T09:47:17+00:00\",\"breadcrumb\":{\"@id\":\"https:\\\/\\\/repatransportbanden.nl\\\/es\\\/kunststof\\\/energiezuinige-transportband\\\/#breadcrumb\"},\"inLanguage\":\"es\",\"potentialAction\":[{\"@type\":\"ReadAction\",\"target\":[\"https:\\\/\\\/repatransportbanden.nl\\\/es\\\/kunststof\\\/energiezuinige-transportband\\\/\"]}]},{\"@type\":\"ImageObject\",\"inLanguage\":\"es\",\"@id\":\"https:\\\/\\\/repatransportbanden.nl\\\/es\\\/kunststof\\\/energiezuinige-transportband\\\/#primaryimage\",\"url\":\"https:\\\/\\\/repatransportbanden.nl\\\/wp-content\\\/uploads\\\/2022\\\/02\\\/energie.png\",\"contentUrl\":\"https:\\\/\\\/repatransportbanden.nl\\\/wp-content\\\/uploads\\\/2022\\\/02\\\/energie.png\",\"width\":331,\"height\":331},{\"@type\":\"BreadcrumbList\",\"@id\":\"https:\\\/\\\/repatransportbanden.nl\\\/es\\\/kunststof\\\/energiezuinige-transportband\\\/#breadcrumb\",\"itemListElement\":[{\"@type\":\"ListItem\",\"position\":1,\"name\":\"Inicio\",\"item\":\"https:\\\/\\\/repatransportbanden.nl\\\/es\\\/\"},{\"@type\":\"ListItem\",\"position\":2,\"name\":\"Pl\u00e1stico\",\"item\":\"https:\\\/\\\/repatransportbanden.tempurl.host\\\/es\\\/kunststof\\\/\"},{\"@type\":\"ListItem\",\"position\":3,\"name\":\"Banda transportadora de bajo consumo de energ\u00eda\"}]},{\"@type\":\"WebSite\",\"@id\":\"https:\\\/\\\/repatransportbanden.tempurl.host\\\/#website\",\"url\":\"https:\\\/\\\/repatransportbanden.tempurl.host\\\/\",\"name\":\"repatransportbanden.nl\",\"description\":\"\",\"potentialAction\":[{\"@type\":\"SearchAction\",\"target\":{\"@type\":\"EntryPoint\",\"urlTemplate\":\"https:\\\/\\\/repatransportbanden.tempurl.host\\\/?s={search_term_string}\"},\"query-input\":{\"@type\":\"PropertyValueSpecification\",\"valueRequired\":true,\"valueName\":\"search_term_string\"}}],\"inLanguage\":\"es\"}]}<\/script>\n<!-- \/ Yoast SEO plugin. -->","yoast_head_json":{"title":"Banda transportadora de bajo consumo de energ\u00eda - repatransportbanden.nl","robots":{"index":"index","follow":"follow","max-snippet":"max-snippet:-1","max-image-preview":"max-image-preview:large","max-video-preview":"max-video-preview:-1"},"canonical":"https:\/\/repatransportbanden.nl\/es\/kunststof\/energiezuinige-transportband\/","og_locale":"es_ES","og_type":"article","og_title":"Banda transportadora de bajo consumo de energ\u00eda - repatransportbanden.nl","og_description":"La banda transportadora de bajo consumo de energ\u00eda se ha desarrollado especialmente para los clientes que trabajan frecuentemente con bandas que giran por encima de placas deslizantes. Gracias al tejido especial de la parte inferior de la banda, el motor consume entre un 25 y un 50% menos de energ\u00eda. La banda transportadora especial de&hellip; Continue reading Banda transportadora de bajo consumo de energ\u00eda","og_url":"https:\/\/repatransportbanden.nl\/es\/kunststof\/energiezuinige-transportband\/","og_site_name":"repatransportbanden.nl","article_modified_time":"2022-01-04T09:47:17+00:00","og_image":[{"width":331,"height":331,"url":"https:\/\/repatransportbanden.tempurl.host\/wp-content\/uploads\/2021\/12\/transportbandensmallimg5.jpg","type":"image\/jpeg"}],"twitter_card":"summary_large_image","twitter_misc":{"Tiempo de lectura":"1 minuto"},"schema":{"@context":"https:\/\/schema.org","@graph":[{"@type":"WebPage","@id":"https:\/\/repatransportbanden.nl\/es\/kunststof\/energiezuinige-transportband\/","url":"https:\/\/repatransportbanden.nl\/es\/kunststof\/energiezuinige-transportband\/","name":"Banda transportadora de bajo consumo de energ\u00eda - repatransportbanden.nl","isPartOf":{"@id":"https:\/\/repatransportbanden.tempurl.host\/#website"},"primaryImageOfPage":{"@id":"https:\/\/repatransportbanden.nl\/es\/kunststof\/energiezuinige-transportband\/#primaryimage"},"image":{"@id":"https:\/\/repatransportbanden.nl\/es\/kunststof\/energiezuinige-transportband\/#primaryimage"},"thumbnailUrl":"https:\/\/repatransportbanden.nl\/wp-content\/uploads\/2022\/02\/energie.png","datePublished":"2021-12-16T07:34:41+00:00","dateModified":"2022-01-04T09:47:17+00:00","breadcrumb":{"@id":"https:\/\/repatransportbanden.nl\/es\/kunststof\/energiezuinige-transportband\/#breadcrumb"},"inLanguage":"es","potentialAction":[{"@type":"ReadAction","target":["https:\/\/repatransportbanden.nl\/es\/kunststof\/energiezuinige-transportband\/"]}]},{"@type":"ImageObject","inLanguage":"es","@id":"https:\/\/repatransportbanden.nl\/es\/kunststof\/energiezuinige-transportband\/#primaryimage","url":"https:\/\/repatransportbanden.nl\/wp-content\/uploads\/2022\/02\/energie.png","contentUrl":"https:\/\/repatransportbanden.nl\/wp-content\/uploads\/2022\/02\/energie.png","width":331,"height":331},{"@type":"BreadcrumbList","@id":"https:\/\/repatransportbanden.nl\/es\/kunststof\/energiezuinige-transportband\/#breadcrumb","itemListElement":[{"@type":"ListItem","position":1,"name":"Inicio","item":"https:\/\/repatransportbanden.nl\/es\/"},{"@type":"ListItem","position":2,"name":"Pl\u00e1stico","item":"https:\/\/repatransportbanden.tempurl.host\/es\/kunststof\/"},{"@type":"ListItem","position":3,"name":"Banda transportadora de bajo consumo de energ\u00eda"}]},{"@type":"WebSite","@id":"https:\/\/repatransportbanden.tempurl.host\/#website","url":"https:\/\/repatransportbanden.tempurl.host\/","name":"repatransportbanden.nl","description":"","potentialAction":[{"@type":"SearchAction","target":{"@type":"EntryPoint","urlTemplate":"https:\/\/repatransportbanden.tempurl.host\/?s={search_term_string}"},"query-input":{"@type":"PropertyValueSpecification","valueRequired":true,"valueName":"search_term_string"}}],"inLanguage":"es"}]}},"_links":{"self":[{"href":"https:\/\/repatransportbanden.nl\/es\/wp-json\/wp\/v2\/pages\/1549","targetHints":{"allow":["GET"]}}],"collection":[{"href":"https:\/\/repatransportbanden.nl\/es\/wp-json\/wp\/v2\/pages"}],"about":[{"href":"https:\/\/repatransportbanden.nl\/es\/wp-json\/wp\/v2\/types\/page"}],"author":[{"embeddable":true,"href":"https:\/\/repatransportbanden.nl\/es\/wp-json\/wp\/v2\/users\/2"}],"replies":[{"embeddable":true,"href":"https:\/\/repatransportbanden.nl\/es\/wp-json\/wp\/v2\/comments?post=1549"}],"version-history":[{"count":4,"href":"https:\/\/repatransportbanden.nl\/es\/wp-json\/wp\/v2\/pages\/1549\/revisions"}],"predecessor-version":[{"id":3290,"href":"https:\/\/repatransportbanden.nl\/es\/wp-json\/wp\/v2\/pages\/1549\/revisions\/3290"}],"up":[{"embeddable":true,"href":"https:\/\/repatransportbanden.nl\/es\/wp-json\/wp\/v2\/pages\/1520"}],"wp:featuredmedia":[{"embeddable":true,"href":"https:\/\/repatransportbanden.nl\/es\/wp-json\/wp\/v2\/media\/5071"}],"wp:attachment":[{"href":"https:\/\/repatransportbanden.nl\/es\/wp-json\/wp\/v2\/media?parent=1549"}],"curies":[{"name":"wp","href":"https:\/\/api.w.org\/{rel}","templated":true}]}}