{"id":1543,"date":"2021-12-16T08:33:35","date_gmt":"2021-12-16T07:33:35","guid":{"rendered":"https:\/\/repatransportbanden.nl\/kunststof\/egel-en-kegelbanden\/"},"modified":"2022-01-04T10:44:24","modified_gmt":"2022-01-04T09:44:24","slug":"egel-en-kegelbanden","status":"publish","type":"page","link":"https:\/\/repatransportbanden.nl\/es\/kunststof\/egel-en-kegelbanden\/","title":{"rendered":"Bandas de erizos y bandas c\u00f3nicas"},"content":{"rendered":"\n<p>REPA fabrica en la empresa misma bandas de erizos y bandas c\u00f3nicas, principalmente para el sector agr\u00edcola. Son muy adecuadas, entre otras, para procesar patatas y bulbos de flores. REPA puede fabricar todos los tama\u00f1os. Las bandas suelen estar provistas de cordones conductores. REPA fabrica bandas transportadoras acanaladas de agujas para los productos m\u00e1s delicados. Las agujas de estas bandas son m\u00e1s finas y flexibles. Son muy adecuadas para diversas verduras y frutas. REPA las fabrica a medida y est\u00e1n tambi\u00e9n disponibles en azul.<\/p>\n\n\n\n<p>La gran ventaja de la banda c\u00f3nica es que es muy adecuada para condiciones m\u00e1s pesadas, como la captura de piedras y terrones duros que se encuentran en los cultivos. Esto se debe al grosor de los conos y a la forma, ya que la parte inferior es c\u00f3nica, por lo que no es posible romper o desgarrarla. Los productos caen limpiamente de la banda y el follaje y la suciedad quedan entre los conos y se retiran al final de la banda mediante un peine.<\/p>\n\n\n\n<p>La banda de erizos, tambi\u00e9n conocida como banda de descortezado, ha sido especialmente desarrollada para el sector de los bulbos de flor. Los erizos son m\u00e1s finos, corren de forma cil\u00edndrica y est\u00e1n hechos de un tipo de gaucho suave para no da\u00f1ar los bulbos de las flores. Al girar dos bandas una encima de la otra, ambas con una velocidad diferente, los bulbos de las flores son, por as\u00ed decirlo, pulidos. Al final de la banda se elimina la suciedad con un peine.<\/p>\n","protected":false},"excerpt":{"rendered":"<p>REPA fabrica en la empresa misma bandas de erizos y bandas c\u00f3nicas, principalmente para el sector agr\u00edcola. Son muy adecuadas, entre otras, para procesar patatas y bulbos de flores. REPA puede fabricar todos los tama\u00f1os. Las bandas suelen estar provistas de cordones conductores. REPA fabrica bandas transportadoras acanaladas de agujas para los productos m\u00e1s delicados.&hellip; <a class=\"more-link\" href=\"https:\/\/repatransportbanden.nl\/es\/kunststof\/egel-en-kegelbanden\/\">Continue reading <span class=\"screen-reader-text\">Bandas de erizos y bandas c\u00f3nicas<\/span><\/a><\/p>\n","protected":false},"author":2,"featured_media":5064,"parent":1520,"menu_order":0,"comment_status":"closed","ping_status":"closed","template":"templates\/template-service.php","meta":{"_acf_changed":false,"footnotes":""},"class_list":["post-1543","page","type-page","status-publish","has-post-thumbnail","hentry","entry"],"acf":[],"yoast_head":"<!-- This site is optimized with the Yoast SEO plugin v27.3 - https:\/\/yoast.com\/product\/yoast-seo-wordpress\/ -->\n<title>Bandas de erizos y bandas c\u00f3nicas - repatransportbanden.nl<\/title>\n<meta name=\"robots\" content=\"index, follow, max-snippet:-1, max-image-preview:large, max-video-preview:-1\" \/>\n<link rel=\"canonical\" href=\"https:\/\/repatransportbanden.nl\/es\/kunststof\/egel-en-kegelbanden\/\" \/>\n<meta property=\"og:locale\" content=\"es_ES\" \/>\n<meta property=\"og:type\" content=\"article\" \/>\n<meta property=\"og:title\" content=\"Bandas de erizos y bandas c\u00f3nicas - repatransportbanden.nl\" \/>\n<meta property=\"og:description\" content=\"REPA fabrica en la empresa misma bandas de erizos y bandas c\u00f3nicas, principalmente para el sector agr\u00edcola. Son muy adecuadas, entre otras, para procesar patatas y bulbos de flores. REPA puede fabricar todos los tama\u00f1os. Las bandas suelen estar provistas de cordones conductores. REPA fabrica bandas transportadoras acanaladas de agujas para los productos m\u00e1s delicados.&hellip; Continue reading Bandas de erizos y bandas c\u00f3nicas\" \/>\n<meta property=\"og:url\" content=\"https:\/\/repatransportbanden.nl\/es\/kunststof\/egel-en-kegelbanden\/\" \/>\n<meta property=\"og:site_name\" content=\"repatransportbanden.nl\" \/>\n<meta property=\"article:modified_time\" content=\"2022-01-04T09:44:24+00:00\" \/>\n<meta property=\"og:image\" content=\"https:\/\/repatransportbanden.tempurl.host\/wp-content\/uploads\/2021\/12\/transportbandensmallimg4.jpg\" \/>\n\t<meta property=\"og:image:width\" content=\"331\" \/>\n\t<meta property=\"og:image:height\" content=\"331\" \/>\n\t<meta property=\"og:image:type\" content=\"image\/jpeg\" \/>\n<meta name=\"twitter:card\" content=\"summary_large_image\" \/>\n<meta name=\"twitter:label1\" content=\"Tiempo de lectura\" \/>\n\t<meta name=\"twitter:data1\" content=\"1 minuto\" \/>\n<script type=\"application\/ld+json\" class=\"yoast-schema-graph\">{\"@context\":\"https:\\\/\\\/schema.org\",\"@graph\":[{\"@type\":\"WebPage\",\"@id\":\"https:\\\/\\\/repatransportbanden.nl\\\/es\\\/kunststof\\\/egel-en-kegelbanden\\\/\",\"url\":\"https:\\\/\\\/repatransportbanden.nl\\\/es\\\/kunststof\\\/egel-en-kegelbanden\\\/\",\"name\":\"Bandas de erizos y bandas c\u00f3nicas - repatransportbanden.nl\",\"isPartOf\":{\"@id\":\"https:\\\/\\\/repatransportbanden.tempurl.host\\\/#website\"},\"primaryImageOfPage\":{\"@id\":\"https:\\\/\\\/repatransportbanden.nl\\\/es\\\/kunststof\\\/egel-en-kegelbanden\\\/#primaryimage\"},\"image\":{\"@id\":\"https:\\\/\\\/repatransportbanden.nl\\\/es\\\/kunststof\\\/egel-en-kegelbanden\\\/#primaryimage\"},\"thumbnailUrl\":\"https:\\\/\\\/repatransportbanden.nl\\\/wp-content\\\/uploads\\\/2022\\\/02\\\/egel.png\",\"datePublished\":\"2021-12-16T07:33:35+00:00\",\"dateModified\":\"2022-01-04T09:44:24+00:00\",\"breadcrumb\":{\"@id\":\"https:\\\/\\\/repatransportbanden.nl\\\/es\\\/kunststof\\\/egel-en-kegelbanden\\\/#breadcrumb\"},\"inLanguage\":\"es\",\"potentialAction\":[{\"@type\":\"ReadAction\",\"target\":[\"https:\\\/\\\/repatransportbanden.nl\\\/es\\\/kunststof\\\/egel-en-kegelbanden\\\/\"]}]},{\"@type\":\"ImageObject\",\"inLanguage\":\"es\",\"@id\":\"https:\\\/\\\/repatransportbanden.nl\\\/es\\\/kunststof\\\/egel-en-kegelbanden\\\/#primaryimage\",\"url\":\"https:\\\/\\\/repatransportbanden.nl\\\/wp-content\\\/uploads\\\/2022\\\/02\\\/egel.png\",\"contentUrl\":\"https:\\\/\\\/repatransportbanden.nl\\\/wp-content\\\/uploads\\\/2022\\\/02\\\/egel.png\",\"width\":331,\"height\":331},{\"@type\":\"BreadcrumbList\",\"@id\":\"https:\\\/\\\/repatransportbanden.nl\\\/es\\\/kunststof\\\/egel-en-kegelbanden\\\/#breadcrumb\",\"itemListElement\":[{\"@type\":\"ListItem\",\"position\":1,\"name\":\"Inicio\",\"item\":\"https:\\\/\\\/repatransportbanden.nl\\\/es\\\/\"},{\"@type\":\"ListItem\",\"position\":2,\"name\":\"Pl\u00e1stico\",\"item\":\"https:\\\/\\\/repatransportbanden.tempurl.host\\\/es\\\/kunststof\\\/\"},{\"@type\":\"ListItem\",\"position\":3,\"name\":\"Bandas de erizos y bandas c\u00f3nicas\"}]},{\"@type\":\"WebSite\",\"@id\":\"https:\\\/\\\/repatransportbanden.tempurl.host\\\/#website\",\"url\":\"https:\\\/\\\/repatransportbanden.tempurl.host\\\/\",\"name\":\"repatransportbanden.nl\",\"description\":\"\",\"potentialAction\":[{\"@type\":\"SearchAction\",\"target\":{\"@type\":\"EntryPoint\",\"urlTemplate\":\"https:\\\/\\\/repatransportbanden.tempurl.host\\\/?s={search_term_string}\"},\"query-input\":{\"@type\":\"PropertyValueSpecification\",\"valueRequired\":true,\"valueName\":\"search_term_string\"}}],\"inLanguage\":\"es\"}]}<\/script>\n<!-- \/ Yoast SEO plugin. -->","yoast_head_json":{"title":"Bandas de erizos y bandas c\u00f3nicas - repatransportbanden.nl","robots":{"index":"index","follow":"follow","max-snippet":"max-snippet:-1","max-image-preview":"max-image-preview:large","max-video-preview":"max-video-preview:-1"},"canonical":"https:\/\/repatransportbanden.nl\/es\/kunststof\/egel-en-kegelbanden\/","og_locale":"es_ES","og_type":"article","og_title":"Bandas de erizos y bandas c\u00f3nicas - repatransportbanden.nl","og_description":"REPA fabrica en la empresa misma bandas de erizos y bandas c\u00f3nicas, principalmente para el sector agr\u00edcola. Son muy adecuadas, entre otras, para procesar patatas y bulbos de flores. REPA puede fabricar todos los tama\u00f1os. Las bandas suelen estar provistas de cordones conductores. REPA fabrica bandas transportadoras acanaladas de agujas para los productos m\u00e1s delicados.&hellip; Continue reading Bandas de erizos y bandas c\u00f3nicas","og_url":"https:\/\/repatransportbanden.nl\/es\/kunststof\/egel-en-kegelbanden\/","og_site_name":"repatransportbanden.nl","article_modified_time":"2022-01-04T09:44:24+00:00","og_image":[{"width":331,"height":331,"url":"https:\/\/repatransportbanden.tempurl.host\/wp-content\/uploads\/2021\/12\/transportbandensmallimg4.jpg","type":"image\/jpeg"}],"twitter_card":"summary_large_image","twitter_misc":{"Tiempo de lectura":"1 minuto"},"schema":{"@context":"https:\/\/schema.org","@graph":[{"@type":"WebPage","@id":"https:\/\/repatransportbanden.nl\/es\/kunststof\/egel-en-kegelbanden\/","url":"https:\/\/repatransportbanden.nl\/es\/kunststof\/egel-en-kegelbanden\/","name":"Bandas de erizos y bandas c\u00f3nicas - repatransportbanden.nl","isPartOf":{"@id":"https:\/\/repatransportbanden.tempurl.host\/#website"},"primaryImageOfPage":{"@id":"https:\/\/repatransportbanden.nl\/es\/kunststof\/egel-en-kegelbanden\/#primaryimage"},"image":{"@id":"https:\/\/repatransportbanden.nl\/es\/kunststof\/egel-en-kegelbanden\/#primaryimage"},"thumbnailUrl":"https:\/\/repatransportbanden.nl\/wp-content\/uploads\/2022\/02\/egel.png","datePublished":"2021-12-16T07:33:35+00:00","dateModified":"2022-01-04T09:44:24+00:00","breadcrumb":{"@id":"https:\/\/repatransportbanden.nl\/es\/kunststof\/egel-en-kegelbanden\/#breadcrumb"},"inLanguage":"es","potentialAction":[{"@type":"ReadAction","target":["https:\/\/repatransportbanden.nl\/es\/kunststof\/egel-en-kegelbanden\/"]}]},{"@type":"ImageObject","inLanguage":"es","@id":"https:\/\/repatransportbanden.nl\/es\/kunststof\/egel-en-kegelbanden\/#primaryimage","url":"https:\/\/repatransportbanden.nl\/wp-content\/uploads\/2022\/02\/egel.png","contentUrl":"https:\/\/repatransportbanden.nl\/wp-content\/uploads\/2022\/02\/egel.png","width":331,"height":331},{"@type":"BreadcrumbList","@id":"https:\/\/repatransportbanden.nl\/es\/kunststof\/egel-en-kegelbanden\/#breadcrumb","itemListElement":[{"@type":"ListItem","position":1,"name":"Inicio","item":"https:\/\/repatransportbanden.nl\/es\/"},{"@type":"ListItem","position":2,"name":"Pl\u00e1stico","item":"https:\/\/repatransportbanden.tempurl.host\/es\/kunststof\/"},{"@type":"ListItem","position":3,"name":"Bandas de erizos y bandas c\u00f3nicas"}]},{"@type":"WebSite","@id":"https:\/\/repatransportbanden.tempurl.host\/#website","url":"https:\/\/repatransportbanden.tempurl.host\/","name":"repatransportbanden.nl","description":"","potentialAction":[{"@type":"SearchAction","target":{"@type":"EntryPoint","urlTemplate":"https:\/\/repatransportbanden.tempurl.host\/?s={search_term_string}"},"query-input":{"@type":"PropertyValueSpecification","valueRequired":true,"valueName":"search_term_string"}}],"inLanguage":"es"}]}},"_links":{"self":[{"href":"https:\/\/repatransportbanden.nl\/es\/wp-json\/wp\/v2\/pages\/1543","targetHints":{"allow":["GET"]}}],"collection":[{"href":"https:\/\/repatransportbanden.nl\/es\/wp-json\/wp\/v2\/pages"}],"about":[{"href":"https:\/\/repatransportbanden.nl\/es\/wp-json\/wp\/v2\/types\/page"}],"author":[{"embeddable":true,"href":"https:\/\/repatransportbanden.nl\/es\/wp-json\/wp\/v2\/users\/2"}],"replies":[{"embeddable":true,"href":"https:\/\/repatransportbanden.nl\/es\/wp-json\/wp\/v2\/comments?post=1543"}],"version-history":[{"count":4,"href":"https:\/\/repatransportbanden.nl\/es\/wp-json\/wp\/v2\/pages\/1543\/revisions"}],"predecessor-version":[{"id":3287,"href":"https:\/\/repatransportbanden.nl\/es\/wp-json\/wp\/v2\/pages\/1543\/revisions\/3287"}],"up":[{"embeddable":true,"href":"https:\/\/repatransportbanden.nl\/es\/wp-json\/wp\/v2\/pages\/1520"}],"wp:featuredmedia":[{"embeddable":true,"href":"https:\/\/repatransportbanden.nl\/es\/wp-json\/wp\/v2\/media\/5064"}],"wp:attachment":[{"href":"https:\/\/repatransportbanden.nl\/es\/wp-json\/wp\/v2\/media?parent=1543"}],"curies":[{"name":"wp","href":"https:\/\/api.w.org\/{rel}","templated":true}]}}