{"id":1537,"date":"2021-12-16T08:31:19","date_gmt":"2021-12-16T07:31:19","guid":{"rendered":"https:\/\/repatransportbanden.nl\/kunststof\/dakjesbanden-en-sponbanden\/"},"modified":"2022-01-04T10:33:44","modified_gmt":"2022-01-04T09:33:44","slug":"dakjesbanden-en-sponbanden","status":"publish","type":"page","link":"https:\/\/repatransportbanden.nl\/es\/kunststof\/dakjesbanden-en-sponbanden\/","title":{"rendered":"Bandas de techo y bandas de esponja"},"content":{"rendered":"\n<p>En la horticultura se utilizan varios tipos de bandas transportadoras. En las l\u00edneas de procesamiento de flores, por ejemplo, se utilizan de forma est\u00e1ndar las llamadas bandas de techo. En estas bandas, los tallos de las flores se agrupan al final de la l\u00ednea y se prensan mediante una banda especial de esponja, para que no se da\u00f1en. Luego se cortan los tallos y se coloca una banda el\u00e1stica alrededor del manojo. En REPA se fabrican bandas de techo (bandas de agrupamiento) en varios tama\u00f1os y colores. El material de la esponja est\u00e1 disponible en varios grosores. Tambi\u00e9n podemos suministrar la dureza o la densidad (estructura) del material de la esponja en varios tipos.<\/p>\n","protected":false},"excerpt":{"rendered":"<p>En la horticultura se utilizan varios tipos de bandas transportadoras. En las l\u00edneas de procesamiento de flores, por ejemplo, se utilizan de forma est\u00e1ndar las llamadas bandas de techo. En estas bandas, los tallos de las flores se agrupan al final de la l\u00ednea y se prensan mediante una banda especial de esponja, para que&hellip; <a class=\"more-link\" href=\"https:\/\/repatransportbanden.nl\/es\/kunststof\/dakjesbanden-en-sponbanden\/\">Continue reading <span class=\"screen-reader-text\">Bandas de techo y bandas de esponja<\/span><\/a><\/p>\n","protected":false},"author":2,"featured_media":5057,"parent":1520,"menu_order":0,"comment_status":"closed","ping_status":"closed","template":"templates\/template-service.php","meta":{"_acf_changed":false,"footnotes":""},"class_list":["post-1537","page","type-page","status-publish","has-post-thumbnail","hentry","entry"],"acf":[],"yoast_head":"<!-- This site is optimized with the Yoast SEO plugin v27.3 - https:\/\/yoast.com\/product\/yoast-seo-wordpress\/ -->\n<title>Bandas de techo y bandas de esponja - repatransportbanden.nl<\/title>\n<meta name=\"robots\" content=\"index, follow, max-snippet:-1, max-image-preview:large, max-video-preview:-1\" \/>\n<link rel=\"canonical\" href=\"https:\/\/repatransportbanden.nl\/es\/kunststof\/dakjesbanden-en-sponbanden\/\" \/>\n<meta property=\"og:locale\" content=\"es_ES\" \/>\n<meta property=\"og:type\" content=\"article\" \/>\n<meta property=\"og:title\" content=\"Bandas de techo y bandas de esponja - repatransportbanden.nl\" \/>\n<meta property=\"og:description\" content=\"En la horticultura se utilizan varios tipos de bandas transportadoras. En las l\u00edneas de procesamiento de flores, por ejemplo, se utilizan de forma est\u00e1ndar las llamadas bandas de techo. En estas bandas, los tallos de las flores se agrupan al final de la l\u00ednea y se prensan mediante una banda especial de esponja, para que&hellip; Continue reading Bandas de techo y bandas de esponja\" \/>\n<meta property=\"og:url\" content=\"https:\/\/repatransportbanden.nl\/es\/kunststof\/dakjesbanden-en-sponbanden\/\" \/>\n<meta property=\"og:site_name\" content=\"repatransportbanden.nl\" \/>\n<meta property=\"article:modified_time\" content=\"2022-01-04T09:33:44+00:00\" \/>\n<meta property=\"og:image\" content=\"https:\/\/repatransportbanden.tempurl.host\/wp-content\/uploads\/2021\/12\/transportbandensmallimg7.jpg\" \/>\n\t<meta property=\"og:image:width\" content=\"331\" \/>\n\t<meta property=\"og:image:height\" content=\"331\" \/>\n\t<meta property=\"og:image:type\" content=\"image\/jpeg\" \/>\n<meta name=\"twitter:card\" content=\"summary_large_image\" \/>\n<meta name=\"twitter:label1\" content=\"Tiempo de lectura\" \/>\n\t<meta name=\"twitter:data1\" content=\"1 minuto\" \/>\n<script type=\"application\/ld+json\" class=\"yoast-schema-graph\">{\"@context\":\"https:\\\/\\\/schema.org\",\"@graph\":[{\"@type\":\"WebPage\",\"@id\":\"https:\\\/\\\/repatransportbanden.nl\\\/es\\\/kunststof\\\/dakjesbanden-en-sponbanden\\\/\",\"url\":\"https:\\\/\\\/repatransportbanden.nl\\\/es\\\/kunststof\\\/dakjesbanden-en-sponbanden\\\/\",\"name\":\"Bandas de techo y bandas de esponja - repatransportbanden.nl\",\"isPartOf\":{\"@id\":\"https:\\\/\\\/repatransportbanden.tempurl.host\\\/#website\"},\"primaryImageOfPage\":{\"@id\":\"https:\\\/\\\/repatransportbanden.nl\\\/es\\\/kunststof\\\/dakjesbanden-en-sponbanden\\\/#primaryimage\"},\"image\":{\"@id\":\"https:\\\/\\\/repatransportbanden.nl\\\/es\\\/kunststof\\\/dakjesbanden-en-sponbanden\\\/#primaryimage\"},\"thumbnailUrl\":\"https:\\\/\\\/repatransportbanden.nl\\\/wp-content\\\/uploads\\\/2022\\\/02\\\/dakjes.png\",\"datePublished\":\"2021-12-16T07:31:19+00:00\",\"dateModified\":\"2022-01-04T09:33:44+00:00\",\"breadcrumb\":{\"@id\":\"https:\\\/\\\/repatransportbanden.nl\\\/es\\\/kunststof\\\/dakjesbanden-en-sponbanden\\\/#breadcrumb\"},\"inLanguage\":\"es\",\"potentialAction\":[{\"@type\":\"ReadAction\",\"target\":[\"https:\\\/\\\/repatransportbanden.nl\\\/es\\\/kunststof\\\/dakjesbanden-en-sponbanden\\\/\"]}]},{\"@type\":\"ImageObject\",\"inLanguage\":\"es\",\"@id\":\"https:\\\/\\\/repatransportbanden.nl\\\/es\\\/kunststof\\\/dakjesbanden-en-sponbanden\\\/#primaryimage\",\"url\":\"https:\\\/\\\/repatransportbanden.nl\\\/wp-content\\\/uploads\\\/2022\\\/02\\\/dakjes.png\",\"contentUrl\":\"https:\\\/\\\/repatransportbanden.nl\\\/wp-content\\\/uploads\\\/2022\\\/02\\\/dakjes.png\",\"width\":331,\"height\":331},{\"@type\":\"BreadcrumbList\",\"@id\":\"https:\\\/\\\/repatransportbanden.nl\\\/es\\\/kunststof\\\/dakjesbanden-en-sponbanden\\\/#breadcrumb\",\"itemListElement\":[{\"@type\":\"ListItem\",\"position\":1,\"name\":\"Inicio\",\"item\":\"https:\\\/\\\/repatransportbanden.nl\\\/es\\\/\"},{\"@type\":\"ListItem\",\"position\":2,\"name\":\"Pl\u00e1stico\",\"item\":\"https:\\\/\\\/repatransportbanden.tempurl.host\\\/es\\\/kunststof\\\/\"},{\"@type\":\"ListItem\",\"position\":3,\"name\":\"Bandas de techo y bandas de esponja\"}]},{\"@type\":\"WebSite\",\"@id\":\"https:\\\/\\\/repatransportbanden.tempurl.host\\\/#website\",\"url\":\"https:\\\/\\\/repatransportbanden.tempurl.host\\\/\",\"name\":\"repatransportbanden.nl\",\"description\":\"\",\"potentialAction\":[{\"@type\":\"SearchAction\",\"target\":{\"@type\":\"EntryPoint\",\"urlTemplate\":\"https:\\\/\\\/repatransportbanden.tempurl.host\\\/?s={search_term_string}\"},\"query-input\":{\"@type\":\"PropertyValueSpecification\",\"valueRequired\":true,\"valueName\":\"search_term_string\"}}],\"inLanguage\":\"es\"}]}<\/script>\n<!-- \/ Yoast SEO plugin. -->","yoast_head_json":{"title":"Bandas de techo y bandas de esponja - repatransportbanden.nl","robots":{"index":"index","follow":"follow","max-snippet":"max-snippet:-1","max-image-preview":"max-image-preview:large","max-video-preview":"max-video-preview:-1"},"canonical":"https:\/\/repatransportbanden.nl\/es\/kunststof\/dakjesbanden-en-sponbanden\/","og_locale":"es_ES","og_type":"article","og_title":"Bandas de techo y bandas de esponja - repatransportbanden.nl","og_description":"En la horticultura se utilizan varios tipos de bandas transportadoras. En las l\u00edneas de procesamiento de flores, por ejemplo, se utilizan de forma est\u00e1ndar las llamadas bandas de techo. En estas bandas, los tallos de las flores se agrupan al final de la l\u00ednea y se prensan mediante una banda especial de esponja, para que&hellip; Continue reading Bandas de techo y bandas de esponja","og_url":"https:\/\/repatransportbanden.nl\/es\/kunststof\/dakjesbanden-en-sponbanden\/","og_site_name":"repatransportbanden.nl","article_modified_time":"2022-01-04T09:33:44+00:00","og_image":[{"width":331,"height":331,"url":"https:\/\/repatransportbanden.tempurl.host\/wp-content\/uploads\/2021\/12\/transportbandensmallimg7.jpg","type":"image\/jpeg"}],"twitter_card":"summary_large_image","twitter_misc":{"Tiempo de lectura":"1 minuto"},"schema":{"@context":"https:\/\/schema.org","@graph":[{"@type":"WebPage","@id":"https:\/\/repatransportbanden.nl\/es\/kunststof\/dakjesbanden-en-sponbanden\/","url":"https:\/\/repatransportbanden.nl\/es\/kunststof\/dakjesbanden-en-sponbanden\/","name":"Bandas de techo y bandas de esponja - repatransportbanden.nl","isPartOf":{"@id":"https:\/\/repatransportbanden.tempurl.host\/#website"},"primaryImageOfPage":{"@id":"https:\/\/repatransportbanden.nl\/es\/kunststof\/dakjesbanden-en-sponbanden\/#primaryimage"},"image":{"@id":"https:\/\/repatransportbanden.nl\/es\/kunststof\/dakjesbanden-en-sponbanden\/#primaryimage"},"thumbnailUrl":"https:\/\/repatransportbanden.nl\/wp-content\/uploads\/2022\/02\/dakjes.png","datePublished":"2021-12-16T07:31:19+00:00","dateModified":"2022-01-04T09:33:44+00:00","breadcrumb":{"@id":"https:\/\/repatransportbanden.nl\/es\/kunststof\/dakjesbanden-en-sponbanden\/#breadcrumb"},"inLanguage":"es","potentialAction":[{"@type":"ReadAction","target":["https:\/\/repatransportbanden.nl\/es\/kunststof\/dakjesbanden-en-sponbanden\/"]}]},{"@type":"ImageObject","inLanguage":"es","@id":"https:\/\/repatransportbanden.nl\/es\/kunststof\/dakjesbanden-en-sponbanden\/#primaryimage","url":"https:\/\/repatransportbanden.nl\/wp-content\/uploads\/2022\/02\/dakjes.png","contentUrl":"https:\/\/repatransportbanden.nl\/wp-content\/uploads\/2022\/02\/dakjes.png","width":331,"height":331},{"@type":"BreadcrumbList","@id":"https:\/\/repatransportbanden.nl\/es\/kunststof\/dakjesbanden-en-sponbanden\/#breadcrumb","itemListElement":[{"@type":"ListItem","position":1,"name":"Inicio","item":"https:\/\/repatransportbanden.nl\/es\/"},{"@type":"ListItem","position":2,"name":"Pl\u00e1stico","item":"https:\/\/repatransportbanden.tempurl.host\/es\/kunststof\/"},{"@type":"ListItem","position":3,"name":"Bandas de techo y bandas de esponja"}]},{"@type":"WebSite","@id":"https:\/\/repatransportbanden.tempurl.host\/#website","url":"https:\/\/repatransportbanden.tempurl.host\/","name":"repatransportbanden.nl","description":"","potentialAction":[{"@type":"SearchAction","target":{"@type":"EntryPoint","urlTemplate":"https:\/\/repatransportbanden.tempurl.host\/?s={search_term_string}"},"query-input":{"@type":"PropertyValueSpecification","valueRequired":true,"valueName":"search_term_string"}}],"inLanguage":"es"}]}},"_links":{"self":[{"href":"https:\/\/repatransportbanden.nl\/es\/wp-json\/wp\/v2\/pages\/1537","targetHints":{"allow":["GET"]}}],"collection":[{"href":"https:\/\/repatransportbanden.nl\/es\/wp-json\/wp\/v2\/pages"}],"about":[{"href":"https:\/\/repatransportbanden.nl\/es\/wp-json\/wp\/v2\/types\/page"}],"author":[{"embeddable":true,"href":"https:\/\/repatransportbanden.nl\/es\/wp-json\/wp\/v2\/users\/2"}],"replies":[{"embeddable":true,"href":"https:\/\/repatransportbanden.nl\/es\/wp-json\/wp\/v2\/comments?post=1537"}],"version-history":[{"count":3,"href":"https:\/\/repatransportbanden.nl\/es\/wp-json\/wp\/v2\/pages\/1537\/revisions"}],"predecessor-version":[{"id":3283,"href":"https:\/\/repatransportbanden.nl\/es\/wp-json\/wp\/v2\/pages\/1537\/revisions\/3283"}],"up":[{"embeddable":true,"href":"https:\/\/repatransportbanden.nl\/es\/wp-json\/wp\/v2\/pages\/1520"}],"wp:featuredmedia":[{"embeddable":true,"href":"https:\/\/repatransportbanden.nl\/es\/wp-json\/wp\/v2\/media\/5057"}],"wp:attachment":[{"href":"https:\/\/repatransportbanden.nl\/es\/wp-json\/wp\/v2\/media?parent=1537"}],"curies":[{"name":"wp","href":"https:\/\/api.w.org\/{rel}","templated":true}]}}