{"id":1531,"date":"2021-12-16T08:30:30","date_gmt":"2021-12-16T07:30:30","guid":{"rendered":"https:\/\/repatransportbanden.nl\/kunststof\/bochtbanden\/"},"modified":"2022-01-04T10:24:36","modified_gmt":"2022-01-04T09:24:36","slug":"bochtbanden","status":"publish","type":"page","link":"https:\/\/repatransportbanden.nl\/es\/kunststof\/bochtbanden\/","title":{"rendered":"Bandas transportadoras curvas"},"content":{"rendered":"\n<p>Bandas transportadoras curvas se utilizan a menudo en centros de distribuci\u00f3n, aeropuertos, pero tambi\u00e9n en diversas panader\u00edas y otras empresas de procesamiento de alimentos. REPA fabrica las bandas en PVC y en PU en la empresa misma. Por supuesto est\u00e1n disponibles en varios colores y con diversos perfiles, seg\u00fan los productos a transportar y las condiciones ambientales.<\/p>\n\n\n\n<p>Hay varios tipos de bandas curvas: con cojinetes de rodadura, con cadenas y con bordes de rodadura. En las panader\u00edas, a veces se ven bandas curvas con gomas. Pero los fabricantes de equipos originales m\u00e1s grandes casi siempre utilizan bandas curvas con bordes de rodadura. Existen en varios tipos y tama\u00f1os y REPA tiene en stock aproximadamente 150 bandas curvas listas para su uso. As\u00ed nuestros ingenieros de servicio pueden entregar (24\/7) e instalar las bandas inmediatamente. Y eso significa que, en caso de un fallo, el retraso se reduce al m\u00ednimo. Para anticiparse a las calamidades, REPA tambi\u00e9n realiza inspecciones en las instalaciones del cliente. El ajuste de los cojinetes de rodadura es esencial para la conservaci\u00f3n de la banda curva. La presi\u00f3n en la banda y en los cojinetes de rodadura tambi\u00e9n son factores importantes que afectan a la vida \u00fatil de la banda. Todos los mec\u00e1nicos de servicio de REPA est\u00e1n formados para garantizar que estos puntos est\u00e9n perfectamente en orden.<\/p>\n","protected":false},"excerpt":{"rendered":"<p>Bandas transportadoras curvas se utilizan a menudo en centros de distribuci\u00f3n, aeropuertos, pero tambi\u00e9n en diversas panader\u00edas y otras empresas de procesamiento de alimentos. REPA fabrica las bandas en PVC y en PU en la empresa misma. Por supuesto est\u00e1n disponibles en varios colores y con diversos perfiles, seg\u00fan los productos a transportar y las&hellip; <a class=\"more-link\" href=\"https:\/\/repatransportbanden.nl\/es\/kunststof\/bochtbanden\/\">Continue reading <span class=\"screen-reader-text\">Bandas transportadoras curvas<\/span><\/a><\/p>\n","protected":false},"author":2,"featured_media":5050,"parent":1520,"menu_order":0,"comment_status":"closed","ping_status":"closed","template":"templates\/template-service.php","meta":{"_acf_changed":false,"footnotes":""},"class_list":["post-1531","page","type-page","status-publish","has-post-thumbnail","hentry","entry"],"acf":[],"yoast_head":"<!-- This site is optimized with the Yoast SEO plugin v27.4 - https:\/\/yoast.com\/product\/yoast-seo-wordpress\/ -->\n<title>Bandas transportadoras curvas - repatransportbanden.nl<\/title>\n<meta name=\"robots\" content=\"index, follow, max-snippet:-1, max-image-preview:large, max-video-preview:-1\" \/>\n<link rel=\"canonical\" href=\"https:\/\/repatransportbanden.nl\/es\/kunststof\/bochtbanden\/\" \/>\n<meta property=\"og:locale\" content=\"es_ES\" \/>\n<meta property=\"og:type\" content=\"article\" \/>\n<meta property=\"og:title\" content=\"Bandas transportadoras curvas - repatransportbanden.nl\" \/>\n<meta property=\"og:description\" content=\"Bandas transportadoras curvas se utilizan a menudo en centros de distribuci\u00f3n, aeropuertos, pero tambi\u00e9n en diversas panader\u00edas y otras empresas de procesamiento de alimentos. REPA fabrica las bandas en PVC y en PU en la empresa misma. Por supuesto est\u00e1n disponibles en varios colores y con diversos perfiles, seg\u00fan los productos a transportar y las&hellip; Continue reading Bandas transportadoras curvas\" \/>\n<meta property=\"og:url\" content=\"https:\/\/repatransportbanden.nl\/es\/kunststof\/bochtbanden\/\" \/>\n<meta property=\"og:site_name\" content=\"repatransportbanden.nl\" \/>\n<meta property=\"article:modified_time\" content=\"2022-01-04T09:24:36+00:00\" \/>\n<meta property=\"og:image\" content=\"https:\/\/repatransportbanden.tempurl.host\/wp-content\/uploads\/2021\/12\/transportbandensmallimg6.jpg\" \/>\n\t<meta property=\"og:image:width\" content=\"331\" \/>\n\t<meta property=\"og:image:height\" content=\"331\" \/>\n\t<meta property=\"og:image:type\" content=\"image\/jpeg\" \/>\n<meta name=\"twitter:card\" content=\"summary_large_image\" \/>\n<meta name=\"twitter:label1\" content=\"Tiempo de lectura\" \/>\n\t<meta name=\"twitter:data1\" content=\"1 minuto\" \/>\n<script type=\"application\/ld+json\" class=\"yoast-schema-graph\">{\"@context\":\"https:\\\/\\\/schema.org\",\"@graph\":[{\"@type\":\"WebPage\",\"@id\":\"https:\\\/\\\/repatransportbanden.nl\\\/es\\\/kunststof\\\/bochtbanden\\\/\",\"url\":\"https:\\\/\\\/repatransportbanden.nl\\\/es\\\/kunststof\\\/bochtbanden\\\/\",\"name\":\"Bandas transportadoras curvas - repatransportbanden.nl\",\"isPartOf\":{\"@id\":\"https:\\\/\\\/repatransportbanden.tempurl.host\\\/#website\"},\"primaryImageOfPage\":{\"@id\":\"https:\\\/\\\/repatransportbanden.nl\\\/es\\\/kunststof\\\/bochtbanden\\\/#primaryimage\"},\"image\":{\"@id\":\"https:\\\/\\\/repatransportbanden.nl\\\/es\\\/kunststof\\\/bochtbanden\\\/#primaryimage\"},\"thumbnailUrl\":\"https:\\\/\\\/repatransportbanden.nl\\\/wp-content\\\/uploads\\\/2022\\\/02\\\/bocht.png\",\"datePublished\":\"2021-12-16T07:30:30+00:00\",\"dateModified\":\"2022-01-04T09:24:36+00:00\",\"breadcrumb\":{\"@id\":\"https:\\\/\\\/repatransportbanden.nl\\\/es\\\/kunststof\\\/bochtbanden\\\/#breadcrumb\"},\"inLanguage\":\"es\",\"potentialAction\":[{\"@type\":\"ReadAction\",\"target\":[\"https:\\\/\\\/repatransportbanden.nl\\\/es\\\/kunststof\\\/bochtbanden\\\/\"]}]},{\"@type\":\"ImageObject\",\"inLanguage\":\"es\",\"@id\":\"https:\\\/\\\/repatransportbanden.nl\\\/es\\\/kunststof\\\/bochtbanden\\\/#primaryimage\",\"url\":\"https:\\\/\\\/repatransportbanden.nl\\\/wp-content\\\/uploads\\\/2022\\\/02\\\/bocht.png\",\"contentUrl\":\"https:\\\/\\\/repatransportbanden.nl\\\/wp-content\\\/uploads\\\/2022\\\/02\\\/bocht.png\",\"width\":331,\"height\":331},{\"@type\":\"BreadcrumbList\",\"@id\":\"https:\\\/\\\/repatransportbanden.nl\\\/es\\\/kunststof\\\/bochtbanden\\\/#breadcrumb\",\"itemListElement\":[{\"@type\":\"ListItem\",\"position\":1,\"name\":\"Inicio\",\"item\":\"https:\\\/\\\/repatransportbanden.nl\\\/es\\\/\"},{\"@type\":\"ListItem\",\"position\":2,\"name\":\"Pl\u00e1stico\",\"item\":\"https:\\\/\\\/repatransportbanden.tempurl.host\\\/es\\\/kunststof\\\/\"},{\"@type\":\"ListItem\",\"position\":3,\"name\":\"Bandas transportadoras curvas\"}]},{\"@type\":\"WebSite\",\"@id\":\"https:\\\/\\\/repatransportbanden.tempurl.host\\\/#website\",\"url\":\"https:\\\/\\\/repatransportbanden.tempurl.host\\\/\",\"name\":\"repatransportbanden.nl\",\"description\":\"\",\"potentialAction\":[{\"@type\":\"SearchAction\",\"target\":{\"@type\":\"EntryPoint\",\"urlTemplate\":\"https:\\\/\\\/repatransportbanden.tempurl.host\\\/?s={search_term_string}\"},\"query-input\":{\"@type\":\"PropertyValueSpecification\",\"valueRequired\":true,\"valueName\":\"search_term_string\"}}],\"inLanguage\":\"es\"}]}<\/script>\n<!-- \/ Yoast SEO plugin. -->","yoast_head_json":{"title":"Bandas transportadoras curvas - repatransportbanden.nl","robots":{"index":"index","follow":"follow","max-snippet":"max-snippet:-1","max-image-preview":"max-image-preview:large","max-video-preview":"max-video-preview:-1"},"canonical":"https:\/\/repatransportbanden.nl\/es\/kunststof\/bochtbanden\/","og_locale":"es_ES","og_type":"article","og_title":"Bandas transportadoras curvas - repatransportbanden.nl","og_description":"Bandas transportadoras curvas se utilizan a menudo en centros de distribuci\u00f3n, aeropuertos, pero tambi\u00e9n en diversas panader\u00edas y otras empresas de procesamiento de alimentos. REPA fabrica las bandas en PVC y en PU en la empresa misma. Por supuesto est\u00e1n disponibles en varios colores y con diversos perfiles, seg\u00fan los productos a transportar y las&hellip; Continue reading Bandas transportadoras curvas","og_url":"https:\/\/repatransportbanden.nl\/es\/kunststof\/bochtbanden\/","og_site_name":"repatransportbanden.nl","article_modified_time":"2022-01-04T09:24:36+00:00","og_image":[{"width":331,"height":331,"url":"https:\/\/repatransportbanden.tempurl.host\/wp-content\/uploads\/2021\/12\/transportbandensmallimg6.jpg","type":"image\/jpeg"}],"twitter_card":"summary_large_image","twitter_misc":{"Tiempo de lectura":"1 minuto"},"schema":{"@context":"https:\/\/schema.org","@graph":[{"@type":"WebPage","@id":"https:\/\/repatransportbanden.nl\/es\/kunststof\/bochtbanden\/","url":"https:\/\/repatransportbanden.nl\/es\/kunststof\/bochtbanden\/","name":"Bandas transportadoras curvas - repatransportbanden.nl","isPartOf":{"@id":"https:\/\/repatransportbanden.tempurl.host\/#website"},"primaryImageOfPage":{"@id":"https:\/\/repatransportbanden.nl\/es\/kunststof\/bochtbanden\/#primaryimage"},"image":{"@id":"https:\/\/repatransportbanden.nl\/es\/kunststof\/bochtbanden\/#primaryimage"},"thumbnailUrl":"https:\/\/repatransportbanden.nl\/wp-content\/uploads\/2022\/02\/bocht.png","datePublished":"2021-12-16T07:30:30+00:00","dateModified":"2022-01-04T09:24:36+00:00","breadcrumb":{"@id":"https:\/\/repatransportbanden.nl\/es\/kunststof\/bochtbanden\/#breadcrumb"},"inLanguage":"es","potentialAction":[{"@type":"ReadAction","target":["https:\/\/repatransportbanden.nl\/es\/kunststof\/bochtbanden\/"]}]},{"@type":"ImageObject","inLanguage":"es","@id":"https:\/\/repatransportbanden.nl\/es\/kunststof\/bochtbanden\/#primaryimage","url":"https:\/\/repatransportbanden.nl\/wp-content\/uploads\/2022\/02\/bocht.png","contentUrl":"https:\/\/repatransportbanden.nl\/wp-content\/uploads\/2022\/02\/bocht.png","width":331,"height":331},{"@type":"BreadcrumbList","@id":"https:\/\/repatransportbanden.nl\/es\/kunststof\/bochtbanden\/#breadcrumb","itemListElement":[{"@type":"ListItem","position":1,"name":"Inicio","item":"https:\/\/repatransportbanden.nl\/es\/"},{"@type":"ListItem","position":2,"name":"Pl\u00e1stico","item":"https:\/\/repatransportbanden.tempurl.host\/es\/kunststof\/"},{"@type":"ListItem","position":3,"name":"Bandas transportadoras curvas"}]},{"@type":"WebSite","@id":"https:\/\/repatransportbanden.tempurl.host\/#website","url":"https:\/\/repatransportbanden.tempurl.host\/","name":"repatransportbanden.nl","description":"","potentialAction":[{"@type":"SearchAction","target":{"@type":"EntryPoint","urlTemplate":"https:\/\/repatransportbanden.tempurl.host\/?s={search_term_string}"},"query-input":{"@type":"PropertyValueSpecification","valueRequired":true,"valueName":"search_term_string"}}],"inLanguage":"es"}]}},"_links":{"self":[{"href":"https:\/\/repatransportbanden.nl\/es\/wp-json\/wp\/v2\/pages\/1531","targetHints":{"allow":["GET"]}}],"collection":[{"href":"https:\/\/repatransportbanden.nl\/es\/wp-json\/wp\/v2\/pages"}],"about":[{"href":"https:\/\/repatransportbanden.nl\/es\/wp-json\/wp\/v2\/types\/page"}],"author":[{"embeddable":true,"href":"https:\/\/repatransportbanden.nl\/es\/wp-json\/wp\/v2\/users\/2"}],"replies":[{"embeddable":true,"href":"https:\/\/repatransportbanden.nl\/es\/wp-json\/wp\/v2\/comments?post=1531"}],"version-history":[{"count":3,"href":"https:\/\/repatransportbanden.nl\/es\/wp-json\/wp\/v2\/pages\/1531\/revisions"}],"predecessor-version":[{"id":3280,"href":"https:\/\/repatransportbanden.nl\/es\/wp-json\/wp\/v2\/pages\/1531\/revisions\/3280"}],"up":[{"embeddable":true,"href":"https:\/\/repatransportbanden.nl\/es\/wp-json\/wp\/v2\/pages\/1520"}],"wp:featuredmedia":[{"embeddable":true,"href":"https:\/\/repatransportbanden.nl\/es\/wp-json\/wp\/v2\/media\/5050"}],"wp:attachment":[{"href":"https:\/\/repatransportbanden.nl\/es\/wp-json\/wp\/v2\/media?parent=1531"}],"curies":[{"name":"wp","href":"https:\/\/api.w.org\/{rel}","templated":true}]}}