{"id":1516,"date":"2021-12-16T08:26:58","date_gmt":"2021-12-16T07:26:58","guid":{"rendered":"https:\/\/repatransportbanden.nl\/dockshelter\/"},"modified":"2021-12-31T11:04:25","modified_gmt":"2021-12-31T10:04:25","slug":"dockshelter","status":"publish","type":"page","link":"https:\/\/repatransportbanden.nl\/es\/dockshelter\/","title":{"rendered":"Abrigo de muelle"},"content":{"rendered":"\n<p>Un abrigo de muelle es el sello ideal entre el cami\u00f3n y el and\u00e9n de carga y descarga. Tambi\u00e9n es la forma m\u00e1s eficiente de posicionar el veh\u00edculo para el proceso de carga y descarga. Un abrigo de muelle tambi\u00e9n ahorra energ\u00eda y mantiene la zona de carga m\u00e1s limpia. Sin embargo, es importante que la calidad de los materiales de sellado sea lo suficientemente buena. En REPA siempre tendr\u00e1 la seguridad de que el PVC y el caucho utilizados en sus abrigos de muelle son de alta calidad, con lo que se prolonga la vida \u00fatil de los propios abrigos de muelle.<\/p>\n\n\n\n<p>REPA dispone de revestimiento para todos tipos de abrigos de muelle, como abrigos de solapa mec\u00e1nica, abrigos de cortina flexibles y abrigos inflables. Podemos cubrir tanto la parte superior del abrigo de muelle como los laterales. Puede elegir entre un revestimiento aislado y uno no aislado.<\/p>\n\n\n\n<p>REPA mantiene en stock kil\u00f3metros de material de abrigo de muelle para que los plazos de entrega sean cortos.<\/p>\n","protected":false},"excerpt":{"rendered":"<p>Un abrigo de muelle es el sello ideal entre el cami\u00f3n y el and\u00e9n de carga y descarga. Tambi\u00e9n es la forma m\u00e1s eficiente de posicionar el veh\u00edculo para el proceso de carga y descarga. Un abrigo de muelle tambi\u00e9n ahorra energ\u00eda y mantiene la zona de carga m\u00e1s limpia. Sin embargo, es importante que&hellip; <a class=\"more-link\" href=\"https:\/\/repatransportbanden.nl\/es\/dockshelter\/\">Continue reading <span class=\"screen-reader-text\">Abrigo de muelle<\/span><\/a><\/p>\n","protected":false},"author":2,"featured_media":0,"parent":0,"menu_order":0,"comment_status":"closed","ping_status":"closed","template":"templates\/template-service.php","meta":{"_acf_changed":false,"footnotes":""},"class_list":["post-1516","page","type-page","status-publish","hentry","entry"],"acf":[],"yoast_head":"<!-- This site is optimized with the Yoast SEO plugin v27.3 - https:\/\/yoast.com\/product\/yoast-seo-wordpress\/ -->\n<title>Abrigo de muelle - repatransportbanden.nl<\/title>\n<meta name=\"robots\" content=\"index, follow, max-snippet:-1, max-image-preview:large, max-video-preview:-1\" \/>\n<link rel=\"canonical\" href=\"https:\/\/repatransportbanden.nl\/es\/dockshelter\/\" \/>\n<meta property=\"og:locale\" content=\"es_ES\" \/>\n<meta property=\"og:type\" content=\"article\" \/>\n<meta property=\"og:title\" content=\"Abrigo de muelle - repatransportbanden.nl\" \/>\n<meta property=\"og:description\" content=\"Un abrigo de muelle es el sello ideal entre el cami\u00f3n y el and\u00e9n de carga y descarga. Tambi\u00e9n es la forma m\u00e1s eficiente de posicionar el veh\u00edculo para el proceso de carga y descarga. Un abrigo de muelle tambi\u00e9n ahorra energ\u00eda y mantiene la zona de carga m\u00e1s limpia. Sin embargo, es importante que&hellip; Continue reading Abrigo de muelle\" \/>\n<meta property=\"og:url\" content=\"https:\/\/repatransportbanden.nl\/es\/dockshelter\/\" \/>\n<meta property=\"og:site_name\" content=\"repatransportbanden.nl\" \/>\n<meta property=\"article:modified_time\" content=\"2021-12-31T10:04:25+00:00\" \/>\n<meta name=\"twitter:card\" content=\"summary_large_image\" \/>\n<meta name=\"twitter:label1\" content=\"Tiempo de lectura\" \/>\n\t<meta name=\"twitter:data1\" content=\"1 minuto\" \/>\n<script type=\"application\/ld+json\" class=\"yoast-schema-graph\">{\"@context\":\"https:\\\/\\\/schema.org\",\"@graph\":[{\"@type\":\"WebPage\",\"@id\":\"https:\\\/\\\/repatransportbanden.nl\\\/es\\\/dockshelter\\\/\",\"url\":\"https:\\\/\\\/repatransportbanden.nl\\\/es\\\/dockshelter\\\/\",\"name\":\"Abrigo de muelle - repatransportbanden.nl\",\"isPartOf\":{\"@id\":\"https:\\\/\\\/repatransportbanden.tempurl.host\\\/#website\"},\"datePublished\":\"2021-12-16T07:26:58+00:00\",\"dateModified\":\"2021-12-31T10:04:25+00:00\",\"breadcrumb\":{\"@id\":\"https:\\\/\\\/repatransportbanden.nl\\\/es\\\/dockshelter\\\/#breadcrumb\"},\"inLanguage\":\"es\",\"potentialAction\":[{\"@type\":\"ReadAction\",\"target\":[\"https:\\\/\\\/repatransportbanden.nl\\\/es\\\/dockshelter\\\/\"]}]},{\"@type\":\"BreadcrumbList\",\"@id\":\"https:\\\/\\\/repatransportbanden.nl\\\/es\\\/dockshelter\\\/#breadcrumb\",\"itemListElement\":[{\"@type\":\"ListItem\",\"position\":1,\"name\":\"Inicio\",\"item\":\"https:\\\/\\\/repatransportbanden.nl\\\/es\\\/\"},{\"@type\":\"ListItem\",\"position\":2,\"name\":\"Abrigo de muelle\"}]},{\"@type\":\"WebSite\",\"@id\":\"https:\\\/\\\/repatransportbanden.tempurl.host\\\/#website\",\"url\":\"https:\\\/\\\/repatransportbanden.tempurl.host\\\/\",\"name\":\"repatransportbanden.nl\",\"description\":\"\",\"potentialAction\":[{\"@type\":\"SearchAction\",\"target\":{\"@type\":\"EntryPoint\",\"urlTemplate\":\"https:\\\/\\\/repatransportbanden.tempurl.host\\\/?s={search_term_string}\"},\"query-input\":{\"@type\":\"PropertyValueSpecification\",\"valueRequired\":true,\"valueName\":\"search_term_string\"}}],\"inLanguage\":\"es\"}]}<\/script>\n<!-- \/ Yoast SEO plugin. -->","yoast_head_json":{"title":"Abrigo de muelle - repatransportbanden.nl","robots":{"index":"index","follow":"follow","max-snippet":"max-snippet:-1","max-image-preview":"max-image-preview:large","max-video-preview":"max-video-preview:-1"},"canonical":"https:\/\/repatransportbanden.nl\/es\/dockshelter\/","og_locale":"es_ES","og_type":"article","og_title":"Abrigo de muelle - repatransportbanden.nl","og_description":"Un abrigo de muelle es el sello ideal entre el cami\u00f3n y el and\u00e9n de carga y descarga. Tambi\u00e9n es la forma m\u00e1s eficiente de posicionar el veh\u00edculo para el proceso de carga y descarga. Un abrigo de muelle tambi\u00e9n ahorra energ\u00eda y mantiene la zona de carga m\u00e1s limpia. Sin embargo, es importante que&hellip; Continue reading Abrigo de muelle","og_url":"https:\/\/repatransportbanden.nl\/es\/dockshelter\/","og_site_name":"repatransportbanden.nl","article_modified_time":"2021-12-31T10:04:25+00:00","twitter_card":"summary_large_image","twitter_misc":{"Tiempo de lectura":"1 minuto"},"schema":{"@context":"https:\/\/schema.org","@graph":[{"@type":"WebPage","@id":"https:\/\/repatransportbanden.nl\/es\/dockshelter\/","url":"https:\/\/repatransportbanden.nl\/es\/dockshelter\/","name":"Abrigo de muelle - repatransportbanden.nl","isPartOf":{"@id":"https:\/\/repatransportbanden.tempurl.host\/#website"},"datePublished":"2021-12-16T07:26:58+00:00","dateModified":"2021-12-31T10:04:25+00:00","breadcrumb":{"@id":"https:\/\/repatransportbanden.nl\/es\/dockshelter\/#breadcrumb"},"inLanguage":"es","potentialAction":[{"@type":"ReadAction","target":["https:\/\/repatransportbanden.nl\/es\/dockshelter\/"]}]},{"@type":"BreadcrumbList","@id":"https:\/\/repatransportbanden.nl\/es\/dockshelter\/#breadcrumb","itemListElement":[{"@type":"ListItem","position":1,"name":"Inicio","item":"https:\/\/repatransportbanden.nl\/es\/"},{"@type":"ListItem","position":2,"name":"Abrigo de muelle"}]},{"@type":"WebSite","@id":"https:\/\/repatransportbanden.tempurl.host\/#website","url":"https:\/\/repatransportbanden.tempurl.host\/","name":"repatransportbanden.nl","description":"","potentialAction":[{"@type":"SearchAction","target":{"@type":"EntryPoint","urlTemplate":"https:\/\/repatransportbanden.tempurl.host\/?s={search_term_string}"},"query-input":{"@type":"PropertyValueSpecification","valueRequired":true,"valueName":"search_term_string"}}],"inLanguage":"es"}]}},"_links":{"self":[{"href":"https:\/\/repatransportbanden.nl\/es\/wp-json\/wp\/v2\/pages\/1516","targetHints":{"allow":["GET"]}}],"collection":[{"href":"https:\/\/repatransportbanden.nl\/es\/wp-json\/wp\/v2\/pages"}],"about":[{"href":"https:\/\/repatransportbanden.nl\/es\/wp-json\/wp\/v2\/types\/page"}],"author":[{"embeddable":true,"href":"https:\/\/repatransportbanden.nl\/es\/wp-json\/wp\/v2\/users\/2"}],"replies":[{"embeddable":true,"href":"https:\/\/repatransportbanden.nl\/es\/wp-json\/wp\/v2\/comments?post=1516"}],"version-history":[{"count":4,"href":"https:\/\/repatransportbanden.nl\/es\/wp-json\/wp\/v2\/pages\/1516\/revisions"}],"predecessor-version":[{"id":3241,"href":"https:\/\/repatransportbanden.nl\/es\/wp-json\/wp\/v2\/pages\/1516\/revisions\/3241"}],"wp:attachment":[{"href":"https:\/\/repatransportbanden.nl\/es\/wp-json\/wp\/v2\/media?parent=1516"}],"curies":[{"name":"wp","href":"https:\/\/api.w.org\/{rel}","templated":true}]}}