{"id":1498,"date":"2021-12-16T08:23:38","date_gmt":"2021-12-16T07:23:38","guid":{"rendered":"https:\/\/repatransportbanden.nl\/certificeringen\/"},"modified":"2023-09-02T15:19:43","modified_gmt":"2023-09-02T13:19:43","slug":"certificeringen","status":"publish","type":"page","link":"https:\/\/repatransportbanden.nl\/es\/certificeringen\/","title":{"rendered":"Certificaciones"},"content":{"rendered":"\n<p>La calidad y la seguridad son de inter\u00e9s primordial para nosotros. Para garantizarlo, damos gran valor a la certificaci\u00f3n. Desde 1998 REPA dispone de los siguientes certificados:<\/p>\n\n\n\n<h2 class=\"wp-block-heading\"><strong>VCA<\/strong><\/h2>\n\n\n<div class=\"wp-block-image\">\n<figure class=\"alignright size-full\"><img loading=\"lazy\" decoding=\"async\" width=\"197\" height=\"198\" src=\"https:\/\/repatransportbanden.nl\/wp-content\/uploads\/2023\/09\/vca.jpg\" alt=\"\" class=\"wp-image-12592\" srcset=\"https:\/\/repatransportbanden.nl\/wp-content\/uploads\/2023\/09\/vca.jpg 197w, https:\/\/repatransportbanden.nl\/wp-content\/uploads\/2023\/09\/vca-150x150.jpg 150w\" sizes=\"auto, (max-width: 197px) 100vw, 197px\" \/><\/figure>\n<\/div>\n\n\n<p>La lista de control de seguridad, salud y medio ambiente (VGM por sus siglas en holand\u00e9s) de los contratistas o VCA (por sus siglas en holand\u00e9s), es un programa orientado a promover la seguridad de procesos empresariales.<\/p>\n\n\n\n<p>Un certificado VCA significa que la empresa en cuesti\u00f3n trabaja de forma segura y saludable y que considera importante seguir haci\u00e9ndolo.<\/p>\n\n\n\n<hr class=\"wp-block-separator has-css-opacity\"\/>\n\n\n\n<h2 class=\"wp-block-heading\">ISO-9001<\/h2>\n\n\n<div class=\"wp-block-image\">\n<figure class=\"alignleft size-full\"><img loading=\"lazy\" decoding=\"async\" width=\"197\" height=\"198\" src=\"https:\/\/repatransportbanden.nl\/wp-content\/uploads\/2023\/09\/iso9001.jpg\" alt=\"\" class=\"wp-image-12584\" srcset=\"https:\/\/repatransportbanden.nl\/wp-content\/uploads\/2023\/09\/iso9001.jpg 197w, https:\/\/repatransportbanden.nl\/wp-content\/uploads\/2023\/09\/iso9001-150x150.jpg 150w\" sizes=\"auto, (max-width: 197px) 100vw, 197px\" \/><\/figure>\n<\/div>\n\n\n<p>La norma internacional ISO-9001 se centra en los sistemas de gesti\u00f3n de calidad y hace hincapi\u00e9 en la satisfacci\u00f3n del cliente. Cumplir con esta norma significa tambi\u00e9n esforzarse continuamente y aplicar mejoras. La norma ISO-9001 se basa en siete principios de gesti\u00f3n de la calidad, entre ellos el enfoque al cliente, el compromiso, el enfoque basado en procesos y el liderazgo.<\/p>\n\n\n\n<hr class=\"wp-block-separator has-css-opacity\"\/>\n\n\n\n<h2 class=\"wp-block-heading\">REACH cumplimiento<\/h2>\n\n\n<div class=\"wp-block-image\">\n<figure class=\"alignright size-full\"><img loading=\"lazy\" decoding=\"async\" width=\"130\" height=\"200\" src=\"https:\/\/repatransportbanden.nl\/wp-content\/uploads\/2021\/12\/reach.jpg\" alt=\"\" class=\"wp-image-1477\"\/><\/figure>\n<\/div>\n\n\n<p>REACH significa registro, evaluaci\u00f3n, autorizaci\u00f3n y restricci\u00f3n de sustancias qu\u00edmicas (Registration, Evaluation, Authorization and Restriction of Chemicals o REACH por sus siglas en ingl\u00e9s). Este reglamento europeo pretende mejorar la protecci\u00f3n de la salud p\u00fablica y del medio ambiente mediante una mejor y m\u00e1s r\u00e1pida identificaci\u00f3n de las propiedades intr\u00ednsecas de las sustancias qu\u00edmicas.<\/p>\n\n\n\n<p>Al mismo tiempo, REACH pretende mejorar la capacidad innovativa y competitiva de la industria qu\u00edmica europea. REACH se aplica a todas las sustancias y productos qu\u00edmicos producidos o importados en la UE.<\/p>\n\n\n\n<hr class=\"wp-block-separator has-css-opacity\"\/>\n\n\n\n<h2 class=\"wp-block-heading\">RoHS cumplimiento<\/h2>\n\n\n<div class=\"wp-block-image\">\n<figure class=\"alignleft size-full\"><img loading=\"lazy\" decoding=\"async\" width=\"197\" height=\"198\" src=\"https:\/\/repatransportbanden.nl\/wp-content\/uploads\/2021\/12\/rohs.jpg\" alt=\"\" class=\"wp-image-1480\" srcset=\"https:\/\/repatransportbanden.nl\/wp-content\/uploads\/2021\/12\/rohs.jpg 197w, https:\/\/repatransportbanden.nl\/wp-content\/uploads\/2021\/12\/rohs-150x150.jpg 150w\" sizes=\"auto, (max-width: 197px) 100vw, 197px\" \/><\/figure>\n<\/div>\n\n\n<p>El reglamento de restricci\u00f3n de sustancias peligrosas RoHS (Restriction of Hazardous Substances o RoHS por sus siglas en ingl\u00e9s),&nbsp;que se aplica en todos los estados miembros de la Uni\u00f3n Europea, tiene por objeto la restricci\u00f3n del uso de determinadas sustancias peligrosas en aparatos el\u00e9ctricos y electr\u00f3nicos. En concreto, se trata de las seis sustancias siguientes: mercurio, cromo, plomo, cadmio, bifenilos polibromos y los \u00e9teres difen\u00edlicos polibromados.<\/p>\n\n\n\n<hr class=\"wp-block-separator has-css-opacity\"\/>\n\n\n\n<h2 class=\"wp-block-heading\">PAHS<\/h2>\n\n\n<div class=\"wp-block-image\">\n<figure class=\"alignright size-full\"><img loading=\"lazy\" decoding=\"async\" width=\"300\" height=\"200\" src=\"https:\/\/repatransportbanden.nl\/wp-content\/uploads\/2021\/12\/pahs-1.jpg\" alt=\"\" class=\"wp-image-1483\"\/><\/figure>\n<\/div>\n\n\n<p>Los PAHS (Polycyclic Aromatic Hydrocarbons o PAHS por sus siglas en ingl\u00e9s), o hidrocarburos arom\u00e1ticos polic\u00edclicos, son cancer\u00edgenos y en general perjudiciales para la salud. Estas sustancias pueden encontrarse en diversos materiales, como madera, alimentos y tabaco. Las industrias que utilizan estos materiales deben hacer todo lo posible para evitar la emisi\u00f3n de PAHS.<\/p>\n\n\n\n<p>El reglamento PAHS procura que todos los productos cumplen con los requisitos legales con respecto a estas sustancias da\u00f1osas.<\/p>\n","protected":false},"excerpt":{"rendered":"<p>La calidad y la seguridad son de inter\u00e9s primordial para nosotros. Para garantizarlo, damos gran valor a la certificaci\u00f3n. Desde 1998 REPA dispone de los siguientes certificados: VCA La lista de control de seguridad, salud y medio ambiente (VGM por sus siglas en holand\u00e9s) de los contratistas o VCA (por sus siglas en holand\u00e9s), es&hellip; <a class=\"more-link\" href=\"https:\/\/repatransportbanden.nl\/es\/certificeringen\/\">Continue reading <span class=\"screen-reader-text\">Certificaciones<\/span><\/a><\/p>\n","protected":false},"author":2,"featured_media":0,"parent":0,"menu_order":0,"comment_status":"closed","ping_status":"closed","template":"","meta":{"_acf_changed":false,"footnotes":""},"class_list":["post-1498","page","type-page","status-publish","hentry","entry"],"acf":[],"yoast_head":"<!-- This site is optimized with the Yoast SEO plugin v27.3 - https:\/\/yoast.com\/product\/yoast-seo-wordpress\/ -->\n<title>Certificaciones - repatransportbanden.nl<\/title>\n<meta name=\"robots\" content=\"index, follow, max-snippet:-1, max-image-preview:large, max-video-preview:-1\" \/>\n<link rel=\"canonical\" href=\"https:\/\/repatransportbanden.nl\/es\/certificeringen\/\" \/>\n<meta property=\"og:locale\" content=\"es_ES\" \/>\n<meta property=\"og:type\" content=\"article\" \/>\n<meta property=\"og:title\" content=\"Certificaciones - repatransportbanden.nl\" \/>\n<meta property=\"og:description\" content=\"La calidad y la seguridad son de inter\u00e9s primordial para nosotros. Para garantizarlo, damos gran valor a la certificaci\u00f3n. Desde 1998 REPA dispone de los siguientes certificados: VCA La lista de control de seguridad, salud y medio ambiente (VGM por sus siglas en holand\u00e9s) de los contratistas o VCA (por sus siglas en holand\u00e9s), es&hellip; Continue reading Certificaciones\" \/>\n<meta property=\"og:url\" content=\"https:\/\/repatransportbanden.nl\/es\/certificeringen\/\" \/>\n<meta property=\"og:site_name\" content=\"repatransportbanden.nl\" \/>\n<meta property=\"article:modified_time\" content=\"2023-09-02T13:19:43+00:00\" \/>\n<meta property=\"og:image\" content=\"https:\/\/repatransportbanden.nl\/wp-content\/uploads\/2023\/09\/vca.jpg\" \/>\n<meta name=\"twitter:card\" content=\"summary_large_image\" \/>\n<meta name=\"twitter:label1\" content=\"Tiempo de lectura\" \/>\n\t<meta name=\"twitter:data1\" content=\"3 minutos\" \/>\n<script type=\"application\/ld+json\" class=\"yoast-schema-graph\">{\"@context\":\"https:\\\/\\\/schema.org\",\"@graph\":[{\"@type\":\"WebPage\",\"@id\":\"https:\\\/\\\/repatransportbanden.nl\\\/es\\\/certificeringen\\\/\",\"url\":\"https:\\\/\\\/repatransportbanden.nl\\\/es\\\/certificeringen\\\/\",\"name\":\"Certificaciones - repatransportbanden.nl\",\"isPartOf\":{\"@id\":\"https:\\\/\\\/repatransportbanden.tempurl.host\\\/#website\"},\"primaryImageOfPage\":{\"@id\":\"https:\\\/\\\/repatransportbanden.nl\\\/es\\\/certificeringen\\\/#primaryimage\"},\"image\":{\"@id\":\"https:\\\/\\\/repatransportbanden.nl\\\/es\\\/certificeringen\\\/#primaryimage\"},\"thumbnailUrl\":\"https:\\\/\\\/repatransportbanden.nl\\\/wp-content\\\/uploads\\\/2023\\\/09\\\/vca.jpg\",\"datePublished\":\"2021-12-16T07:23:38+00:00\",\"dateModified\":\"2023-09-02T13:19:43+00:00\",\"breadcrumb\":{\"@id\":\"https:\\\/\\\/repatransportbanden.nl\\\/es\\\/certificeringen\\\/#breadcrumb\"},\"inLanguage\":\"es\",\"potentialAction\":[{\"@type\":\"ReadAction\",\"target\":[\"https:\\\/\\\/repatransportbanden.nl\\\/es\\\/certificeringen\\\/\"]}]},{\"@type\":\"ImageObject\",\"inLanguage\":\"es\",\"@id\":\"https:\\\/\\\/repatransportbanden.nl\\\/es\\\/certificeringen\\\/#primaryimage\",\"url\":\"https:\\\/\\\/repatransportbanden.nl\\\/wp-content\\\/uploads\\\/2023\\\/09\\\/vca.jpg\",\"contentUrl\":\"https:\\\/\\\/repatransportbanden.nl\\\/wp-content\\\/uploads\\\/2023\\\/09\\\/vca.jpg\"},{\"@type\":\"BreadcrumbList\",\"@id\":\"https:\\\/\\\/repatransportbanden.nl\\\/es\\\/certificeringen\\\/#breadcrumb\",\"itemListElement\":[{\"@type\":\"ListItem\",\"position\":1,\"name\":\"Inicio\",\"item\":\"https:\\\/\\\/repatransportbanden.nl\\\/es\\\/\"},{\"@type\":\"ListItem\",\"position\":2,\"name\":\"Certificaciones\"}]},{\"@type\":\"WebSite\",\"@id\":\"https:\\\/\\\/repatransportbanden.tempurl.host\\\/#website\",\"url\":\"https:\\\/\\\/repatransportbanden.tempurl.host\\\/\",\"name\":\"repatransportbanden.nl\",\"description\":\"\",\"potentialAction\":[{\"@type\":\"SearchAction\",\"target\":{\"@type\":\"EntryPoint\",\"urlTemplate\":\"https:\\\/\\\/repatransportbanden.tempurl.host\\\/?s={search_term_string}\"},\"query-input\":{\"@type\":\"PropertyValueSpecification\",\"valueRequired\":true,\"valueName\":\"search_term_string\"}}],\"inLanguage\":\"es\"}]}<\/script>\n<!-- \/ Yoast SEO plugin. -->","yoast_head_json":{"title":"Certificaciones - repatransportbanden.nl","robots":{"index":"index","follow":"follow","max-snippet":"max-snippet:-1","max-image-preview":"max-image-preview:large","max-video-preview":"max-video-preview:-1"},"canonical":"https:\/\/repatransportbanden.nl\/es\/certificeringen\/","og_locale":"es_ES","og_type":"article","og_title":"Certificaciones - repatransportbanden.nl","og_description":"La calidad y la seguridad son de inter\u00e9s primordial para nosotros. Para garantizarlo, damos gran valor a la certificaci\u00f3n. Desde 1998 REPA dispone de los siguientes certificados: VCA La lista de control de seguridad, salud y medio ambiente (VGM por sus siglas en holand\u00e9s) de los contratistas o VCA (por sus siglas en holand\u00e9s), es&hellip; Continue reading Certificaciones","og_url":"https:\/\/repatransportbanden.nl\/es\/certificeringen\/","og_site_name":"repatransportbanden.nl","article_modified_time":"2023-09-02T13:19:43+00:00","og_image":[{"url":"https:\/\/repatransportbanden.nl\/wp-content\/uploads\/2023\/09\/vca.jpg","type":"","width":"","height":""}],"twitter_card":"summary_large_image","twitter_misc":{"Tiempo de lectura":"3 minutos"},"schema":{"@context":"https:\/\/schema.org","@graph":[{"@type":"WebPage","@id":"https:\/\/repatransportbanden.nl\/es\/certificeringen\/","url":"https:\/\/repatransportbanden.nl\/es\/certificeringen\/","name":"Certificaciones - repatransportbanden.nl","isPartOf":{"@id":"https:\/\/repatransportbanden.tempurl.host\/#website"},"primaryImageOfPage":{"@id":"https:\/\/repatransportbanden.nl\/es\/certificeringen\/#primaryimage"},"image":{"@id":"https:\/\/repatransportbanden.nl\/es\/certificeringen\/#primaryimage"},"thumbnailUrl":"https:\/\/repatransportbanden.nl\/wp-content\/uploads\/2023\/09\/vca.jpg","datePublished":"2021-12-16T07:23:38+00:00","dateModified":"2023-09-02T13:19:43+00:00","breadcrumb":{"@id":"https:\/\/repatransportbanden.nl\/es\/certificeringen\/#breadcrumb"},"inLanguage":"es","potentialAction":[{"@type":"ReadAction","target":["https:\/\/repatransportbanden.nl\/es\/certificeringen\/"]}]},{"@type":"ImageObject","inLanguage":"es","@id":"https:\/\/repatransportbanden.nl\/es\/certificeringen\/#primaryimage","url":"https:\/\/repatransportbanden.nl\/wp-content\/uploads\/2023\/09\/vca.jpg","contentUrl":"https:\/\/repatransportbanden.nl\/wp-content\/uploads\/2023\/09\/vca.jpg"},{"@type":"BreadcrumbList","@id":"https:\/\/repatransportbanden.nl\/es\/certificeringen\/#breadcrumb","itemListElement":[{"@type":"ListItem","position":1,"name":"Inicio","item":"https:\/\/repatransportbanden.nl\/es\/"},{"@type":"ListItem","position":2,"name":"Certificaciones"}]},{"@type":"WebSite","@id":"https:\/\/repatransportbanden.tempurl.host\/#website","url":"https:\/\/repatransportbanden.tempurl.host\/","name":"repatransportbanden.nl","description":"","potentialAction":[{"@type":"SearchAction","target":{"@type":"EntryPoint","urlTemplate":"https:\/\/repatransportbanden.tempurl.host\/?s={search_term_string}"},"query-input":{"@type":"PropertyValueSpecification","valueRequired":true,"valueName":"search_term_string"}}],"inLanguage":"es"}]}},"_links":{"self":[{"href":"https:\/\/repatransportbanden.nl\/es\/wp-json\/wp\/v2\/pages\/1498","targetHints":{"allow":["GET"]}}],"collection":[{"href":"https:\/\/repatransportbanden.nl\/es\/wp-json\/wp\/v2\/pages"}],"about":[{"href":"https:\/\/repatransportbanden.nl\/es\/wp-json\/wp\/v2\/types\/page"}],"author":[{"embeddable":true,"href":"https:\/\/repatransportbanden.nl\/es\/wp-json\/wp\/v2\/users\/2"}],"replies":[{"embeddable":true,"href":"https:\/\/repatransportbanden.nl\/es\/wp-json\/wp\/v2\/comments?post=1498"}],"version-history":[{"count":3,"href":"https:\/\/repatransportbanden.nl\/es\/wp-json\/wp\/v2\/pages\/1498\/revisions"}],"predecessor-version":[{"id":12599,"href":"https:\/\/repatransportbanden.nl\/es\/wp-json\/wp\/v2\/pages\/1498\/revisions\/12599"}],"wp:attachment":[{"href":"https:\/\/repatransportbanden.nl\/es\/wp-json\/wp\/v2\/media?parent=1498"}],"curies":[{"name":"wp","href":"https:\/\/api.w.org\/{rel}","templated":true}]}}