{"id":1489,"date":"2021-12-16T08:16:37","date_gmt":"2021-12-16T07:16:37","guid":{"rendered":"https:\/\/repatransportbanden.nl\/home\/"},"modified":"2025-06-16T10:46:21","modified_gmt":"2025-06-16T08:46:21","slug":"home","status":"publish","type":"page","link":"https:\/\/repatransportbanden.nl\/es\/","title":{"rendered":"Inicio"},"content":{"rendered":"\n<h1>Acerca de<span>REPA<\/span> Bandas Transportadoras<\/h1>\n\n\n\n<p>REPA Transportbanden BV se fund\u00f3 en 1993 en Akersloot y desde entonces ha experimentado un crecimiento explosivo. Ha crecido estando a disposici\u00f3n de sus clientes 24 horas al d\u00eda, 7 d\u00edas por semana. En resumen: una excelente calidad y entregas r\u00e1pidas son la base del \u00e9xito de REPA. Y ya desde 1998 tenemos la certificaci\u00f3n ISO-9001 y VCA desde 1998. REPA se traslad\u00f3 en 2020 a un nuevo edificio en Alkmaar, donde podemos seguir creciendo. La oficina principal en Alkmaar tiene una superficie de 40.000 m<sup>2<\/sup>, y todas las naves de producci\u00f3n est\u00e1n equipadas con las m\u00e1quinas m\u00e1s modernas para producir bandas transportadoras de pl\u00e1stico y de caucho.<\/p>\n\n\n\n<a href=\"https:\/\/repatransportbanden.nl\/es\/wie-zijn-wij\/\" class=\"redbtn\">Leer m\u00e1s<\/a>\n","protected":false},"excerpt":{"rendered":"<p>Acerca deREPA Bandas Transportadoras REPA Transportbanden BV se fund\u00f3 en 1993 en Akersloot y desde entonces ha experimentado un crecimiento explosivo. Ha crecido estando a disposici\u00f3n de sus clientes 24 horas al d\u00eda, 7 d\u00edas por semana. En resumen: una excelente calidad y entregas r\u00e1pidas son la base del \u00e9xito de REPA. Y ya desde&hellip; <a class=\"more-link\" href=\"https:\/\/repatransportbanden.nl\/es\/\">Continue reading <span class=\"screen-reader-text\">Inicio<\/span><\/a><\/p>\n","protected":false},"author":2,"featured_media":874,"parent":0,"menu_order":0,"comment_status":"closed","ping_status":"closed","template":"templates\/template-home.php","meta":{"_acf_changed":false,"footnotes":""},"class_list":["post-1489","page","type-page","status-publish","has-post-thumbnail","hentry","entry"],"acf":[],"yoast_head":"<!-- This site is optimized with the Yoast SEO plugin v27.3 - https:\/\/yoast.com\/product\/yoast-seo-wordpress\/ -->\n<title>Inicio - repatransportbanden.nl<\/title>\n<meta name=\"robots\" content=\"index, follow, max-snippet:-1, max-image-preview:large, max-video-preview:-1\" \/>\n<link rel=\"canonical\" href=\"https:\/\/repatransportbanden.nl\/es\/\" \/>\n<meta property=\"og:locale\" content=\"es_ES\" \/>\n<meta property=\"og:type\" content=\"article\" \/>\n<meta property=\"og:title\" content=\"Inicio - repatransportbanden.nl\" \/>\n<meta property=\"og:description\" content=\"Acerca deREPA Bandas Transportadoras REPA Transportbanden BV se fund\u00f3 en 1993 en Akersloot y desde entonces ha experimentado un crecimiento explosivo. Ha crecido estando a disposici\u00f3n de sus clientes 24 horas al d\u00eda, 7 d\u00edas por semana. En resumen: una excelente calidad y entregas r\u00e1pidas son la base del \u00e9xito de REPA. Y ya desde&hellip; Continue reading Inicio\" \/>\n<meta property=\"og:url\" content=\"https:\/\/repatransportbanden.nl\/es\/\" \/>\n<meta property=\"og:site_name\" content=\"repatransportbanden.nl\" \/>\n<meta property=\"article:modified_time\" content=\"2025-06-16T08:46:21+00:00\" \/>\n<meta property=\"og:image\" content=\"https:\/\/repatransportbanden.nl\/wp-content\/uploads\/2021\/11\/abtimg.jpg\" \/>\n\t<meta property=\"og:image:width\" content=\"543\" \/>\n\t<meta property=\"og:image:height\" content=\"543\" \/>\n\t<meta property=\"og:image:type\" content=\"image\/jpeg\" \/>\n<meta name=\"twitter:card\" content=\"summary_large_image\" \/>\n<meta name=\"twitter:label1\" content=\"Tiempo de lectura\" \/>\n\t<meta name=\"twitter:data1\" content=\"1 minuto\" \/>\n<script type=\"application\/ld+json\" class=\"yoast-schema-graph\">{\"@context\":\"https:\\\/\\\/schema.org\",\"@graph\":[{\"@type\":\"WebPage\",\"@id\":\"https:\\\/\\\/repatransportbanden.nl\\\/es\\\/\",\"url\":\"https:\\\/\\\/repatransportbanden.nl\\\/es\\\/\",\"name\":\"Inicio - repatransportbanden.nl\",\"isPartOf\":{\"@id\":\"https:\\\/\\\/repatransportbanden.tempurl.host\\\/#website\"},\"primaryImageOfPage\":{\"@id\":\"https:\\\/\\\/repatransportbanden.nl\\\/es\\\/#primaryimage\"},\"image\":{\"@id\":\"https:\\\/\\\/repatransportbanden.nl\\\/es\\\/#primaryimage\"},\"thumbnailUrl\":\"https:\\\/\\\/repatransportbanden.nl\\\/wp-content\\\/uploads\\\/2021\\\/11\\\/abtimg.jpg\",\"datePublished\":\"2021-12-16T07:16:37+00:00\",\"dateModified\":\"2025-06-16T08:46:21+00:00\",\"breadcrumb\":{\"@id\":\"https:\\\/\\\/repatransportbanden.nl\\\/es\\\/#breadcrumb\"},\"inLanguage\":\"es\",\"potentialAction\":[{\"@type\":\"ReadAction\",\"target\":[\"https:\\\/\\\/repatransportbanden.nl\\\/es\\\/\"]}]},{\"@type\":\"ImageObject\",\"inLanguage\":\"es\",\"@id\":\"https:\\\/\\\/repatransportbanden.nl\\\/es\\\/#primaryimage\",\"url\":\"https:\\\/\\\/repatransportbanden.nl\\\/wp-content\\\/uploads\\\/2021\\\/11\\\/abtimg.jpg\",\"contentUrl\":\"https:\\\/\\\/repatransportbanden.nl\\\/wp-content\\\/uploads\\\/2021\\\/11\\\/abtimg.jpg\",\"width\":543,\"height\":543},{\"@type\":\"BreadcrumbList\",\"@id\":\"https:\\\/\\\/repatransportbanden.nl\\\/es\\\/#breadcrumb\",\"itemListElement\":[{\"@type\":\"ListItem\",\"position\":1,\"name\":\"Inicio\",\"item\":\"https:\\\/\\\/repatransportbanden.nl\\\/es\\\/\"},{\"@type\":\"ListItem\",\"position\":2,\"name\":\"Inicio\"}]},{\"@type\":\"WebSite\",\"@id\":\"https:\\\/\\\/repatransportbanden.tempurl.host\\\/#website\",\"url\":\"https:\\\/\\\/repatransportbanden.tempurl.host\\\/\",\"name\":\"repatransportbanden.nl\",\"description\":\"\",\"potentialAction\":[{\"@type\":\"SearchAction\",\"target\":{\"@type\":\"EntryPoint\",\"urlTemplate\":\"https:\\\/\\\/repatransportbanden.tempurl.host\\\/?s={search_term_string}\"},\"query-input\":{\"@type\":\"PropertyValueSpecification\",\"valueRequired\":true,\"valueName\":\"search_term_string\"}}],\"inLanguage\":\"es\"}]}<\/script>\n<!-- \/ Yoast SEO plugin. -->","yoast_head_json":{"title":"Inicio - repatransportbanden.nl","robots":{"index":"index","follow":"follow","max-snippet":"max-snippet:-1","max-image-preview":"max-image-preview:large","max-video-preview":"max-video-preview:-1"},"canonical":"https:\/\/repatransportbanden.nl\/es\/","og_locale":"es_ES","og_type":"article","og_title":"Inicio - repatransportbanden.nl","og_description":"Acerca deREPA Bandas Transportadoras REPA Transportbanden BV se fund\u00f3 en 1993 en Akersloot y desde entonces ha experimentado un crecimiento explosivo. Ha crecido estando a disposici\u00f3n de sus clientes 24 horas al d\u00eda, 7 d\u00edas por semana. En resumen: una excelente calidad y entregas r\u00e1pidas son la base del \u00e9xito de REPA. Y ya desde&hellip; Continue reading Inicio","og_url":"https:\/\/repatransportbanden.nl\/es\/","og_site_name":"repatransportbanden.nl","article_modified_time":"2025-06-16T08:46:21+00:00","og_image":[{"width":543,"height":543,"url":"https:\/\/repatransportbanden.nl\/wp-content\/uploads\/2021\/11\/abtimg.jpg","type":"image\/jpeg"}],"twitter_card":"summary_large_image","twitter_misc":{"Tiempo de lectura":"1 minuto"},"schema":{"@context":"https:\/\/schema.org","@graph":[{"@type":"WebPage","@id":"https:\/\/repatransportbanden.nl\/es\/","url":"https:\/\/repatransportbanden.nl\/es\/","name":"Inicio - repatransportbanden.nl","isPartOf":{"@id":"https:\/\/repatransportbanden.tempurl.host\/#website"},"primaryImageOfPage":{"@id":"https:\/\/repatransportbanden.nl\/es\/#primaryimage"},"image":{"@id":"https:\/\/repatransportbanden.nl\/es\/#primaryimage"},"thumbnailUrl":"https:\/\/repatransportbanden.nl\/wp-content\/uploads\/2021\/11\/abtimg.jpg","datePublished":"2021-12-16T07:16:37+00:00","dateModified":"2025-06-16T08:46:21+00:00","breadcrumb":{"@id":"https:\/\/repatransportbanden.nl\/es\/#breadcrumb"},"inLanguage":"es","potentialAction":[{"@type":"ReadAction","target":["https:\/\/repatransportbanden.nl\/es\/"]}]},{"@type":"ImageObject","inLanguage":"es","@id":"https:\/\/repatransportbanden.nl\/es\/#primaryimage","url":"https:\/\/repatransportbanden.nl\/wp-content\/uploads\/2021\/11\/abtimg.jpg","contentUrl":"https:\/\/repatransportbanden.nl\/wp-content\/uploads\/2021\/11\/abtimg.jpg","width":543,"height":543},{"@type":"BreadcrumbList","@id":"https:\/\/repatransportbanden.nl\/es\/#breadcrumb","itemListElement":[{"@type":"ListItem","position":1,"name":"Inicio","item":"https:\/\/repatransportbanden.nl\/es\/"},{"@type":"ListItem","position":2,"name":"Inicio"}]},{"@type":"WebSite","@id":"https:\/\/repatransportbanden.tempurl.host\/#website","url":"https:\/\/repatransportbanden.tempurl.host\/","name":"repatransportbanden.nl","description":"","potentialAction":[{"@type":"SearchAction","target":{"@type":"EntryPoint","urlTemplate":"https:\/\/repatransportbanden.tempurl.host\/?s={search_term_string}"},"query-input":{"@type":"PropertyValueSpecification","valueRequired":true,"valueName":"search_term_string"}}],"inLanguage":"es"}]}},"_links":{"self":[{"href":"https:\/\/repatransportbanden.nl\/es\/wp-json\/wp\/v2\/pages\/1489","targetHints":{"allow":["GET"]}}],"collection":[{"href":"https:\/\/repatransportbanden.nl\/es\/wp-json\/wp\/v2\/pages"}],"about":[{"href":"https:\/\/repatransportbanden.nl\/es\/wp-json\/wp\/v2\/types\/page"}],"author":[{"embeddable":true,"href":"https:\/\/repatransportbanden.nl\/es\/wp-json\/wp\/v2\/users\/2"}],"replies":[{"embeddable":true,"href":"https:\/\/repatransportbanden.nl\/es\/wp-json\/wp\/v2\/comments?post=1489"}],"version-history":[{"count":5,"href":"https:\/\/repatransportbanden.nl\/es\/wp-json\/wp\/v2\/pages\/1489\/revisions"}],"predecessor-version":[{"id":15488,"href":"https:\/\/repatransportbanden.nl\/es\/wp-json\/wp\/v2\/pages\/1489\/revisions\/15488"}],"wp:featuredmedia":[{"embeddable":true,"href":"https:\/\/repatransportbanden.nl\/es\/wp-json\/wp\/v2\/media\/874"}],"wp:attachment":[{"href":"https:\/\/repatransportbanden.nl\/es\/wp-json\/wp\/v2\/media?parent=1489"}],"curies":[{"name":"wp","href":"https:\/\/api.w.org\/{rel}","templated":true}]}}