{"id":3742,"date":"2022-01-07T09:25:45","date_gmt":"2022-01-07T08:25:45","guid":{"rendered":"https:\/\/repatransportbanden.nl\/wie-zijn-wij\/"},"modified":"2022-01-28T00:16:57","modified_gmt":"2022-01-27T23:16:57","slug":"wie-zijn-wij","status":"publish","type":"page","link":"https:\/\/repatransportbanden.nl\/de\/wie-zijn-wij\/","title":{"rendered":"Wer sind wir?"},"content":{"rendered":"\n<p>REPA Transportbanden BV wurde 1993 in Akersloot, Niederlande, gegr\u00fcndet und hat seitdem ein explosives Wachstum erlebt. Gro\u00df geworden sind wir dadurch, dass wir 24 Stunden pro Tag und 7 Tage pro Woche f\u00fcr unsere Kunden da sind. Kurz gesagt: Ausgezeichnete Qualit\u00e4t und eine schnelle Lieferzeit bilden die Grundlage des Erfolgs von REPA. Und wir sind schon seit 1998 ISO-9001- und VCA-zertifiziert! 2020 zog es REPA an einen neuen Standort in Alkmaar. Dort k\u00f6nnen wir wieder weiterwachsen. Der Betrieb in Alkmaar hat eine Oberfl\u00e4che von 35.000 m2 und in allen Fabrikhallen stehen die neuesten Maschinen, mit denen Kunststoff- und Gummif\u00f6rderb\u00e4nder hergestellt werden k\u00f6nnen. Unsere neueste Anschaffung ist eine semi-automatische Produktlinie zum Vulkanisieren von Gummib\u00e4ndern mit Mitnehmerstollen und Wellenkanten bis zu einer Breite von 2.600 mm.<\/p>\n\n\n\n<p>Au\u00dferdem arbeiten wir mit verschiedenen Hochfrequenz- und W\u00e4rmepressen zum Vulkanisieren von Kunststoff-F\u00f6rderb\u00e4ndern bis zu einer Breite von 5.000 mm. Dar\u00fcber hinaus haben wir mehrere Schneidemaschinen, sodass wir schnell liefern k\u00f6nnen, denn Stillstand kostet immer noch unn\u00f6tigerweise viel Geld. Auch die Herstellung verschiedener Rollen ist Teil der Arbeiten. REPA hat zudem alle Teile auf Lager, die zu einem gut funktionierenden F\u00f6rderbandsystem geh\u00f6ren, und kann sofort liefern.<\/p>\n\n\n\n<p>Wir zeigen Ihnen gerne unseren neuen Showroom, in dem Sie sich alle Produkte ansehen k\u00f6nnen, die die REPA Group anbietet. Bitte rufen Sie uns vorher an, dann vereinbaren wir einen Termin.<\/p>\n\n\n\n<p>Unsere Arbeiten und Produkte umfassen u. a.:<\/p>\n\n\n\n<ul class=\"wp-block-list\"><li>Lieferung, Montage und Reparatur von Gummi- und Kunststoff-F\u00f6rderb\u00e4ndern und Ersatzteilen f\u00fcr alle Industriezweige<\/li><li>Gro\u00dfer Vorrat Gummiprofilb\u00e4nder, glatte B\u00e4nder, Kunststoffb\u00e4nder<\/li><li>Wartung von F\u00f6rderb\u00e4ndern und (Ersatz-)Teilen<\/li><li>Pr\u00fcfung einschlie\u00dflich Bericht von F\u00f6rderb\u00e4ndern und Teilen<\/li><li>Inventarliste von F\u00f6rderb\u00e4ndern und Teilen<\/li><li>24-Stunden-Service<\/li><li>Konfektion von Kunststoff- und Gummif\u00f6rderb\u00e4ndern<\/li><li>Herstellung von F\u00f6rderb\u00e4ndern<\/li><li>Lieferung und Montage von Abstreifern<\/li><li>Lieferung von Trommeln und Rollen. Alle DIN-Rollen sind auf Lager und sofort lieferbar (Stahl und HDPE)<\/li><li>Lieferung von Muldenstationen. Gem\u00e4\u00df DIN auf Lager, sofort lieferbar<\/li><li>Lieferung automatischer F\u00fchrungsrollen f\u00fcr den R\u00fccklaufteil des Bandes (den Re-Track) bis zu einer Bandbreite von 2.400 mm<\/li><li>Lieferung automatisch f\u00fchrender Muldenstationen f\u00fcr den oberen Teil des Bandes (den Ce-Track) bis zu einer Bandbreite von 2.400 mm<\/li><li>Lieferung von Bandabdeckungen<\/li><li>Bekleidung von Trommeln, Trichtern, Aufgabepunkten etc.<\/li><li>Lieferung von Verschlei\u00dfgummis und keramischer Bekleidung<\/li><li>Impactbars\/Slidebars<\/li><li>Gummikleber und Primer<\/li><\/ul>\n","protected":false},"excerpt":{"rendered":"<p>REPA Transportbanden BV wurde 1993 in Akersloot, Niederlande, gegr\u00fcndet und hat seitdem ein explosives Wachstum erlebt. Gro\u00df geworden sind wir dadurch, dass wir 24 Stunden pro Tag und 7 Tage pro Woche f\u00fcr unsere Kunden da sind. Kurz gesagt: Ausgezeichnete Qualit\u00e4t und eine schnelle Lieferzeit bilden die Grundlage des Erfolgs von REPA. Und wir sind&hellip; <a class=\"more-link\" href=\"https:\/\/repatransportbanden.nl\/de\/wie-zijn-wij\/\">Continue reading <span class=\"screen-reader-text\">Wer sind wir?<\/span><\/a><\/p>\n","protected":false},"author":2,"featured_media":2736,"parent":0,"menu_order":0,"comment_status":"closed","ping_status":"closed","template":"","meta":{"_acf_changed":false,"footnotes":""},"class_list":["post-3742","page","type-page","status-publish","has-post-thumbnail","hentry","entry"],"acf":[],"yoast_head":"<!-- This site is optimized with the Yoast SEO plugin v27.4 - https:\/\/yoast.com\/product\/yoast-seo-wordpress\/ -->\n<title>Wer sind wir? - repatransportbanden.nl<\/title>\n<meta name=\"robots\" content=\"index, follow, max-snippet:-1, max-image-preview:large, max-video-preview:-1\" \/>\n<link rel=\"canonical\" href=\"https:\/\/repatransportbanden.nl\/de\/wie-zijn-wij\/\" \/>\n<meta property=\"og:locale\" content=\"de_DE\" \/>\n<meta property=\"og:type\" content=\"article\" \/>\n<meta property=\"og:title\" content=\"Wer sind wir? - repatransportbanden.nl\" \/>\n<meta property=\"og:description\" content=\"REPA Transportbanden BV wurde 1993 in Akersloot, Niederlande, gegr\u00fcndet und hat seitdem ein explosives Wachstum erlebt. Gro\u00df geworden sind wir dadurch, dass wir 24 Stunden pro Tag und 7 Tage pro Woche f\u00fcr unsere Kunden da sind. Kurz gesagt: Ausgezeichnete Qualit\u00e4t und eine schnelle Lieferzeit bilden die Grundlage des Erfolgs von REPA. Und wir sind&hellip; Continue reading Wer sind wir?\" \/>\n<meta property=\"og:url\" content=\"https:\/\/repatransportbanden.nl\/de\/wie-zijn-wij\/\" \/>\n<meta property=\"og:site_name\" content=\"repatransportbanden.nl\" \/>\n<meta property=\"article:modified_time\" content=\"2022-01-27T23:16:57+00:00\" \/>\n<meta property=\"og:image\" content=\"https:\/\/repatransportbanden.tempurl.host\/wp-content\/uploads\/2021\/12\/Wie-zijn-wij1.jpg\" \/>\n\t<meta property=\"og:image:width\" content=\"686\" \/>\n\t<meta property=\"og:image:height\" content=\"464\" \/>\n\t<meta property=\"og:image:type\" content=\"image\/jpeg\" \/>\n<meta name=\"twitter:card\" content=\"summary_large_image\" \/>\n<meta name=\"twitter:label1\" content=\"Gesch\u00e4tzte Lesezeit\" \/>\n\t<meta name=\"twitter:data1\" content=\"2\u00a0Minuten\" \/>\n<script type=\"application\/ld+json\" class=\"yoast-schema-graph\">{\"@context\":\"https:\\\/\\\/schema.org\",\"@graph\":[{\"@type\":\"WebPage\",\"@id\":\"https:\\\/\\\/repatransportbanden.nl\\\/de\\\/wie-zijn-wij\\\/\",\"url\":\"https:\\\/\\\/repatransportbanden.nl\\\/de\\\/wie-zijn-wij\\\/\",\"name\":\"Wer sind wir? - repatransportbanden.nl\",\"isPartOf\":{\"@id\":\"https:\\\/\\\/repatransportbanden.tempurl.host\\\/#website\"},\"primaryImageOfPage\":{\"@id\":\"https:\\\/\\\/repatransportbanden.nl\\\/de\\\/wie-zijn-wij\\\/#primaryimage\"},\"image\":{\"@id\":\"https:\\\/\\\/repatransportbanden.nl\\\/de\\\/wie-zijn-wij\\\/#primaryimage\"},\"thumbnailUrl\":\"https:\\\/\\\/repatransportbanden.nl\\\/wp-content\\\/uploads\\\/2021\\\/12\\\/Wie-zijn-wij1.jpg\",\"datePublished\":\"2022-01-07T08:25:45+00:00\",\"dateModified\":\"2022-01-27T23:16:57+00:00\",\"breadcrumb\":{\"@id\":\"https:\\\/\\\/repatransportbanden.nl\\\/de\\\/wie-zijn-wij\\\/#breadcrumb\"},\"inLanguage\":\"de\",\"potentialAction\":[{\"@type\":\"ReadAction\",\"target\":[\"https:\\\/\\\/repatransportbanden.nl\\\/de\\\/wie-zijn-wij\\\/\"]}]},{\"@type\":\"ImageObject\",\"inLanguage\":\"de\",\"@id\":\"https:\\\/\\\/repatransportbanden.nl\\\/de\\\/wie-zijn-wij\\\/#primaryimage\",\"url\":\"https:\\\/\\\/repatransportbanden.nl\\\/wp-content\\\/uploads\\\/2021\\\/12\\\/Wie-zijn-wij1.jpg\",\"contentUrl\":\"https:\\\/\\\/repatransportbanden.nl\\\/wp-content\\\/uploads\\\/2021\\\/12\\\/Wie-zijn-wij1.jpg\",\"width\":686,\"height\":464},{\"@type\":\"BreadcrumbList\",\"@id\":\"https:\\\/\\\/repatransportbanden.nl\\\/de\\\/wie-zijn-wij\\\/#breadcrumb\",\"itemListElement\":[{\"@type\":\"ListItem\",\"position\":1,\"name\":\"Home\",\"item\":\"https:\\\/\\\/repatransportbanden.nl\\\/de\\\/\"},{\"@type\":\"ListItem\",\"position\":2,\"name\":\"Wer sind wir?\"}]},{\"@type\":\"WebSite\",\"@id\":\"https:\\\/\\\/repatransportbanden.tempurl.host\\\/#website\",\"url\":\"https:\\\/\\\/repatransportbanden.tempurl.host\\\/\",\"name\":\"repatransportbanden.nl\",\"description\":\"\",\"potentialAction\":[{\"@type\":\"SearchAction\",\"target\":{\"@type\":\"EntryPoint\",\"urlTemplate\":\"https:\\\/\\\/repatransportbanden.tempurl.host\\\/?s={search_term_string}\"},\"query-input\":{\"@type\":\"PropertyValueSpecification\",\"valueRequired\":true,\"valueName\":\"search_term_string\"}}],\"inLanguage\":\"de\"}]}<\/script>\n<!-- \/ Yoast SEO plugin. -->","yoast_head_json":{"title":"Wer sind wir? - repatransportbanden.nl","robots":{"index":"index","follow":"follow","max-snippet":"max-snippet:-1","max-image-preview":"max-image-preview:large","max-video-preview":"max-video-preview:-1"},"canonical":"https:\/\/repatransportbanden.nl\/de\/wie-zijn-wij\/","og_locale":"de_DE","og_type":"article","og_title":"Wer sind wir? - repatransportbanden.nl","og_description":"REPA Transportbanden BV wurde 1993 in Akersloot, Niederlande, gegr\u00fcndet und hat seitdem ein explosives Wachstum erlebt. Gro\u00df geworden sind wir dadurch, dass wir 24 Stunden pro Tag und 7 Tage pro Woche f\u00fcr unsere Kunden da sind. Kurz gesagt: Ausgezeichnete Qualit\u00e4t und eine schnelle Lieferzeit bilden die Grundlage des Erfolgs von REPA. Und wir sind&hellip; Continue reading Wer sind wir?","og_url":"https:\/\/repatransportbanden.nl\/de\/wie-zijn-wij\/","og_site_name":"repatransportbanden.nl","article_modified_time":"2022-01-27T23:16:57+00:00","og_image":[{"width":686,"height":464,"url":"https:\/\/repatransportbanden.tempurl.host\/wp-content\/uploads\/2021\/12\/Wie-zijn-wij1.jpg","type":"image\/jpeg"}],"twitter_card":"summary_large_image","twitter_misc":{"Gesch\u00e4tzte Lesezeit":"2\u00a0Minuten"},"schema":{"@context":"https:\/\/schema.org","@graph":[{"@type":"WebPage","@id":"https:\/\/repatransportbanden.nl\/de\/wie-zijn-wij\/","url":"https:\/\/repatransportbanden.nl\/de\/wie-zijn-wij\/","name":"Wer sind wir? - repatransportbanden.nl","isPartOf":{"@id":"https:\/\/repatransportbanden.tempurl.host\/#website"},"primaryImageOfPage":{"@id":"https:\/\/repatransportbanden.nl\/de\/wie-zijn-wij\/#primaryimage"},"image":{"@id":"https:\/\/repatransportbanden.nl\/de\/wie-zijn-wij\/#primaryimage"},"thumbnailUrl":"https:\/\/repatransportbanden.nl\/wp-content\/uploads\/2021\/12\/Wie-zijn-wij1.jpg","datePublished":"2022-01-07T08:25:45+00:00","dateModified":"2022-01-27T23:16:57+00:00","breadcrumb":{"@id":"https:\/\/repatransportbanden.nl\/de\/wie-zijn-wij\/#breadcrumb"},"inLanguage":"de","potentialAction":[{"@type":"ReadAction","target":["https:\/\/repatransportbanden.nl\/de\/wie-zijn-wij\/"]}]},{"@type":"ImageObject","inLanguage":"de","@id":"https:\/\/repatransportbanden.nl\/de\/wie-zijn-wij\/#primaryimage","url":"https:\/\/repatransportbanden.nl\/wp-content\/uploads\/2021\/12\/Wie-zijn-wij1.jpg","contentUrl":"https:\/\/repatransportbanden.nl\/wp-content\/uploads\/2021\/12\/Wie-zijn-wij1.jpg","width":686,"height":464},{"@type":"BreadcrumbList","@id":"https:\/\/repatransportbanden.nl\/de\/wie-zijn-wij\/#breadcrumb","itemListElement":[{"@type":"ListItem","position":1,"name":"Home","item":"https:\/\/repatransportbanden.nl\/de\/"},{"@type":"ListItem","position":2,"name":"Wer sind wir?"}]},{"@type":"WebSite","@id":"https:\/\/repatransportbanden.tempurl.host\/#website","url":"https:\/\/repatransportbanden.tempurl.host\/","name":"repatransportbanden.nl","description":"","potentialAction":[{"@type":"SearchAction","target":{"@type":"EntryPoint","urlTemplate":"https:\/\/repatransportbanden.tempurl.host\/?s={search_term_string}"},"query-input":{"@type":"PropertyValueSpecification","valueRequired":true,"valueName":"search_term_string"}}],"inLanguage":"de"}]}},"_links":{"self":[{"href":"https:\/\/repatransportbanden.nl\/de\/wp-json\/wp\/v2\/pages\/3742","targetHints":{"allow":["GET"]}}],"collection":[{"href":"https:\/\/repatransportbanden.nl\/de\/wp-json\/wp\/v2\/pages"}],"about":[{"href":"https:\/\/repatransportbanden.nl\/de\/wp-json\/wp\/v2\/types\/page"}],"author":[{"embeddable":true,"href":"https:\/\/repatransportbanden.nl\/de\/wp-json\/wp\/v2\/users\/2"}],"replies":[{"embeddable":true,"href":"https:\/\/repatransportbanden.nl\/de\/wp-json\/wp\/v2\/comments?post=3742"}],"version-history":[{"count":4,"href":"https:\/\/repatransportbanden.nl\/de\/wp-json\/wp\/v2\/pages\/3742\/revisions"}],"predecessor-version":[{"id":4937,"href":"https:\/\/repatransportbanden.nl\/de\/wp-json\/wp\/v2\/pages\/3742\/revisions\/4937"}],"wp:featuredmedia":[{"embeddable":true,"href":"https:\/\/repatransportbanden.nl\/de\/wp-json\/wp\/v2\/media\/2736"}],"wp:attachment":[{"href":"https:\/\/repatransportbanden.nl\/de\/wp-json\/wp\/v2\/media?parent=3742"}],"curies":[{"name":"wp","href":"https:\/\/api.w.org\/{rel}","templated":true}]}}