{"id":3730,"date":"2022-01-07T09:22:20","date_gmt":"2022-01-07T08:22:20","guid":{"rendered":"https:\/\/repatransportbanden.nl\/trommels-en-rollen\/trogframes\/"},"modified":"2022-01-17T10:51:08","modified_gmt":"2022-01-17T09:51:08","slug":"trogframes","status":"publish","type":"page","link":"https:\/\/repatransportbanden.nl\/de\/trommels-en-rollen\/trogframes\/","title":{"rendered":"Muldenstationen Standard"},"content":{"rendered":"\n<p>REPA kann alle Typen Muldenstationen liefern. Alle g\u00e4ngigen und Standardstationen sind bei uns auf Lager. Aber auch wenn Sie Muldenstationen und andere Stationen mit ungew\u00f6hnlichen Abmessungen oder spezifischen Anforderungen ben\u00f6tigen, k\u00f6nnen wir Ihnen diese liefern.<\/p>\n\n\n\n<p>Wenn Muldenstationen ein zu hohes Gewicht f\u00fcr die Situation haben, in der Sie sie verwenden, k\u00f6nnen wir Ihnen auch freitragende Muldenstationen liefern, die aus zwei oder drei Teilen bestehen. &nbsp;<\/p>\n\n\n\n<p>Die Muldenf\u00fc\u00dfe aus Aluminium sind in RAL9005 (schwarz) epoxiert und haben einen Muldenwinkel von 25\u00b0.<\/p>\n\n\n\n<p>Verzinkte Rollen mit einem Durchmesser von 50 mm, f\u00fcr Muldenstationen mit einer Bandbreite von 500, 650 oder 800 mm, k\u00f6nnen wir aus Lagerbest\u00e4nden liefern.<\/p>\n\n\n\n<p>REPA ist europ\u00e4ischer Bevorrater f\u00fcr DIN-normierte Muldenstationen.<\/p>\n\n\n\n<ul class=\"wp-block-list\"><li>H = Abstand vom Herz der Mittelrolle bis zu Unterseite des U-Balken<\/li><li>B = Breite der Schlitze im Unterbalken<\/li><li>FL = L\u00e4nge des Unterbalkens<\/li><\/ul>\n","protected":false},"excerpt":{"rendered":"<p>REPA kann alle Typen Muldenstationen liefern. Alle g\u00e4ngigen und Standardstationen sind bei uns auf Lager. Aber auch wenn Sie Muldenstationen und andere Stationen mit ungew\u00f6hnlichen Abmessungen oder spezifischen Anforderungen ben\u00f6tigen, k\u00f6nnen wir Ihnen diese liefern. Wenn Muldenstationen ein zu hohes Gewicht f\u00fcr die Situation haben, in der Sie sie verwenden, k\u00f6nnen wir Ihnen auch freitragende&hellip; <a class=\"more-link\" href=\"https:\/\/repatransportbanden.nl\/de\/trommels-en-rollen\/trogframes\/\">Continue reading <span class=\"screen-reader-text\">Muldenstationen Standard<\/span><\/a><\/p>\n","protected":false},"author":2,"featured_media":2706,"parent":3673,"menu_order":0,"comment_status":"closed","ping_status":"closed","template":"templates\/template-service.php","meta":{"_acf_changed":false,"footnotes":""},"class_list":["post-3730","page","type-page","status-publish","has-post-thumbnail","hentry","entry"],"acf":[],"yoast_head":"<!-- This site is optimized with the Yoast SEO plugin v27.4 - https:\/\/yoast.com\/product\/yoast-seo-wordpress\/ -->\n<title>Muldenstationen Standard - repatransportbanden.nl<\/title>\n<meta name=\"robots\" content=\"index, follow, max-snippet:-1, max-image-preview:large, max-video-preview:-1\" \/>\n<link rel=\"canonical\" href=\"https:\/\/repatransportbanden.nl\/de\/trommels-en-rollen\/trogframes\/\" \/>\n<meta property=\"og:locale\" content=\"de_DE\" \/>\n<meta property=\"og:type\" content=\"article\" \/>\n<meta property=\"og:title\" content=\"Muldenstationen Standard - repatransportbanden.nl\" \/>\n<meta property=\"og:description\" content=\"REPA kann alle Typen Muldenstationen liefern. Alle g\u00e4ngigen und Standardstationen sind bei uns auf Lager. Aber auch wenn Sie Muldenstationen und andere Stationen mit ungew\u00f6hnlichen Abmessungen oder spezifischen Anforderungen ben\u00f6tigen, k\u00f6nnen wir Ihnen diese liefern. Wenn Muldenstationen ein zu hohes Gewicht f\u00fcr die Situation haben, in der Sie sie verwenden, k\u00f6nnen wir Ihnen auch freitragende&hellip; Continue reading Muldenstationen Standard\" \/>\n<meta property=\"og:url\" content=\"https:\/\/repatransportbanden.nl\/de\/trommels-en-rollen\/trogframes\/\" \/>\n<meta property=\"og:site_name\" content=\"repatransportbanden.nl\" \/>\n<meta property=\"article:modified_time\" content=\"2022-01-17T09:51:08+00:00\" \/>\n<meta property=\"og:image\" content=\"https:\/\/repatransportbanden.tempurl.host\/wp-content\/uploads\/2021\/12\/Trogframes.jpg\" \/>\n\t<meta property=\"og:image:width\" content=\"331\" \/>\n\t<meta property=\"og:image:height\" content=\"331\" \/>\n\t<meta property=\"og:image:type\" content=\"image\/jpeg\" \/>\n<meta name=\"twitter:card\" content=\"summary_large_image\" \/>\n<meta name=\"twitter:label1\" content=\"Gesch\u00e4tzte Lesezeit\" \/>\n\t<meta name=\"twitter:data1\" content=\"1\u00a0Minute\" \/>\n<script type=\"application\/ld+json\" class=\"yoast-schema-graph\">{\"@context\":\"https:\\\/\\\/schema.org\",\"@graph\":[{\"@type\":\"WebPage\",\"@id\":\"https:\\\/\\\/repatransportbanden.nl\\\/de\\\/trommels-en-rollen\\\/trogframes\\\/\",\"url\":\"https:\\\/\\\/repatransportbanden.nl\\\/de\\\/trommels-en-rollen\\\/trogframes\\\/\",\"name\":\"Muldenstationen Standard - repatransportbanden.nl\",\"isPartOf\":{\"@id\":\"https:\\\/\\\/repatransportbanden.tempurl.host\\\/#website\"},\"primaryImageOfPage\":{\"@id\":\"https:\\\/\\\/repatransportbanden.nl\\\/de\\\/trommels-en-rollen\\\/trogframes\\\/#primaryimage\"},\"image\":{\"@id\":\"https:\\\/\\\/repatransportbanden.nl\\\/de\\\/trommels-en-rollen\\\/trogframes\\\/#primaryimage\"},\"thumbnailUrl\":\"https:\\\/\\\/repatransportbanden.nl\\\/wp-content\\\/uploads\\\/2021\\\/12\\\/Trogframes.jpg\",\"datePublished\":\"2022-01-07T08:22:20+00:00\",\"dateModified\":\"2022-01-17T09:51:08+00:00\",\"breadcrumb\":{\"@id\":\"https:\\\/\\\/repatransportbanden.nl\\\/de\\\/trommels-en-rollen\\\/trogframes\\\/#breadcrumb\"},\"inLanguage\":\"de\",\"potentialAction\":[{\"@type\":\"ReadAction\",\"target\":[\"https:\\\/\\\/repatransportbanden.nl\\\/de\\\/trommels-en-rollen\\\/trogframes\\\/\"]}]},{\"@type\":\"ImageObject\",\"inLanguage\":\"de\",\"@id\":\"https:\\\/\\\/repatransportbanden.nl\\\/de\\\/trommels-en-rollen\\\/trogframes\\\/#primaryimage\",\"url\":\"https:\\\/\\\/repatransportbanden.nl\\\/wp-content\\\/uploads\\\/2021\\\/12\\\/Trogframes.jpg\",\"contentUrl\":\"https:\\\/\\\/repatransportbanden.nl\\\/wp-content\\\/uploads\\\/2021\\\/12\\\/Trogframes.jpg\",\"width\":331,\"height\":331},{\"@type\":\"BreadcrumbList\",\"@id\":\"https:\\\/\\\/repatransportbanden.nl\\\/de\\\/trommels-en-rollen\\\/trogframes\\\/#breadcrumb\",\"itemListElement\":[{\"@type\":\"ListItem\",\"position\":1,\"name\":\"Home\",\"item\":\"https:\\\/\\\/repatransportbanden.nl\\\/de\\\/\"},{\"@type\":\"ListItem\",\"position\":2,\"name\":\"Trommeln und Rollen\",\"item\":\"https:\\\/\\\/repatransportbanden.tempurl.host\\\/de\\\/trommels-en-rollen\\\/\"},{\"@type\":\"ListItem\",\"position\":3,\"name\":\"Muldenstationen Standard\"}]},{\"@type\":\"WebSite\",\"@id\":\"https:\\\/\\\/repatransportbanden.tempurl.host\\\/#website\",\"url\":\"https:\\\/\\\/repatransportbanden.tempurl.host\\\/\",\"name\":\"repatransportbanden.nl\",\"description\":\"\",\"potentialAction\":[{\"@type\":\"SearchAction\",\"target\":{\"@type\":\"EntryPoint\",\"urlTemplate\":\"https:\\\/\\\/repatransportbanden.tempurl.host\\\/?s={search_term_string}\"},\"query-input\":{\"@type\":\"PropertyValueSpecification\",\"valueRequired\":true,\"valueName\":\"search_term_string\"}}],\"inLanguage\":\"de\"}]}<\/script>\n<!-- \/ Yoast SEO plugin. -->","yoast_head_json":{"title":"Muldenstationen Standard - repatransportbanden.nl","robots":{"index":"index","follow":"follow","max-snippet":"max-snippet:-1","max-image-preview":"max-image-preview:large","max-video-preview":"max-video-preview:-1"},"canonical":"https:\/\/repatransportbanden.nl\/de\/trommels-en-rollen\/trogframes\/","og_locale":"de_DE","og_type":"article","og_title":"Muldenstationen Standard - repatransportbanden.nl","og_description":"REPA kann alle Typen Muldenstationen liefern. Alle g\u00e4ngigen und Standardstationen sind bei uns auf Lager. Aber auch wenn Sie Muldenstationen und andere Stationen mit ungew\u00f6hnlichen Abmessungen oder spezifischen Anforderungen ben\u00f6tigen, k\u00f6nnen wir Ihnen diese liefern. Wenn Muldenstationen ein zu hohes Gewicht f\u00fcr die Situation haben, in der Sie sie verwenden, k\u00f6nnen wir Ihnen auch freitragende&hellip; Continue reading Muldenstationen Standard","og_url":"https:\/\/repatransportbanden.nl\/de\/trommels-en-rollen\/trogframes\/","og_site_name":"repatransportbanden.nl","article_modified_time":"2022-01-17T09:51:08+00:00","og_image":[{"width":331,"height":331,"url":"https:\/\/repatransportbanden.tempurl.host\/wp-content\/uploads\/2021\/12\/Trogframes.jpg","type":"image\/jpeg"}],"twitter_card":"summary_large_image","twitter_misc":{"Gesch\u00e4tzte Lesezeit":"1\u00a0Minute"},"schema":{"@context":"https:\/\/schema.org","@graph":[{"@type":"WebPage","@id":"https:\/\/repatransportbanden.nl\/de\/trommels-en-rollen\/trogframes\/","url":"https:\/\/repatransportbanden.nl\/de\/trommels-en-rollen\/trogframes\/","name":"Muldenstationen Standard - repatransportbanden.nl","isPartOf":{"@id":"https:\/\/repatransportbanden.tempurl.host\/#website"},"primaryImageOfPage":{"@id":"https:\/\/repatransportbanden.nl\/de\/trommels-en-rollen\/trogframes\/#primaryimage"},"image":{"@id":"https:\/\/repatransportbanden.nl\/de\/trommels-en-rollen\/trogframes\/#primaryimage"},"thumbnailUrl":"https:\/\/repatransportbanden.nl\/wp-content\/uploads\/2021\/12\/Trogframes.jpg","datePublished":"2022-01-07T08:22:20+00:00","dateModified":"2022-01-17T09:51:08+00:00","breadcrumb":{"@id":"https:\/\/repatransportbanden.nl\/de\/trommels-en-rollen\/trogframes\/#breadcrumb"},"inLanguage":"de","potentialAction":[{"@type":"ReadAction","target":["https:\/\/repatransportbanden.nl\/de\/trommels-en-rollen\/trogframes\/"]}]},{"@type":"ImageObject","inLanguage":"de","@id":"https:\/\/repatransportbanden.nl\/de\/trommels-en-rollen\/trogframes\/#primaryimage","url":"https:\/\/repatransportbanden.nl\/wp-content\/uploads\/2021\/12\/Trogframes.jpg","contentUrl":"https:\/\/repatransportbanden.nl\/wp-content\/uploads\/2021\/12\/Trogframes.jpg","width":331,"height":331},{"@type":"BreadcrumbList","@id":"https:\/\/repatransportbanden.nl\/de\/trommels-en-rollen\/trogframes\/#breadcrumb","itemListElement":[{"@type":"ListItem","position":1,"name":"Home","item":"https:\/\/repatransportbanden.nl\/de\/"},{"@type":"ListItem","position":2,"name":"Trommeln und Rollen","item":"https:\/\/repatransportbanden.tempurl.host\/de\/trommels-en-rollen\/"},{"@type":"ListItem","position":3,"name":"Muldenstationen Standard"}]},{"@type":"WebSite","@id":"https:\/\/repatransportbanden.tempurl.host\/#website","url":"https:\/\/repatransportbanden.tempurl.host\/","name":"repatransportbanden.nl","description":"","potentialAction":[{"@type":"SearchAction","target":{"@type":"EntryPoint","urlTemplate":"https:\/\/repatransportbanden.tempurl.host\/?s={search_term_string}"},"query-input":{"@type":"PropertyValueSpecification","valueRequired":true,"valueName":"search_term_string"}}],"inLanguage":"de"}]}},"_links":{"self":[{"href":"https:\/\/repatransportbanden.nl\/de\/wp-json\/wp\/v2\/pages\/3730","targetHints":{"allow":["GET"]}}],"collection":[{"href":"https:\/\/repatransportbanden.nl\/de\/wp-json\/wp\/v2\/pages"}],"about":[{"href":"https:\/\/repatransportbanden.nl\/de\/wp-json\/wp\/v2\/types\/page"}],"author":[{"embeddable":true,"href":"https:\/\/repatransportbanden.nl\/de\/wp-json\/wp\/v2\/users\/2"}],"replies":[{"embeddable":true,"href":"https:\/\/repatransportbanden.nl\/de\/wp-json\/wp\/v2\/comments?post=3730"}],"version-history":[{"count":5,"href":"https:\/\/repatransportbanden.nl\/de\/wp-json\/wp\/v2\/pages\/3730\/revisions"}],"predecessor-version":[{"id":4360,"href":"https:\/\/repatransportbanden.nl\/de\/wp-json\/wp\/v2\/pages\/3730\/revisions\/4360"}],"up":[{"embeddable":true,"href":"https:\/\/repatransportbanden.nl\/de\/wp-json\/wp\/v2\/pages\/3673"}],"wp:featuredmedia":[{"embeddable":true,"href":"https:\/\/repatransportbanden.nl\/de\/wp-json\/wp\/v2\/media\/2706"}],"wp:attachment":[{"href":"https:\/\/repatransportbanden.nl\/de\/wp-json\/wp\/v2\/media?parent=3730"}],"curies":[{"name":"wp","href":"https:\/\/api.w.org\/{rel}","templated":true}]}}