{"id":3724,"date":"2022-01-07T09:20:10","date_gmt":"2022-01-07T08:20:10","guid":{"rendered":"https:\/\/repatransportbanden.nl\/trommels-en-rollen\/testcentrum-rollen\/"},"modified":"2022-01-18T10:56:35","modified_gmt":"2022-01-18T09:56:35","slug":"testcentrum-rollen","status":"publish","type":"page","link":"https:\/\/repatransportbanden.nl\/de\/trommels-en-rollen\/testcentrum-rollen\/","title":{"rendered":"Testzentrum Rollen"},"content":{"rendered":"\n<p>REPA verf\u00fcgt \u00fcber ein eigenes Labor, das als Testzentrum f\u00fcr unsere vielen Rollen dient. All unsere Stahl- und HDPE-Rollen werden hier umfassend getestet. Durch diese Tests haben wir eine klare Vorstellung von der exakten Qualit\u00e4t der Rollen und wissen wir, was wir tun m\u00fcssen, um eine noch h\u00f6here Qualit\u00e4t zu erzielen.<\/p>\n\n\n\n<p>Unsere Rollen erf\u00fcllen die erforderlichen DIN-, CEMA- und JIS-Normierungen.<\/p>\n\n\n\n<p><strong>Dies sind die wesentlichsten Tests, die wir durchf\u00fchren:<\/strong><\/p>\n\n\n\n<div class=\"wp-block-columns is-layout-flex wp-container-core-columns-is-layout-9d6595d7 wp-block-columns-is-layout-flex\">\n<div class=\"wp-block-column is-layout-flow wp-block-column-is-layout-flow\">\n<figure class=\"wp-block-image size-full\"><img loading=\"lazy\" decoding=\"async\" width=\"686\" height=\"464\" src=\"https:\/\/repatransportbanden.nl\/wp-content\/uploads\/2021\/12\/Testcentrum-rollen1.jpg\" alt=\"\" class=\"wp-image-2613\" srcset=\"https:\/\/repatransportbanden.nl\/wp-content\/uploads\/2021\/12\/Testcentrum-rollen1.jpg 686w, https:\/\/repatransportbanden.nl\/wp-content\/uploads\/2021\/12\/Testcentrum-rollen1-300x203.jpg 300w\" sizes=\"auto, (max-width: 686px) 100vw, 686px\" \/><\/figure>\n\n\n\n<h2 class=\"wp-block-heading\"> Staubtest<\/h2>\n<\/div>\n\n\n\n<div class=\"wp-block-column is-layout-flow wp-block-column-is-layout-flow\">\n<figure class=\"wp-block-image size-full\"><img loading=\"lazy\" decoding=\"async\" width=\"686\" height=\"464\" src=\"https:\/\/repatransportbanden.nl\/wp-content\/uploads\/2021\/12\/Testcentrum-rollen2.jpg\" alt=\"\" class=\"wp-image-2616\" srcset=\"https:\/\/repatransportbanden.nl\/wp-content\/uploads\/2021\/12\/Testcentrum-rollen2.jpg 686w, https:\/\/repatransportbanden.nl\/wp-content\/uploads\/2021\/12\/Testcentrum-rollen2-300x203.jpg 300w\" sizes=\"auto, (max-width: 686px) 100vw, 686px\" \/><\/figure>\n\n\n\n<h2 class=\"wp-block-heading\">Rollwiderstandstest <\/h2>\n<\/div>\n<\/div>\n\n\n\n<div class=\"wp-block-columns is-layout-flex wp-container-core-columns-is-layout-9d6595d7 wp-block-columns-is-layout-flex\">\n<div class=\"wp-block-column is-layout-flow wp-block-column-is-layout-flow\">\n<figure class=\"wp-block-image size-full\"><img loading=\"lazy\" decoding=\"async\" width=\"686\" height=\"464\" src=\"https:\/\/repatransportbanden.nl\/wp-content\/uploads\/2021\/12\/Testcentrum-rollen3.jpg\" alt=\"\" class=\"wp-image-2619\" srcset=\"https:\/\/repatransportbanden.nl\/wp-content\/uploads\/2021\/12\/Testcentrum-rollen3.jpg 686w, https:\/\/repatransportbanden.nl\/wp-content\/uploads\/2021\/12\/Testcentrum-rollen3-300x203.jpg 300w\" sizes=\"auto, (max-width: 686px) 100vw, 686px\" \/><\/figure>\n\n\n\n<h2 class=\"wp-block-heading\">Wassertest<\/h2>\n<\/div>\n\n\n\n<div class=\"wp-block-column is-layout-flow wp-block-column-is-layout-flow\">\n<figure class=\"wp-block-image size-full\"><img loading=\"lazy\" decoding=\"async\" width=\"686\" height=\"464\" src=\"https:\/\/repatransportbanden.nl\/wp-content\/uploads\/2021\/12\/Testcentrum-rollen4.jpg\" alt=\"\" class=\"wp-image-2622\" srcset=\"https:\/\/repatransportbanden.nl\/wp-content\/uploads\/2021\/12\/Testcentrum-rollen4.jpg 686w, https:\/\/repatransportbanden.nl\/wp-content\/uploads\/2021\/12\/Testcentrum-rollen4-300x203.jpg 300w\" sizes=\"auto, (max-width: 686px) 100vw, 686px\" \/><\/figure>\n\n\n\n<h2 class=\"wp-block-heading\">Anlage f\u00fcr Dauertests (rechts). Links kann der Radialhub von einem computergesteuerten Pr\u00fcfstand gemessen werden.<\/h2>\n<\/div>\n<\/div>\n\n\n\n<p>Tests k\u00f6nnen jederzeit auch auf der Grundlage kundenspezifischer W\u00fcnsche erstellt werden.<\/p>\n","protected":false},"excerpt":{"rendered":"<p>REPA verf\u00fcgt \u00fcber ein eigenes Labor, das als Testzentrum f\u00fcr unsere vielen Rollen dient. All unsere Stahl- und HDPE-Rollen werden hier umfassend getestet. Durch diese Tests haben wir eine klare Vorstellung von der exakten Qualit\u00e4t der Rollen und wissen wir, was wir tun m\u00fcssen, um eine noch h\u00f6here Qualit\u00e4t zu erzielen. Unsere Rollen erf\u00fcllen die&hellip; <a class=\"more-link\" href=\"https:\/\/repatransportbanden.nl\/de\/trommels-en-rollen\/testcentrum-rollen\/\">Continue reading <span class=\"screen-reader-text\">Testzentrum Rollen<\/span><\/a><\/p>\n","protected":false},"author":2,"featured_media":2625,"parent":3673,"menu_order":0,"comment_status":"closed","ping_status":"closed","template":"templates\/template-service.php","meta":{"_acf_changed":false,"footnotes":""},"class_list":["post-3724","page","type-page","status-publish","has-post-thumbnail","hentry","entry"],"acf":[],"yoast_head":"<!-- This site is optimized with the Yoast SEO plugin v27.4 - https:\/\/yoast.com\/product\/yoast-seo-wordpress\/ -->\n<title>Testzentrum Rollen - repatransportbanden.nl<\/title>\n<meta name=\"robots\" content=\"index, follow, max-snippet:-1, max-image-preview:large, max-video-preview:-1\" \/>\n<link rel=\"canonical\" href=\"https:\/\/repatransportbanden.nl\/de\/trommels-en-rollen\/testcentrum-rollen\/\" \/>\n<meta property=\"og:locale\" content=\"de_DE\" \/>\n<meta property=\"og:type\" content=\"article\" \/>\n<meta property=\"og:title\" content=\"Testzentrum Rollen - repatransportbanden.nl\" \/>\n<meta property=\"og:description\" content=\"REPA verf\u00fcgt \u00fcber ein eigenes Labor, das als Testzentrum f\u00fcr unsere vielen Rollen dient. All unsere Stahl- und HDPE-Rollen werden hier umfassend getestet. Durch diese Tests haben wir eine klare Vorstellung von der exakten Qualit\u00e4t der Rollen und wissen wir, was wir tun m\u00fcssen, um eine noch h\u00f6here Qualit\u00e4t zu erzielen. Unsere Rollen erf\u00fcllen die&hellip; Continue reading Testzentrum Rollen\" \/>\n<meta property=\"og:url\" content=\"https:\/\/repatransportbanden.nl\/de\/trommels-en-rollen\/testcentrum-rollen\/\" \/>\n<meta property=\"og:site_name\" content=\"repatransportbanden.nl\" \/>\n<meta property=\"article:modified_time\" content=\"2022-01-18T09:56:35+00:00\" \/>\n<meta property=\"og:image\" content=\"https:\/\/repatransportbanden.tempurl.host\/wp-content\/uploads\/2021\/12\/Testcentrum-rollen.jpg\" \/>\n\t<meta property=\"og:image:width\" content=\"331\" \/>\n\t<meta property=\"og:image:height\" content=\"331\" \/>\n\t<meta property=\"og:image:type\" content=\"image\/jpeg\" \/>\n<meta name=\"twitter:card\" content=\"summary_large_image\" \/>\n<meta name=\"twitter:label1\" content=\"Gesch\u00e4tzte Lesezeit\" \/>\n\t<meta name=\"twitter:data1\" content=\"2\u00a0Minuten\" \/>\n<script type=\"application\/ld+json\" class=\"yoast-schema-graph\">{\"@context\":\"https:\\\/\\\/schema.org\",\"@graph\":[{\"@type\":\"WebPage\",\"@id\":\"https:\\\/\\\/repatransportbanden.nl\\\/de\\\/trommels-en-rollen\\\/testcentrum-rollen\\\/\",\"url\":\"https:\\\/\\\/repatransportbanden.nl\\\/de\\\/trommels-en-rollen\\\/testcentrum-rollen\\\/\",\"name\":\"Testzentrum Rollen - repatransportbanden.nl\",\"isPartOf\":{\"@id\":\"https:\\\/\\\/repatransportbanden.tempurl.host\\\/#website\"},\"primaryImageOfPage\":{\"@id\":\"https:\\\/\\\/repatransportbanden.nl\\\/de\\\/trommels-en-rollen\\\/testcentrum-rollen\\\/#primaryimage\"},\"image\":{\"@id\":\"https:\\\/\\\/repatransportbanden.nl\\\/de\\\/trommels-en-rollen\\\/testcentrum-rollen\\\/#primaryimage\"},\"thumbnailUrl\":\"https:\\\/\\\/repatransportbanden.nl\\\/wp-content\\\/uploads\\\/2021\\\/12\\\/Testcentrum-rollen.jpg\",\"datePublished\":\"2022-01-07T08:20:10+00:00\",\"dateModified\":\"2022-01-18T09:56:35+00:00\",\"breadcrumb\":{\"@id\":\"https:\\\/\\\/repatransportbanden.nl\\\/de\\\/trommels-en-rollen\\\/testcentrum-rollen\\\/#breadcrumb\"},\"inLanguage\":\"de\",\"potentialAction\":[{\"@type\":\"ReadAction\",\"target\":[\"https:\\\/\\\/repatransportbanden.nl\\\/de\\\/trommels-en-rollen\\\/testcentrum-rollen\\\/\"]}]},{\"@type\":\"ImageObject\",\"inLanguage\":\"de\",\"@id\":\"https:\\\/\\\/repatransportbanden.nl\\\/de\\\/trommels-en-rollen\\\/testcentrum-rollen\\\/#primaryimage\",\"url\":\"https:\\\/\\\/repatransportbanden.nl\\\/wp-content\\\/uploads\\\/2021\\\/12\\\/Testcentrum-rollen.jpg\",\"contentUrl\":\"https:\\\/\\\/repatransportbanden.nl\\\/wp-content\\\/uploads\\\/2021\\\/12\\\/Testcentrum-rollen.jpg\",\"width\":331,\"height\":331},{\"@type\":\"BreadcrumbList\",\"@id\":\"https:\\\/\\\/repatransportbanden.nl\\\/de\\\/trommels-en-rollen\\\/testcentrum-rollen\\\/#breadcrumb\",\"itemListElement\":[{\"@type\":\"ListItem\",\"position\":1,\"name\":\"Home\",\"item\":\"https:\\\/\\\/repatransportbanden.nl\\\/de\\\/\"},{\"@type\":\"ListItem\",\"position\":2,\"name\":\"Trommeln und Rollen\",\"item\":\"https:\\\/\\\/repatransportbanden.tempurl.host\\\/de\\\/trommels-en-rollen\\\/\"},{\"@type\":\"ListItem\",\"position\":3,\"name\":\"Testzentrum Rollen\"}]},{\"@type\":\"WebSite\",\"@id\":\"https:\\\/\\\/repatransportbanden.tempurl.host\\\/#website\",\"url\":\"https:\\\/\\\/repatransportbanden.tempurl.host\\\/\",\"name\":\"repatransportbanden.nl\",\"description\":\"\",\"potentialAction\":[{\"@type\":\"SearchAction\",\"target\":{\"@type\":\"EntryPoint\",\"urlTemplate\":\"https:\\\/\\\/repatransportbanden.tempurl.host\\\/?s={search_term_string}\"},\"query-input\":{\"@type\":\"PropertyValueSpecification\",\"valueRequired\":true,\"valueName\":\"search_term_string\"}}],\"inLanguage\":\"de\"}]}<\/script>\n<!-- \/ Yoast SEO plugin. -->","yoast_head_json":{"title":"Testzentrum Rollen - repatransportbanden.nl","robots":{"index":"index","follow":"follow","max-snippet":"max-snippet:-1","max-image-preview":"max-image-preview:large","max-video-preview":"max-video-preview:-1"},"canonical":"https:\/\/repatransportbanden.nl\/de\/trommels-en-rollen\/testcentrum-rollen\/","og_locale":"de_DE","og_type":"article","og_title":"Testzentrum Rollen - repatransportbanden.nl","og_description":"REPA verf\u00fcgt \u00fcber ein eigenes Labor, das als Testzentrum f\u00fcr unsere vielen Rollen dient. All unsere Stahl- und HDPE-Rollen werden hier umfassend getestet. Durch diese Tests haben wir eine klare Vorstellung von der exakten Qualit\u00e4t der Rollen und wissen wir, was wir tun m\u00fcssen, um eine noch h\u00f6here Qualit\u00e4t zu erzielen. Unsere Rollen erf\u00fcllen die&hellip; Continue reading Testzentrum Rollen","og_url":"https:\/\/repatransportbanden.nl\/de\/trommels-en-rollen\/testcentrum-rollen\/","og_site_name":"repatransportbanden.nl","article_modified_time":"2022-01-18T09:56:35+00:00","og_image":[{"width":331,"height":331,"url":"https:\/\/repatransportbanden.tempurl.host\/wp-content\/uploads\/2021\/12\/Testcentrum-rollen.jpg","type":"image\/jpeg"}],"twitter_card":"summary_large_image","twitter_misc":{"Gesch\u00e4tzte Lesezeit":"2\u00a0Minuten"},"schema":{"@context":"https:\/\/schema.org","@graph":[{"@type":"WebPage","@id":"https:\/\/repatransportbanden.nl\/de\/trommels-en-rollen\/testcentrum-rollen\/","url":"https:\/\/repatransportbanden.nl\/de\/trommels-en-rollen\/testcentrum-rollen\/","name":"Testzentrum Rollen - repatransportbanden.nl","isPartOf":{"@id":"https:\/\/repatransportbanden.tempurl.host\/#website"},"primaryImageOfPage":{"@id":"https:\/\/repatransportbanden.nl\/de\/trommels-en-rollen\/testcentrum-rollen\/#primaryimage"},"image":{"@id":"https:\/\/repatransportbanden.nl\/de\/trommels-en-rollen\/testcentrum-rollen\/#primaryimage"},"thumbnailUrl":"https:\/\/repatransportbanden.nl\/wp-content\/uploads\/2021\/12\/Testcentrum-rollen.jpg","datePublished":"2022-01-07T08:20:10+00:00","dateModified":"2022-01-18T09:56:35+00:00","breadcrumb":{"@id":"https:\/\/repatransportbanden.nl\/de\/trommels-en-rollen\/testcentrum-rollen\/#breadcrumb"},"inLanguage":"de","potentialAction":[{"@type":"ReadAction","target":["https:\/\/repatransportbanden.nl\/de\/trommels-en-rollen\/testcentrum-rollen\/"]}]},{"@type":"ImageObject","inLanguage":"de","@id":"https:\/\/repatransportbanden.nl\/de\/trommels-en-rollen\/testcentrum-rollen\/#primaryimage","url":"https:\/\/repatransportbanden.nl\/wp-content\/uploads\/2021\/12\/Testcentrum-rollen.jpg","contentUrl":"https:\/\/repatransportbanden.nl\/wp-content\/uploads\/2021\/12\/Testcentrum-rollen.jpg","width":331,"height":331},{"@type":"BreadcrumbList","@id":"https:\/\/repatransportbanden.nl\/de\/trommels-en-rollen\/testcentrum-rollen\/#breadcrumb","itemListElement":[{"@type":"ListItem","position":1,"name":"Home","item":"https:\/\/repatransportbanden.nl\/de\/"},{"@type":"ListItem","position":2,"name":"Trommeln und Rollen","item":"https:\/\/repatransportbanden.tempurl.host\/de\/trommels-en-rollen\/"},{"@type":"ListItem","position":3,"name":"Testzentrum Rollen"}]},{"@type":"WebSite","@id":"https:\/\/repatransportbanden.tempurl.host\/#website","url":"https:\/\/repatransportbanden.tempurl.host\/","name":"repatransportbanden.nl","description":"","potentialAction":[{"@type":"SearchAction","target":{"@type":"EntryPoint","urlTemplate":"https:\/\/repatransportbanden.tempurl.host\/?s={search_term_string}"},"query-input":{"@type":"PropertyValueSpecification","valueRequired":true,"valueName":"search_term_string"}}],"inLanguage":"de"}]}},"_links":{"self":[{"href":"https:\/\/repatransportbanden.nl\/de\/wp-json\/wp\/v2\/pages\/3724","targetHints":{"allow":["GET"]}}],"collection":[{"href":"https:\/\/repatransportbanden.nl\/de\/wp-json\/wp\/v2\/pages"}],"about":[{"href":"https:\/\/repatransportbanden.nl\/de\/wp-json\/wp\/v2\/types\/page"}],"author":[{"embeddable":true,"href":"https:\/\/repatransportbanden.nl\/de\/wp-json\/wp\/v2\/users\/2"}],"replies":[{"embeddable":true,"href":"https:\/\/repatransportbanden.nl\/de\/wp-json\/wp\/v2\/comments?post=3724"}],"version-history":[{"count":5,"href":"https:\/\/repatransportbanden.nl\/de\/wp-json\/wp\/v2\/pages\/3724\/revisions"}],"predecessor-version":[{"id":4481,"href":"https:\/\/repatransportbanden.nl\/de\/wp-json\/wp\/v2\/pages\/3724\/revisions\/4481"}],"up":[{"embeddable":true,"href":"https:\/\/repatransportbanden.nl\/de\/wp-json\/wp\/v2\/pages\/3673"}],"wp:featuredmedia":[{"embeddable":true,"href":"https:\/\/repatransportbanden.nl\/de\/wp-json\/wp\/v2\/media\/2625"}],"wp:attachment":[{"href":"https:\/\/repatransportbanden.nl\/de\/wp-json\/wp\/v2\/media?parent=3724"}],"curies":[{"name":"wp","href":"https:\/\/api.w.org\/{rel}","templated":true}]}}