{"id":3712,"date":"2022-01-07T09:17:59","date_gmt":"2022-01-07T08:17:59","guid":{"rendered":"https:\/\/repatransportbanden.nl\/trommels-en-rollen\/re-track-band-stuurrollen\/"},"modified":"2022-01-21T13:03:50","modified_gmt":"2022-01-21T12:03:50","slug":"re-track-band-stuurrollen","status":"publish","type":"page","link":"https:\/\/repatransportbanden.nl\/de\/trommels-en-rollen\/re-track-band-stuurrollen\/","title":{"rendered":"RE-TRACK-F\u00f6rderbandf\u00fchrungsrollen"},"content":{"rendered":"\n<h2>Unsere RE-Track-F\u00f6rderbandf\u00fchrungsrollen eignen sich f\u00fcr Standardsituationen; f\u00fcr schwere Anlagen bieten wir Ihnen die RE-Track HD-Rollen.<\/h2>\n\n\n\n<p>Die leistungsst\u00e4rkste verf\u00fcgbare F\u00fchrungsrolle ist unsere RE-Track (HD)- Bandf\u00fchrungsrolle. Diese F\u00fchrungsrolle hat ihre hervorragenden F\u00fchrungseigenschaften immer wieder in der Bergbau-, Stahl-, Sch\u00fcttgut- und Zementindustrie unter Beweis gestellt.<\/p>\n\n\n\n<p>Die Welle der RE-Track-F\u00fchrungsrolle ist aus einem einzigen Rundstab hergestellt. Das Rohr kann sich um diesen drehen, parallel zum F\u00f6rderband, das angetrieben werden muss. Dadurch kann ein Band, das zu weit schiefl\u00e4uft, wieder zur\u00fcckgef\u00fchrt werden.<\/p>\n\n\n\n<p>Um einen m\u00f6glichst optimalen Halt des F\u00f6rderbands auf der Rolle zu gew\u00e4hrleisten, verf\u00fcgt der Mantel immer \u00fcber eine hei\u00dfvulkanisierte Bekleidung mit einem rautenf\u00f6rmigen Profil.<\/p>\n\n\n\n<p>Die RE-Track (HD)-Rolle ist mit schweren Rillenkugellagern ausgestattet. Durch die spezielle Konstruktion ist die RE-Track (HD)-Rolle vollst\u00e4ndig dicht und ben\u00f6tigt keine Wartung. Wir liefern die RE-Track (HD)-Rolle mit feuerverzinkten Montageb\u00fcgeln.<\/p>\n\n\n\n<p>Die RE-Track (HD)-Rolle ist in allen g\u00e4ngigen Breiten und in den unten angegebenen Abmessungen lieferbar. Zudem sind bei uns auch immer abweichende Gr\u00f6\u00dfen erh\u00e4ltlich, ganz Ihren W\u00fcnschen entsprechend.<\/p>\n","protected":false},"excerpt":{"rendered":"<p>Unsere RE-Track-F\u00f6rderbandf\u00fchrungsrollen eignen sich f\u00fcr Standardsituationen; f\u00fcr schwere Anlagen bieten wir Ihnen die RE-Track HD-Rollen. Die leistungsst\u00e4rkste verf\u00fcgbare F\u00fchrungsrolle ist unsere RE-Track (HD)- Bandf\u00fchrungsrolle. Diese F\u00fchrungsrolle hat ihre hervorragenden F\u00fchrungseigenschaften immer wieder in der Bergbau-, Stahl-, Sch\u00fcttgut- und Zementindustrie unter Beweis gestellt. Die Welle der RE-Track-F\u00fchrungsrolle ist aus einem einzigen Rundstab hergestellt. Das Rohr kann&hellip; <a class=\"more-link\" href=\"https:\/\/repatransportbanden.nl\/de\/trommels-en-rollen\/re-track-band-stuurrollen\/\">Continue reading <span class=\"screen-reader-text\">RE-TRACK-F\u00f6rderbandf\u00fchrungsrollen<\/span><\/a><\/p>\n","protected":false},"author":2,"featured_media":2754,"parent":3673,"menu_order":0,"comment_status":"closed","ping_status":"closed","template":"templates\/template-service.php","meta":{"_acf_changed":false,"footnotes":""},"class_list":["post-3712","page","type-page","status-publish","has-post-thumbnail","hentry","entry"],"acf":[],"yoast_head":"<!-- This site is optimized with the Yoast SEO plugin v27.3 - https:\/\/yoast.com\/product\/yoast-seo-wordpress\/ -->\n<title>RE-TRACK-F\u00f6rderbandf\u00fchrungsrollen - repatransportbanden.nl<\/title>\n<meta name=\"robots\" content=\"index, follow, max-snippet:-1, max-image-preview:large, max-video-preview:-1\" \/>\n<link rel=\"canonical\" href=\"https:\/\/repatransportbanden.nl\/de\/trommels-en-rollen\/re-track-band-stuurrollen\/\" \/>\n<meta property=\"og:locale\" content=\"de_DE\" \/>\n<meta property=\"og:type\" content=\"article\" \/>\n<meta property=\"og:title\" content=\"RE-TRACK-F\u00f6rderbandf\u00fchrungsrollen - repatransportbanden.nl\" \/>\n<meta property=\"og:description\" content=\"Unsere RE-Track-F\u00f6rderbandf\u00fchrungsrollen eignen sich f\u00fcr Standardsituationen; f\u00fcr schwere Anlagen bieten wir Ihnen die RE-Track HD-Rollen. Die leistungsst\u00e4rkste verf\u00fcgbare F\u00fchrungsrolle ist unsere RE-Track (HD)- Bandf\u00fchrungsrolle. Diese F\u00fchrungsrolle hat ihre hervorragenden F\u00fchrungseigenschaften immer wieder in der Bergbau-, Stahl-, Sch\u00fcttgut- und Zementindustrie unter Beweis gestellt. Die Welle der RE-Track-F\u00fchrungsrolle ist aus einem einzigen Rundstab hergestellt. Das Rohr kann&hellip; Continue reading RE-TRACK-F\u00f6rderbandf\u00fchrungsrollen\" \/>\n<meta property=\"og:url\" content=\"https:\/\/repatransportbanden.nl\/de\/trommels-en-rollen\/re-track-band-stuurrollen\/\" \/>\n<meta property=\"og:site_name\" content=\"repatransportbanden.nl\" \/>\n<meta property=\"article:modified_time\" content=\"2022-01-21T12:03:50+00:00\" \/>\n<meta property=\"og:image\" content=\"https:\/\/repatransportbanden.tempurl.host\/wp-content\/uploads\/2021\/12\/RE-TRACK-band-stuurrollen-1.jpg\" \/>\n\t<meta property=\"og:image:width\" content=\"331\" \/>\n\t<meta property=\"og:image:height\" content=\"331\" \/>\n\t<meta property=\"og:image:type\" content=\"image\/jpeg\" \/>\n<meta name=\"twitter:card\" content=\"summary_large_image\" \/>\n<meta name=\"twitter:label1\" content=\"Gesch\u00e4tzte Lesezeit\" \/>\n\t<meta name=\"twitter:data1\" content=\"1\u00a0Minute\" \/>\n<script type=\"application\/ld+json\" class=\"yoast-schema-graph\">{\"@context\":\"https:\\\/\\\/schema.org\",\"@graph\":[{\"@type\":\"WebPage\",\"@id\":\"https:\\\/\\\/repatransportbanden.nl\\\/de\\\/trommels-en-rollen\\\/re-track-band-stuurrollen\\\/\",\"url\":\"https:\\\/\\\/repatransportbanden.nl\\\/de\\\/trommels-en-rollen\\\/re-track-band-stuurrollen\\\/\",\"name\":\"RE-TRACK-F\u00f6rderbandf\u00fchrungsrollen - repatransportbanden.nl\",\"isPartOf\":{\"@id\":\"https:\\\/\\\/repatransportbanden.tempurl.host\\\/#website\"},\"primaryImageOfPage\":{\"@id\":\"https:\\\/\\\/repatransportbanden.nl\\\/de\\\/trommels-en-rollen\\\/re-track-band-stuurrollen\\\/#primaryimage\"},\"image\":{\"@id\":\"https:\\\/\\\/repatransportbanden.nl\\\/de\\\/trommels-en-rollen\\\/re-track-band-stuurrollen\\\/#primaryimage\"},\"thumbnailUrl\":\"https:\\\/\\\/repatransportbanden.nl\\\/wp-content\\\/uploads\\\/2021\\\/12\\\/RE-TRACK-band-stuurrollen-1.jpg\",\"datePublished\":\"2022-01-07T08:17:59+00:00\",\"dateModified\":\"2022-01-21T12:03:50+00:00\",\"breadcrumb\":{\"@id\":\"https:\\\/\\\/repatransportbanden.nl\\\/de\\\/trommels-en-rollen\\\/re-track-band-stuurrollen\\\/#breadcrumb\"},\"inLanguage\":\"de\",\"potentialAction\":[{\"@type\":\"ReadAction\",\"target\":[\"https:\\\/\\\/repatransportbanden.nl\\\/de\\\/trommels-en-rollen\\\/re-track-band-stuurrollen\\\/\"]}]},{\"@type\":\"ImageObject\",\"inLanguage\":\"de\",\"@id\":\"https:\\\/\\\/repatransportbanden.nl\\\/de\\\/trommels-en-rollen\\\/re-track-band-stuurrollen\\\/#primaryimage\",\"url\":\"https:\\\/\\\/repatransportbanden.nl\\\/wp-content\\\/uploads\\\/2021\\\/12\\\/RE-TRACK-band-stuurrollen-1.jpg\",\"contentUrl\":\"https:\\\/\\\/repatransportbanden.nl\\\/wp-content\\\/uploads\\\/2021\\\/12\\\/RE-TRACK-band-stuurrollen-1.jpg\",\"width\":331,\"height\":331},{\"@type\":\"BreadcrumbList\",\"@id\":\"https:\\\/\\\/repatransportbanden.nl\\\/de\\\/trommels-en-rollen\\\/re-track-band-stuurrollen\\\/#breadcrumb\",\"itemListElement\":[{\"@type\":\"ListItem\",\"position\":1,\"name\":\"Home\",\"item\":\"https:\\\/\\\/repatransportbanden.nl\\\/de\\\/\"},{\"@type\":\"ListItem\",\"position\":2,\"name\":\"Trommeln und Rollen\",\"item\":\"https:\\\/\\\/repatransportbanden.tempurl.host\\\/de\\\/trommels-en-rollen\\\/\"},{\"@type\":\"ListItem\",\"position\":3,\"name\":\"RE-TRACK-F\u00f6rderbandf\u00fchrungsrollen\"}]},{\"@type\":\"WebSite\",\"@id\":\"https:\\\/\\\/repatransportbanden.tempurl.host\\\/#website\",\"url\":\"https:\\\/\\\/repatransportbanden.tempurl.host\\\/\",\"name\":\"repatransportbanden.nl\",\"description\":\"\",\"potentialAction\":[{\"@type\":\"SearchAction\",\"target\":{\"@type\":\"EntryPoint\",\"urlTemplate\":\"https:\\\/\\\/repatransportbanden.tempurl.host\\\/?s={search_term_string}\"},\"query-input\":{\"@type\":\"PropertyValueSpecification\",\"valueRequired\":true,\"valueName\":\"search_term_string\"}}],\"inLanguage\":\"de\"}]}<\/script>\n<!-- \/ Yoast SEO plugin. -->","yoast_head_json":{"title":"RE-TRACK-F\u00f6rderbandf\u00fchrungsrollen - repatransportbanden.nl","robots":{"index":"index","follow":"follow","max-snippet":"max-snippet:-1","max-image-preview":"max-image-preview:large","max-video-preview":"max-video-preview:-1"},"canonical":"https:\/\/repatransportbanden.nl\/de\/trommels-en-rollen\/re-track-band-stuurrollen\/","og_locale":"de_DE","og_type":"article","og_title":"RE-TRACK-F\u00f6rderbandf\u00fchrungsrollen - repatransportbanden.nl","og_description":"Unsere RE-Track-F\u00f6rderbandf\u00fchrungsrollen eignen sich f\u00fcr Standardsituationen; f\u00fcr schwere Anlagen bieten wir Ihnen die RE-Track HD-Rollen. Die leistungsst\u00e4rkste verf\u00fcgbare F\u00fchrungsrolle ist unsere RE-Track (HD)- Bandf\u00fchrungsrolle. Diese F\u00fchrungsrolle hat ihre hervorragenden F\u00fchrungseigenschaften immer wieder in der Bergbau-, Stahl-, Sch\u00fcttgut- und Zementindustrie unter Beweis gestellt. Die Welle der RE-Track-F\u00fchrungsrolle ist aus einem einzigen Rundstab hergestellt. Das Rohr kann&hellip; Continue reading RE-TRACK-F\u00f6rderbandf\u00fchrungsrollen","og_url":"https:\/\/repatransportbanden.nl\/de\/trommels-en-rollen\/re-track-band-stuurrollen\/","og_site_name":"repatransportbanden.nl","article_modified_time":"2022-01-21T12:03:50+00:00","og_image":[{"width":331,"height":331,"url":"https:\/\/repatransportbanden.tempurl.host\/wp-content\/uploads\/2021\/12\/RE-TRACK-band-stuurrollen-1.jpg","type":"image\/jpeg"}],"twitter_card":"summary_large_image","twitter_misc":{"Gesch\u00e4tzte Lesezeit":"1\u00a0Minute"},"schema":{"@context":"https:\/\/schema.org","@graph":[{"@type":"WebPage","@id":"https:\/\/repatransportbanden.nl\/de\/trommels-en-rollen\/re-track-band-stuurrollen\/","url":"https:\/\/repatransportbanden.nl\/de\/trommels-en-rollen\/re-track-band-stuurrollen\/","name":"RE-TRACK-F\u00f6rderbandf\u00fchrungsrollen - repatransportbanden.nl","isPartOf":{"@id":"https:\/\/repatransportbanden.tempurl.host\/#website"},"primaryImageOfPage":{"@id":"https:\/\/repatransportbanden.nl\/de\/trommels-en-rollen\/re-track-band-stuurrollen\/#primaryimage"},"image":{"@id":"https:\/\/repatransportbanden.nl\/de\/trommels-en-rollen\/re-track-band-stuurrollen\/#primaryimage"},"thumbnailUrl":"https:\/\/repatransportbanden.nl\/wp-content\/uploads\/2021\/12\/RE-TRACK-band-stuurrollen-1.jpg","datePublished":"2022-01-07T08:17:59+00:00","dateModified":"2022-01-21T12:03:50+00:00","breadcrumb":{"@id":"https:\/\/repatransportbanden.nl\/de\/trommels-en-rollen\/re-track-band-stuurrollen\/#breadcrumb"},"inLanguage":"de","potentialAction":[{"@type":"ReadAction","target":["https:\/\/repatransportbanden.nl\/de\/trommels-en-rollen\/re-track-band-stuurrollen\/"]}]},{"@type":"ImageObject","inLanguage":"de","@id":"https:\/\/repatransportbanden.nl\/de\/trommels-en-rollen\/re-track-band-stuurrollen\/#primaryimage","url":"https:\/\/repatransportbanden.nl\/wp-content\/uploads\/2021\/12\/RE-TRACK-band-stuurrollen-1.jpg","contentUrl":"https:\/\/repatransportbanden.nl\/wp-content\/uploads\/2021\/12\/RE-TRACK-band-stuurrollen-1.jpg","width":331,"height":331},{"@type":"BreadcrumbList","@id":"https:\/\/repatransportbanden.nl\/de\/trommels-en-rollen\/re-track-band-stuurrollen\/#breadcrumb","itemListElement":[{"@type":"ListItem","position":1,"name":"Home","item":"https:\/\/repatransportbanden.nl\/de\/"},{"@type":"ListItem","position":2,"name":"Trommeln und Rollen","item":"https:\/\/repatransportbanden.tempurl.host\/de\/trommels-en-rollen\/"},{"@type":"ListItem","position":3,"name":"RE-TRACK-F\u00f6rderbandf\u00fchrungsrollen"}]},{"@type":"WebSite","@id":"https:\/\/repatransportbanden.tempurl.host\/#website","url":"https:\/\/repatransportbanden.tempurl.host\/","name":"repatransportbanden.nl","description":"","potentialAction":[{"@type":"SearchAction","target":{"@type":"EntryPoint","urlTemplate":"https:\/\/repatransportbanden.tempurl.host\/?s={search_term_string}"},"query-input":{"@type":"PropertyValueSpecification","valueRequired":true,"valueName":"search_term_string"}}],"inLanguage":"de"}]}},"_links":{"self":[{"href":"https:\/\/repatransportbanden.nl\/de\/wp-json\/wp\/v2\/pages\/3712","targetHints":{"allow":["GET"]}}],"collection":[{"href":"https:\/\/repatransportbanden.nl\/de\/wp-json\/wp\/v2\/pages"}],"about":[{"href":"https:\/\/repatransportbanden.nl\/de\/wp-json\/wp\/v2\/types\/page"}],"author":[{"embeddable":true,"href":"https:\/\/repatransportbanden.nl\/de\/wp-json\/wp\/v2\/users\/2"}],"replies":[{"embeddable":true,"href":"https:\/\/repatransportbanden.nl\/de\/wp-json\/wp\/v2\/comments?post=3712"}],"version-history":[{"count":5,"href":"https:\/\/repatransportbanden.nl\/de\/wp-json\/wp\/v2\/pages\/3712\/revisions"}],"predecessor-version":[{"id":4750,"href":"https:\/\/repatransportbanden.nl\/de\/wp-json\/wp\/v2\/pages\/3712\/revisions\/4750"}],"up":[{"embeddable":true,"href":"https:\/\/repatransportbanden.nl\/de\/wp-json\/wp\/v2\/pages\/3673"}],"wp:featuredmedia":[{"embeddable":true,"href":"https:\/\/repatransportbanden.nl\/de\/wp-json\/wp\/v2\/media\/2754"}],"wp:attachment":[{"href":"https:\/\/repatransportbanden.nl\/de\/wp-json\/wp\/v2\/media?parent=3712"}],"curies":[{"name":"wp","href":"https:\/\/api.w.org\/{rel}","templated":true}]}}