{"id":3706,"date":"2022-01-07T09:16:52","date_gmt":"2022-01-07T08:16:52","guid":{"rendered":"https:\/\/repatransportbanden.nl\/trommels-en-rollen\/hq-rollen\/"},"modified":"2022-01-21T13:02:22","modified_gmt":"2022-01-21T12:02:22","slug":"hq-rollen","status":"publish","type":"page","link":"https:\/\/repatransportbanden.nl\/de\/trommels-en-rollen\/hq-rollen\/","title":{"rendered":"HQ-Rollen"},"content":{"rendered":"\n<p>Die HQ-Rollen von REPA werden speziell f\u00fcr Anlagen hergestellt, die den h\u00f6chsten Anforderungen gen\u00fcgen m\u00fcssen.<\/p>\n\n\n\n<p>Zuerst werden Lagergeh\u00e4use in die Rohre gedreht und danach werden die B\u00f6den in den Rollen befestigt.<\/p>\n\n\n\n<p>Dies tr\u00e4gt dazu bei, dass die Lager der Rolle im Verh\u00e4ltnis zueinander ganz exakt positioniert werden. Aus diesem Grund verf\u00fcgt diese Rolle \u00fcber sehr gute Rundlaufeigenschaften.<\/p>\n\n\n\n<p>Der Dichtung widmen wir gro\u00dfe Aufmerksamkeit. Da hier unter anderem ein Backseal verwendet wird, hat diese Rolle eine extra lange Lebensdauer.<\/p>\n","protected":false},"excerpt":{"rendered":"<p>Die HQ-Rollen von REPA werden speziell f\u00fcr Anlagen hergestellt, die den h\u00f6chsten Anforderungen gen\u00fcgen m\u00fcssen. Zuerst werden Lagergeh\u00e4use in die Rohre gedreht und danach werden die B\u00f6den in den Rollen befestigt. Dies tr\u00e4gt dazu bei, dass die Lager der Rolle im Verh\u00e4ltnis zueinander ganz exakt positioniert werden. Aus diesem Grund verf\u00fcgt diese Rolle \u00fcber sehr&hellip; <a class=\"more-link\" href=\"https:\/\/repatransportbanden.nl\/de\/trommels-en-rollen\/hq-rollen\/\">Continue reading <span class=\"screen-reader-text\">HQ-Rollen<\/span><\/a><\/p>\n","protected":false},"author":2,"featured_media":2607,"parent":3673,"menu_order":0,"comment_status":"closed","ping_status":"closed","template":"templates\/template-service.php","meta":{"_acf_changed":false,"footnotes":""},"class_list":["post-3706","page","type-page","status-publish","has-post-thumbnail","hentry","entry"],"acf":[],"yoast_head":"<!-- This site is optimized with the Yoast SEO plugin v27.3 - https:\/\/yoast.com\/product\/yoast-seo-wordpress\/ -->\n<title>HQ-Rollen - repatransportbanden.nl<\/title>\n<meta name=\"robots\" content=\"index, follow, max-snippet:-1, max-image-preview:large, max-video-preview:-1\" \/>\n<link rel=\"canonical\" href=\"https:\/\/repatransportbanden.nl\/de\/trommels-en-rollen\/hq-rollen\/\" \/>\n<meta property=\"og:locale\" content=\"de_DE\" \/>\n<meta property=\"og:type\" content=\"article\" \/>\n<meta property=\"og:title\" content=\"HQ-Rollen - repatransportbanden.nl\" \/>\n<meta property=\"og:description\" content=\"Die HQ-Rollen von REPA werden speziell f\u00fcr Anlagen hergestellt, die den h\u00f6chsten Anforderungen gen\u00fcgen m\u00fcssen. Zuerst werden Lagergeh\u00e4use in die Rohre gedreht und danach werden die B\u00f6den in den Rollen befestigt. Dies tr\u00e4gt dazu bei, dass die Lager der Rolle im Verh\u00e4ltnis zueinander ganz exakt positioniert werden. Aus diesem Grund verf\u00fcgt diese Rolle \u00fcber sehr&hellip; Continue reading HQ-Rollen\" \/>\n<meta property=\"og:url\" content=\"https:\/\/repatransportbanden.nl\/de\/trommels-en-rollen\/hq-rollen\/\" \/>\n<meta property=\"og:site_name\" content=\"repatransportbanden.nl\" \/>\n<meta property=\"article:modified_time\" content=\"2022-01-21T12:02:22+00:00\" \/>\n<meta property=\"og:image\" content=\"https:\/\/repatransportbanden.tempurl.host\/wp-content\/uploads\/2021\/12\/HQ-rol-Cema-norm.jpg\" \/>\n\t<meta property=\"og:image:width\" content=\"331\" \/>\n\t<meta property=\"og:image:height\" content=\"331\" \/>\n\t<meta property=\"og:image:type\" content=\"image\/jpeg\" \/>\n<meta name=\"twitter:card\" content=\"summary_large_image\" \/>\n<meta name=\"twitter:label1\" content=\"Gesch\u00e4tzte Lesezeit\" \/>\n\t<meta name=\"twitter:data1\" content=\"1\u00a0Minute\" \/>\n<script type=\"application\/ld+json\" class=\"yoast-schema-graph\">{\"@context\":\"https:\\\/\\\/schema.org\",\"@graph\":[{\"@type\":\"WebPage\",\"@id\":\"https:\\\/\\\/repatransportbanden.nl\\\/de\\\/trommels-en-rollen\\\/hq-rollen\\\/\",\"url\":\"https:\\\/\\\/repatransportbanden.nl\\\/de\\\/trommels-en-rollen\\\/hq-rollen\\\/\",\"name\":\"HQ-Rollen - repatransportbanden.nl\",\"isPartOf\":{\"@id\":\"https:\\\/\\\/repatransportbanden.tempurl.host\\\/#website\"},\"primaryImageOfPage\":{\"@id\":\"https:\\\/\\\/repatransportbanden.nl\\\/de\\\/trommels-en-rollen\\\/hq-rollen\\\/#primaryimage\"},\"image\":{\"@id\":\"https:\\\/\\\/repatransportbanden.nl\\\/de\\\/trommels-en-rollen\\\/hq-rollen\\\/#primaryimage\"},\"thumbnailUrl\":\"https:\\\/\\\/repatransportbanden.nl\\\/wp-content\\\/uploads\\\/2021\\\/12\\\/HQ-rol-Cema-norm.jpg\",\"datePublished\":\"2022-01-07T08:16:52+00:00\",\"dateModified\":\"2022-01-21T12:02:22+00:00\",\"breadcrumb\":{\"@id\":\"https:\\\/\\\/repatransportbanden.nl\\\/de\\\/trommels-en-rollen\\\/hq-rollen\\\/#breadcrumb\"},\"inLanguage\":\"de\",\"potentialAction\":[{\"@type\":\"ReadAction\",\"target\":[\"https:\\\/\\\/repatransportbanden.nl\\\/de\\\/trommels-en-rollen\\\/hq-rollen\\\/\"]}]},{\"@type\":\"ImageObject\",\"inLanguage\":\"de\",\"@id\":\"https:\\\/\\\/repatransportbanden.nl\\\/de\\\/trommels-en-rollen\\\/hq-rollen\\\/#primaryimage\",\"url\":\"https:\\\/\\\/repatransportbanden.nl\\\/wp-content\\\/uploads\\\/2021\\\/12\\\/HQ-rol-Cema-norm.jpg\",\"contentUrl\":\"https:\\\/\\\/repatransportbanden.nl\\\/wp-content\\\/uploads\\\/2021\\\/12\\\/HQ-rol-Cema-norm.jpg\",\"width\":331,\"height\":331},{\"@type\":\"BreadcrumbList\",\"@id\":\"https:\\\/\\\/repatransportbanden.nl\\\/de\\\/trommels-en-rollen\\\/hq-rollen\\\/#breadcrumb\",\"itemListElement\":[{\"@type\":\"ListItem\",\"position\":1,\"name\":\"Home\",\"item\":\"https:\\\/\\\/repatransportbanden.nl\\\/de\\\/\"},{\"@type\":\"ListItem\",\"position\":2,\"name\":\"Trommeln und Rollen\",\"item\":\"https:\\\/\\\/repatransportbanden.tempurl.host\\\/de\\\/trommels-en-rollen\\\/\"},{\"@type\":\"ListItem\",\"position\":3,\"name\":\"HQ-Rollen\"}]},{\"@type\":\"WebSite\",\"@id\":\"https:\\\/\\\/repatransportbanden.tempurl.host\\\/#website\",\"url\":\"https:\\\/\\\/repatransportbanden.tempurl.host\\\/\",\"name\":\"repatransportbanden.nl\",\"description\":\"\",\"potentialAction\":[{\"@type\":\"SearchAction\",\"target\":{\"@type\":\"EntryPoint\",\"urlTemplate\":\"https:\\\/\\\/repatransportbanden.tempurl.host\\\/?s={search_term_string}\"},\"query-input\":{\"@type\":\"PropertyValueSpecification\",\"valueRequired\":true,\"valueName\":\"search_term_string\"}}],\"inLanguage\":\"de\"}]}<\/script>\n<!-- \/ Yoast SEO plugin. -->","yoast_head_json":{"title":"HQ-Rollen - repatransportbanden.nl","robots":{"index":"index","follow":"follow","max-snippet":"max-snippet:-1","max-image-preview":"max-image-preview:large","max-video-preview":"max-video-preview:-1"},"canonical":"https:\/\/repatransportbanden.nl\/de\/trommels-en-rollen\/hq-rollen\/","og_locale":"de_DE","og_type":"article","og_title":"HQ-Rollen - repatransportbanden.nl","og_description":"Die HQ-Rollen von REPA werden speziell f\u00fcr Anlagen hergestellt, die den h\u00f6chsten Anforderungen gen\u00fcgen m\u00fcssen. Zuerst werden Lagergeh\u00e4use in die Rohre gedreht und danach werden die B\u00f6den in den Rollen befestigt. Dies tr\u00e4gt dazu bei, dass die Lager der Rolle im Verh\u00e4ltnis zueinander ganz exakt positioniert werden. Aus diesem Grund verf\u00fcgt diese Rolle \u00fcber sehr&hellip; Continue reading HQ-Rollen","og_url":"https:\/\/repatransportbanden.nl\/de\/trommels-en-rollen\/hq-rollen\/","og_site_name":"repatransportbanden.nl","article_modified_time":"2022-01-21T12:02:22+00:00","og_image":[{"width":331,"height":331,"url":"https:\/\/repatransportbanden.tempurl.host\/wp-content\/uploads\/2021\/12\/HQ-rol-Cema-norm.jpg","type":"image\/jpeg"}],"twitter_card":"summary_large_image","twitter_misc":{"Gesch\u00e4tzte Lesezeit":"1\u00a0Minute"},"schema":{"@context":"https:\/\/schema.org","@graph":[{"@type":"WebPage","@id":"https:\/\/repatransportbanden.nl\/de\/trommels-en-rollen\/hq-rollen\/","url":"https:\/\/repatransportbanden.nl\/de\/trommels-en-rollen\/hq-rollen\/","name":"HQ-Rollen - repatransportbanden.nl","isPartOf":{"@id":"https:\/\/repatransportbanden.tempurl.host\/#website"},"primaryImageOfPage":{"@id":"https:\/\/repatransportbanden.nl\/de\/trommels-en-rollen\/hq-rollen\/#primaryimage"},"image":{"@id":"https:\/\/repatransportbanden.nl\/de\/trommels-en-rollen\/hq-rollen\/#primaryimage"},"thumbnailUrl":"https:\/\/repatransportbanden.nl\/wp-content\/uploads\/2021\/12\/HQ-rol-Cema-norm.jpg","datePublished":"2022-01-07T08:16:52+00:00","dateModified":"2022-01-21T12:02:22+00:00","breadcrumb":{"@id":"https:\/\/repatransportbanden.nl\/de\/trommels-en-rollen\/hq-rollen\/#breadcrumb"},"inLanguage":"de","potentialAction":[{"@type":"ReadAction","target":["https:\/\/repatransportbanden.nl\/de\/trommels-en-rollen\/hq-rollen\/"]}]},{"@type":"ImageObject","inLanguage":"de","@id":"https:\/\/repatransportbanden.nl\/de\/trommels-en-rollen\/hq-rollen\/#primaryimage","url":"https:\/\/repatransportbanden.nl\/wp-content\/uploads\/2021\/12\/HQ-rol-Cema-norm.jpg","contentUrl":"https:\/\/repatransportbanden.nl\/wp-content\/uploads\/2021\/12\/HQ-rol-Cema-norm.jpg","width":331,"height":331},{"@type":"BreadcrumbList","@id":"https:\/\/repatransportbanden.nl\/de\/trommels-en-rollen\/hq-rollen\/#breadcrumb","itemListElement":[{"@type":"ListItem","position":1,"name":"Home","item":"https:\/\/repatransportbanden.nl\/de\/"},{"@type":"ListItem","position":2,"name":"Trommeln und Rollen","item":"https:\/\/repatransportbanden.tempurl.host\/de\/trommels-en-rollen\/"},{"@type":"ListItem","position":3,"name":"HQ-Rollen"}]},{"@type":"WebSite","@id":"https:\/\/repatransportbanden.tempurl.host\/#website","url":"https:\/\/repatransportbanden.tempurl.host\/","name":"repatransportbanden.nl","description":"","potentialAction":[{"@type":"SearchAction","target":{"@type":"EntryPoint","urlTemplate":"https:\/\/repatransportbanden.tempurl.host\/?s={search_term_string}"},"query-input":{"@type":"PropertyValueSpecification","valueRequired":true,"valueName":"search_term_string"}}],"inLanguage":"de"}]}},"_links":{"self":[{"href":"https:\/\/repatransportbanden.nl\/de\/wp-json\/wp\/v2\/pages\/3706","targetHints":{"allow":["GET"]}}],"collection":[{"href":"https:\/\/repatransportbanden.nl\/de\/wp-json\/wp\/v2\/pages"}],"about":[{"href":"https:\/\/repatransportbanden.nl\/de\/wp-json\/wp\/v2\/types\/page"}],"author":[{"embeddable":true,"href":"https:\/\/repatransportbanden.nl\/de\/wp-json\/wp\/v2\/users\/2"}],"replies":[{"embeddable":true,"href":"https:\/\/repatransportbanden.nl\/de\/wp-json\/wp\/v2\/comments?post=3706"}],"version-history":[{"count":5,"href":"https:\/\/repatransportbanden.nl\/de\/wp-json\/wp\/v2\/pages\/3706\/revisions"}],"predecessor-version":[{"id":4748,"href":"https:\/\/repatransportbanden.nl\/de\/wp-json\/wp\/v2\/pages\/3706\/revisions\/4748"}],"up":[{"embeddable":true,"href":"https:\/\/repatransportbanden.nl\/de\/wp-json\/wp\/v2\/pages\/3673"}],"wp:featuredmedia":[{"embeddable":true,"href":"https:\/\/repatransportbanden.nl\/de\/wp-json\/wp\/v2\/media\/2607"}],"wp:attachment":[{"href":"https:\/\/repatransportbanden.nl\/de\/wp-json\/wp\/v2\/media?parent=3706"}],"curies":[{"name":"wp","href":"https:\/\/api.w.org\/{rel}","templated":true}]}}