{"id":3700,"date":"2022-01-07T09:16:06","date_gmt":"2022-01-07T08:16:06","guid":{"rendered":"https:\/\/repatransportbanden.nl\/trommels-en-rollen\/hq-rol-cema-norm\/"},"modified":"2022-01-21T13:01:38","modified_gmt":"2022-01-21T12:01:38","slug":"hq-rol-cema-norm","status":"publish","type":"page","link":"https:\/\/repatransportbanden.nl\/de\/trommels-en-rollen\/hq-rol-cema-norm\/","title":{"rendered":"HQ-Rolle (CEMA-Norm)"},"content":{"rendered":"\n<p>Unsere HQ-Rollen werden speziell f\u00fcr F\u00f6rderbandanlagen hergestellt, an die die h\u00f6chsten Anforderungen gestellt werden.<\/p>\n\n\n\n<p>Das Einschwei\u00dfen der B\u00f6den in der Rolle erfolgt sorgf\u00e4ltig, aber nicht, bevor wir Lagergeh\u00e4use ins Rohr gedreht haben. Diese Vorgehensweise ist mitverantwortlich f\u00fcr die pr\u00e4zise Ausrichtung der Lager und damit f\u00fcr die ausgezeichneten Rundlaufeigenschaften der Rolle. &nbsp;&nbsp;&nbsp;<\/p>\n\n\n\n<p>Auch die Dichtung wird fachkundig ausgef\u00fchrt. Unter anderem durch die Verwendung eines Backseals besitzt die Rolle eine sehr lange Lebensdauer.<\/p>\n","protected":false},"excerpt":{"rendered":"<p>Unsere HQ-Rollen werden speziell f\u00fcr F\u00f6rderbandanlagen hergestellt, an die die h\u00f6chsten Anforderungen gestellt werden. Das Einschwei\u00dfen der B\u00f6den in der Rolle erfolgt sorgf\u00e4ltig, aber nicht, bevor wir Lagergeh\u00e4use ins Rohr gedreht haben. Diese Vorgehensweise ist mitverantwortlich f\u00fcr die pr\u00e4zise Ausrichtung der Lager und damit f\u00fcr die ausgezeichneten Rundlaufeigenschaften der Rolle. &nbsp;&nbsp;&nbsp; Auch die Dichtung wird&hellip; <a class=\"more-link\" href=\"https:\/\/repatransportbanden.nl\/de\/trommels-en-rollen\/hq-rol-cema-norm\/\">Continue reading <span class=\"screen-reader-text\">HQ-Rolle (CEMA-Norm)<\/span><\/a><\/p>\n","protected":false},"author":2,"featured_media":2607,"parent":3673,"menu_order":0,"comment_status":"closed","ping_status":"closed","template":"templates\/template-service.php","meta":{"_acf_changed":false,"footnotes":""},"class_list":["post-3700","page","type-page","status-publish","has-post-thumbnail","hentry","entry"],"acf":[],"yoast_head":"<!-- This site is optimized with the Yoast SEO plugin v27.4 - https:\/\/yoast.com\/product\/yoast-seo-wordpress\/ -->\n<title>HQ-Rolle (CEMA-Norm) - repatransportbanden.nl<\/title>\n<meta name=\"robots\" content=\"index, follow, max-snippet:-1, max-image-preview:large, max-video-preview:-1\" \/>\n<link rel=\"canonical\" href=\"https:\/\/repatransportbanden.nl\/de\/trommels-en-rollen\/hq-rol-cema-norm\/\" \/>\n<meta property=\"og:locale\" content=\"de_DE\" \/>\n<meta property=\"og:type\" content=\"article\" \/>\n<meta property=\"og:title\" content=\"HQ-Rolle (CEMA-Norm) - repatransportbanden.nl\" \/>\n<meta property=\"og:description\" content=\"Unsere HQ-Rollen werden speziell f\u00fcr F\u00f6rderbandanlagen hergestellt, an die die h\u00f6chsten Anforderungen gestellt werden. Das Einschwei\u00dfen der B\u00f6den in der Rolle erfolgt sorgf\u00e4ltig, aber nicht, bevor wir Lagergeh\u00e4use ins Rohr gedreht haben. Diese Vorgehensweise ist mitverantwortlich f\u00fcr die pr\u00e4zise Ausrichtung der Lager und damit f\u00fcr die ausgezeichneten Rundlaufeigenschaften der Rolle. &nbsp;&nbsp;&nbsp; Auch die Dichtung wird&hellip; Continue reading HQ-Rolle (CEMA-Norm)\" \/>\n<meta property=\"og:url\" content=\"https:\/\/repatransportbanden.nl\/de\/trommels-en-rollen\/hq-rol-cema-norm\/\" \/>\n<meta property=\"og:site_name\" content=\"repatransportbanden.nl\" \/>\n<meta property=\"article:modified_time\" content=\"2022-01-21T12:01:38+00:00\" \/>\n<meta property=\"og:image\" content=\"https:\/\/repatransportbanden.tempurl.host\/wp-content\/uploads\/2021\/12\/HQ-rol-Cema-norm.jpg\" \/>\n\t<meta property=\"og:image:width\" content=\"331\" \/>\n\t<meta property=\"og:image:height\" content=\"331\" \/>\n\t<meta property=\"og:image:type\" content=\"image\/jpeg\" \/>\n<meta name=\"twitter:card\" content=\"summary_large_image\" \/>\n<meta name=\"twitter:label1\" content=\"Gesch\u00e4tzte Lesezeit\" \/>\n\t<meta name=\"twitter:data1\" content=\"1\u00a0Minute\" \/>\n<script type=\"application\/ld+json\" class=\"yoast-schema-graph\">{\"@context\":\"https:\\\/\\\/schema.org\",\"@graph\":[{\"@type\":\"WebPage\",\"@id\":\"https:\\\/\\\/repatransportbanden.nl\\\/de\\\/trommels-en-rollen\\\/hq-rol-cema-norm\\\/\",\"url\":\"https:\\\/\\\/repatransportbanden.nl\\\/de\\\/trommels-en-rollen\\\/hq-rol-cema-norm\\\/\",\"name\":\"HQ-Rolle (CEMA-Norm) - repatransportbanden.nl\",\"isPartOf\":{\"@id\":\"https:\\\/\\\/repatransportbanden.tempurl.host\\\/#website\"},\"primaryImageOfPage\":{\"@id\":\"https:\\\/\\\/repatransportbanden.nl\\\/de\\\/trommels-en-rollen\\\/hq-rol-cema-norm\\\/#primaryimage\"},\"image\":{\"@id\":\"https:\\\/\\\/repatransportbanden.nl\\\/de\\\/trommels-en-rollen\\\/hq-rol-cema-norm\\\/#primaryimage\"},\"thumbnailUrl\":\"https:\\\/\\\/repatransportbanden.nl\\\/wp-content\\\/uploads\\\/2021\\\/12\\\/HQ-rol-Cema-norm.jpg\",\"datePublished\":\"2022-01-07T08:16:06+00:00\",\"dateModified\":\"2022-01-21T12:01:38+00:00\",\"breadcrumb\":{\"@id\":\"https:\\\/\\\/repatransportbanden.nl\\\/de\\\/trommels-en-rollen\\\/hq-rol-cema-norm\\\/#breadcrumb\"},\"inLanguage\":\"de\",\"potentialAction\":[{\"@type\":\"ReadAction\",\"target\":[\"https:\\\/\\\/repatransportbanden.nl\\\/de\\\/trommels-en-rollen\\\/hq-rol-cema-norm\\\/\"]}]},{\"@type\":\"ImageObject\",\"inLanguage\":\"de\",\"@id\":\"https:\\\/\\\/repatransportbanden.nl\\\/de\\\/trommels-en-rollen\\\/hq-rol-cema-norm\\\/#primaryimage\",\"url\":\"https:\\\/\\\/repatransportbanden.nl\\\/wp-content\\\/uploads\\\/2021\\\/12\\\/HQ-rol-Cema-norm.jpg\",\"contentUrl\":\"https:\\\/\\\/repatransportbanden.nl\\\/wp-content\\\/uploads\\\/2021\\\/12\\\/HQ-rol-Cema-norm.jpg\",\"width\":331,\"height\":331},{\"@type\":\"BreadcrumbList\",\"@id\":\"https:\\\/\\\/repatransportbanden.nl\\\/de\\\/trommels-en-rollen\\\/hq-rol-cema-norm\\\/#breadcrumb\",\"itemListElement\":[{\"@type\":\"ListItem\",\"position\":1,\"name\":\"Home\",\"item\":\"https:\\\/\\\/repatransportbanden.nl\\\/de\\\/\"},{\"@type\":\"ListItem\",\"position\":2,\"name\":\"Trommeln und Rollen\",\"item\":\"https:\\\/\\\/repatransportbanden.tempurl.host\\\/de\\\/trommels-en-rollen\\\/\"},{\"@type\":\"ListItem\",\"position\":3,\"name\":\"HQ-Rolle (CEMA-Norm)\"}]},{\"@type\":\"WebSite\",\"@id\":\"https:\\\/\\\/repatransportbanden.tempurl.host\\\/#website\",\"url\":\"https:\\\/\\\/repatransportbanden.tempurl.host\\\/\",\"name\":\"repatransportbanden.nl\",\"description\":\"\",\"potentialAction\":[{\"@type\":\"SearchAction\",\"target\":{\"@type\":\"EntryPoint\",\"urlTemplate\":\"https:\\\/\\\/repatransportbanden.tempurl.host\\\/?s={search_term_string}\"},\"query-input\":{\"@type\":\"PropertyValueSpecification\",\"valueRequired\":true,\"valueName\":\"search_term_string\"}}],\"inLanguage\":\"de\"}]}<\/script>\n<!-- \/ Yoast SEO plugin. -->","yoast_head_json":{"title":"HQ-Rolle (CEMA-Norm) - repatransportbanden.nl","robots":{"index":"index","follow":"follow","max-snippet":"max-snippet:-1","max-image-preview":"max-image-preview:large","max-video-preview":"max-video-preview:-1"},"canonical":"https:\/\/repatransportbanden.nl\/de\/trommels-en-rollen\/hq-rol-cema-norm\/","og_locale":"de_DE","og_type":"article","og_title":"HQ-Rolle (CEMA-Norm) - repatransportbanden.nl","og_description":"Unsere HQ-Rollen werden speziell f\u00fcr F\u00f6rderbandanlagen hergestellt, an die die h\u00f6chsten Anforderungen gestellt werden. Das Einschwei\u00dfen der B\u00f6den in der Rolle erfolgt sorgf\u00e4ltig, aber nicht, bevor wir Lagergeh\u00e4use ins Rohr gedreht haben. Diese Vorgehensweise ist mitverantwortlich f\u00fcr die pr\u00e4zise Ausrichtung der Lager und damit f\u00fcr die ausgezeichneten Rundlaufeigenschaften der Rolle. &nbsp;&nbsp;&nbsp; Auch die Dichtung wird&hellip; Continue reading HQ-Rolle (CEMA-Norm)","og_url":"https:\/\/repatransportbanden.nl\/de\/trommels-en-rollen\/hq-rol-cema-norm\/","og_site_name":"repatransportbanden.nl","article_modified_time":"2022-01-21T12:01:38+00:00","og_image":[{"width":331,"height":331,"url":"https:\/\/repatransportbanden.tempurl.host\/wp-content\/uploads\/2021\/12\/HQ-rol-Cema-norm.jpg","type":"image\/jpeg"}],"twitter_card":"summary_large_image","twitter_misc":{"Gesch\u00e4tzte Lesezeit":"1\u00a0Minute"},"schema":{"@context":"https:\/\/schema.org","@graph":[{"@type":"WebPage","@id":"https:\/\/repatransportbanden.nl\/de\/trommels-en-rollen\/hq-rol-cema-norm\/","url":"https:\/\/repatransportbanden.nl\/de\/trommels-en-rollen\/hq-rol-cema-norm\/","name":"HQ-Rolle (CEMA-Norm) - repatransportbanden.nl","isPartOf":{"@id":"https:\/\/repatransportbanden.tempurl.host\/#website"},"primaryImageOfPage":{"@id":"https:\/\/repatransportbanden.nl\/de\/trommels-en-rollen\/hq-rol-cema-norm\/#primaryimage"},"image":{"@id":"https:\/\/repatransportbanden.nl\/de\/trommels-en-rollen\/hq-rol-cema-norm\/#primaryimage"},"thumbnailUrl":"https:\/\/repatransportbanden.nl\/wp-content\/uploads\/2021\/12\/HQ-rol-Cema-norm.jpg","datePublished":"2022-01-07T08:16:06+00:00","dateModified":"2022-01-21T12:01:38+00:00","breadcrumb":{"@id":"https:\/\/repatransportbanden.nl\/de\/trommels-en-rollen\/hq-rol-cema-norm\/#breadcrumb"},"inLanguage":"de","potentialAction":[{"@type":"ReadAction","target":["https:\/\/repatransportbanden.nl\/de\/trommels-en-rollen\/hq-rol-cema-norm\/"]}]},{"@type":"ImageObject","inLanguage":"de","@id":"https:\/\/repatransportbanden.nl\/de\/trommels-en-rollen\/hq-rol-cema-norm\/#primaryimage","url":"https:\/\/repatransportbanden.nl\/wp-content\/uploads\/2021\/12\/HQ-rol-Cema-norm.jpg","contentUrl":"https:\/\/repatransportbanden.nl\/wp-content\/uploads\/2021\/12\/HQ-rol-Cema-norm.jpg","width":331,"height":331},{"@type":"BreadcrumbList","@id":"https:\/\/repatransportbanden.nl\/de\/trommels-en-rollen\/hq-rol-cema-norm\/#breadcrumb","itemListElement":[{"@type":"ListItem","position":1,"name":"Home","item":"https:\/\/repatransportbanden.nl\/de\/"},{"@type":"ListItem","position":2,"name":"Trommeln und Rollen","item":"https:\/\/repatransportbanden.tempurl.host\/de\/trommels-en-rollen\/"},{"@type":"ListItem","position":3,"name":"HQ-Rolle (CEMA-Norm)"}]},{"@type":"WebSite","@id":"https:\/\/repatransportbanden.tempurl.host\/#website","url":"https:\/\/repatransportbanden.tempurl.host\/","name":"repatransportbanden.nl","description":"","potentialAction":[{"@type":"SearchAction","target":{"@type":"EntryPoint","urlTemplate":"https:\/\/repatransportbanden.tempurl.host\/?s={search_term_string}"},"query-input":{"@type":"PropertyValueSpecification","valueRequired":true,"valueName":"search_term_string"}}],"inLanguage":"de"}]}},"_links":{"self":[{"href":"https:\/\/repatransportbanden.nl\/de\/wp-json\/wp\/v2\/pages\/3700","targetHints":{"allow":["GET"]}}],"collection":[{"href":"https:\/\/repatransportbanden.nl\/de\/wp-json\/wp\/v2\/pages"}],"about":[{"href":"https:\/\/repatransportbanden.nl\/de\/wp-json\/wp\/v2\/types\/page"}],"author":[{"embeddable":true,"href":"https:\/\/repatransportbanden.nl\/de\/wp-json\/wp\/v2\/users\/2"}],"replies":[{"embeddable":true,"href":"https:\/\/repatransportbanden.nl\/de\/wp-json\/wp\/v2\/comments?post=3700"}],"version-history":[{"count":5,"href":"https:\/\/repatransportbanden.nl\/de\/wp-json\/wp\/v2\/pages\/3700\/revisions"}],"predecessor-version":[{"id":4747,"href":"https:\/\/repatransportbanden.nl\/de\/wp-json\/wp\/v2\/pages\/3700\/revisions\/4747"}],"up":[{"embeddable":true,"href":"https:\/\/repatransportbanden.nl\/de\/wp-json\/wp\/v2\/pages\/3673"}],"wp:featuredmedia":[{"embeddable":true,"href":"https:\/\/repatransportbanden.nl\/de\/wp-json\/wp\/v2\/media\/2607"}],"wp:attachment":[{"href":"https:\/\/repatransportbanden.nl\/de\/wp-json\/wp\/v2\/media?parent=3700"}],"curies":[{"name":"wp","href":"https:\/\/api.w.org\/{rel}","templated":true}]}}