{"id":3694,"date":"2022-01-07T09:14:46","date_gmt":"2022-01-07T08:14:46","guid":{"rendered":"https:\/\/repatransportbanden.nl\/trommels-en-rollen\/hdpe-rollen-type-rq\/"},"modified":"2022-01-17T11:05:30","modified_gmt":"2022-01-17T10:05:30","slug":"hdpe-rollen-type-rq","status":"publish","type":"page","link":"https:\/\/repatransportbanden.nl\/de\/trommels-en-rollen\/hdpe-rollen-type-rq\/","title":{"rendered":"HDPE-Rollen Typ RQ+"},"content":{"rendered":"\n<p>Die REPA RQ+-Rollen stellen eine neue Qualit\u00e4tsstufe der HDPE-Rolle dar. Im Vergleich zu Stahlrollen haben unsere HDPE-Rollen einige nicht zu untersch\u00e4tzende Vorteile:<\/p>\n\n\n\n<ul class=\"wp-block-list\"><li>Sie sparen viel Energie, da sie um die H\u00e4lfte leichter sind;<\/li><li>Sie sind gegen viele Chemikalien best\u00e4ndig;<\/li><li>Sie sind gegen Rostbildung best\u00e4ndig;<\/li><li>Sie sind \u00e4u\u00dferst verschlei\u00dffest;<\/li><li>Sie sind mit einem antistatischen Rohr und Boden ausgestattet; \u00a0<\/li><li>Die L\u00e4rmreduzierung im Vergleich zu Stahlrollen betr\u00e4gt ca. 25 %;<\/li><li>Die HDPE-Rohre sind vollkommen schmutzabweisend.<\/li><\/ul>\n\n\n\n<h3 class=\"wp-block-heading\">Bij REPA voeren we zelf alle tests uit. Met Bei REPA f\u00fchren wir alle Tests selbst durch. Die HDPE-Rollen wurden drei verschiedenen Tests unterzogen:<\/h3>\n\n\n\n<div class=\"wp-block-columns Wp-colm-row is-layout-flex wp-container-core-columns-is-layout-9d6595d7 wp-block-columns-is-layout-flex\">\n<div class=\"wp-block-column is-layout-flow wp-block-column-is-layout-flow\">\n<h2 class=\"wp-block-heading\">Der Staubtest:  <\/h2>\n\n\n\n<figure class=\"wp-block-image size-full\"><img loading=\"lazy\" decoding=\"async\" width=\"686\" height=\"464\" src=\"https:\/\/repatransportbanden.nl\/wp-content\/uploads\/2021\/12\/HDPE-rol1.jpg\" alt=\"\" class=\"wp-image-2592\" srcset=\"https:\/\/repatransportbanden.nl\/wp-content\/uploads\/2021\/12\/HDPE-rol1.jpg 686w, https:\/\/repatransportbanden.nl\/wp-content\/uploads\/2021\/12\/HDPE-rol1-300x203.jpg 300w\" sizes=\"auto, (max-width: 686px) 100vw, 686px\" \/><\/figure>\n\n\n\n<p>Die HDPE-Rolle hat sich 200 Stunden ununterbrochen gedreht, ohne dass dabei Staub im Lager festgestellt wurde.<\/p>\n<\/div>\n\n\n\n<div class=\"wp-block-column is-layout-flow wp-block-column-is-layout-flow\">\n<h2 class=\"wp-block-heading\">Der Wassertest:<\/h2>\n\n\n\n<figure class=\"wp-block-image size-full\"><img loading=\"lazy\" decoding=\"async\" width=\"686\" height=\"464\" src=\"https:\/\/repatransportbanden.nl\/wp-content\/uploads\/2021\/12\/HDPE-rol2.jpg\" alt=\"\" class=\"wp-image-2595\" srcset=\"https:\/\/repatransportbanden.nl\/wp-content\/uploads\/2021\/12\/HDPE-rol2.jpg 686w, https:\/\/repatransportbanden.nl\/wp-content\/uploads\/2021\/12\/HDPE-rol2-300x203.jpg 300w\" sizes=\"auto, (max-width: 686px) 100vw, 686px\" \/><\/figure>\n\n\n\n<p>Zur Durchf\u00fchrung des Wassertests wurde 72 Stunden lang Wasser gegen die Dichtung einer ununterbrochen drehenden HDPE-Rolle gespr\u00fcht. Dabei ist kein Wasser in die Abdichtung oder die Rolle eingedrungen.<\/p>\n<\/div>\n\n\n\n<div class=\"wp-block-column is-layout-flow wp-block-column-is-layout-flow\">\n<h2 class=\"wp-block-heading\">Der Drehwiderstand: <\/h2>\n\n\n\n<figure class=\"wp-block-image size-full\"><img loading=\"lazy\" decoding=\"async\" width=\"686\" height=\"464\" src=\"https:\/\/repatransportbanden.nl\/wp-content\/uploads\/2021\/12\/HDPE-rol3.jpg\" alt=\"\" class=\"wp-image-2601\" srcset=\"https:\/\/repatransportbanden.nl\/wp-content\/uploads\/2021\/12\/HDPE-rol3.jpg 686w, https:\/\/repatransportbanden.nl\/wp-content\/uploads\/2021\/12\/HDPE-rol3-300x203.jpg 300w\" sizes=\"auto, (max-width: 686px) 100vw, 686px\" \/><\/figure>\n\n\n\n<p>Um den Drehwiderstand messen zu k\u00f6nnen, musste die HDPE-Rolle unter einer Radiallast von 250 N 600 Umdrehungen pro Minute machen. Der endg\u00fcltige Rollwiderstand war sehr niedrig: 0,96N.<\/p>\n<\/div>\n<\/div>\n","protected":false},"excerpt":{"rendered":"<p>Die REPA RQ+-Rollen stellen eine neue Qualit\u00e4tsstufe der HDPE-Rolle dar. Im Vergleich zu Stahlrollen haben unsere HDPE-Rollen einige nicht zu untersch\u00e4tzende Vorteile: Sie sparen viel Energie, da sie um die H\u00e4lfte leichter sind; Sie sind gegen viele Chemikalien best\u00e4ndig; Sie sind gegen Rostbildung best\u00e4ndig; Sie sind \u00e4u\u00dferst verschlei\u00dffest; Sie sind mit einem antistatischen Rohr und&hellip; <a class=\"more-link\" href=\"https:\/\/repatransportbanden.nl\/de\/trommels-en-rollen\/hdpe-rollen-type-rq\/\">Continue reading <span class=\"screen-reader-text\">HDPE-Rollen Typ RQ+<\/span><\/a><\/p>\n","protected":false},"author":2,"featured_media":2598,"parent":3673,"menu_order":0,"comment_status":"closed","ping_status":"closed","template":"templates\/template-service.php","meta":{"_acf_changed":false,"footnotes":""},"class_list":["post-3694","page","type-page","status-publish","has-post-thumbnail","hentry","entry"],"acf":[],"yoast_head":"<!-- This site is optimized with the Yoast SEO plugin v27.4 - https:\/\/yoast.com\/product\/yoast-seo-wordpress\/ -->\n<title>HDPE-Rollen Typ RQ+ - repatransportbanden.nl<\/title>\n<meta name=\"robots\" content=\"index, follow, max-snippet:-1, max-image-preview:large, max-video-preview:-1\" \/>\n<link rel=\"canonical\" href=\"https:\/\/repatransportbanden.nl\/de\/trommels-en-rollen\/hdpe-rollen-type-rq\/\" \/>\n<meta property=\"og:locale\" content=\"de_DE\" \/>\n<meta property=\"og:type\" content=\"article\" \/>\n<meta property=\"og:title\" content=\"HDPE-Rollen Typ RQ+ - repatransportbanden.nl\" \/>\n<meta property=\"og:description\" content=\"Die REPA RQ+-Rollen stellen eine neue Qualit\u00e4tsstufe der HDPE-Rolle dar. Im Vergleich zu Stahlrollen haben unsere HDPE-Rollen einige nicht zu untersch\u00e4tzende Vorteile: Sie sparen viel Energie, da sie um die H\u00e4lfte leichter sind; Sie sind gegen viele Chemikalien best\u00e4ndig; Sie sind gegen Rostbildung best\u00e4ndig; Sie sind \u00e4u\u00dferst verschlei\u00dffest; Sie sind mit einem antistatischen Rohr und&hellip; Continue reading HDPE-Rollen Typ RQ+\" \/>\n<meta property=\"og:url\" content=\"https:\/\/repatransportbanden.nl\/de\/trommels-en-rollen\/hdpe-rollen-type-rq\/\" \/>\n<meta property=\"og:site_name\" content=\"repatransportbanden.nl\" \/>\n<meta property=\"article:modified_time\" content=\"2022-01-17T10:05:30+00:00\" \/>\n<meta property=\"og:image\" content=\"https:\/\/repatransportbanden.tempurl.host\/wp-content\/uploads\/2021\/12\/HDPE-rol.jpg\" \/>\n\t<meta property=\"og:image:width\" content=\"331\" \/>\n\t<meta property=\"og:image:height\" content=\"331\" \/>\n\t<meta property=\"og:image:type\" content=\"image\/jpeg\" \/>\n<meta name=\"twitter:card\" content=\"summary_large_image\" \/>\n<meta name=\"twitter:label1\" content=\"Gesch\u00e4tzte Lesezeit\" \/>\n\t<meta name=\"twitter:data1\" content=\"2\u00a0Minuten\" \/>\n<script type=\"application\/ld+json\" class=\"yoast-schema-graph\">{\"@context\":\"https:\\\/\\\/schema.org\",\"@graph\":[{\"@type\":\"WebPage\",\"@id\":\"https:\\\/\\\/repatransportbanden.nl\\\/de\\\/trommels-en-rollen\\\/hdpe-rollen-type-rq\\\/\",\"url\":\"https:\\\/\\\/repatransportbanden.nl\\\/de\\\/trommels-en-rollen\\\/hdpe-rollen-type-rq\\\/\",\"name\":\"HDPE-Rollen Typ RQ+ - repatransportbanden.nl\",\"isPartOf\":{\"@id\":\"https:\\\/\\\/repatransportbanden.tempurl.host\\\/#website\"},\"primaryImageOfPage\":{\"@id\":\"https:\\\/\\\/repatransportbanden.nl\\\/de\\\/trommels-en-rollen\\\/hdpe-rollen-type-rq\\\/#primaryimage\"},\"image\":{\"@id\":\"https:\\\/\\\/repatransportbanden.nl\\\/de\\\/trommels-en-rollen\\\/hdpe-rollen-type-rq\\\/#primaryimage\"},\"thumbnailUrl\":\"https:\\\/\\\/repatransportbanden.nl\\\/wp-content\\\/uploads\\\/2021\\\/12\\\/HDPE-rol.jpg\",\"datePublished\":\"2022-01-07T08:14:46+00:00\",\"dateModified\":\"2022-01-17T10:05:30+00:00\",\"breadcrumb\":{\"@id\":\"https:\\\/\\\/repatransportbanden.nl\\\/de\\\/trommels-en-rollen\\\/hdpe-rollen-type-rq\\\/#breadcrumb\"},\"inLanguage\":\"de\",\"potentialAction\":[{\"@type\":\"ReadAction\",\"target\":[\"https:\\\/\\\/repatransportbanden.nl\\\/de\\\/trommels-en-rollen\\\/hdpe-rollen-type-rq\\\/\"]}]},{\"@type\":\"ImageObject\",\"inLanguage\":\"de\",\"@id\":\"https:\\\/\\\/repatransportbanden.nl\\\/de\\\/trommels-en-rollen\\\/hdpe-rollen-type-rq\\\/#primaryimage\",\"url\":\"https:\\\/\\\/repatransportbanden.nl\\\/wp-content\\\/uploads\\\/2021\\\/12\\\/HDPE-rol.jpg\",\"contentUrl\":\"https:\\\/\\\/repatransportbanden.nl\\\/wp-content\\\/uploads\\\/2021\\\/12\\\/HDPE-rol.jpg\",\"width\":331,\"height\":331},{\"@type\":\"BreadcrumbList\",\"@id\":\"https:\\\/\\\/repatransportbanden.nl\\\/de\\\/trommels-en-rollen\\\/hdpe-rollen-type-rq\\\/#breadcrumb\",\"itemListElement\":[{\"@type\":\"ListItem\",\"position\":1,\"name\":\"Home\",\"item\":\"https:\\\/\\\/repatransportbanden.nl\\\/de\\\/\"},{\"@type\":\"ListItem\",\"position\":2,\"name\":\"Trommeln und Rollen\",\"item\":\"https:\\\/\\\/repatransportbanden.tempurl.host\\\/de\\\/trommels-en-rollen\\\/\"},{\"@type\":\"ListItem\",\"position\":3,\"name\":\"HDPE-Rollen Typ RQ+\"}]},{\"@type\":\"WebSite\",\"@id\":\"https:\\\/\\\/repatransportbanden.tempurl.host\\\/#website\",\"url\":\"https:\\\/\\\/repatransportbanden.tempurl.host\\\/\",\"name\":\"repatransportbanden.nl\",\"description\":\"\",\"potentialAction\":[{\"@type\":\"SearchAction\",\"target\":{\"@type\":\"EntryPoint\",\"urlTemplate\":\"https:\\\/\\\/repatransportbanden.tempurl.host\\\/?s={search_term_string}\"},\"query-input\":{\"@type\":\"PropertyValueSpecification\",\"valueRequired\":true,\"valueName\":\"search_term_string\"}}],\"inLanguage\":\"de\"}]}<\/script>\n<!-- \/ Yoast SEO plugin. -->","yoast_head_json":{"title":"HDPE-Rollen Typ RQ+ - repatransportbanden.nl","robots":{"index":"index","follow":"follow","max-snippet":"max-snippet:-1","max-image-preview":"max-image-preview:large","max-video-preview":"max-video-preview:-1"},"canonical":"https:\/\/repatransportbanden.nl\/de\/trommels-en-rollen\/hdpe-rollen-type-rq\/","og_locale":"de_DE","og_type":"article","og_title":"HDPE-Rollen Typ RQ+ - repatransportbanden.nl","og_description":"Die REPA RQ+-Rollen stellen eine neue Qualit\u00e4tsstufe der HDPE-Rolle dar. Im Vergleich zu Stahlrollen haben unsere HDPE-Rollen einige nicht zu untersch\u00e4tzende Vorteile: Sie sparen viel Energie, da sie um die H\u00e4lfte leichter sind; Sie sind gegen viele Chemikalien best\u00e4ndig; Sie sind gegen Rostbildung best\u00e4ndig; Sie sind \u00e4u\u00dferst verschlei\u00dffest; Sie sind mit einem antistatischen Rohr und&hellip; Continue reading HDPE-Rollen Typ RQ+","og_url":"https:\/\/repatransportbanden.nl\/de\/trommels-en-rollen\/hdpe-rollen-type-rq\/","og_site_name":"repatransportbanden.nl","article_modified_time":"2022-01-17T10:05:30+00:00","og_image":[{"width":331,"height":331,"url":"https:\/\/repatransportbanden.tempurl.host\/wp-content\/uploads\/2021\/12\/HDPE-rol.jpg","type":"image\/jpeg"}],"twitter_card":"summary_large_image","twitter_misc":{"Gesch\u00e4tzte Lesezeit":"2\u00a0Minuten"},"schema":{"@context":"https:\/\/schema.org","@graph":[{"@type":"WebPage","@id":"https:\/\/repatransportbanden.nl\/de\/trommels-en-rollen\/hdpe-rollen-type-rq\/","url":"https:\/\/repatransportbanden.nl\/de\/trommels-en-rollen\/hdpe-rollen-type-rq\/","name":"HDPE-Rollen Typ RQ+ - repatransportbanden.nl","isPartOf":{"@id":"https:\/\/repatransportbanden.tempurl.host\/#website"},"primaryImageOfPage":{"@id":"https:\/\/repatransportbanden.nl\/de\/trommels-en-rollen\/hdpe-rollen-type-rq\/#primaryimage"},"image":{"@id":"https:\/\/repatransportbanden.nl\/de\/trommels-en-rollen\/hdpe-rollen-type-rq\/#primaryimage"},"thumbnailUrl":"https:\/\/repatransportbanden.nl\/wp-content\/uploads\/2021\/12\/HDPE-rol.jpg","datePublished":"2022-01-07T08:14:46+00:00","dateModified":"2022-01-17T10:05:30+00:00","breadcrumb":{"@id":"https:\/\/repatransportbanden.nl\/de\/trommels-en-rollen\/hdpe-rollen-type-rq\/#breadcrumb"},"inLanguage":"de","potentialAction":[{"@type":"ReadAction","target":["https:\/\/repatransportbanden.nl\/de\/trommels-en-rollen\/hdpe-rollen-type-rq\/"]}]},{"@type":"ImageObject","inLanguage":"de","@id":"https:\/\/repatransportbanden.nl\/de\/trommels-en-rollen\/hdpe-rollen-type-rq\/#primaryimage","url":"https:\/\/repatransportbanden.nl\/wp-content\/uploads\/2021\/12\/HDPE-rol.jpg","contentUrl":"https:\/\/repatransportbanden.nl\/wp-content\/uploads\/2021\/12\/HDPE-rol.jpg","width":331,"height":331},{"@type":"BreadcrumbList","@id":"https:\/\/repatransportbanden.nl\/de\/trommels-en-rollen\/hdpe-rollen-type-rq\/#breadcrumb","itemListElement":[{"@type":"ListItem","position":1,"name":"Home","item":"https:\/\/repatransportbanden.nl\/de\/"},{"@type":"ListItem","position":2,"name":"Trommeln und Rollen","item":"https:\/\/repatransportbanden.tempurl.host\/de\/trommels-en-rollen\/"},{"@type":"ListItem","position":3,"name":"HDPE-Rollen Typ RQ+"}]},{"@type":"WebSite","@id":"https:\/\/repatransportbanden.tempurl.host\/#website","url":"https:\/\/repatransportbanden.tempurl.host\/","name":"repatransportbanden.nl","description":"","potentialAction":[{"@type":"SearchAction","target":{"@type":"EntryPoint","urlTemplate":"https:\/\/repatransportbanden.tempurl.host\/?s={search_term_string}"},"query-input":{"@type":"PropertyValueSpecification","valueRequired":true,"valueName":"search_term_string"}}],"inLanguage":"de"}]}},"_links":{"self":[{"href":"https:\/\/repatransportbanden.nl\/de\/wp-json\/wp\/v2\/pages\/3694","targetHints":{"allow":["GET"]}}],"collection":[{"href":"https:\/\/repatransportbanden.nl\/de\/wp-json\/wp\/v2\/pages"}],"about":[{"href":"https:\/\/repatransportbanden.nl\/de\/wp-json\/wp\/v2\/types\/page"}],"author":[{"embeddable":true,"href":"https:\/\/repatransportbanden.nl\/de\/wp-json\/wp\/v2\/users\/2"}],"replies":[{"embeddable":true,"href":"https:\/\/repatransportbanden.nl\/de\/wp-json\/wp\/v2\/comments?post=3694"}],"version-history":[{"count":3,"href":"https:\/\/repatransportbanden.nl\/de\/wp-json\/wp\/v2\/pages\/3694\/revisions"}],"predecessor-version":[{"id":4370,"href":"https:\/\/repatransportbanden.nl\/de\/wp-json\/wp\/v2\/pages\/3694\/revisions\/4370"}],"up":[{"embeddable":true,"href":"https:\/\/repatransportbanden.nl\/de\/wp-json\/wp\/v2\/pages\/3673"}],"wp:featuredmedia":[{"embeddable":true,"href":"https:\/\/repatransportbanden.nl\/de\/wp-json\/wp\/v2\/media\/2598"}],"wp:attachment":[{"href":"https:\/\/repatransportbanden.nl\/de\/wp-json\/wp\/v2\/media?parent=3694"}],"curies":[{"name":"wp","href":"https:\/\/api.w.org\/{rel}","templated":true}]}}