{"id":3682,"date":"2022-01-07T09:10:36","date_gmt":"2022-01-07T08:10:36","guid":{"rendered":"https:\/\/repatransportbanden.nl\/trommels-en-rollen\/ce-track-band-stuurframes\/"},"modified":"2022-01-27T23:56:10","modified_gmt":"2022-01-27T22:56:10","slug":"ce-track-band-stuurframes","status":"publish","type":"page","link":"https:\/\/repatransportbanden.nl\/de\/trommels-en-rollen\/ce-track-band-stuurframes\/","title":{"rendered":"CE-TRACK Bandf\u00fchrungsstationen"},"content":{"rendered":"\n<p>Unsere CE-TRACK-ADJ ist eine einstellbare und lenkbare Muldenstation in 3 Teilen mit einigen einzigartigen Merkmalen:<\/p>\n\n\n\n<ul class=\"wp-block-list\"><li>Einsetzbar bei zwei Drehrichtungen <\/li><li>Die Rollen verf\u00fcgen immer \u00fcber eine warm vulkanisierte Beschichtung, um f\u00fcr eine m\u00f6glichst gute Haftung mit dem F\u00f6rderband zu sorgen. Die Beschichtung verf\u00fcgt \u00fcber die Eigenschaft, dass wenig Schmutz an ihr haften bleibt. <\/li><li>Die L\u00e4ngen der Rollen erf\u00fcllen grunds\u00e4tzlich die DIN-Normierung.<\/li><li>Es werden konische Seitenrollen verwendet, dadurch reagiert die Station sofort, wenn sich das Band bewegt. <\/li><li>Der Winkel der Muldenstation l\u00e4sst sich in Intervallen von 5 Grad von 5 bis 45 Grad einstellen.<\/li><li>Die L\u00e4nge des Unterbalkens ist verstellbar. <\/li><li>Die H\u00f6he der Muldenstation ist verstellbar. <\/li><\/ul>\n\n\n\n<div style=\"height:15px\" aria-hidden=\"true\" class=\"wp-block-spacer\"><\/div>\n\n\n\n<h3 class=\"wp-block-heading\" id=\"die-ce-track-adj-ist-in-mehreren-breiten-erhaltlich\">Die CE-TRACK-ADJ ist in mehreren Breiten erh\u00e4ltlich:<\/h3>\n\n\n\n<ul class=\"wp-block-list\"><li>BB650<\/li><li>BB800<\/li><li>BB1000<\/li><li>BB1200<\/li><li>BB1400<\/li><\/ul>\n\n\n\n<div style=\"height:30px\" aria-hidden=\"true\" class=\"wp-block-spacer\"><\/div>\n\n\n\n<div class=\"wp-block-columns is-layout-flex wp-container-core-columns-is-layout-9d6595d7 wp-block-columns-is-layout-flex\">\n<div class=\"wp-block-column is-layout-flow wp-block-column-is-layout-flow\">\n<figure class=\"wp-block-image size-full\"><img loading=\"lazy\" decoding=\"async\" width=\"686\" height=\"464\" src=\"https:\/\/repatransportbanden.nl\/wp-content\/uploads\/2021\/12\/Ce-Track1.jpg\" alt=\"\" class=\"wp-image-2655\" srcset=\"https:\/\/repatransportbanden.nl\/wp-content\/uploads\/2021\/12\/Ce-Track1.jpg 686w, https:\/\/repatransportbanden.nl\/wp-content\/uploads\/2021\/12\/Ce-Track1-300x203.jpg 300w\" sizes=\"auto, (max-width: 686px) 100vw, 686px\" \/><\/figure>\n<\/div>\n\n\n\n<div class=\"wp-block-column is-layout-flow wp-block-column-is-layout-flow\">\n<h2 class=\"wp-block-heading\" id=\"ce-track-bandfuhrungsstation\">CE-TRACK Bandf\u00fchrungsstation<\/h2>\n\n\n\n<p>Unsere CE-TRACK ist eine lenkbare Muldenstation in 3 Teilen mit einigen einzigartigen Merkmalen:<\/p>\n\n\n\n<ul class=\"wp-block-list\"><li>Immer bei zwei Drehrichtungen anwendbar <\/li><li>Die Rollen verf\u00fcgen immer \u00fcber eine warm vulkanisierte Beschichtung, um f\u00fcr maximale Haftung mit dem F\u00f6rderband zu sorgen. Die Beschichtung verf\u00fcgt \u00fcber die Eigenschaft, dass wenig Schmutz an ihr haften bleibt. <\/li><li>Da konische Seitenrollen verwendet werden, passt sich die Station sofort an, wenn sich das Band bewegt.<\/li><\/ul>\n<\/div>\n\n\n\n<div class=\"wp-block-column is-layout-flow wp-block-column-is-layout-flow\">\n<h3 class=\"wp-block-heading\" id=\"die-ce-track-adj-ist-in-mehreren-breiten-erhaltlich-1\"><strong>Die CE-TRACK-ADJ ist in mehreren Breiten erh\u00e4ltlich:<\/strong><\/h3>\n\n\n\n<ul class=\"wp-block-list\"><li>BB650<\/li><li>BB800<\/li><li>BB1000<\/li><li>BB1200<\/li><li>BB1400<\/li><li>BB1600<\/li><li>BB1800<\/li><li>BB2000<\/li><li>BB2200<\/li><\/ul>\n<\/div>\n<\/div>\n","protected":false},"excerpt":{"rendered":"<p>Unsere CE-TRACK-ADJ ist eine einstellbare und lenkbare Muldenstation in 3 Teilen mit einigen einzigartigen Merkmalen: Einsetzbar bei zwei Drehrichtungen Die Rollen verf\u00fcgen immer \u00fcber eine warm vulkanisierte Beschichtung, um f\u00fcr eine m\u00f6glichst gute Haftung mit dem F\u00f6rderband zu sorgen. Die Beschichtung verf\u00fcgt \u00fcber die Eigenschaft, dass wenig Schmutz an ihr haften bleibt. Die L\u00e4ngen der&hellip; <a class=\"more-link\" href=\"https:\/\/repatransportbanden.nl\/de\/trommels-en-rollen\/ce-track-band-stuurframes\/\">Continue reading <span class=\"screen-reader-text\">CE-TRACK Bandf\u00fchrungsstationen<\/span><\/a><\/p>\n","protected":false},"author":2,"featured_media":2661,"parent":3673,"menu_order":0,"comment_status":"closed","ping_status":"closed","template":"templates\/template-service.php","meta":{"_acf_changed":false,"footnotes":""},"class_list":["post-3682","page","type-page","status-publish","has-post-thumbnail","hentry","entry"],"acf":[],"yoast_head":"<!-- This site is optimized with the Yoast SEO plugin v27.4 - https:\/\/yoast.com\/product\/yoast-seo-wordpress\/ -->\n<title>CE-TRACK Bandf\u00fchrungsstationen - repatransportbanden.nl<\/title>\n<meta name=\"robots\" content=\"index, follow, max-snippet:-1, max-image-preview:large, max-video-preview:-1\" \/>\n<link rel=\"canonical\" href=\"https:\/\/repatransportbanden.nl\/de\/trommels-en-rollen\/ce-track-band-stuurframes\/\" \/>\n<meta property=\"og:locale\" content=\"de_DE\" \/>\n<meta property=\"og:type\" content=\"article\" \/>\n<meta property=\"og:title\" content=\"CE-TRACK Bandf\u00fchrungsstationen - repatransportbanden.nl\" \/>\n<meta property=\"og:description\" content=\"Unsere CE-TRACK-ADJ ist eine einstellbare und lenkbare Muldenstation in 3 Teilen mit einigen einzigartigen Merkmalen: Einsetzbar bei zwei Drehrichtungen Die Rollen verf\u00fcgen immer \u00fcber eine warm vulkanisierte Beschichtung, um f\u00fcr eine m\u00f6glichst gute Haftung mit dem F\u00f6rderband zu sorgen. Die Beschichtung verf\u00fcgt \u00fcber die Eigenschaft, dass wenig Schmutz an ihr haften bleibt. Die L\u00e4ngen der&hellip; Continue reading CE-TRACK Bandf\u00fchrungsstationen\" \/>\n<meta property=\"og:url\" content=\"https:\/\/repatransportbanden.nl\/de\/trommels-en-rollen\/ce-track-band-stuurframes\/\" \/>\n<meta property=\"og:site_name\" content=\"repatransportbanden.nl\" \/>\n<meta property=\"article:modified_time\" content=\"2022-01-27T22:56:10+00:00\" \/>\n<meta property=\"og:image\" content=\"https:\/\/repatransportbanden.tempurl.host\/wp-content\/uploads\/2021\/12\/Ce-Track.jpg\" \/>\n\t<meta property=\"og:image:width\" content=\"331\" \/>\n\t<meta property=\"og:image:height\" content=\"331\" \/>\n\t<meta property=\"og:image:type\" content=\"image\/jpeg\" \/>\n<meta name=\"twitter:card\" content=\"summary_large_image\" \/>\n<meta name=\"twitter:label1\" content=\"Gesch\u00e4tzte Lesezeit\" \/>\n\t<meta name=\"twitter:data1\" content=\"2\u00a0Minuten\" \/>\n<script type=\"application\/ld+json\" class=\"yoast-schema-graph\">{\"@context\":\"https:\\\/\\\/schema.org\",\"@graph\":[{\"@type\":\"WebPage\",\"@id\":\"https:\\\/\\\/repatransportbanden.nl\\\/de\\\/trommels-en-rollen\\\/ce-track-band-stuurframes\\\/\",\"url\":\"https:\\\/\\\/repatransportbanden.nl\\\/de\\\/trommels-en-rollen\\\/ce-track-band-stuurframes\\\/\",\"name\":\"CE-TRACK Bandf\u00fchrungsstationen - repatransportbanden.nl\",\"isPartOf\":{\"@id\":\"https:\\\/\\\/repatransportbanden.tempurl.host\\\/#website\"},\"primaryImageOfPage\":{\"@id\":\"https:\\\/\\\/repatransportbanden.nl\\\/de\\\/trommels-en-rollen\\\/ce-track-band-stuurframes\\\/#primaryimage\"},\"image\":{\"@id\":\"https:\\\/\\\/repatransportbanden.nl\\\/de\\\/trommels-en-rollen\\\/ce-track-band-stuurframes\\\/#primaryimage\"},\"thumbnailUrl\":\"https:\\\/\\\/repatransportbanden.nl\\\/wp-content\\\/uploads\\\/2021\\\/12\\\/Ce-Track.jpg\",\"datePublished\":\"2022-01-07T08:10:36+00:00\",\"dateModified\":\"2022-01-27T22:56:10+00:00\",\"breadcrumb\":{\"@id\":\"https:\\\/\\\/repatransportbanden.nl\\\/de\\\/trommels-en-rollen\\\/ce-track-band-stuurframes\\\/#breadcrumb\"},\"inLanguage\":\"de\",\"potentialAction\":[{\"@type\":\"ReadAction\",\"target\":[\"https:\\\/\\\/repatransportbanden.nl\\\/de\\\/trommels-en-rollen\\\/ce-track-band-stuurframes\\\/\"]}]},{\"@type\":\"ImageObject\",\"inLanguage\":\"de\",\"@id\":\"https:\\\/\\\/repatransportbanden.nl\\\/de\\\/trommels-en-rollen\\\/ce-track-band-stuurframes\\\/#primaryimage\",\"url\":\"https:\\\/\\\/repatransportbanden.nl\\\/wp-content\\\/uploads\\\/2021\\\/12\\\/Ce-Track.jpg\",\"contentUrl\":\"https:\\\/\\\/repatransportbanden.nl\\\/wp-content\\\/uploads\\\/2021\\\/12\\\/Ce-Track.jpg\",\"width\":331,\"height\":331},{\"@type\":\"BreadcrumbList\",\"@id\":\"https:\\\/\\\/repatransportbanden.nl\\\/de\\\/trommels-en-rollen\\\/ce-track-band-stuurframes\\\/#breadcrumb\",\"itemListElement\":[{\"@type\":\"ListItem\",\"position\":1,\"name\":\"Home\",\"item\":\"https:\\\/\\\/repatransportbanden.nl\\\/de\\\/\"},{\"@type\":\"ListItem\",\"position\":2,\"name\":\"Trommeln und Rollen\",\"item\":\"https:\\\/\\\/repatransportbanden.tempurl.host\\\/de\\\/trommels-en-rollen\\\/\"},{\"@type\":\"ListItem\",\"position\":3,\"name\":\"CE-TRACK Bandf\u00fchrungsstationen\"}]},{\"@type\":\"WebSite\",\"@id\":\"https:\\\/\\\/repatransportbanden.tempurl.host\\\/#website\",\"url\":\"https:\\\/\\\/repatransportbanden.tempurl.host\\\/\",\"name\":\"repatransportbanden.nl\",\"description\":\"\",\"potentialAction\":[{\"@type\":\"SearchAction\",\"target\":{\"@type\":\"EntryPoint\",\"urlTemplate\":\"https:\\\/\\\/repatransportbanden.tempurl.host\\\/?s={search_term_string}\"},\"query-input\":{\"@type\":\"PropertyValueSpecification\",\"valueRequired\":true,\"valueName\":\"search_term_string\"}}],\"inLanguage\":\"de\"}]}<\/script>\n<!-- \/ Yoast SEO plugin. -->","yoast_head_json":{"title":"CE-TRACK Bandf\u00fchrungsstationen - repatransportbanden.nl","robots":{"index":"index","follow":"follow","max-snippet":"max-snippet:-1","max-image-preview":"max-image-preview:large","max-video-preview":"max-video-preview:-1"},"canonical":"https:\/\/repatransportbanden.nl\/de\/trommels-en-rollen\/ce-track-band-stuurframes\/","og_locale":"de_DE","og_type":"article","og_title":"CE-TRACK Bandf\u00fchrungsstationen - repatransportbanden.nl","og_description":"Unsere CE-TRACK-ADJ ist eine einstellbare und lenkbare Muldenstation in 3 Teilen mit einigen einzigartigen Merkmalen: Einsetzbar bei zwei Drehrichtungen Die Rollen verf\u00fcgen immer \u00fcber eine warm vulkanisierte Beschichtung, um f\u00fcr eine m\u00f6glichst gute Haftung mit dem F\u00f6rderband zu sorgen. Die Beschichtung verf\u00fcgt \u00fcber die Eigenschaft, dass wenig Schmutz an ihr haften bleibt. Die L\u00e4ngen der&hellip; Continue reading CE-TRACK Bandf\u00fchrungsstationen","og_url":"https:\/\/repatransportbanden.nl\/de\/trommels-en-rollen\/ce-track-band-stuurframes\/","og_site_name":"repatransportbanden.nl","article_modified_time":"2022-01-27T22:56:10+00:00","og_image":[{"width":331,"height":331,"url":"https:\/\/repatransportbanden.tempurl.host\/wp-content\/uploads\/2021\/12\/Ce-Track.jpg","type":"image\/jpeg"}],"twitter_card":"summary_large_image","twitter_misc":{"Gesch\u00e4tzte Lesezeit":"2\u00a0Minuten"},"schema":{"@context":"https:\/\/schema.org","@graph":[{"@type":"WebPage","@id":"https:\/\/repatransportbanden.nl\/de\/trommels-en-rollen\/ce-track-band-stuurframes\/","url":"https:\/\/repatransportbanden.nl\/de\/trommels-en-rollen\/ce-track-band-stuurframes\/","name":"CE-TRACK Bandf\u00fchrungsstationen - repatransportbanden.nl","isPartOf":{"@id":"https:\/\/repatransportbanden.tempurl.host\/#website"},"primaryImageOfPage":{"@id":"https:\/\/repatransportbanden.nl\/de\/trommels-en-rollen\/ce-track-band-stuurframes\/#primaryimage"},"image":{"@id":"https:\/\/repatransportbanden.nl\/de\/trommels-en-rollen\/ce-track-band-stuurframes\/#primaryimage"},"thumbnailUrl":"https:\/\/repatransportbanden.nl\/wp-content\/uploads\/2021\/12\/Ce-Track.jpg","datePublished":"2022-01-07T08:10:36+00:00","dateModified":"2022-01-27T22:56:10+00:00","breadcrumb":{"@id":"https:\/\/repatransportbanden.nl\/de\/trommels-en-rollen\/ce-track-band-stuurframes\/#breadcrumb"},"inLanguage":"de","potentialAction":[{"@type":"ReadAction","target":["https:\/\/repatransportbanden.nl\/de\/trommels-en-rollen\/ce-track-band-stuurframes\/"]}]},{"@type":"ImageObject","inLanguage":"de","@id":"https:\/\/repatransportbanden.nl\/de\/trommels-en-rollen\/ce-track-band-stuurframes\/#primaryimage","url":"https:\/\/repatransportbanden.nl\/wp-content\/uploads\/2021\/12\/Ce-Track.jpg","contentUrl":"https:\/\/repatransportbanden.nl\/wp-content\/uploads\/2021\/12\/Ce-Track.jpg","width":331,"height":331},{"@type":"BreadcrumbList","@id":"https:\/\/repatransportbanden.nl\/de\/trommels-en-rollen\/ce-track-band-stuurframes\/#breadcrumb","itemListElement":[{"@type":"ListItem","position":1,"name":"Home","item":"https:\/\/repatransportbanden.nl\/de\/"},{"@type":"ListItem","position":2,"name":"Trommeln und Rollen","item":"https:\/\/repatransportbanden.tempurl.host\/de\/trommels-en-rollen\/"},{"@type":"ListItem","position":3,"name":"CE-TRACK Bandf\u00fchrungsstationen"}]},{"@type":"WebSite","@id":"https:\/\/repatransportbanden.tempurl.host\/#website","url":"https:\/\/repatransportbanden.tempurl.host\/","name":"repatransportbanden.nl","description":"","potentialAction":[{"@type":"SearchAction","target":{"@type":"EntryPoint","urlTemplate":"https:\/\/repatransportbanden.tempurl.host\/?s={search_term_string}"},"query-input":{"@type":"PropertyValueSpecification","valueRequired":true,"valueName":"search_term_string"}}],"inLanguage":"de"}]}},"_links":{"self":[{"href":"https:\/\/repatransportbanden.nl\/de\/wp-json\/wp\/v2\/pages\/3682","targetHints":{"allow":["GET"]}}],"collection":[{"href":"https:\/\/repatransportbanden.nl\/de\/wp-json\/wp\/v2\/pages"}],"about":[{"href":"https:\/\/repatransportbanden.nl\/de\/wp-json\/wp\/v2\/types\/page"}],"author":[{"embeddable":true,"href":"https:\/\/repatransportbanden.nl\/de\/wp-json\/wp\/v2\/users\/2"}],"replies":[{"embeddable":true,"href":"https:\/\/repatransportbanden.nl\/de\/wp-json\/wp\/v2\/comments?post=3682"}],"version-history":[{"count":5,"href":"https:\/\/repatransportbanden.nl\/de\/wp-json\/wp\/v2\/pages\/3682\/revisions"}],"predecessor-version":[{"id":4923,"href":"https:\/\/repatransportbanden.nl\/de\/wp-json\/wp\/v2\/pages\/3682\/revisions\/4923"}],"up":[{"embeddable":true,"href":"https:\/\/repatransportbanden.nl\/de\/wp-json\/wp\/v2\/pages\/3673"}],"wp:featuredmedia":[{"embeddable":true,"href":"https:\/\/repatransportbanden.nl\/de\/wp-json\/wp\/v2\/media\/2661"}],"wp:attachment":[{"href":"https:\/\/repatransportbanden.nl\/de\/wp-json\/wp\/v2\/media?parent=3682"}],"curies":[{"name":"wp","href":"https:\/\/api.w.org\/{rel}","templated":true}]}}