{"id":3667,"date":"2022-01-07T09:07:05","date_gmt":"2022-01-07T08:07:05","guid":{"rendered":"https:\/\/repatransportbanden.nl\/services\/"},"modified":"2022-01-28T00:09:58","modified_gmt":"2022-01-27T23:09:58","slug":"services","status":"publish","type":"page","link":"https:\/\/repatransportbanden.nl\/de\/services\/","title":{"rendered":"Unsere Dienste"},"content":{"rendered":"\n<h3 class=\"wp-block-heading\" id=\"montage-vor-ort-24-stunden-service\">Montage vor Ort\/24-Stunden-Service<\/h3>\n\n\n\n<p>REPA ist durch ihren 24-Stunden-Service und die Montage vor Ort bekannt und gro\u00df geworden. Als ein Produktionsunternehmen, f\u00fcr das Service einen hohen Stellenwert hat, ist das ein wesentlicher Punkt, selbstverst\u00e4ndlich kombiniert mit einem fantastischen Angebot an F\u00f6rderb\u00e4ndern von Spitzenqualit\u00e4t und zu wettbewerbsf\u00e4higen Preisen. Es ist bekannt, dass der Stillstand einer Produktionslinie sehr viel Geld kostet. St\u00f6rungen bei F\u00f6rderb\u00e4ndern kommen nat\u00fcrlich immer ungelegen. Haben Sie schon einmal versucht, am Wochenende oder nachts ein Team Servicetechniker zusammenzubekommen? REPA besch\u00e4ftigt mehr als 32 Allround-Servicetechniker, die alle darin geschult sind, den Endkunden m\u00f6glichst schnell seine Arbeit wieder aufnehmen zu lassen, damit sich der Schaden in Grenzen h\u00e4lt. Aber es ist nat\u00fcrlich noch effektiver, Totalausf\u00e4llen und St\u00f6rungen vorzubeugen! Aus diesem Grund schlie\u00dft REPA Wartungsvertr\u00e4ge mit ihren Kunden. Es werden dann regelm\u00e4\u00dfige \u00dcberpr\u00fcfungsrunden gemacht, um m\u00f6gliche Engp\u00e4sse schon im Voraus zu ermitteln. Diese Strategie beugt den meisten St\u00f6rungen vor.<\/p>\n\n\n\n<p>Mit unseren neuesten luftgek\u00fchlten Pressen, die von Beltquip entwickelt wurden, k\u00f6nnen wir B\u00e4nder bis zu einer Breite von 5.000 mm schnell und einfach vor Ort vulkanisieren.<\/p>\n","protected":false},"excerpt":{"rendered":"<p>Montage vor Ort\/24-Stunden-Service REPA ist durch ihren 24-Stunden-Service und die Montage vor Ort bekannt und gro\u00df geworden. Als ein Produktionsunternehmen, f\u00fcr das Service einen hohen Stellenwert hat, ist das ein wesentlicher Punkt, selbstverst\u00e4ndlich kombiniert mit einem fantastischen Angebot an F\u00f6rderb\u00e4ndern von Spitzenqualit\u00e4t und zu wettbewerbsf\u00e4higen Preisen. Es ist bekannt, dass der Stillstand einer Produktionslinie sehr&hellip; <a class=\"more-link\" href=\"https:\/\/repatransportbanden.nl\/de\/services\/\">Continue reading <span class=\"screen-reader-text\">Unsere Dienste<\/span><\/a><\/p>\n","protected":false},"author":2,"featured_media":0,"parent":0,"menu_order":0,"comment_status":"closed","ping_status":"closed","template":"templates\/template-service.php","meta":{"_acf_changed":false,"footnotes":""},"class_list":["post-3667","page","type-page","status-publish","hentry","entry"],"acf":[],"yoast_head":"<!-- This site is optimized with the Yoast SEO plugin v27.3 - https:\/\/yoast.com\/product\/yoast-seo-wordpress\/ -->\n<title>Unsere Dienste - repatransportbanden.nl<\/title>\n<meta name=\"robots\" content=\"index, follow, max-snippet:-1, max-image-preview:large, max-video-preview:-1\" \/>\n<link rel=\"canonical\" href=\"https:\/\/repatransportbanden.nl\/de\/services\/\" \/>\n<meta property=\"og:locale\" content=\"de_DE\" \/>\n<meta property=\"og:type\" content=\"article\" \/>\n<meta property=\"og:title\" content=\"Unsere Dienste - repatransportbanden.nl\" \/>\n<meta property=\"og:description\" content=\"Montage vor Ort\/24-Stunden-Service REPA ist durch ihren 24-Stunden-Service und die Montage vor Ort bekannt und gro\u00df geworden. Als ein Produktionsunternehmen, f\u00fcr das Service einen hohen Stellenwert hat, ist das ein wesentlicher Punkt, selbstverst\u00e4ndlich kombiniert mit einem fantastischen Angebot an F\u00f6rderb\u00e4ndern von Spitzenqualit\u00e4t und zu wettbewerbsf\u00e4higen Preisen. Es ist bekannt, dass der Stillstand einer Produktionslinie sehr&hellip; Continue reading Unsere Dienste\" \/>\n<meta property=\"og:url\" content=\"https:\/\/repatransportbanden.nl\/de\/services\/\" \/>\n<meta property=\"og:site_name\" content=\"repatransportbanden.nl\" \/>\n<meta property=\"article:modified_time\" content=\"2022-01-27T23:09:58+00:00\" \/>\n<meta name=\"twitter:card\" content=\"summary_large_image\" \/>\n<meta name=\"twitter:label1\" content=\"Gesch\u00e4tzte Lesezeit\" \/>\n\t<meta name=\"twitter:data1\" content=\"1\u00a0Minute\" \/>\n<script type=\"application\/ld+json\" class=\"yoast-schema-graph\">{\"@context\":\"https:\\\/\\\/schema.org\",\"@graph\":[{\"@type\":\"WebPage\",\"@id\":\"https:\\\/\\\/repatransportbanden.nl\\\/de\\\/services\\\/\",\"url\":\"https:\\\/\\\/repatransportbanden.nl\\\/de\\\/services\\\/\",\"name\":\"Unsere Dienste - repatransportbanden.nl\",\"isPartOf\":{\"@id\":\"https:\\\/\\\/repatransportbanden.tempurl.host\\\/#website\"},\"datePublished\":\"2022-01-07T08:07:05+00:00\",\"dateModified\":\"2022-01-27T23:09:58+00:00\",\"breadcrumb\":{\"@id\":\"https:\\\/\\\/repatransportbanden.nl\\\/de\\\/services\\\/#breadcrumb\"},\"inLanguage\":\"de\",\"potentialAction\":[{\"@type\":\"ReadAction\",\"target\":[\"https:\\\/\\\/repatransportbanden.nl\\\/de\\\/services\\\/\"]}]},{\"@type\":\"BreadcrumbList\",\"@id\":\"https:\\\/\\\/repatransportbanden.nl\\\/de\\\/services\\\/#breadcrumb\",\"itemListElement\":[{\"@type\":\"ListItem\",\"position\":1,\"name\":\"Home\",\"item\":\"https:\\\/\\\/repatransportbanden.nl\\\/de\\\/\"},{\"@type\":\"ListItem\",\"position\":2,\"name\":\"Unsere Dienste\"}]},{\"@type\":\"WebSite\",\"@id\":\"https:\\\/\\\/repatransportbanden.tempurl.host\\\/#website\",\"url\":\"https:\\\/\\\/repatransportbanden.tempurl.host\\\/\",\"name\":\"repatransportbanden.nl\",\"description\":\"\",\"potentialAction\":[{\"@type\":\"SearchAction\",\"target\":{\"@type\":\"EntryPoint\",\"urlTemplate\":\"https:\\\/\\\/repatransportbanden.tempurl.host\\\/?s={search_term_string}\"},\"query-input\":{\"@type\":\"PropertyValueSpecification\",\"valueRequired\":true,\"valueName\":\"search_term_string\"}}],\"inLanguage\":\"de\"}]}<\/script>\n<!-- \/ Yoast SEO plugin. -->","yoast_head_json":{"title":"Unsere Dienste - repatransportbanden.nl","robots":{"index":"index","follow":"follow","max-snippet":"max-snippet:-1","max-image-preview":"max-image-preview:large","max-video-preview":"max-video-preview:-1"},"canonical":"https:\/\/repatransportbanden.nl\/de\/services\/","og_locale":"de_DE","og_type":"article","og_title":"Unsere Dienste - repatransportbanden.nl","og_description":"Montage vor Ort\/24-Stunden-Service REPA ist durch ihren 24-Stunden-Service und die Montage vor Ort bekannt und gro\u00df geworden. Als ein Produktionsunternehmen, f\u00fcr das Service einen hohen Stellenwert hat, ist das ein wesentlicher Punkt, selbstverst\u00e4ndlich kombiniert mit einem fantastischen Angebot an F\u00f6rderb\u00e4ndern von Spitzenqualit\u00e4t und zu wettbewerbsf\u00e4higen Preisen. Es ist bekannt, dass der Stillstand einer Produktionslinie sehr&hellip; Continue reading Unsere Dienste","og_url":"https:\/\/repatransportbanden.nl\/de\/services\/","og_site_name":"repatransportbanden.nl","article_modified_time":"2022-01-27T23:09:58+00:00","twitter_card":"summary_large_image","twitter_misc":{"Gesch\u00e4tzte Lesezeit":"1\u00a0Minute"},"schema":{"@context":"https:\/\/schema.org","@graph":[{"@type":"WebPage","@id":"https:\/\/repatransportbanden.nl\/de\/services\/","url":"https:\/\/repatransportbanden.nl\/de\/services\/","name":"Unsere Dienste - repatransportbanden.nl","isPartOf":{"@id":"https:\/\/repatransportbanden.tempurl.host\/#website"},"datePublished":"2022-01-07T08:07:05+00:00","dateModified":"2022-01-27T23:09:58+00:00","breadcrumb":{"@id":"https:\/\/repatransportbanden.nl\/de\/services\/#breadcrumb"},"inLanguage":"de","potentialAction":[{"@type":"ReadAction","target":["https:\/\/repatransportbanden.nl\/de\/services\/"]}]},{"@type":"BreadcrumbList","@id":"https:\/\/repatransportbanden.nl\/de\/services\/#breadcrumb","itemListElement":[{"@type":"ListItem","position":1,"name":"Home","item":"https:\/\/repatransportbanden.nl\/de\/"},{"@type":"ListItem","position":2,"name":"Unsere Dienste"}]},{"@type":"WebSite","@id":"https:\/\/repatransportbanden.tempurl.host\/#website","url":"https:\/\/repatransportbanden.tempurl.host\/","name":"repatransportbanden.nl","description":"","potentialAction":[{"@type":"SearchAction","target":{"@type":"EntryPoint","urlTemplate":"https:\/\/repatransportbanden.tempurl.host\/?s={search_term_string}"},"query-input":{"@type":"PropertyValueSpecification","valueRequired":true,"valueName":"search_term_string"}}],"inLanguage":"de"}]}},"_links":{"self":[{"href":"https:\/\/repatransportbanden.nl\/de\/wp-json\/wp\/v2\/pages\/3667","targetHints":{"allow":["GET"]}}],"collection":[{"href":"https:\/\/repatransportbanden.nl\/de\/wp-json\/wp\/v2\/pages"}],"about":[{"href":"https:\/\/repatransportbanden.nl\/de\/wp-json\/wp\/v2\/types\/page"}],"author":[{"embeddable":true,"href":"https:\/\/repatransportbanden.nl\/de\/wp-json\/wp\/v2\/users\/2"}],"replies":[{"embeddable":true,"href":"https:\/\/repatransportbanden.nl\/de\/wp-json\/wp\/v2\/comments?post=3667"}],"version-history":[{"count":5,"href":"https:\/\/repatransportbanden.nl\/de\/wp-json\/wp\/v2\/pages\/3667\/revisions"}],"predecessor-version":[{"id":4932,"href":"https:\/\/repatransportbanden.nl\/de\/wp-json\/wp\/v2\/pages\/3667\/revisions\/4932"}],"wp:attachment":[{"href":"https:\/\/repatransportbanden.nl\/de\/wp-json\/wp\/v2\/media?parent=3667"}],"curies":[{"name":"wp","href":"https:\/\/api.w.org\/{rel}","templated":true}]}}