{"id":3661,"date":"2022-01-07T09:04:54","date_gmt":"2022-01-07T08:04:54","guid":{"rendered":"https:\/\/repatransportbanden.nl\/rubber\/zoutbanden\/"},"modified":"2022-01-21T12:54:32","modified_gmt":"2022-01-21T11:54:32","slug":"zoutbanden","status":"publish","type":"page","link":"https:\/\/repatransportbanden.nl\/de\/rubber\/zoutbanden\/","title":{"rendered":"Salzb\u00e4nder"},"content":{"rendered":"\n<p>In Salzstreumaschinen sind F\u00f6rderb\u00e4nder \u00e4u\u00dferst effektiv. Durch das F\u00f6rderband wird das Salz ad\u00e4quat und gleichm\u00e4\u00dfig auf der gesamten Streuscheibe verteilt. Zudem k\u00f6nnen Sie mit einem F\u00f6rderband in einer Streumaschine nicht nur Salz streuen, sondern beispielsweise auch Sand oder Splitt.<\/p>\n\n\n\n<p>F\u00f6rderb\u00e4nder, die in Salzstreumaschinen verwendet werden, werden auch Salzb\u00e4nder genannt. Sie werden speziell f\u00fcr sehr kleine Trommeln hergestellt und m\u00fcssen hohe Geschwindigkeiten erreichen k\u00f6nnen.<\/p>\n\n\n\n<p>Da Salzb\u00e4nder ein flaches Profil haben und hohen Zugkr\u00e4ften standhalten k\u00f6nnen, lassen sich diese B\u00e4nder gut f\u00fchren. Selbstverst\u00e4ndlich sind Salzb\u00e4nder extrem salz- und witterungsbest\u00e4ndig.<\/p>\n","protected":false},"excerpt":{"rendered":"<p>In Salzstreumaschinen sind F\u00f6rderb\u00e4nder \u00e4u\u00dferst effektiv. Durch das F\u00f6rderband wird das Salz ad\u00e4quat und gleichm\u00e4\u00dfig auf der gesamten Streuscheibe verteilt. Zudem k\u00f6nnen Sie mit einem F\u00f6rderband in einer Streumaschine nicht nur Salz streuen, sondern beispielsweise auch Sand oder Splitt. F\u00f6rderb\u00e4nder, die in Salzstreumaschinen verwendet werden, werden auch Salzb\u00e4nder genannt. Sie werden speziell f\u00fcr sehr kleine&hellip; <a class=\"more-link\" href=\"https:\/\/repatransportbanden.nl\/de\/rubber\/zoutbanden\/\">Continue reading <span class=\"screen-reader-text\">Salzb\u00e4nder<\/span><\/a><\/p>\n","protected":false},"author":2,"featured_media":2535,"parent":3577,"menu_order":0,"comment_status":"closed","ping_status":"closed","template":"templates\/template-service.php","meta":{"_acf_changed":false,"footnotes":""},"class_list":["post-3661","page","type-page","status-publish","has-post-thumbnail","hentry","entry"],"acf":[],"yoast_head":"<!-- This site is optimized with the Yoast SEO plugin v27.3 - https:\/\/yoast.com\/product\/yoast-seo-wordpress\/ -->\n<title>Salzb\u00e4nder - repatransportbanden.nl<\/title>\n<meta name=\"robots\" content=\"index, follow, max-snippet:-1, max-image-preview:large, max-video-preview:-1\" \/>\n<link rel=\"canonical\" href=\"https:\/\/repatransportbanden.nl\/de\/rubber\/zoutbanden\/\" \/>\n<meta property=\"og:locale\" content=\"de_DE\" \/>\n<meta property=\"og:type\" content=\"article\" \/>\n<meta property=\"og:title\" content=\"Salzb\u00e4nder - repatransportbanden.nl\" \/>\n<meta property=\"og:description\" content=\"In Salzstreumaschinen sind F\u00f6rderb\u00e4nder \u00e4u\u00dferst effektiv. Durch das F\u00f6rderband wird das Salz ad\u00e4quat und gleichm\u00e4\u00dfig auf der gesamten Streuscheibe verteilt. Zudem k\u00f6nnen Sie mit einem F\u00f6rderband in einer Streumaschine nicht nur Salz streuen, sondern beispielsweise auch Sand oder Splitt. F\u00f6rderb\u00e4nder, die in Salzstreumaschinen verwendet werden, werden auch Salzb\u00e4nder genannt. Sie werden speziell f\u00fcr sehr kleine&hellip; Continue reading Salzb\u00e4nder\" \/>\n<meta property=\"og:url\" content=\"https:\/\/repatransportbanden.nl\/de\/rubber\/zoutbanden\/\" \/>\n<meta property=\"og:site_name\" content=\"repatransportbanden.nl\" \/>\n<meta property=\"article:modified_time\" content=\"2022-01-21T11:54:32+00:00\" \/>\n<meta property=\"og:image\" content=\"https:\/\/repatransportbanden.tempurl.host\/wp-content\/uploads\/2021\/12\/Zoutbanden.jpg\" \/>\n\t<meta property=\"og:image:width\" content=\"331\" \/>\n\t<meta property=\"og:image:height\" content=\"331\" \/>\n\t<meta property=\"og:image:type\" content=\"image\/jpeg\" \/>\n<meta name=\"twitter:card\" content=\"summary_large_image\" \/>\n<meta name=\"twitter:label1\" content=\"Gesch\u00e4tzte Lesezeit\" \/>\n\t<meta name=\"twitter:data1\" content=\"1\u00a0Minute\" \/>\n<script type=\"application\/ld+json\" class=\"yoast-schema-graph\">{\"@context\":\"https:\\\/\\\/schema.org\",\"@graph\":[{\"@type\":\"WebPage\",\"@id\":\"https:\\\/\\\/repatransportbanden.nl\\\/de\\\/rubber\\\/zoutbanden\\\/\",\"url\":\"https:\\\/\\\/repatransportbanden.nl\\\/de\\\/rubber\\\/zoutbanden\\\/\",\"name\":\"Salzb\u00e4nder - repatransportbanden.nl\",\"isPartOf\":{\"@id\":\"https:\\\/\\\/repatransportbanden.tempurl.host\\\/#website\"},\"primaryImageOfPage\":{\"@id\":\"https:\\\/\\\/repatransportbanden.nl\\\/de\\\/rubber\\\/zoutbanden\\\/#primaryimage\"},\"image\":{\"@id\":\"https:\\\/\\\/repatransportbanden.nl\\\/de\\\/rubber\\\/zoutbanden\\\/#primaryimage\"},\"thumbnailUrl\":\"https:\\\/\\\/repatransportbanden.nl\\\/wp-content\\\/uploads\\\/2021\\\/12\\\/Zoutbanden.jpg\",\"datePublished\":\"2022-01-07T08:04:54+00:00\",\"dateModified\":\"2022-01-21T11:54:32+00:00\",\"breadcrumb\":{\"@id\":\"https:\\\/\\\/repatransportbanden.nl\\\/de\\\/rubber\\\/zoutbanden\\\/#breadcrumb\"},\"inLanguage\":\"de\",\"potentialAction\":[{\"@type\":\"ReadAction\",\"target\":[\"https:\\\/\\\/repatransportbanden.nl\\\/de\\\/rubber\\\/zoutbanden\\\/\"]}]},{\"@type\":\"ImageObject\",\"inLanguage\":\"de\",\"@id\":\"https:\\\/\\\/repatransportbanden.nl\\\/de\\\/rubber\\\/zoutbanden\\\/#primaryimage\",\"url\":\"https:\\\/\\\/repatransportbanden.nl\\\/wp-content\\\/uploads\\\/2021\\\/12\\\/Zoutbanden.jpg\",\"contentUrl\":\"https:\\\/\\\/repatransportbanden.nl\\\/wp-content\\\/uploads\\\/2021\\\/12\\\/Zoutbanden.jpg\",\"width\":331,\"height\":331},{\"@type\":\"BreadcrumbList\",\"@id\":\"https:\\\/\\\/repatransportbanden.nl\\\/de\\\/rubber\\\/zoutbanden\\\/#breadcrumb\",\"itemListElement\":[{\"@type\":\"ListItem\",\"position\":1,\"name\":\"Home\",\"item\":\"https:\\\/\\\/repatransportbanden.nl\\\/de\\\/\"},{\"@type\":\"ListItem\",\"position\":2,\"name\":\"Gummif\u00f6rderb\u00e4ndern\",\"item\":\"https:\\\/\\\/repatransportbanden.tempurl.host\\\/de\\\/rubber\\\/\"},{\"@type\":\"ListItem\",\"position\":3,\"name\":\"Salzb\u00e4nder\"}]},{\"@type\":\"WebSite\",\"@id\":\"https:\\\/\\\/repatransportbanden.tempurl.host\\\/#website\",\"url\":\"https:\\\/\\\/repatransportbanden.tempurl.host\\\/\",\"name\":\"repatransportbanden.nl\",\"description\":\"\",\"potentialAction\":[{\"@type\":\"SearchAction\",\"target\":{\"@type\":\"EntryPoint\",\"urlTemplate\":\"https:\\\/\\\/repatransportbanden.tempurl.host\\\/?s={search_term_string}\"},\"query-input\":{\"@type\":\"PropertyValueSpecification\",\"valueRequired\":true,\"valueName\":\"search_term_string\"}}],\"inLanguage\":\"de\"}]}<\/script>\n<!-- \/ Yoast SEO plugin. -->","yoast_head_json":{"title":"Salzb\u00e4nder - repatransportbanden.nl","robots":{"index":"index","follow":"follow","max-snippet":"max-snippet:-1","max-image-preview":"max-image-preview:large","max-video-preview":"max-video-preview:-1"},"canonical":"https:\/\/repatransportbanden.nl\/de\/rubber\/zoutbanden\/","og_locale":"de_DE","og_type":"article","og_title":"Salzb\u00e4nder - repatransportbanden.nl","og_description":"In Salzstreumaschinen sind F\u00f6rderb\u00e4nder \u00e4u\u00dferst effektiv. Durch das F\u00f6rderband wird das Salz ad\u00e4quat und gleichm\u00e4\u00dfig auf der gesamten Streuscheibe verteilt. Zudem k\u00f6nnen Sie mit einem F\u00f6rderband in einer Streumaschine nicht nur Salz streuen, sondern beispielsweise auch Sand oder Splitt. F\u00f6rderb\u00e4nder, die in Salzstreumaschinen verwendet werden, werden auch Salzb\u00e4nder genannt. Sie werden speziell f\u00fcr sehr kleine&hellip; Continue reading Salzb\u00e4nder","og_url":"https:\/\/repatransportbanden.nl\/de\/rubber\/zoutbanden\/","og_site_name":"repatransportbanden.nl","article_modified_time":"2022-01-21T11:54:32+00:00","og_image":[{"width":331,"height":331,"url":"https:\/\/repatransportbanden.tempurl.host\/wp-content\/uploads\/2021\/12\/Zoutbanden.jpg","type":"image\/jpeg"}],"twitter_card":"summary_large_image","twitter_misc":{"Gesch\u00e4tzte Lesezeit":"1\u00a0Minute"},"schema":{"@context":"https:\/\/schema.org","@graph":[{"@type":"WebPage","@id":"https:\/\/repatransportbanden.nl\/de\/rubber\/zoutbanden\/","url":"https:\/\/repatransportbanden.nl\/de\/rubber\/zoutbanden\/","name":"Salzb\u00e4nder - repatransportbanden.nl","isPartOf":{"@id":"https:\/\/repatransportbanden.tempurl.host\/#website"},"primaryImageOfPage":{"@id":"https:\/\/repatransportbanden.nl\/de\/rubber\/zoutbanden\/#primaryimage"},"image":{"@id":"https:\/\/repatransportbanden.nl\/de\/rubber\/zoutbanden\/#primaryimage"},"thumbnailUrl":"https:\/\/repatransportbanden.nl\/wp-content\/uploads\/2021\/12\/Zoutbanden.jpg","datePublished":"2022-01-07T08:04:54+00:00","dateModified":"2022-01-21T11:54:32+00:00","breadcrumb":{"@id":"https:\/\/repatransportbanden.nl\/de\/rubber\/zoutbanden\/#breadcrumb"},"inLanguage":"de","potentialAction":[{"@type":"ReadAction","target":["https:\/\/repatransportbanden.nl\/de\/rubber\/zoutbanden\/"]}]},{"@type":"ImageObject","inLanguage":"de","@id":"https:\/\/repatransportbanden.nl\/de\/rubber\/zoutbanden\/#primaryimage","url":"https:\/\/repatransportbanden.nl\/wp-content\/uploads\/2021\/12\/Zoutbanden.jpg","contentUrl":"https:\/\/repatransportbanden.nl\/wp-content\/uploads\/2021\/12\/Zoutbanden.jpg","width":331,"height":331},{"@type":"BreadcrumbList","@id":"https:\/\/repatransportbanden.nl\/de\/rubber\/zoutbanden\/#breadcrumb","itemListElement":[{"@type":"ListItem","position":1,"name":"Home","item":"https:\/\/repatransportbanden.nl\/de\/"},{"@type":"ListItem","position":2,"name":"Gummif\u00f6rderb\u00e4ndern","item":"https:\/\/repatransportbanden.tempurl.host\/de\/rubber\/"},{"@type":"ListItem","position":3,"name":"Salzb\u00e4nder"}]},{"@type":"WebSite","@id":"https:\/\/repatransportbanden.tempurl.host\/#website","url":"https:\/\/repatransportbanden.tempurl.host\/","name":"repatransportbanden.nl","description":"","potentialAction":[{"@type":"SearchAction","target":{"@type":"EntryPoint","urlTemplate":"https:\/\/repatransportbanden.tempurl.host\/?s={search_term_string}"},"query-input":{"@type":"PropertyValueSpecification","valueRequired":true,"valueName":"search_term_string"}}],"inLanguage":"de"}]}},"_links":{"self":[{"href":"https:\/\/repatransportbanden.nl\/de\/wp-json\/wp\/v2\/pages\/3661","targetHints":{"allow":["GET"]}}],"collection":[{"href":"https:\/\/repatransportbanden.nl\/de\/wp-json\/wp\/v2\/pages"}],"about":[{"href":"https:\/\/repatransportbanden.nl\/de\/wp-json\/wp\/v2\/types\/page"}],"author":[{"embeddable":true,"href":"https:\/\/repatransportbanden.nl\/de\/wp-json\/wp\/v2\/users\/2"}],"replies":[{"embeddable":true,"href":"https:\/\/repatransportbanden.nl\/de\/wp-json\/wp\/v2\/comments?post=3661"}],"version-history":[{"count":4,"href":"https:\/\/repatransportbanden.nl\/de\/wp-json\/wp\/v2\/pages\/3661\/revisions"}],"predecessor-version":[{"id":4744,"href":"https:\/\/repatransportbanden.nl\/de\/wp-json\/wp\/v2\/pages\/3661\/revisions\/4744"}],"up":[{"embeddable":true,"href":"https:\/\/repatransportbanden.nl\/de\/wp-json\/wp\/v2\/pages\/3577"}],"wp:featuredmedia":[{"embeddable":true,"href":"https:\/\/repatransportbanden.nl\/de\/wp-json\/wp\/v2\/media\/2535"}],"wp:attachment":[{"href":"https:\/\/repatransportbanden.nl\/de\/wp-json\/wp\/v2\/media?parent=3661"}],"curies":[{"name":"wp","href":"https:\/\/api.w.org\/{rel}","templated":true}]}}