{"id":3655,"date":"2022-01-07T09:04:02","date_gmt":"2022-01-07T08:04:02","guid":{"rendered":"https:\/\/repatransportbanden.nl\/rubber\/zaagselbanden\/"},"modified":"2022-01-21T12:53:39","modified_gmt":"2022-01-21T11:53:39","slug":"zaagselbanden","status":"publish","type":"page","link":"https:\/\/repatransportbanden.nl\/de\/rubber\/zaagselbanden\/","title":{"rendered":"S\u00e4gemehl-b\u00e4nder"},"content":{"rendered":"\n<p>In der Holzverarbeitung werden F\u00f6rderb\u00e4nder mit einzigartigen Eigenschaften ben\u00f6tigt. Wenn riesige Baumst\u00e4mme oder gro\u00dfe Holzst\u00fccke transportiert werden m\u00fcssen, erfordert das z. B. robuste Ripstop- oder Solid Woven-B\u00e4nder. Aber f\u00fcr die viel kleineren S\u00e4geabf\u00e4lle m\u00fcssen F\u00f6rderb\u00e4nder mit einer anderen Beschaffenheit verwendet werden. Wenn Sie S\u00e4gemehl oder andere kleine Holzabf\u00e4lle zu entsorgen haben, k\u00f6nnen wir speziell f\u00fcr diesen Zweck S\u00e4gemehl-B\u00e4nder liefern.<\/p>\n","protected":false},"excerpt":{"rendered":"<p>In der Holzverarbeitung werden F\u00f6rderb\u00e4nder mit einzigartigen Eigenschaften ben\u00f6tigt. Wenn riesige Baumst\u00e4mme oder gro\u00dfe Holzst\u00fccke transportiert werden m\u00fcssen, erfordert das z. B. robuste Ripstop- oder Solid Woven-B\u00e4nder. Aber f\u00fcr die viel kleineren S\u00e4geabf\u00e4lle m\u00fcssen F\u00f6rderb\u00e4nder mit einer anderen Beschaffenheit verwendet werden. Wenn Sie S\u00e4gemehl oder andere kleine Holzabf\u00e4lle zu entsorgen haben, k\u00f6nnen wir speziell f\u00fcr&hellip; <a class=\"more-link\" href=\"https:\/\/repatransportbanden.nl\/de\/rubber\/zaagselbanden\/\">Continue reading <span class=\"screen-reader-text\">S\u00e4gemehl-b\u00e4nder<\/span><\/a><\/p>\n","protected":false},"author":2,"featured_media":2520,"parent":3577,"menu_order":0,"comment_status":"closed","ping_status":"closed","template":"templates\/template-service.php","meta":{"_acf_changed":false,"footnotes":""},"class_list":["post-3655","page","type-page","status-publish","has-post-thumbnail","hentry","entry"],"acf":[],"yoast_head":"<!-- This site is optimized with the Yoast SEO plugin v27.3 - https:\/\/yoast.com\/product\/yoast-seo-wordpress\/ -->\n<title>S\u00e4gemehl-b\u00e4nder - repatransportbanden.nl<\/title>\n<meta name=\"robots\" content=\"index, follow, max-snippet:-1, max-image-preview:large, max-video-preview:-1\" \/>\n<link rel=\"canonical\" href=\"https:\/\/repatransportbanden.nl\/de\/rubber\/zaagselbanden\/\" \/>\n<meta property=\"og:locale\" content=\"de_DE\" \/>\n<meta property=\"og:type\" content=\"article\" \/>\n<meta property=\"og:title\" content=\"S\u00e4gemehl-b\u00e4nder - repatransportbanden.nl\" \/>\n<meta property=\"og:description\" content=\"In der Holzverarbeitung werden F\u00f6rderb\u00e4nder mit einzigartigen Eigenschaften ben\u00f6tigt. Wenn riesige Baumst\u00e4mme oder gro\u00dfe Holzst\u00fccke transportiert werden m\u00fcssen, erfordert das z. B. robuste Ripstop- oder Solid Woven-B\u00e4nder. Aber f\u00fcr die viel kleineren S\u00e4geabf\u00e4lle m\u00fcssen F\u00f6rderb\u00e4nder mit einer anderen Beschaffenheit verwendet werden. Wenn Sie S\u00e4gemehl oder andere kleine Holzabf\u00e4lle zu entsorgen haben, k\u00f6nnen wir speziell f\u00fcr&hellip; Continue reading S\u00e4gemehl-b\u00e4nder\" \/>\n<meta property=\"og:url\" content=\"https:\/\/repatransportbanden.nl\/de\/rubber\/zaagselbanden\/\" \/>\n<meta property=\"og:site_name\" content=\"repatransportbanden.nl\" \/>\n<meta property=\"article:modified_time\" content=\"2022-01-21T11:53:39+00:00\" \/>\n<meta property=\"og:image\" content=\"https:\/\/repatransportbanden.tempurl.host\/wp-content\/uploads\/2021\/12\/Zaagselbanden.jpg\" \/>\n\t<meta property=\"og:image:width\" content=\"331\" \/>\n\t<meta property=\"og:image:height\" content=\"331\" \/>\n\t<meta property=\"og:image:type\" content=\"image\/jpeg\" \/>\n<meta name=\"twitter:card\" content=\"summary_large_image\" \/>\n<meta name=\"twitter:label1\" content=\"Gesch\u00e4tzte Lesezeit\" \/>\n\t<meta name=\"twitter:data1\" content=\"1\u00a0Minute\" \/>\n<script type=\"application\/ld+json\" class=\"yoast-schema-graph\">{\"@context\":\"https:\\\/\\\/schema.org\",\"@graph\":[{\"@type\":\"WebPage\",\"@id\":\"https:\\\/\\\/repatransportbanden.nl\\\/de\\\/rubber\\\/zaagselbanden\\\/\",\"url\":\"https:\\\/\\\/repatransportbanden.nl\\\/de\\\/rubber\\\/zaagselbanden\\\/\",\"name\":\"S\u00e4gemehl-b\u00e4nder - repatransportbanden.nl\",\"isPartOf\":{\"@id\":\"https:\\\/\\\/repatransportbanden.tempurl.host\\\/#website\"},\"primaryImageOfPage\":{\"@id\":\"https:\\\/\\\/repatransportbanden.nl\\\/de\\\/rubber\\\/zaagselbanden\\\/#primaryimage\"},\"image\":{\"@id\":\"https:\\\/\\\/repatransportbanden.nl\\\/de\\\/rubber\\\/zaagselbanden\\\/#primaryimage\"},\"thumbnailUrl\":\"https:\\\/\\\/repatransportbanden.nl\\\/wp-content\\\/uploads\\\/2021\\\/12\\\/Zaagselbanden.jpg\",\"datePublished\":\"2022-01-07T08:04:02+00:00\",\"dateModified\":\"2022-01-21T11:53:39+00:00\",\"breadcrumb\":{\"@id\":\"https:\\\/\\\/repatransportbanden.nl\\\/de\\\/rubber\\\/zaagselbanden\\\/#breadcrumb\"},\"inLanguage\":\"de\",\"potentialAction\":[{\"@type\":\"ReadAction\",\"target\":[\"https:\\\/\\\/repatransportbanden.nl\\\/de\\\/rubber\\\/zaagselbanden\\\/\"]}]},{\"@type\":\"ImageObject\",\"inLanguage\":\"de\",\"@id\":\"https:\\\/\\\/repatransportbanden.nl\\\/de\\\/rubber\\\/zaagselbanden\\\/#primaryimage\",\"url\":\"https:\\\/\\\/repatransportbanden.nl\\\/wp-content\\\/uploads\\\/2021\\\/12\\\/Zaagselbanden.jpg\",\"contentUrl\":\"https:\\\/\\\/repatransportbanden.nl\\\/wp-content\\\/uploads\\\/2021\\\/12\\\/Zaagselbanden.jpg\",\"width\":331,\"height\":331},{\"@type\":\"BreadcrumbList\",\"@id\":\"https:\\\/\\\/repatransportbanden.nl\\\/de\\\/rubber\\\/zaagselbanden\\\/#breadcrumb\",\"itemListElement\":[{\"@type\":\"ListItem\",\"position\":1,\"name\":\"Home\",\"item\":\"https:\\\/\\\/repatransportbanden.nl\\\/de\\\/\"},{\"@type\":\"ListItem\",\"position\":2,\"name\":\"Gummif\u00f6rderb\u00e4ndern\",\"item\":\"https:\\\/\\\/repatransportbanden.tempurl.host\\\/de\\\/rubber\\\/\"},{\"@type\":\"ListItem\",\"position\":3,\"name\":\"S\u00e4gemehl-b\u00e4nder\"}]},{\"@type\":\"WebSite\",\"@id\":\"https:\\\/\\\/repatransportbanden.tempurl.host\\\/#website\",\"url\":\"https:\\\/\\\/repatransportbanden.tempurl.host\\\/\",\"name\":\"repatransportbanden.nl\",\"description\":\"\",\"potentialAction\":[{\"@type\":\"SearchAction\",\"target\":{\"@type\":\"EntryPoint\",\"urlTemplate\":\"https:\\\/\\\/repatransportbanden.tempurl.host\\\/?s={search_term_string}\"},\"query-input\":{\"@type\":\"PropertyValueSpecification\",\"valueRequired\":true,\"valueName\":\"search_term_string\"}}],\"inLanguage\":\"de\"}]}<\/script>\n<!-- \/ Yoast SEO plugin. -->","yoast_head_json":{"title":"S\u00e4gemehl-b\u00e4nder - repatransportbanden.nl","robots":{"index":"index","follow":"follow","max-snippet":"max-snippet:-1","max-image-preview":"max-image-preview:large","max-video-preview":"max-video-preview:-1"},"canonical":"https:\/\/repatransportbanden.nl\/de\/rubber\/zaagselbanden\/","og_locale":"de_DE","og_type":"article","og_title":"S\u00e4gemehl-b\u00e4nder - repatransportbanden.nl","og_description":"In der Holzverarbeitung werden F\u00f6rderb\u00e4nder mit einzigartigen Eigenschaften ben\u00f6tigt. Wenn riesige Baumst\u00e4mme oder gro\u00dfe Holzst\u00fccke transportiert werden m\u00fcssen, erfordert das z. B. robuste Ripstop- oder Solid Woven-B\u00e4nder. Aber f\u00fcr die viel kleineren S\u00e4geabf\u00e4lle m\u00fcssen F\u00f6rderb\u00e4nder mit einer anderen Beschaffenheit verwendet werden. Wenn Sie S\u00e4gemehl oder andere kleine Holzabf\u00e4lle zu entsorgen haben, k\u00f6nnen wir speziell f\u00fcr&hellip; Continue reading S\u00e4gemehl-b\u00e4nder","og_url":"https:\/\/repatransportbanden.nl\/de\/rubber\/zaagselbanden\/","og_site_name":"repatransportbanden.nl","article_modified_time":"2022-01-21T11:53:39+00:00","og_image":[{"width":331,"height":331,"url":"https:\/\/repatransportbanden.tempurl.host\/wp-content\/uploads\/2021\/12\/Zaagselbanden.jpg","type":"image\/jpeg"}],"twitter_card":"summary_large_image","twitter_misc":{"Gesch\u00e4tzte Lesezeit":"1\u00a0Minute"},"schema":{"@context":"https:\/\/schema.org","@graph":[{"@type":"WebPage","@id":"https:\/\/repatransportbanden.nl\/de\/rubber\/zaagselbanden\/","url":"https:\/\/repatransportbanden.nl\/de\/rubber\/zaagselbanden\/","name":"S\u00e4gemehl-b\u00e4nder - repatransportbanden.nl","isPartOf":{"@id":"https:\/\/repatransportbanden.tempurl.host\/#website"},"primaryImageOfPage":{"@id":"https:\/\/repatransportbanden.nl\/de\/rubber\/zaagselbanden\/#primaryimage"},"image":{"@id":"https:\/\/repatransportbanden.nl\/de\/rubber\/zaagselbanden\/#primaryimage"},"thumbnailUrl":"https:\/\/repatransportbanden.nl\/wp-content\/uploads\/2021\/12\/Zaagselbanden.jpg","datePublished":"2022-01-07T08:04:02+00:00","dateModified":"2022-01-21T11:53:39+00:00","breadcrumb":{"@id":"https:\/\/repatransportbanden.nl\/de\/rubber\/zaagselbanden\/#breadcrumb"},"inLanguage":"de","potentialAction":[{"@type":"ReadAction","target":["https:\/\/repatransportbanden.nl\/de\/rubber\/zaagselbanden\/"]}]},{"@type":"ImageObject","inLanguage":"de","@id":"https:\/\/repatransportbanden.nl\/de\/rubber\/zaagselbanden\/#primaryimage","url":"https:\/\/repatransportbanden.nl\/wp-content\/uploads\/2021\/12\/Zaagselbanden.jpg","contentUrl":"https:\/\/repatransportbanden.nl\/wp-content\/uploads\/2021\/12\/Zaagselbanden.jpg","width":331,"height":331},{"@type":"BreadcrumbList","@id":"https:\/\/repatransportbanden.nl\/de\/rubber\/zaagselbanden\/#breadcrumb","itemListElement":[{"@type":"ListItem","position":1,"name":"Home","item":"https:\/\/repatransportbanden.nl\/de\/"},{"@type":"ListItem","position":2,"name":"Gummif\u00f6rderb\u00e4ndern","item":"https:\/\/repatransportbanden.tempurl.host\/de\/rubber\/"},{"@type":"ListItem","position":3,"name":"S\u00e4gemehl-b\u00e4nder"}]},{"@type":"WebSite","@id":"https:\/\/repatransportbanden.tempurl.host\/#website","url":"https:\/\/repatransportbanden.tempurl.host\/","name":"repatransportbanden.nl","description":"","potentialAction":[{"@type":"SearchAction","target":{"@type":"EntryPoint","urlTemplate":"https:\/\/repatransportbanden.tempurl.host\/?s={search_term_string}"},"query-input":{"@type":"PropertyValueSpecification","valueRequired":true,"valueName":"search_term_string"}}],"inLanguage":"de"}]}},"_links":{"self":[{"href":"https:\/\/repatransportbanden.nl\/de\/wp-json\/wp\/v2\/pages\/3655","targetHints":{"allow":["GET"]}}],"collection":[{"href":"https:\/\/repatransportbanden.nl\/de\/wp-json\/wp\/v2\/pages"}],"about":[{"href":"https:\/\/repatransportbanden.nl\/de\/wp-json\/wp\/v2\/types\/page"}],"author":[{"embeddable":true,"href":"https:\/\/repatransportbanden.nl\/de\/wp-json\/wp\/v2\/users\/2"}],"replies":[{"embeddable":true,"href":"https:\/\/repatransportbanden.nl\/de\/wp-json\/wp\/v2\/comments?post=3655"}],"version-history":[{"count":4,"href":"https:\/\/repatransportbanden.nl\/de\/wp-json\/wp\/v2\/pages\/3655\/revisions"}],"predecessor-version":[{"id":4743,"href":"https:\/\/repatransportbanden.nl\/de\/wp-json\/wp\/v2\/pages\/3655\/revisions\/4743"}],"up":[{"embeddable":true,"href":"https:\/\/repatransportbanden.nl\/de\/wp-json\/wp\/v2\/pages\/3577"}],"wp:featuredmedia":[{"embeddable":true,"href":"https:\/\/repatransportbanden.nl\/de\/wp-json\/wp\/v2\/media\/2520"}],"wp:attachment":[{"href":"https:\/\/repatransportbanden.nl\/de\/wp-json\/wp\/v2\/media?parent=3655"}],"curies":[{"name":"wp","href":"https:\/\/api.w.org\/{rel}","templated":true}]}}