{"id":3649,"date":"2022-01-07T09:02:34","date_gmt":"2022-01-07T08:02:34","guid":{"rendered":"https:\/\/repatransportbanden.nl\/rubber\/vlamdovende-banden\/"},"modified":"2022-01-21T12:55:28","modified_gmt":"2022-01-21T11:55:28","slug":"vlamdovende-banden","status":"publish","type":"page","link":"https:\/\/repatransportbanden.nl\/de\/rubber\/vlamdovende-banden\/","title":{"rendered":"Selbstverl\u00f6schende b\u00e4nder"},"content":{"rendered":"\n<p>Eine (extrem) hohe Temperatur kann die Integrit\u00e4t eines F\u00f6rderbands beeintr\u00e4chtigen, wodurch das Band sogar platzen kann. Noch schlimmer ist es, wenn ein Brand auf einem oder in der N\u00e4he eines F\u00f6rderbands entsteht. In Industriezweigen, in denen dieses Risiko \u00fcberdurchschnittlich hoch ist, sind selbstverl\u00f6schende F\u00f6rderb\u00e4nder absolut unerl\u00e4sslich.<\/p>\n\n\n\n<p>Selbstverl\u00f6schende F\u00f6rderb\u00e4nder k\u00f6nnen Flammen aktiv l\u00f6schen oder auf jeden Fall eind\u00e4mmen. Das ist eine sehr wertvolle Eigenschaft, da Feuer schnell auf andere Teile einer Anlage, Fabrik oder ein Gel\u00e4nde \u00fcbergreifen kann und auf diese Weise gro\u00dfen Schaden und sogar Explosionen verursachen kann.<\/p>\n\n\n\n<p>Mit einem selbstverl\u00f6schenden F\u00f6rderband von Repa reduzieren Sie diese Risiken erheblich.<\/p>\n","protected":false},"excerpt":{"rendered":"<p>Eine (extrem) hohe Temperatur kann die Integrit\u00e4t eines F\u00f6rderbands beeintr\u00e4chtigen, wodurch das Band sogar platzen kann. Noch schlimmer ist es, wenn ein Brand auf einem oder in der N\u00e4he eines F\u00f6rderbands entsteht. In Industriezweigen, in denen dieses Risiko \u00fcberdurchschnittlich hoch ist, sind selbstverl\u00f6schende F\u00f6rderb\u00e4nder absolut unerl\u00e4sslich. Selbstverl\u00f6schende F\u00f6rderb\u00e4nder k\u00f6nnen Flammen aktiv l\u00f6schen oder auf jeden&hellip; <a class=\"more-link\" href=\"https:\/\/repatransportbanden.nl\/de\/rubber\/vlamdovende-banden\/\">Continue reading <span class=\"screen-reader-text\">Selbstverl\u00f6schende b\u00e4nder<\/span><\/a><\/p>\n","protected":false},"author":2,"featured_media":2508,"parent":3577,"menu_order":0,"comment_status":"closed","ping_status":"closed","template":"templates\/template-service.php","meta":{"_acf_changed":false,"footnotes":""},"class_list":["post-3649","page","type-page","status-publish","has-post-thumbnail","hentry","entry"],"acf":[],"yoast_head":"<!-- This site is optimized with the Yoast SEO plugin v27.3 - https:\/\/yoast.com\/product\/yoast-seo-wordpress\/ -->\n<title>Selbstverl\u00f6schende b\u00e4nder - repatransportbanden.nl<\/title>\n<meta name=\"robots\" content=\"index, follow, max-snippet:-1, max-image-preview:large, max-video-preview:-1\" \/>\n<link rel=\"canonical\" href=\"https:\/\/repatransportbanden.nl\/de\/rubber\/vlamdovende-banden\/\" \/>\n<meta property=\"og:locale\" content=\"de_DE\" \/>\n<meta property=\"og:type\" content=\"article\" \/>\n<meta property=\"og:title\" content=\"Selbstverl\u00f6schende b\u00e4nder - repatransportbanden.nl\" \/>\n<meta property=\"og:description\" content=\"Eine (extrem) hohe Temperatur kann die Integrit\u00e4t eines F\u00f6rderbands beeintr\u00e4chtigen, wodurch das Band sogar platzen kann. Noch schlimmer ist es, wenn ein Brand auf einem oder in der N\u00e4he eines F\u00f6rderbands entsteht. In Industriezweigen, in denen dieses Risiko \u00fcberdurchschnittlich hoch ist, sind selbstverl\u00f6schende F\u00f6rderb\u00e4nder absolut unerl\u00e4sslich. Selbstverl\u00f6schende F\u00f6rderb\u00e4nder k\u00f6nnen Flammen aktiv l\u00f6schen oder auf jeden&hellip; Continue reading Selbstverl\u00f6schende b\u00e4nder\" \/>\n<meta property=\"og:url\" content=\"https:\/\/repatransportbanden.nl\/de\/rubber\/vlamdovende-banden\/\" \/>\n<meta property=\"og:site_name\" content=\"repatransportbanden.nl\" \/>\n<meta property=\"article:modified_time\" content=\"2022-01-21T11:55:28+00:00\" \/>\n<meta property=\"og:image\" content=\"https:\/\/repatransportbanden.tempurl.host\/wp-content\/uploads\/2021\/12\/Vlamdovende-banden.jpg\" \/>\n\t<meta property=\"og:image:width\" content=\"331\" \/>\n\t<meta property=\"og:image:height\" content=\"331\" \/>\n\t<meta property=\"og:image:type\" content=\"image\/jpeg\" \/>\n<meta name=\"twitter:card\" content=\"summary_large_image\" \/>\n<meta name=\"twitter:label1\" content=\"Gesch\u00e4tzte Lesezeit\" \/>\n\t<meta name=\"twitter:data1\" content=\"1\u00a0Minute\" \/>\n<script type=\"application\/ld+json\" class=\"yoast-schema-graph\">{\"@context\":\"https:\\\/\\\/schema.org\",\"@graph\":[{\"@type\":\"WebPage\",\"@id\":\"https:\\\/\\\/repatransportbanden.nl\\\/de\\\/rubber\\\/vlamdovende-banden\\\/\",\"url\":\"https:\\\/\\\/repatransportbanden.nl\\\/de\\\/rubber\\\/vlamdovende-banden\\\/\",\"name\":\"Selbstverl\u00f6schende b\u00e4nder - repatransportbanden.nl\",\"isPartOf\":{\"@id\":\"https:\\\/\\\/repatransportbanden.tempurl.host\\\/#website\"},\"primaryImageOfPage\":{\"@id\":\"https:\\\/\\\/repatransportbanden.nl\\\/de\\\/rubber\\\/vlamdovende-banden\\\/#primaryimage\"},\"image\":{\"@id\":\"https:\\\/\\\/repatransportbanden.nl\\\/de\\\/rubber\\\/vlamdovende-banden\\\/#primaryimage\"},\"thumbnailUrl\":\"https:\\\/\\\/repatransportbanden.nl\\\/wp-content\\\/uploads\\\/2021\\\/12\\\/Vlamdovende-banden.jpg\",\"datePublished\":\"2022-01-07T08:02:34+00:00\",\"dateModified\":\"2022-01-21T11:55:28+00:00\",\"breadcrumb\":{\"@id\":\"https:\\\/\\\/repatransportbanden.nl\\\/de\\\/rubber\\\/vlamdovende-banden\\\/#breadcrumb\"},\"inLanguage\":\"de\",\"potentialAction\":[{\"@type\":\"ReadAction\",\"target\":[\"https:\\\/\\\/repatransportbanden.nl\\\/de\\\/rubber\\\/vlamdovende-banden\\\/\"]}]},{\"@type\":\"ImageObject\",\"inLanguage\":\"de\",\"@id\":\"https:\\\/\\\/repatransportbanden.nl\\\/de\\\/rubber\\\/vlamdovende-banden\\\/#primaryimage\",\"url\":\"https:\\\/\\\/repatransportbanden.nl\\\/wp-content\\\/uploads\\\/2021\\\/12\\\/Vlamdovende-banden.jpg\",\"contentUrl\":\"https:\\\/\\\/repatransportbanden.nl\\\/wp-content\\\/uploads\\\/2021\\\/12\\\/Vlamdovende-banden.jpg\",\"width\":331,\"height\":331},{\"@type\":\"BreadcrumbList\",\"@id\":\"https:\\\/\\\/repatransportbanden.nl\\\/de\\\/rubber\\\/vlamdovende-banden\\\/#breadcrumb\",\"itemListElement\":[{\"@type\":\"ListItem\",\"position\":1,\"name\":\"Home\",\"item\":\"https:\\\/\\\/repatransportbanden.nl\\\/de\\\/\"},{\"@type\":\"ListItem\",\"position\":2,\"name\":\"Gummif\u00f6rderb\u00e4ndern\",\"item\":\"https:\\\/\\\/repatransportbanden.tempurl.host\\\/de\\\/rubber\\\/\"},{\"@type\":\"ListItem\",\"position\":3,\"name\":\"Selbstverl\u00f6schende b\u00e4nder\"}]},{\"@type\":\"WebSite\",\"@id\":\"https:\\\/\\\/repatransportbanden.tempurl.host\\\/#website\",\"url\":\"https:\\\/\\\/repatransportbanden.tempurl.host\\\/\",\"name\":\"repatransportbanden.nl\",\"description\":\"\",\"potentialAction\":[{\"@type\":\"SearchAction\",\"target\":{\"@type\":\"EntryPoint\",\"urlTemplate\":\"https:\\\/\\\/repatransportbanden.tempurl.host\\\/?s={search_term_string}\"},\"query-input\":{\"@type\":\"PropertyValueSpecification\",\"valueRequired\":true,\"valueName\":\"search_term_string\"}}],\"inLanguage\":\"de\"}]}<\/script>\n<!-- \/ Yoast SEO plugin. -->","yoast_head_json":{"title":"Selbstverl\u00f6schende b\u00e4nder - repatransportbanden.nl","robots":{"index":"index","follow":"follow","max-snippet":"max-snippet:-1","max-image-preview":"max-image-preview:large","max-video-preview":"max-video-preview:-1"},"canonical":"https:\/\/repatransportbanden.nl\/de\/rubber\/vlamdovende-banden\/","og_locale":"de_DE","og_type":"article","og_title":"Selbstverl\u00f6schende b\u00e4nder - repatransportbanden.nl","og_description":"Eine (extrem) hohe Temperatur kann die Integrit\u00e4t eines F\u00f6rderbands beeintr\u00e4chtigen, wodurch das Band sogar platzen kann. Noch schlimmer ist es, wenn ein Brand auf einem oder in der N\u00e4he eines F\u00f6rderbands entsteht. In Industriezweigen, in denen dieses Risiko \u00fcberdurchschnittlich hoch ist, sind selbstverl\u00f6schende F\u00f6rderb\u00e4nder absolut unerl\u00e4sslich. Selbstverl\u00f6schende F\u00f6rderb\u00e4nder k\u00f6nnen Flammen aktiv l\u00f6schen oder auf jeden&hellip; Continue reading Selbstverl\u00f6schende b\u00e4nder","og_url":"https:\/\/repatransportbanden.nl\/de\/rubber\/vlamdovende-banden\/","og_site_name":"repatransportbanden.nl","article_modified_time":"2022-01-21T11:55:28+00:00","og_image":[{"width":331,"height":331,"url":"https:\/\/repatransportbanden.tempurl.host\/wp-content\/uploads\/2021\/12\/Vlamdovende-banden.jpg","type":"image\/jpeg"}],"twitter_card":"summary_large_image","twitter_misc":{"Gesch\u00e4tzte Lesezeit":"1\u00a0Minute"},"schema":{"@context":"https:\/\/schema.org","@graph":[{"@type":"WebPage","@id":"https:\/\/repatransportbanden.nl\/de\/rubber\/vlamdovende-banden\/","url":"https:\/\/repatransportbanden.nl\/de\/rubber\/vlamdovende-banden\/","name":"Selbstverl\u00f6schende b\u00e4nder - repatransportbanden.nl","isPartOf":{"@id":"https:\/\/repatransportbanden.tempurl.host\/#website"},"primaryImageOfPage":{"@id":"https:\/\/repatransportbanden.nl\/de\/rubber\/vlamdovende-banden\/#primaryimage"},"image":{"@id":"https:\/\/repatransportbanden.nl\/de\/rubber\/vlamdovende-banden\/#primaryimage"},"thumbnailUrl":"https:\/\/repatransportbanden.nl\/wp-content\/uploads\/2021\/12\/Vlamdovende-banden.jpg","datePublished":"2022-01-07T08:02:34+00:00","dateModified":"2022-01-21T11:55:28+00:00","breadcrumb":{"@id":"https:\/\/repatransportbanden.nl\/de\/rubber\/vlamdovende-banden\/#breadcrumb"},"inLanguage":"de","potentialAction":[{"@type":"ReadAction","target":["https:\/\/repatransportbanden.nl\/de\/rubber\/vlamdovende-banden\/"]}]},{"@type":"ImageObject","inLanguage":"de","@id":"https:\/\/repatransportbanden.nl\/de\/rubber\/vlamdovende-banden\/#primaryimage","url":"https:\/\/repatransportbanden.nl\/wp-content\/uploads\/2021\/12\/Vlamdovende-banden.jpg","contentUrl":"https:\/\/repatransportbanden.nl\/wp-content\/uploads\/2021\/12\/Vlamdovende-banden.jpg","width":331,"height":331},{"@type":"BreadcrumbList","@id":"https:\/\/repatransportbanden.nl\/de\/rubber\/vlamdovende-banden\/#breadcrumb","itemListElement":[{"@type":"ListItem","position":1,"name":"Home","item":"https:\/\/repatransportbanden.nl\/de\/"},{"@type":"ListItem","position":2,"name":"Gummif\u00f6rderb\u00e4ndern","item":"https:\/\/repatransportbanden.tempurl.host\/de\/rubber\/"},{"@type":"ListItem","position":3,"name":"Selbstverl\u00f6schende b\u00e4nder"}]},{"@type":"WebSite","@id":"https:\/\/repatransportbanden.tempurl.host\/#website","url":"https:\/\/repatransportbanden.tempurl.host\/","name":"repatransportbanden.nl","description":"","potentialAction":[{"@type":"SearchAction","target":{"@type":"EntryPoint","urlTemplate":"https:\/\/repatransportbanden.tempurl.host\/?s={search_term_string}"},"query-input":{"@type":"PropertyValueSpecification","valueRequired":true,"valueName":"search_term_string"}}],"inLanguage":"de"}]}},"_links":{"self":[{"href":"https:\/\/repatransportbanden.nl\/de\/wp-json\/wp\/v2\/pages\/3649","targetHints":{"allow":["GET"]}}],"collection":[{"href":"https:\/\/repatransportbanden.nl\/de\/wp-json\/wp\/v2\/pages"}],"about":[{"href":"https:\/\/repatransportbanden.nl\/de\/wp-json\/wp\/v2\/types\/page"}],"author":[{"embeddable":true,"href":"https:\/\/repatransportbanden.nl\/de\/wp-json\/wp\/v2\/users\/2"}],"replies":[{"embeddable":true,"href":"https:\/\/repatransportbanden.nl\/de\/wp-json\/wp\/v2\/comments?post=3649"}],"version-history":[{"count":4,"href":"https:\/\/repatransportbanden.nl\/de\/wp-json\/wp\/v2\/pages\/3649\/revisions"}],"predecessor-version":[{"id":4745,"href":"https:\/\/repatransportbanden.nl\/de\/wp-json\/wp\/v2\/pages\/3649\/revisions\/4745"}],"up":[{"embeddable":true,"href":"https:\/\/repatransportbanden.nl\/de\/wp-json\/wp\/v2\/pages\/3577"}],"wp:featuredmedia":[{"embeddable":true,"href":"https:\/\/repatransportbanden.nl\/de\/wp-json\/wp\/v2\/media\/2508"}],"wp:attachment":[{"href":"https:\/\/repatransportbanden.nl\/de\/wp-json\/wp\/v2\/media?parent=3649"}],"curies":[{"name":"wp","href":"https:\/\/api.w.org\/{rel}","templated":true}]}}