{"id":3643,"date":"2022-01-07T09:01:27","date_gmt":"2022-01-07T08:01:27","guid":{"rendered":"https:\/\/repatransportbanden.nl\/rubber\/vlakke-banden\/"},"modified":"2022-01-21T12:52:41","modified_gmt":"2022-01-21T11:52:41","slug":"vlakke-banden","status":"publish","type":"page","link":"https:\/\/repatransportbanden.nl\/de\/rubber\/vlakke-banden\/","title":{"rendered":"Flachf\u00f6rderer"},"content":{"rendered":"\n<p>F\u00f6rderb\u00e4nder bilden das Herzst\u00fcck praktisch jeden Transportsystems in vielen Branchen. Hierbei kann es sich um Recycling, die Verarbeitung von Rohstoffen oder die Bef\u00f6rderung von Holz, Stahl oder chemischen Produkten handeln; F\u00f6rderb\u00e4nder sorgen f\u00fcr den unentbehrlichen Transport von Stoffen und G\u00fctern im Unternehmen.<\/p>\n\n\n\n<p>Gummi-Flachf\u00f6rderer gibt es in vielen Typen und Gr\u00f6\u00dfen und sie k\u00f6nnen, je nach den spezifischen W\u00fcnschen, mit einer Vielzahl von Eigenschaften und Anpassungen geliefert werden. Nat\u00fcrlich gibt es Standard-Flachf\u00f6rderer, aber es besteht auch eine gro\u00dfe Nachfrage nach querstabilen B\u00e4ndern, Gleitf\u00f6rderb\u00e4ndern und Ripstop-B\u00e4ndern, die mit Stahlseilen ausger\u00fcstet sind, um Rei\u00dfen zu verhindern.<\/p>\n\n\n\n<p>Praktisch jeder Flachf\u00f6rderbandtyp ist in Spezialausf\u00fchrungen erh\u00e4ltlich, die das Band gegen \u00d6l und Fett oder (extreme) Hitze sch\u00fctzen.<\/p>\n","protected":false},"excerpt":{"rendered":"<p>F\u00f6rderb\u00e4nder bilden das Herzst\u00fcck praktisch jeden Transportsystems in vielen Branchen. Hierbei kann es sich um Recycling, die Verarbeitung von Rohstoffen oder die Bef\u00f6rderung von Holz, Stahl oder chemischen Produkten handeln; F\u00f6rderb\u00e4nder sorgen f\u00fcr den unentbehrlichen Transport von Stoffen und G\u00fctern im Unternehmen. Gummi-Flachf\u00f6rderer gibt es in vielen Typen und Gr\u00f6\u00dfen und sie k\u00f6nnen, je nach&hellip; <a class=\"more-link\" href=\"https:\/\/repatransportbanden.nl\/de\/rubber\/vlakke-banden\/\">Continue reading <span class=\"screen-reader-text\">Flachf\u00f6rderer<\/span><\/a><\/p>\n","protected":false},"author":2,"featured_media":2493,"parent":3577,"menu_order":0,"comment_status":"closed","ping_status":"closed","template":"templates\/template-service.php","meta":{"_acf_changed":false,"footnotes":""},"class_list":["post-3643","page","type-page","status-publish","has-post-thumbnail","hentry","entry"],"acf":[],"yoast_head":"<!-- This site is optimized with the Yoast SEO plugin v27.3 - https:\/\/yoast.com\/product\/yoast-seo-wordpress\/ -->\n<title>Flachf\u00f6rderer - repatransportbanden.nl<\/title>\n<meta name=\"robots\" content=\"index, follow, max-snippet:-1, max-image-preview:large, max-video-preview:-1\" \/>\n<link rel=\"canonical\" href=\"https:\/\/repatransportbanden.nl\/de\/rubber\/vlakke-banden\/\" \/>\n<meta property=\"og:locale\" content=\"de_DE\" \/>\n<meta property=\"og:type\" content=\"article\" \/>\n<meta property=\"og:title\" content=\"Flachf\u00f6rderer - repatransportbanden.nl\" \/>\n<meta property=\"og:description\" content=\"F\u00f6rderb\u00e4nder bilden das Herzst\u00fcck praktisch jeden Transportsystems in vielen Branchen. Hierbei kann es sich um Recycling, die Verarbeitung von Rohstoffen oder die Bef\u00f6rderung von Holz, Stahl oder chemischen Produkten handeln; F\u00f6rderb\u00e4nder sorgen f\u00fcr den unentbehrlichen Transport von Stoffen und G\u00fctern im Unternehmen. Gummi-Flachf\u00f6rderer gibt es in vielen Typen und Gr\u00f6\u00dfen und sie k\u00f6nnen, je nach&hellip; Continue reading Flachf\u00f6rderer\" \/>\n<meta property=\"og:url\" content=\"https:\/\/repatransportbanden.nl\/de\/rubber\/vlakke-banden\/\" \/>\n<meta property=\"og:site_name\" content=\"repatransportbanden.nl\" \/>\n<meta property=\"article:modified_time\" content=\"2022-01-21T11:52:41+00:00\" \/>\n<meta property=\"og:image\" content=\"https:\/\/repatransportbanden.tempurl.host\/wp-content\/uploads\/2021\/12\/Vlakke-banden.jpg\" \/>\n\t<meta property=\"og:image:width\" content=\"331\" \/>\n\t<meta property=\"og:image:height\" content=\"331\" \/>\n\t<meta property=\"og:image:type\" content=\"image\/jpeg\" \/>\n<meta name=\"twitter:card\" content=\"summary_large_image\" \/>\n<meta name=\"twitter:label1\" content=\"Gesch\u00e4tzte Lesezeit\" \/>\n\t<meta name=\"twitter:data1\" content=\"1\u00a0Minute\" \/>\n<script type=\"application\/ld+json\" class=\"yoast-schema-graph\">{\"@context\":\"https:\\\/\\\/schema.org\",\"@graph\":[{\"@type\":\"WebPage\",\"@id\":\"https:\\\/\\\/repatransportbanden.nl\\\/de\\\/rubber\\\/vlakke-banden\\\/\",\"url\":\"https:\\\/\\\/repatransportbanden.nl\\\/de\\\/rubber\\\/vlakke-banden\\\/\",\"name\":\"Flachf\u00f6rderer - repatransportbanden.nl\",\"isPartOf\":{\"@id\":\"https:\\\/\\\/repatransportbanden.tempurl.host\\\/#website\"},\"primaryImageOfPage\":{\"@id\":\"https:\\\/\\\/repatransportbanden.nl\\\/de\\\/rubber\\\/vlakke-banden\\\/#primaryimage\"},\"image\":{\"@id\":\"https:\\\/\\\/repatransportbanden.nl\\\/de\\\/rubber\\\/vlakke-banden\\\/#primaryimage\"},\"thumbnailUrl\":\"https:\\\/\\\/repatransportbanden.nl\\\/wp-content\\\/uploads\\\/2021\\\/12\\\/Vlakke-banden.jpg\",\"datePublished\":\"2022-01-07T08:01:27+00:00\",\"dateModified\":\"2022-01-21T11:52:41+00:00\",\"breadcrumb\":{\"@id\":\"https:\\\/\\\/repatransportbanden.nl\\\/de\\\/rubber\\\/vlakke-banden\\\/#breadcrumb\"},\"inLanguage\":\"de\",\"potentialAction\":[{\"@type\":\"ReadAction\",\"target\":[\"https:\\\/\\\/repatransportbanden.nl\\\/de\\\/rubber\\\/vlakke-banden\\\/\"]}]},{\"@type\":\"ImageObject\",\"inLanguage\":\"de\",\"@id\":\"https:\\\/\\\/repatransportbanden.nl\\\/de\\\/rubber\\\/vlakke-banden\\\/#primaryimage\",\"url\":\"https:\\\/\\\/repatransportbanden.nl\\\/wp-content\\\/uploads\\\/2021\\\/12\\\/Vlakke-banden.jpg\",\"contentUrl\":\"https:\\\/\\\/repatransportbanden.nl\\\/wp-content\\\/uploads\\\/2021\\\/12\\\/Vlakke-banden.jpg\",\"width\":331,\"height\":331},{\"@type\":\"BreadcrumbList\",\"@id\":\"https:\\\/\\\/repatransportbanden.nl\\\/de\\\/rubber\\\/vlakke-banden\\\/#breadcrumb\",\"itemListElement\":[{\"@type\":\"ListItem\",\"position\":1,\"name\":\"Home\",\"item\":\"https:\\\/\\\/repatransportbanden.nl\\\/de\\\/\"},{\"@type\":\"ListItem\",\"position\":2,\"name\":\"Gummif\u00f6rderb\u00e4ndern\",\"item\":\"https:\\\/\\\/repatransportbanden.tempurl.host\\\/de\\\/rubber\\\/\"},{\"@type\":\"ListItem\",\"position\":3,\"name\":\"Flachf\u00f6rderer\"}]},{\"@type\":\"WebSite\",\"@id\":\"https:\\\/\\\/repatransportbanden.tempurl.host\\\/#website\",\"url\":\"https:\\\/\\\/repatransportbanden.tempurl.host\\\/\",\"name\":\"repatransportbanden.nl\",\"description\":\"\",\"potentialAction\":[{\"@type\":\"SearchAction\",\"target\":{\"@type\":\"EntryPoint\",\"urlTemplate\":\"https:\\\/\\\/repatransportbanden.tempurl.host\\\/?s={search_term_string}\"},\"query-input\":{\"@type\":\"PropertyValueSpecification\",\"valueRequired\":true,\"valueName\":\"search_term_string\"}}],\"inLanguage\":\"de\"}]}<\/script>\n<!-- \/ Yoast SEO plugin. -->","yoast_head_json":{"title":"Flachf\u00f6rderer - repatransportbanden.nl","robots":{"index":"index","follow":"follow","max-snippet":"max-snippet:-1","max-image-preview":"max-image-preview:large","max-video-preview":"max-video-preview:-1"},"canonical":"https:\/\/repatransportbanden.nl\/de\/rubber\/vlakke-banden\/","og_locale":"de_DE","og_type":"article","og_title":"Flachf\u00f6rderer - repatransportbanden.nl","og_description":"F\u00f6rderb\u00e4nder bilden das Herzst\u00fcck praktisch jeden Transportsystems in vielen Branchen. Hierbei kann es sich um Recycling, die Verarbeitung von Rohstoffen oder die Bef\u00f6rderung von Holz, Stahl oder chemischen Produkten handeln; F\u00f6rderb\u00e4nder sorgen f\u00fcr den unentbehrlichen Transport von Stoffen und G\u00fctern im Unternehmen. Gummi-Flachf\u00f6rderer gibt es in vielen Typen und Gr\u00f6\u00dfen und sie k\u00f6nnen, je nach&hellip; Continue reading Flachf\u00f6rderer","og_url":"https:\/\/repatransportbanden.nl\/de\/rubber\/vlakke-banden\/","og_site_name":"repatransportbanden.nl","article_modified_time":"2022-01-21T11:52:41+00:00","og_image":[{"width":331,"height":331,"url":"https:\/\/repatransportbanden.tempurl.host\/wp-content\/uploads\/2021\/12\/Vlakke-banden.jpg","type":"image\/jpeg"}],"twitter_card":"summary_large_image","twitter_misc":{"Gesch\u00e4tzte Lesezeit":"1\u00a0Minute"},"schema":{"@context":"https:\/\/schema.org","@graph":[{"@type":"WebPage","@id":"https:\/\/repatransportbanden.nl\/de\/rubber\/vlakke-banden\/","url":"https:\/\/repatransportbanden.nl\/de\/rubber\/vlakke-banden\/","name":"Flachf\u00f6rderer - repatransportbanden.nl","isPartOf":{"@id":"https:\/\/repatransportbanden.tempurl.host\/#website"},"primaryImageOfPage":{"@id":"https:\/\/repatransportbanden.nl\/de\/rubber\/vlakke-banden\/#primaryimage"},"image":{"@id":"https:\/\/repatransportbanden.nl\/de\/rubber\/vlakke-banden\/#primaryimage"},"thumbnailUrl":"https:\/\/repatransportbanden.nl\/wp-content\/uploads\/2021\/12\/Vlakke-banden.jpg","datePublished":"2022-01-07T08:01:27+00:00","dateModified":"2022-01-21T11:52:41+00:00","breadcrumb":{"@id":"https:\/\/repatransportbanden.nl\/de\/rubber\/vlakke-banden\/#breadcrumb"},"inLanguage":"de","potentialAction":[{"@type":"ReadAction","target":["https:\/\/repatransportbanden.nl\/de\/rubber\/vlakke-banden\/"]}]},{"@type":"ImageObject","inLanguage":"de","@id":"https:\/\/repatransportbanden.nl\/de\/rubber\/vlakke-banden\/#primaryimage","url":"https:\/\/repatransportbanden.nl\/wp-content\/uploads\/2021\/12\/Vlakke-banden.jpg","contentUrl":"https:\/\/repatransportbanden.nl\/wp-content\/uploads\/2021\/12\/Vlakke-banden.jpg","width":331,"height":331},{"@type":"BreadcrumbList","@id":"https:\/\/repatransportbanden.nl\/de\/rubber\/vlakke-banden\/#breadcrumb","itemListElement":[{"@type":"ListItem","position":1,"name":"Home","item":"https:\/\/repatransportbanden.nl\/de\/"},{"@type":"ListItem","position":2,"name":"Gummif\u00f6rderb\u00e4ndern","item":"https:\/\/repatransportbanden.tempurl.host\/de\/rubber\/"},{"@type":"ListItem","position":3,"name":"Flachf\u00f6rderer"}]},{"@type":"WebSite","@id":"https:\/\/repatransportbanden.tempurl.host\/#website","url":"https:\/\/repatransportbanden.tempurl.host\/","name":"repatransportbanden.nl","description":"","potentialAction":[{"@type":"SearchAction","target":{"@type":"EntryPoint","urlTemplate":"https:\/\/repatransportbanden.tempurl.host\/?s={search_term_string}"},"query-input":{"@type":"PropertyValueSpecification","valueRequired":true,"valueName":"search_term_string"}}],"inLanguage":"de"}]}},"_links":{"self":[{"href":"https:\/\/repatransportbanden.nl\/de\/wp-json\/wp\/v2\/pages\/3643","targetHints":{"allow":["GET"]}}],"collection":[{"href":"https:\/\/repatransportbanden.nl\/de\/wp-json\/wp\/v2\/pages"}],"about":[{"href":"https:\/\/repatransportbanden.nl\/de\/wp-json\/wp\/v2\/types\/page"}],"author":[{"embeddable":true,"href":"https:\/\/repatransportbanden.nl\/de\/wp-json\/wp\/v2\/users\/2"}],"replies":[{"embeddable":true,"href":"https:\/\/repatransportbanden.nl\/de\/wp-json\/wp\/v2\/comments?post=3643"}],"version-history":[{"count":4,"href":"https:\/\/repatransportbanden.nl\/de\/wp-json\/wp\/v2\/pages\/3643\/revisions"}],"predecessor-version":[{"id":4742,"href":"https:\/\/repatransportbanden.nl\/de\/wp-json\/wp\/v2\/pages\/3643\/revisions\/4742"}],"up":[{"embeddable":true,"href":"https:\/\/repatransportbanden.nl\/de\/wp-json\/wp\/v2\/pages\/3577"}],"wp:featuredmedia":[{"embeddable":true,"href":"https:\/\/repatransportbanden.nl\/de\/wp-json\/wp\/v2\/media\/2493"}],"wp:attachment":[{"href":"https:\/\/repatransportbanden.nl\/de\/wp-json\/wp\/v2\/media?parent=3643"}],"curies":[{"name":"wp","href":"https:\/\/api.w.org\/{rel}","templated":true}]}}