{"id":3637,"date":"2022-01-07T09:00:13","date_gmt":"2022-01-07T08:00:13","guid":{"rendered":"https:\/\/repatransportbanden.nl\/rubber\/trommelbekleding\/"},"modified":"2022-01-17T10:13:41","modified_gmt":"2022-01-17T09:13:41","slug":"trommelbekleding","status":"publish","type":"page","link":"https:\/\/repatransportbanden.nl\/de\/rubber\/trommelbekleding\/","title":{"rendered":"Trommelbekleidung"},"content":{"rendered":"\n<p>Trommel-, Walzen- und Rollenbekleidung hat den Zweck, mehr Reibung zwischen dem F\u00f6rderband und der Trommel zu erzeugen. Dadurch rutscht das Band nicht so schnell und wird ein besserer Lauf des Bands und eine Verbesserung der Gesamtleistung der Anlage erreicht.<\/p>\n\n\n\n<p>Durch die oben genannte Wirkung ist eine qualitativ gute Trommelbekleidung f\u00fcr Ihre F\u00f6rderbandanlage unentbehrlich. Sie sorgt n\u00e4mlich f\u00fcr eine erheblich l\u00e4ngere Lebensdauer. Nicht nur die Lebensdauer der Trommel, sondern auch des F\u00f6rderbands.<\/p>\n\n\n\n<p>REPA kann viele Arten Trommelbleidung liefern und alle haben sie spezielle Eigenschaften, z. B. in Bezug auf Form, H\u00e4rte, Zusammenstellung und \u00d6l- und Fettbest\u00e4ndigkeit.<\/p>\n","protected":false},"excerpt":{"rendered":"<p>Trommel-, Walzen- und Rollenbekleidung hat den Zweck, mehr Reibung zwischen dem F\u00f6rderband und der Trommel zu erzeugen. Dadurch rutscht das Band nicht so schnell und wird ein besserer Lauf des Bands und eine Verbesserung der Gesamtleistung der Anlage erreicht. Durch die oben genannte Wirkung ist eine qualitativ gute Trommelbekleidung f\u00fcr Ihre F\u00f6rderbandanlage unentbehrlich. Sie sorgt&hellip; <a class=\"more-link\" href=\"https:\/\/repatransportbanden.nl\/de\/rubber\/trommelbekleding\/\">Continue reading <span class=\"screen-reader-text\">Trommelbekleidung<\/span><\/a><\/p>\n","protected":false},"author":2,"featured_media":2467,"parent":3577,"menu_order":0,"comment_status":"closed","ping_status":"closed","template":"templates\/template-service.php","meta":{"_acf_changed":false,"footnotes":""},"class_list":["post-3637","page","type-page","status-publish","has-post-thumbnail","hentry","entry"],"acf":[],"yoast_head":"<!-- This site is optimized with the Yoast SEO plugin v27.4 - https:\/\/yoast.com\/product\/yoast-seo-wordpress\/ -->\n<title>Trommelbekleidung - repatransportbanden.nl<\/title>\n<meta name=\"robots\" content=\"index, follow, max-snippet:-1, max-image-preview:large, max-video-preview:-1\" \/>\n<link rel=\"canonical\" href=\"https:\/\/repatransportbanden.nl\/de\/rubber\/trommelbekleding\/\" \/>\n<meta property=\"og:locale\" content=\"de_DE\" \/>\n<meta property=\"og:type\" content=\"article\" \/>\n<meta property=\"og:title\" content=\"Trommelbekleidung - repatransportbanden.nl\" \/>\n<meta property=\"og:description\" content=\"Trommel-, Walzen- und Rollenbekleidung hat den Zweck, mehr Reibung zwischen dem F\u00f6rderband und der Trommel zu erzeugen. Dadurch rutscht das Band nicht so schnell und wird ein besserer Lauf des Bands und eine Verbesserung der Gesamtleistung der Anlage erreicht. Durch die oben genannte Wirkung ist eine qualitativ gute Trommelbekleidung f\u00fcr Ihre F\u00f6rderbandanlage unentbehrlich. Sie sorgt&hellip; Continue reading Trommelbekleidung\" \/>\n<meta property=\"og:url\" content=\"https:\/\/repatransportbanden.nl\/de\/rubber\/trommelbekleding\/\" \/>\n<meta property=\"og:site_name\" content=\"repatransportbanden.nl\" \/>\n<meta property=\"article:modified_time\" content=\"2022-01-17T09:13:41+00:00\" \/>\n<meta property=\"og:image\" content=\"https:\/\/repatransportbanden.tempurl.host\/wp-content\/uploads\/2021\/12\/Trommelbekleding.jpg\" \/>\n\t<meta property=\"og:image:width\" content=\"331\" \/>\n\t<meta property=\"og:image:height\" content=\"331\" \/>\n\t<meta property=\"og:image:type\" content=\"image\/jpeg\" \/>\n<meta name=\"twitter:card\" content=\"summary_large_image\" \/>\n<meta name=\"twitter:label1\" content=\"Gesch\u00e4tzte Lesezeit\" \/>\n\t<meta name=\"twitter:data1\" content=\"1\u00a0Minute\" \/>\n<script type=\"application\/ld+json\" class=\"yoast-schema-graph\">{\"@context\":\"https:\\\/\\\/schema.org\",\"@graph\":[{\"@type\":\"WebPage\",\"@id\":\"https:\\\/\\\/repatransportbanden.nl\\\/de\\\/rubber\\\/trommelbekleding\\\/\",\"url\":\"https:\\\/\\\/repatransportbanden.nl\\\/de\\\/rubber\\\/trommelbekleding\\\/\",\"name\":\"Trommelbekleidung - repatransportbanden.nl\",\"isPartOf\":{\"@id\":\"https:\\\/\\\/repatransportbanden.tempurl.host\\\/#website\"},\"primaryImageOfPage\":{\"@id\":\"https:\\\/\\\/repatransportbanden.nl\\\/de\\\/rubber\\\/trommelbekleding\\\/#primaryimage\"},\"image\":{\"@id\":\"https:\\\/\\\/repatransportbanden.nl\\\/de\\\/rubber\\\/trommelbekleding\\\/#primaryimage\"},\"thumbnailUrl\":\"https:\\\/\\\/repatransportbanden.nl\\\/wp-content\\\/uploads\\\/2021\\\/12\\\/Trommelbekleding.jpg\",\"datePublished\":\"2022-01-07T08:00:13+00:00\",\"dateModified\":\"2022-01-17T09:13:41+00:00\",\"breadcrumb\":{\"@id\":\"https:\\\/\\\/repatransportbanden.nl\\\/de\\\/rubber\\\/trommelbekleding\\\/#breadcrumb\"},\"inLanguage\":\"de\",\"potentialAction\":[{\"@type\":\"ReadAction\",\"target\":[\"https:\\\/\\\/repatransportbanden.nl\\\/de\\\/rubber\\\/trommelbekleding\\\/\"]}]},{\"@type\":\"ImageObject\",\"inLanguage\":\"de\",\"@id\":\"https:\\\/\\\/repatransportbanden.nl\\\/de\\\/rubber\\\/trommelbekleding\\\/#primaryimage\",\"url\":\"https:\\\/\\\/repatransportbanden.nl\\\/wp-content\\\/uploads\\\/2021\\\/12\\\/Trommelbekleding.jpg\",\"contentUrl\":\"https:\\\/\\\/repatransportbanden.nl\\\/wp-content\\\/uploads\\\/2021\\\/12\\\/Trommelbekleding.jpg\",\"width\":331,\"height\":331},{\"@type\":\"BreadcrumbList\",\"@id\":\"https:\\\/\\\/repatransportbanden.nl\\\/de\\\/rubber\\\/trommelbekleding\\\/#breadcrumb\",\"itemListElement\":[{\"@type\":\"ListItem\",\"position\":1,\"name\":\"Home\",\"item\":\"https:\\\/\\\/repatransportbanden.nl\\\/de\\\/\"},{\"@type\":\"ListItem\",\"position\":2,\"name\":\"Gummif\u00f6rderb\u00e4ndern\",\"item\":\"https:\\\/\\\/repatransportbanden.tempurl.host\\\/de\\\/rubber\\\/\"},{\"@type\":\"ListItem\",\"position\":3,\"name\":\"Trommelbekleidung\"}]},{\"@type\":\"WebSite\",\"@id\":\"https:\\\/\\\/repatransportbanden.tempurl.host\\\/#website\",\"url\":\"https:\\\/\\\/repatransportbanden.tempurl.host\\\/\",\"name\":\"repatransportbanden.nl\",\"description\":\"\",\"potentialAction\":[{\"@type\":\"SearchAction\",\"target\":{\"@type\":\"EntryPoint\",\"urlTemplate\":\"https:\\\/\\\/repatransportbanden.tempurl.host\\\/?s={search_term_string}\"},\"query-input\":{\"@type\":\"PropertyValueSpecification\",\"valueRequired\":true,\"valueName\":\"search_term_string\"}}],\"inLanguage\":\"de\"}]}<\/script>\n<!-- \/ Yoast SEO plugin. -->","yoast_head_json":{"title":"Trommelbekleidung - repatransportbanden.nl","robots":{"index":"index","follow":"follow","max-snippet":"max-snippet:-1","max-image-preview":"max-image-preview:large","max-video-preview":"max-video-preview:-1"},"canonical":"https:\/\/repatransportbanden.nl\/de\/rubber\/trommelbekleding\/","og_locale":"de_DE","og_type":"article","og_title":"Trommelbekleidung - repatransportbanden.nl","og_description":"Trommel-, Walzen- und Rollenbekleidung hat den Zweck, mehr Reibung zwischen dem F\u00f6rderband und der Trommel zu erzeugen. Dadurch rutscht das Band nicht so schnell und wird ein besserer Lauf des Bands und eine Verbesserung der Gesamtleistung der Anlage erreicht. Durch die oben genannte Wirkung ist eine qualitativ gute Trommelbekleidung f\u00fcr Ihre F\u00f6rderbandanlage unentbehrlich. Sie sorgt&hellip; Continue reading Trommelbekleidung","og_url":"https:\/\/repatransportbanden.nl\/de\/rubber\/trommelbekleding\/","og_site_name":"repatransportbanden.nl","article_modified_time":"2022-01-17T09:13:41+00:00","og_image":[{"width":331,"height":331,"url":"https:\/\/repatransportbanden.tempurl.host\/wp-content\/uploads\/2021\/12\/Trommelbekleding.jpg","type":"image\/jpeg"}],"twitter_card":"summary_large_image","twitter_misc":{"Gesch\u00e4tzte Lesezeit":"1\u00a0Minute"},"schema":{"@context":"https:\/\/schema.org","@graph":[{"@type":"WebPage","@id":"https:\/\/repatransportbanden.nl\/de\/rubber\/trommelbekleding\/","url":"https:\/\/repatransportbanden.nl\/de\/rubber\/trommelbekleding\/","name":"Trommelbekleidung - repatransportbanden.nl","isPartOf":{"@id":"https:\/\/repatransportbanden.tempurl.host\/#website"},"primaryImageOfPage":{"@id":"https:\/\/repatransportbanden.nl\/de\/rubber\/trommelbekleding\/#primaryimage"},"image":{"@id":"https:\/\/repatransportbanden.nl\/de\/rubber\/trommelbekleding\/#primaryimage"},"thumbnailUrl":"https:\/\/repatransportbanden.nl\/wp-content\/uploads\/2021\/12\/Trommelbekleding.jpg","datePublished":"2022-01-07T08:00:13+00:00","dateModified":"2022-01-17T09:13:41+00:00","breadcrumb":{"@id":"https:\/\/repatransportbanden.nl\/de\/rubber\/trommelbekleding\/#breadcrumb"},"inLanguage":"de","potentialAction":[{"@type":"ReadAction","target":["https:\/\/repatransportbanden.nl\/de\/rubber\/trommelbekleding\/"]}]},{"@type":"ImageObject","inLanguage":"de","@id":"https:\/\/repatransportbanden.nl\/de\/rubber\/trommelbekleding\/#primaryimage","url":"https:\/\/repatransportbanden.nl\/wp-content\/uploads\/2021\/12\/Trommelbekleding.jpg","contentUrl":"https:\/\/repatransportbanden.nl\/wp-content\/uploads\/2021\/12\/Trommelbekleding.jpg","width":331,"height":331},{"@type":"BreadcrumbList","@id":"https:\/\/repatransportbanden.nl\/de\/rubber\/trommelbekleding\/#breadcrumb","itemListElement":[{"@type":"ListItem","position":1,"name":"Home","item":"https:\/\/repatransportbanden.nl\/de\/"},{"@type":"ListItem","position":2,"name":"Gummif\u00f6rderb\u00e4ndern","item":"https:\/\/repatransportbanden.tempurl.host\/de\/rubber\/"},{"@type":"ListItem","position":3,"name":"Trommelbekleidung"}]},{"@type":"WebSite","@id":"https:\/\/repatransportbanden.tempurl.host\/#website","url":"https:\/\/repatransportbanden.tempurl.host\/","name":"repatransportbanden.nl","description":"","potentialAction":[{"@type":"SearchAction","target":{"@type":"EntryPoint","urlTemplate":"https:\/\/repatransportbanden.tempurl.host\/?s={search_term_string}"},"query-input":{"@type":"PropertyValueSpecification","valueRequired":true,"valueName":"search_term_string"}}],"inLanguage":"de"}]}},"_links":{"self":[{"href":"https:\/\/repatransportbanden.nl\/de\/wp-json\/wp\/v2\/pages\/3637","targetHints":{"allow":["GET"]}}],"collection":[{"href":"https:\/\/repatransportbanden.nl\/de\/wp-json\/wp\/v2\/pages"}],"about":[{"href":"https:\/\/repatransportbanden.nl\/de\/wp-json\/wp\/v2\/types\/page"}],"author":[{"embeddable":true,"href":"https:\/\/repatransportbanden.nl\/de\/wp-json\/wp\/v2\/users\/2"}],"replies":[{"embeddable":true,"href":"https:\/\/repatransportbanden.nl\/de\/wp-json\/wp\/v2\/comments?post=3637"}],"version-history":[{"count":3,"href":"https:\/\/repatransportbanden.nl\/de\/wp-json\/wp\/v2\/pages\/3637\/revisions"}],"predecessor-version":[{"id":4329,"href":"https:\/\/repatransportbanden.nl\/de\/wp-json\/wp\/v2\/pages\/3637\/revisions\/4329"}],"up":[{"embeddable":true,"href":"https:\/\/repatransportbanden.nl\/de\/wp-json\/wp\/v2\/pages\/3577"}],"wp:featuredmedia":[{"embeddable":true,"href":"https:\/\/repatransportbanden.nl\/de\/wp-json\/wp\/v2\/media\/2467"}],"wp:attachment":[{"href":"https:\/\/repatransportbanden.nl\/de\/wp-json\/wp\/v2\/media?parent=3637"}],"curies":[{"name":"wp","href":"https:\/\/api.w.org\/{rel}","templated":true}]}}