{"id":3631,"date":"2022-01-07T08:57:39","date_gmt":"2022-01-07T07:57:39","guid":{"rendered":"https:\/\/repatransportbanden.nl\/rubber\/supergripbanden\/"},"modified":"2022-01-17T09:28:37","modified_gmt":"2022-01-17T08:28:37","slug":"supergripbanden","status":"publish","type":"page","link":"https:\/\/repatransportbanden.nl\/de\/rubber\/supergripbanden\/","title":{"rendered":"Supergrip-b\u00e4nder"},"content":{"rendered":"\n<p>Supergrip-B\u00e4nder sind spezielle F\u00f6rderb\u00e4nder f\u00fcr den Einsatz an Stellen, an denen zus\u00e4tzliche Stabilit\u00e4t und Haftung von entscheidender Bedeutung sind.<\/p>\n\n\n\n<p>Das kann bei der Gep\u00e4ckabfertigung auf Flugh\u00e4fen der Fall sein, wo Koffer und Taschen immer an ihrem Platz liegen bleiben m\u00fcssen. Weitere Beispiele sind der Transportsektor und die Lebensmittelbranche, in denen Supergrip-B\u00e4nder weit verbreitet sind. Man sieht sie aber auch oft in Freizeitparks.<\/p>\n\n\n\n<p>F\u00fcr jeden Industriezweig hat REPA das passende Supergrip-Band.<\/p>\n\n\n\n<p>Unsere Supergrip-B\u00e4nder, auch Rough Top-B\u00e4nder genannt, sind mit einer normalen Gummi-Unterseite oder mit einer Gewebestruktur lieferbar, sodass sie auf verschiedenen Oberfl\u00e4chen und Systemen laufen k\u00f6nnen.<\/p>\n","protected":false},"excerpt":{"rendered":"<p>Supergrip-B\u00e4nder sind spezielle F\u00f6rderb\u00e4nder f\u00fcr den Einsatz an Stellen, an denen zus\u00e4tzliche Stabilit\u00e4t und Haftung von entscheidender Bedeutung sind. Das kann bei der Gep\u00e4ckabfertigung auf Flugh\u00e4fen der Fall sein, wo Koffer und Taschen immer an ihrem Platz liegen bleiben m\u00fcssen. Weitere Beispiele sind der Transportsektor und die Lebensmittelbranche, in denen Supergrip-B\u00e4nder weit verbreitet sind. Man&hellip; <a class=\"more-link\" href=\"https:\/\/repatransportbanden.nl\/de\/rubber\/supergripbanden\/\">Continue reading <span class=\"screen-reader-text\">Supergrip-b\u00e4nder<\/span><\/a><\/p>\n","protected":false},"author":2,"featured_media":2458,"parent":3577,"menu_order":0,"comment_status":"closed","ping_status":"closed","template":"templates\/template-service.php","meta":{"_acf_changed":false,"footnotes":""},"class_list":["post-3631","page","type-page","status-publish","has-post-thumbnail","hentry","entry"],"acf":[],"yoast_head":"<!-- This site is optimized with the Yoast SEO plugin v27.4 - https:\/\/yoast.com\/product\/yoast-seo-wordpress\/ -->\n<title>Supergrip-b\u00e4nder - repatransportbanden.nl<\/title>\n<meta name=\"robots\" content=\"index, follow, max-snippet:-1, max-image-preview:large, max-video-preview:-1\" \/>\n<link rel=\"canonical\" href=\"https:\/\/repatransportbanden.nl\/de\/rubber\/supergripbanden\/\" \/>\n<meta property=\"og:locale\" content=\"de_DE\" \/>\n<meta property=\"og:type\" content=\"article\" \/>\n<meta property=\"og:title\" content=\"Supergrip-b\u00e4nder - repatransportbanden.nl\" \/>\n<meta property=\"og:description\" content=\"Supergrip-B\u00e4nder sind spezielle F\u00f6rderb\u00e4nder f\u00fcr den Einsatz an Stellen, an denen zus\u00e4tzliche Stabilit\u00e4t und Haftung von entscheidender Bedeutung sind. Das kann bei der Gep\u00e4ckabfertigung auf Flugh\u00e4fen der Fall sein, wo Koffer und Taschen immer an ihrem Platz liegen bleiben m\u00fcssen. Weitere Beispiele sind der Transportsektor und die Lebensmittelbranche, in denen Supergrip-B\u00e4nder weit verbreitet sind. Man&hellip; Continue reading Supergrip-b\u00e4nder\" \/>\n<meta property=\"og:url\" content=\"https:\/\/repatransportbanden.nl\/de\/rubber\/supergripbanden\/\" \/>\n<meta property=\"og:site_name\" content=\"repatransportbanden.nl\" \/>\n<meta property=\"article:modified_time\" content=\"2022-01-17T08:28:37+00:00\" \/>\n<meta property=\"og:image\" content=\"https:\/\/repatransportbanden.tempurl.host\/wp-content\/uploads\/2021\/12\/Supergripbanden.jpg\" \/>\n\t<meta property=\"og:image:width\" content=\"331\" \/>\n\t<meta property=\"og:image:height\" content=\"331\" \/>\n\t<meta property=\"og:image:type\" content=\"image\/jpeg\" \/>\n<meta name=\"twitter:card\" content=\"summary_large_image\" \/>\n<meta name=\"twitter:label1\" content=\"Gesch\u00e4tzte Lesezeit\" \/>\n\t<meta name=\"twitter:data1\" content=\"1\u00a0Minute\" \/>\n<script type=\"application\/ld+json\" class=\"yoast-schema-graph\">{\"@context\":\"https:\\\/\\\/schema.org\",\"@graph\":[{\"@type\":\"WebPage\",\"@id\":\"https:\\\/\\\/repatransportbanden.nl\\\/de\\\/rubber\\\/supergripbanden\\\/\",\"url\":\"https:\\\/\\\/repatransportbanden.nl\\\/de\\\/rubber\\\/supergripbanden\\\/\",\"name\":\"Supergrip-b\u00e4nder - repatransportbanden.nl\",\"isPartOf\":{\"@id\":\"https:\\\/\\\/repatransportbanden.tempurl.host\\\/#website\"},\"primaryImageOfPage\":{\"@id\":\"https:\\\/\\\/repatransportbanden.nl\\\/de\\\/rubber\\\/supergripbanden\\\/#primaryimage\"},\"image\":{\"@id\":\"https:\\\/\\\/repatransportbanden.nl\\\/de\\\/rubber\\\/supergripbanden\\\/#primaryimage\"},\"thumbnailUrl\":\"https:\\\/\\\/repatransportbanden.nl\\\/wp-content\\\/uploads\\\/2021\\\/12\\\/Supergripbanden.jpg\",\"datePublished\":\"2022-01-07T07:57:39+00:00\",\"dateModified\":\"2022-01-17T08:28:37+00:00\",\"breadcrumb\":{\"@id\":\"https:\\\/\\\/repatransportbanden.nl\\\/de\\\/rubber\\\/supergripbanden\\\/#breadcrumb\"},\"inLanguage\":\"de\",\"potentialAction\":[{\"@type\":\"ReadAction\",\"target\":[\"https:\\\/\\\/repatransportbanden.nl\\\/de\\\/rubber\\\/supergripbanden\\\/\"]}]},{\"@type\":\"ImageObject\",\"inLanguage\":\"de\",\"@id\":\"https:\\\/\\\/repatransportbanden.nl\\\/de\\\/rubber\\\/supergripbanden\\\/#primaryimage\",\"url\":\"https:\\\/\\\/repatransportbanden.nl\\\/wp-content\\\/uploads\\\/2021\\\/12\\\/Supergripbanden.jpg\",\"contentUrl\":\"https:\\\/\\\/repatransportbanden.nl\\\/wp-content\\\/uploads\\\/2021\\\/12\\\/Supergripbanden.jpg\",\"width\":331,\"height\":331},{\"@type\":\"BreadcrumbList\",\"@id\":\"https:\\\/\\\/repatransportbanden.nl\\\/de\\\/rubber\\\/supergripbanden\\\/#breadcrumb\",\"itemListElement\":[{\"@type\":\"ListItem\",\"position\":1,\"name\":\"Home\",\"item\":\"https:\\\/\\\/repatransportbanden.nl\\\/de\\\/\"},{\"@type\":\"ListItem\",\"position\":2,\"name\":\"Gummif\u00f6rderb\u00e4ndern\",\"item\":\"https:\\\/\\\/repatransportbanden.tempurl.host\\\/de\\\/rubber\\\/\"},{\"@type\":\"ListItem\",\"position\":3,\"name\":\"Supergrip-b\u00e4nder\"}]},{\"@type\":\"WebSite\",\"@id\":\"https:\\\/\\\/repatransportbanden.tempurl.host\\\/#website\",\"url\":\"https:\\\/\\\/repatransportbanden.tempurl.host\\\/\",\"name\":\"repatransportbanden.nl\",\"description\":\"\",\"potentialAction\":[{\"@type\":\"SearchAction\",\"target\":{\"@type\":\"EntryPoint\",\"urlTemplate\":\"https:\\\/\\\/repatransportbanden.tempurl.host\\\/?s={search_term_string}\"},\"query-input\":{\"@type\":\"PropertyValueSpecification\",\"valueRequired\":true,\"valueName\":\"search_term_string\"}}],\"inLanguage\":\"de\"}]}<\/script>\n<!-- \/ Yoast SEO plugin. -->","yoast_head_json":{"title":"Supergrip-b\u00e4nder - repatransportbanden.nl","robots":{"index":"index","follow":"follow","max-snippet":"max-snippet:-1","max-image-preview":"max-image-preview:large","max-video-preview":"max-video-preview:-1"},"canonical":"https:\/\/repatransportbanden.nl\/de\/rubber\/supergripbanden\/","og_locale":"de_DE","og_type":"article","og_title":"Supergrip-b\u00e4nder - repatransportbanden.nl","og_description":"Supergrip-B\u00e4nder sind spezielle F\u00f6rderb\u00e4nder f\u00fcr den Einsatz an Stellen, an denen zus\u00e4tzliche Stabilit\u00e4t und Haftung von entscheidender Bedeutung sind. Das kann bei der Gep\u00e4ckabfertigung auf Flugh\u00e4fen der Fall sein, wo Koffer und Taschen immer an ihrem Platz liegen bleiben m\u00fcssen. Weitere Beispiele sind der Transportsektor und die Lebensmittelbranche, in denen Supergrip-B\u00e4nder weit verbreitet sind. Man&hellip; Continue reading Supergrip-b\u00e4nder","og_url":"https:\/\/repatransportbanden.nl\/de\/rubber\/supergripbanden\/","og_site_name":"repatransportbanden.nl","article_modified_time":"2022-01-17T08:28:37+00:00","og_image":[{"width":331,"height":331,"url":"https:\/\/repatransportbanden.tempurl.host\/wp-content\/uploads\/2021\/12\/Supergripbanden.jpg","type":"image\/jpeg"}],"twitter_card":"summary_large_image","twitter_misc":{"Gesch\u00e4tzte Lesezeit":"1\u00a0Minute"},"schema":{"@context":"https:\/\/schema.org","@graph":[{"@type":"WebPage","@id":"https:\/\/repatransportbanden.nl\/de\/rubber\/supergripbanden\/","url":"https:\/\/repatransportbanden.nl\/de\/rubber\/supergripbanden\/","name":"Supergrip-b\u00e4nder - repatransportbanden.nl","isPartOf":{"@id":"https:\/\/repatransportbanden.tempurl.host\/#website"},"primaryImageOfPage":{"@id":"https:\/\/repatransportbanden.nl\/de\/rubber\/supergripbanden\/#primaryimage"},"image":{"@id":"https:\/\/repatransportbanden.nl\/de\/rubber\/supergripbanden\/#primaryimage"},"thumbnailUrl":"https:\/\/repatransportbanden.nl\/wp-content\/uploads\/2021\/12\/Supergripbanden.jpg","datePublished":"2022-01-07T07:57:39+00:00","dateModified":"2022-01-17T08:28:37+00:00","breadcrumb":{"@id":"https:\/\/repatransportbanden.nl\/de\/rubber\/supergripbanden\/#breadcrumb"},"inLanguage":"de","potentialAction":[{"@type":"ReadAction","target":["https:\/\/repatransportbanden.nl\/de\/rubber\/supergripbanden\/"]}]},{"@type":"ImageObject","inLanguage":"de","@id":"https:\/\/repatransportbanden.nl\/de\/rubber\/supergripbanden\/#primaryimage","url":"https:\/\/repatransportbanden.nl\/wp-content\/uploads\/2021\/12\/Supergripbanden.jpg","contentUrl":"https:\/\/repatransportbanden.nl\/wp-content\/uploads\/2021\/12\/Supergripbanden.jpg","width":331,"height":331},{"@type":"BreadcrumbList","@id":"https:\/\/repatransportbanden.nl\/de\/rubber\/supergripbanden\/#breadcrumb","itemListElement":[{"@type":"ListItem","position":1,"name":"Home","item":"https:\/\/repatransportbanden.nl\/de\/"},{"@type":"ListItem","position":2,"name":"Gummif\u00f6rderb\u00e4ndern","item":"https:\/\/repatransportbanden.tempurl.host\/de\/rubber\/"},{"@type":"ListItem","position":3,"name":"Supergrip-b\u00e4nder"}]},{"@type":"WebSite","@id":"https:\/\/repatransportbanden.tempurl.host\/#website","url":"https:\/\/repatransportbanden.tempurl.host\/","name":"repatransportbanden.nl","description":"","potentialAction":[{"@type":"SearchAction","target":{"@type":"EntryPoint","urlTemplate":"https:\/\/repatransportbanden.tempurl.host\/?s={search_term_string}"},"query-input":{"@type":"PropertyValueSpecification","valueRequired":true,"valueName":"search_term_string"}}],"inLanguage":"de"}]}},"_links":{"self":[{"href":"https:\/\/repatransportbanden.nl\/de\/wp-json\/wp\/v2\/pages\/3631","targetHints":{"allow":["GET"]}}],"collection":[{"href":"https:\/\/repatransportbanden.nl\/de\/wp-json\/wp\/v2\/pages"}],"about":[{"href":"https:\/\/repatransportbanden.nl\/de\/wp-json\/wp\/v2\/types\/page"}],"author":[{"embeddable":true,"href":"https:\/\/repatransportbanden.nl\/de\/wp-json\/wp\/v2\/users\/2"}],"replies":[{"embeddable":true,"href":"https:\/\/repatransportbanden.nl\/de\/wp-json\/wp\/v2\/comments?post=3631"}],"version-history":[{"count":4,"href":"https:\/\/repatransportbanden.nl\/de\/wp-json\/wp\/v2\/pages\/3631\/revisions"}],"predecessor-version":[{"id":4326,"href":"https:\/\/repatransportbanden.nl\/de\/wp-json\/wp\/v2\/pages\/3631\/revisions\/4326"}],"up":[{"embeddable":true,"href":"https:\/\/repatransportbanden.nl\/de\/wp-json\/wp\/v2\/pages\/3577"}],"wp:featuredmedia":[{"embeddable":true,"href":"https:\/\/repatransportbanden.nl\/de\/wp-json\/wp\/v2\/media\/2458"}],"wp:attachment":[{"href":"https:\/\/repatransportbanden.nl\/de\/wp-json\/wp\/v2\/media?parent=3631"}],"curies":[{"name":"wp","href":"https:\/\/api.w.org\/{rel}","templated":true}]}}