{"id":3625,"date":"2022-01-07T08:56:22","date_gmt":"2022-01-07T07:56:22","guid":{"rendered":"https:\/\/repatransportbanden.nl\/rubber\/solid-woven-banden\/"},"modified":"2022-01-17T09:26:00","modified_gmt":"2022-01-17T08:26:00","slug":"solid-woven-banden","status":"publish","type":"page","link":"https:\/\/repatransportbanden.nl\/de\/rubber\/solid-woven-banden\/","title":{"rendered":"Solid woven-b\u00e4nder"},"content":{"rendered":"\n<p>Manche Branchen und Situationen erfordern F\u00f6rderb\u00e4nder mit einer bestimmten Dicke, die au\u00dferdem hohen Zugkr\u00e4ften und St\u00f6\u00dfen standhalten. In der Regel werden dann Solid Woven (SW) B\u00e4nder gew\u00e4hlt.<\/p>\n\n\n\n<p>Diese F\u00f6rderb\u00e4nder besitzen ein spezielles und sehr eng gewebtes Gewebe. Dadurch sind diese B\u00e4nder extrem schlag- und rei\u00dffest.<\/p>\n\n\n\n<p>Solid Woven-B\u00e4nder lassen sich leicht f\u00fchren und sind sehr robust, dadurch k\u00f6nnen sie vielseitig eingesetzt werden. Einerseits k\u00f6nnen sie Schwerstarbeit verrichten und schwere Lasten bef\u00f6rdern, andererseits sind sie hervorragend f\u00fcr kleinere Maschinen geeignet, bei denen eine hohe Geschwindigkeit notwendig ist.<\/p>\n","protected":false},"excerpt":{"rendered":"<p>Manche Branchen und Situationen erfordern F\u00f6rderb\u00e4nder mit einer bestimmten Dicke, die au\u00dferdem hohen Zugkr\u00e4ften und St\u00f6\u00dfen standhalten. In der Regel werden dann Solid Woven (SW) B\u00e4nder gew\u00e4hlt. Diese F\u00f6rderb\u00e4nder besitzen ein spezielles und sehr eng gewebtes Gewebe. Dadurch sind diese B\u00e4nder extrem schlag- und rei\u00dffest. Solid Woven-B\u00e4nder lassen sich leicht f\u00fchren und sind sehr robust,&hellip; <a class=\"more-link\" href=\"https:\/\/repatransportbanden.nl\/de\/rubber\/solid-woven-banden\/\">Continue reading <span class=\"screen-reader-text\">Solid woven-b\u00e4nder<\/span><\/a><\/p>\n","protected":false},"author":2,"featured_media":2440,"parent":3577,"menu_order":0,"comment_status":"closed","ping_status":"closed","template":"templates\/template-service.php","meta":{"_acf_changed":false,"footnotes":""},"class_list":["post-3625","page","type-page","status-publish","has-post-thumbnail","hentry","entry"],"acf":[],"yoast_head":"<!-- This site is optimized with the Yoast SEO plugin v27.3 - https:\/\/yoast.com\/product\/yoast-seo-wordpress\/ -->\n<title>Solid woven-b\u00e4nder - repatransportbanden.nl<\/title>\n<meta name=\"robots\" content=\"index, follow, max-snippet:-1, max-image-preview:large, max-video-preview:-1\" \/>\n<link rel=\"canonical\" href=\"https:\/\/repatransportbanden.nl\/de\/rubber\/solid-woven-banden\/\" \/>\n<meta property=\"og:locale\" content=\"de_DE\" \/>\n<meta property=\"og:type\" content=\"article\" \/>\n<meta property=\"og:title\" content=\"Solid woven-b\u00e4nder - repatransportbanden.nl\" \/>\n<meta property=\"og:description\" content=\"Manche Branchen und Situationen erfordern F\u00f6rderb\u00e4nder mit einer bestimmten Dicke, die au\u00dferdem hohen Zugkr\u00e4ften und St\u00f6\u00dfen standhalten. In der Regel werden dann Solid Woven (SW) B\u00e4nder gew\u00e4hlt. Diese F\u00f6rderb\u00e4nder besitzen ein spezielles und sehr eng gewebtes Gewebe. Dadurch sind diese B\u00e4nder extrem schlag- und rei\u00dffest. Solid Woven-B\u00e4nder lassen sich leicht f\u00fchren und sind sehr robust,&hellip; Continue reading Solid woven-b\u00e4nder\" \/>\n<meta property=\"og:url\" content=\"https:\/\/repatransportbanden.nl\/de\/rubber\/solid-woven-banden\/\" \/>\n<meta property=\"og:site_name\" content=\"repatransportbanden.nl\" \/>\n<meta property=\"article:modified_time\" content=\"2022-01-17T08:26:00+00:00\" \/>\n<meta property=\"og:image\" content=\"https:\/\/repatransportbanden.tempurl.host\/wp-content\/uploads\/2021\/12\/solid-woven-banden.jpg\" \/>\n\t<meta property=\"og:image:width\" content=\"331\" \/>\n\t<meta property=\"og:image:height\" content=\"331\" \/>\n\t<meta property=\"og:image:type\" content=\"image\/jpeg\" \/>\n<meta name=\"twitter:card\" content=\"summary_large_image\" \/>\n<meta name=\"twitter:label1\" content=\"Gesch\u00e4tzte Lesezeit\" \/>\n\t<meta name=\"twitter:data1\" content=\"1\u00a0Minute\" \/>\n<script type=\"application\/ld+json\" class=\"yoast-schema-graph\">{\"@context\":\"https:\\\/\\\/schema.org\",\"@graph\":[{\"@type\":\"WebPage\",\"@id\":\"https:\\\/\\\/repatransportbanden.nl\\\/de\\\/rubber\\\/solid-woven-banden\\\/\",\"url\":\"https:\\\/\\\/repatransportbanden.nl\\\/de\\\/rubber\\\/solid-woven-banden\\\/\",\"name\":\"Solid woven-b\u00e4nder - repatransportbanden.nl\",\"isPartOf\":{\"@id\":\"https:\\\/\\\/repatransportbanden.tempurl.host\\\/#website\"},\"primaryImageOfPage\":{\"@id\":\"https:\\\/\\\/repatransportbanden.nl\\\/de\\\/rubber\\\/solid-woven-banden\\\/#primaryimage\"},\"image\":{\"@id\":\"https:\\\/\\\/repatransportbanden.nl\\\/de\\\/rubber\\\/solid-woven-banden\\\/#primaryimage\"},\"thumbnailUrl\":\"https:\\\/\\\/repatransportbanden.nl\\\/wp-content\\\/uploads\\\/2021\\\/12\\\/solid-woven-banden.jpg\",\"datePublished\":\"2022-01-07T07:56:22+00:00\",\"dateModified\":\"2022-01-17T08:26:00+00:00\",\"breadcrumb\":{\"@id\":\"https:\\\/\\\/repatransportbanden.nl\\\/de\\\/rubber\\\/solid-woven-banden\\\/#breadcrumb\"},\"inLanguage\":\"de\",\"potentialAction\":[{\"@type\":\"ReadAction\",\"target\":[\"https:\\\/\\\/repatransportbanden.nl\\\/de\\\/rubber\\\/solid-woven-banden\\\/\"]}]},{\"@type\":\"ImageObject\",\"inLanguage\":\"de\",\"@id\":\"https:\\\/\\\/repatransportbanden.nl\\\/de\\\/rubber\\\/solid-woven-banden\\\/#primaryimage\",\"url\":\"https:\\\/\\\/repatransportbanden.nl\\\/wp-content\\\/uploads\\\/2021\\\/12\\\/solid-woven-banden.jpg\",\"contentUrl\":\"https:\\\/\\\/repatransportbanden.nl\\\/wp-content\\\/uploads\\\/2021\\\/12\\\/solid-woven-banden.jpg\",\"width\":331,\"height\":331},{\"@type\":\"BreadcrumbList\",\"@id\":\"https:\\\/\\\/repatransportbanden.nl\\\/de\\\/rubber\\\/solid-woven-banden\\\/#breadcrumb\",\"itemListElement\":[{\"@type\":\"ListItem\",\"position\":1,\"name\":\"Home\",\"item\":\"https:\\\/\\\/repatransportbanden.nl\\\/de\\\/\"},{\"@type\":\"ListItem\",\"position\":2,\"name\":\"Gummif\u00f6rderb\u00e4ndern\",\"item\":\"https:\\\/\\\/repatransportbanden.tempurl.host\\\/de\\\/rubber\\\/\"},{\"@type\":\"ListItem\",\"position\":3,\"name\":\"Solid woven-b\u00e4nder\"}]},{\"@type\":\"WebSite\",\"@id\":\"https:\\\/\\\/repatransportbanden.tempurl.host\\\/#website\",\"url\":\"https:\\\/\\\/repatransportbanden.tempurl.host\\\/\",\"name\":\"repatransportbanden.nl\",\"description\":\"\",\"potentialAction\":[{\"@type\":\"SearchAction\",\"target\":{\"@type\":\"EntryPoint\",\"urlTemplate\":\"https:\\\/\\\/repatransportbanden.tempurl.host\\\/?s={search_term_string}\"},\"query-input\":{\"@type\":\"PropertyValueSpecification\",\"valueRequired\":true,\"valueName\":\"search_term_string\"}}],\"inLanguage\":\"de\"}]}<\/script>\n<!-- \/ Yoast SEO plugin. -->","yoast_head_json":{"title":"Solid woven-b\u00e4nder - repatransportbanden.nl","robots":{"index":"index","follow":"follow","max-snippet":"max-snippet:-1","max-image-preview":"max-image-preview:large","max-video-preview":"max-video-preview:-1"},"canonical":"https:\/\/repatransportbanden.nl\/de\/rubber\/solid-woven-banden\/","og_locale":"de_DE","og_type":"article","og_title":"Solid woven-b\u00e4nder - repatransportbanden.nl","og_description":"Manche Branchen und Situationen erfordern F\u00f6rderb\u00e4nder mit einer bestimmten Dicke, die au\u00dferdem hohen Zugkr\u00e4ften und St\u00f6\u00dfen standhalten. In der Regel werden dann Solid Woven (SW) B\u00e4nder gew\u00e4hlt. Diese F\u00f6rderb\u00e4nder besitzen ein spezielles und sehr eng gewebtes Gewebe. Dadurch sind diese B\u00e4nder extrem schlag- und rei\u00dffest. Solid Woven-B\u00e4nder lassen sich leicht f\u00fchren und sind sehr robust,&hellip; Continue reading Solid woven-b\u00e4nder","og_url":"https:\/\/repatransportbanden.nl\/de\/rubber\/solid-woven-banden\/","og_site_name":"repatransportbanden.nl","article_modified_time":"2022-01-17T08:26:00+00:00","og_image":[{"width":331,"height":331,"url":"https:\/\/repatransportbanden.tempurl.host\/wp-content\/uploads\/2021\/12\/solid-woven-banden.jpg","type":"image\/jpeg"}],"twitter_card":"summary_large_image","twitter_misc":{"Gesch\u00e4tzte Lesezeit":"1\u00a0Minute"},"schema":{"@context":"https:\/\/schema.org","@graph":[{"@type":"WebPage","@id":"https:\/\/repatransportbanden.nl\/de\/rubber\/solid-woven-banden\/","url":"https:\/\/repatransportbanden.nl\/de\/rubber\/solid-woven-banden\/","name":"Solid woven-b\u00e4nder - repatransportbanden.nl","isPartOf":{"@id":"https:\/\/repatransportbanden.tempurl.host\/#website"},"primaryImageOfPage":{"@id":"https:\/\/repatransportbanden.nl\/de\/rubber\/solid-woven-banden\/#primaryimage"},"image":{"@id":"https:\/\/repatransportbanden.nl\/de\/rubber\/solid-woven-banden\/#primaryimage"},"thumbnailUrl":"https:\/\/repatransportbanden.nl\/wp-content\/uploads\/2021\/12\/solid-woven-banden.jpg","datePublished":"2022-01-07T07:56:22+00:00","dateModified":"2022-01-17T08:26:00+00:00","breadcrumb":{"@id":"https:\/\/repatransportbanden.nl\/de\/rubber\/solid-woven-banden\/#breadcrumb"},"inLanguage":"de","potentialAction":[{"@type":"ReadAction","target":["https:\/\/repatransportbanden.nl\/de\/rubber\/solid-woven-banden\/"]}]},{"@type":"ImageObject","inLanguage":"de","@id":"https:\/\/repatransportbanden.nl\/de\/rubber\/solid-woven-banden\/#primaryimage","url":"https:\/\/repatransportbanden.nl\/wp-content\/uploads\/2021\/12\/solid-woven-banden.jpg","contentUrl":"https:\/\/repatransportbanden.nl\/wp-content\/uploads\/2021\/12\/solid-woven-banden.jpg","width":331,"height":331},{"@type":"BreadcrumbList","@id":"https:\/\/repatransportbanden.nl\/de\/rubber\/solid-woven-banden\/#breadcrumb","itemListElement":[{"@type":"ListItem","position":1,"name":"Home","item":"https:\/\/repatransportbanden.nl\/de\/"},{"@type":"ListItem","position":2,"name":"Gummif\u00f6rderb\u00e4ndern","item":"https:\/\/repatransportbanden.tempurl.host\/de\/rubber\/"},{"@type":"ListItem","position":3,"name":"Solid woven-b\u00e4nder"}]},{"@type":"WebSite","@id":"https:\/\/repatransportbanden.tempurl.host\/#website","url":"https:\/\/repatransportbanden.tempurl.host\/","name":"repatransportbanden.nl","description":"","potentialAction":[{"@type":"SearchAction","target":{"@type":"EntryPoint","urlTemplate":"https:\/\/repatransportbanden.tempurl.host\/?s={search_term_string}"},"query-input":{"@type":"PropertyValueSpecification","valueRequired":true,"valueName":"search_term_string"}}],"inLanguage":"de"}]}},"_links":{"self":[{"href":"https:\/\/repatransportbanden.nl\/de\/wp-json\/wp\/v2\/pages\/3625","targetHints":{"allow":["GET"]}}],"collection":[{"href":"https:\/\/repatransportbanden.nl\/de\/wp-json\/wp\/v2\/pages"}],"about":[{"href":"https:\/\/repatransportbanden.nl\/de\/wp-json\/wp\/v2\/types\/page"}],"author":[{"embeddable":true,"href":"https:\/\/repatransportbanden.nl\/de\/wp-json\/wp\/v2\/users\/2"}],"replies":[{"embeddable":true,"href":"https:\/\/repatransportbanden.nl\/de\/wp-json\/wp\/v2\/comments?post=3625"}],"version-history":[{"count":3,"href":"https:\/\/repatransportbanden.nl\/de\/wp-json\/wp\/v2\/pages\/3625\/revisions"}],"predecessor-version":[{"id":4322,"href":"https:\/\/repatransportbanden.nl\/de\/wp-json\/wp\/v2\/pages\/3625\/revisions\/4322"}],"up":[{"embeddable":true,"href":"https:\/\/repatransportbanden.nl\/de\/wp-json\/wp\/v2\/pages\/3577"}],"wp:featuredmedia":[{"embeddable":true,"href":"https:\/\/repatransportbanden.nl\/de\/wp-json\/wp\/v2\/media\/2440"}],"wp:attachment":[{"href":"https:\/\/repatransportbanden.nl\/de\/wp-json\/wp\/v2\/media?parent=3625"}],"curies":[{"name":"wp","href":"https:\/\/api.w.org\/{rel}","templated":true}]}}