{"id":3619,"date":"2022-01-07T08:53:42","date_gmt":"2022-01-07T07:53:42","guid":{"rendered":"https:\/\/repatransportbanden.nl\/rubber\/rubber-snaren\/"},"modified":"2022-01-17T09:24:09","modified_gmt":"2022-01-17T08:24:09","slug":"rubber-snaren","status":"publish","type":"page","link":"https:\/\/repatransportbanden.nl\/de\/rubber\/rubber-snaren\/","title":{"rendered":"Gummileisten"},"content":{"rendered":"\n<p>Auf ein F\u00f6rderband k\u00f6nnen starke Seitenkr\u00e4fte einwirken. Es kann vorkommen, dass das F\u00f6rderband entgleist. Damit dies vermieden werden kann und eine m\u00f6glichst gro\u00dfe Stabilit\u00e4t erreicht wird, ist es ratsam, F\u00fchrungsleisten an den B\u00e4ndern zu montieren.<\/p>\n\n\n\n<p>Es gibt verschiedene Typen von F\u00fchrungsleisten, zwischen denen Sie w\u00e4hlen k\u00f6nnen, wie z. B. Leisten mit V-Profil oder in Blockform. Die B\u00e4nder k\u00f6nnen durch Hei\u00df- oder Kaltvulkanisieren mit Leisten ausger\u00fcstet werden. Die Wahl h\u00e4ngt von der spezifischen Industrie ab, in der Sie arbeiten, und von den Anwendungsbereichen, f\u00fcr die Sie das Band nutzen.<\/p>\n","protected":false},"excerpt":{"rendered":"<p>Auf ein F\u00f6rderband k\u00f6nnen starke Seitenkr\u00e4fte einwirken. Es kann vorkommen, dass das F\u00f6rderband entgleist. Damit dies vermieden werden kann und eine m\u00f6glichst gro\u00dfe Stabilit\u00e4t erreicht wird, ist es ratsam, F\u00fchrungsleisten an den B\u00e4ndern zu montieren. Es gibt verschiedene Typen von F\u00fchrungsleisten, zwischen denen Sie w\u00e4hlen k\u00f6nnen, wie z. B. Leisten mit V-Profil oder in Blockform.&hellip; <a class=\"more-link\" href=\"https:\/\/repatransportbanden.nl\/de\/rubber\/rubber-snaren\/\">Continue reading <span class=\"screen-reader-text\">Gummileisten<\/span><\/a><\/p>\n","protected":false},"author":2,"featured_media":2431,"parent":3577,"menu_order":0,"comment_status":"closed","ping_status":"closed","template":"templates\/template-service.php","meta":{"_acf_changed":false,"footnotes":""},"class_list":["post-3619","page","type-page","status-publish","has-post-thumbnail","hentry","entry"],"acf":[],"yoast_head":"<!-- This site is optimized with the Yoast SEO plugin v27.3 - https:\/\/yoast.com\/product\/yoast-seo-wordpress\/ -->\n<title>Gummileisten - repatransportbanden.nl<\/title>\n<meta name=\"robots\" content=\"index, follow, max-snippet:-1, max-image-preview:large, max-video-preview:-1\" \/>\n<link rel=\"canonical\" href=\"https:\/\/repatransportbanden.nl\/de\/rubber\/rubber-snaren\/\" \/>\n<meta property=\"og:locale\" content=\"de_DE\" \/>\n<meta property=\"og:type\" content=\"article\" \/>\n<meta property=\"og:title\" content=\"Gummileisten - repatransportbanden.nl\" \/>\n<meta property=\"og:description\" content=\"Auf ein F\u00f6rderband k\u00f6nnen starke Seitenkr\u00e4fte einwirken. Es kann vorkommen, dass das F\u00f6rderband entgleist. Damit dies vermieden werden kann und eine m\u00f6glichst gro\u00dfe Stabilit\u00e4t erreicht wird, ist es ratsam, F\u00fchrungsleisten an den B\u00e4ndern zu montieren. Es gibt verschiedene Typen von F\u00fchrungsleisten, zwischen denen Sie w\u00e4hlen k\u00f6nnen, wie z. B. Leisten mit V-Profil oder in Blockform.&hellip; Continue reading Gummileisten\" \/>\n<meta property=\"og:url\" content=\"https:\/\/repatransportbanden.nl\/de\/rubber\/rubber-snaren\/\" \/>\n<meta property=\"og:site_name\" content=\"repatransportbanden.nl\" \/>\n<meta property=\"article:modified_time\" content=\"2022-01-17T08:24:09+00:00\" \/>\n<meta property=\"og:image\" content=\"https:\/\/repatransportbanden.tempurl.host\/wp-content\/uploads\/2021\/12\/Rubber-snaren.jpg\" \/>\n\t<meta property=\"og:image:width\" content=\"331\" \/>\n\t<meta property=\"og:image:height\" content=\"331\" \/>\n\t<meta property=\"og:image:type\" content=\"image\/jpeg\" \/>\n<meta name=\"twitter:card\" content=\"summary_large_image\" \/>\n<meta name=\"twitter:label1\" content=\"Gesch\u00e4tzte Lesezeit\" \/>\n\t<meta name=\"twitter:data1\" content=\"1\u00a0Minute\" \/>\n<script type=\"application\/ld+json\" class=\"yoast-schema-graph\">{\"@context\":\"https:\\\/\\\/schema.org\",\"@graph\":[{\"@type\":\"WebPage\",\"@id\":\"https:\\\/\\\/repatransportbanden.nl\\\/de\\\/rubber\\\/rubber-snaren\\\/\",\"url\":\"https:\\\/\\\/repatransportbanden.nl\\\/de\\\/rubber\\\/rubber-snaren\\\/\",\"name\":\"Gummileisten - repatransportbanden.nl\",\"isPartOf\":{\"@id\":\"https:\\\/\\\/repatransportbanden.tempurl.host\\\/#website\"},\"primaryImageOfPage\":{\"@id\":\"https:\\\/\\\/repatransportbanden.nl\\\/de\\\/rubber\\\/rubber-snaren\\\/#primaryimage\"},\"image\":{\"@id\":\"https:\\\/\\\/repatransportbanden.nl\\\/de\\\/rubber\\\/rubber-snaren\\\/#primaryimage\"},\"thumbnailUrl\":\"https:\\\/\\\/repatransportbanden.nl\\\/wp-content\\\/uploads\\\/2021\\\/12\\\/Rubber-snaren.jpg\",\"datePublished\":\"2022-01-07T07:53:42+00:00\",\"dateModified\":\"2022-01-17T08:24:09+00:00\",\"breadcrumb\":{\"@id\":\"https:\\\/\\\/repatransportbanden.nl\\\/de\\\/rubber\\\/rubber-snaren\\\/#breadcrumb\"},\"inLanguage\":\"de\",\"potentialAction\":[{\"@type\":\"ReadAction\",\"target\":[\"https:\\\/\\\/repatransportbanden.nl\\\/de\\\/rubber\\\/rubber-snaren\\\/\"]}]},{\"@type\":\"ImageObject\",\"inLanguage\":\"de\",\"@id\":\"https:\\\/\\\/repatransportbanden.nl\\\/de\\\/rubber\\\/rubber-snaren\\\/#primaryimage\",\"url\":\"https:\\\/\\\/repatransportbanden.nl\\\/wp-content\\\/uploads\\\/2021\\\/12\\\/Rubber-snaren.jpg\",\"contentUrl\":\"https:\\\/\\\/repatransportbanden.nl\\\/wp-content\\\/uploads\\\/2021\\\/12\\\/Rubber-snaren.jpg\",\"width\":331,\"height\":331},{\"@type\":\"BreadcrumbList\",\"@id\":\"https:\\\/\\\/repatransportbanden.nl\\\/de\\\/rubber\\\/rubber-snaren\\\/#breadcrumb\",\"itemListElement\":[{\"@type\":\"ListItem\",\"position\":1,\"name\":\"Home\",\"item\":\"https:\\\/\\\/repatransportbanden.nl\\\/de\\\/\"},{\"@type\":\"ListItem\",\"position\":2,\"name\":\"Gummif\u00f6rderb\u00e4ndern\",\"item\":\"https:\\\/\\\/repatransportbanden.tempurl.host\\\/de\\\/rubber\\\/\"},{\"@type\":\"ListItem\",\"position\":3,\"name\":\"Gummileisten\"}]},{\"@type\":\"WebSite\",\"@id\":\"https:\\\/\\\/repatransportbanden.tempurl.host\\\/#website\",\"url\":\"https:\\\/\\\/repatransportbanden.tempurl.host\\\/\",\"name\":\"repatransportbanden.nl\",\"description\":\"\",\"potentialAction\":[{\"@type\":\"SearchAction\",\"target\":{\"@type\":\"EntryPoint\",\"urlTemplate\":\"https:\\\/\\\/repatransportbanden.tempurl.host\\\/?s={search_term_string}\"},\"query-input\":{\"@type\":\"PropertyValueSpecification\",\"valueRequired\":true,\"valueName\":\"search_term_string\"}}],\"inLanguage\":\"de\"}]}<\/script>\n<!-- \/ Yoast SEO plugin. -->","yoast_head_json":{"title":"Gummileisten - repatransportbanden.nl","robots":{"index":"index","follow":"follow","max-snippet":"max-snippet:-1","max-image-preview":"max-image-preview:large","max-video-preview":"max-video-preview:-1"},"canonical":"https:\/\/repatransportbanden.nl\/de\/rubber\/rubber-snaren\/","og_locale":"de_DE","og_type":"article","og_title":"Gummileisten - repatransportbanden.nl","og_description":"Auf ein F\u00f6rderband k\u00f6nnen starke Seitenkr\u00e4fte einwirken. Es kann vorkommen, dass das F\u00f6rderband entgleist. Damit dies vermieden werden kann und eine m\u00f6glichst gro\u00dfe Stabilit\u00e4t erreicht wird, ist es ratsam, F\u00fchrungsleisten an den B\u00e4ndern zu montieren. Es gibt verschiedene Typen von F\u00fchrungsleisten, zwischen denen Sie w\u00e4hlen k\u00f6nnen, wie z. B. Leisten mit V-Profil oder in Blockform.&hellip; Continue reading Gummileisten","og_url":"https:\/\/repatransportbanden.nl\/de\/rubber\/rubber-snaren\/","og_site_name":"repatransportbanden.nl","article_modified_time":"2022-01-17T08:24:09+00:00","og_image":[{"width":331,"height":331,"url":"https:\/\/repatransportbanden.tempurl.host\/wp-content\/uploads\/2021\/12\/Rubber-snaren.jpg","type":"image\/jpeg"}],"twitter_card":"summary_large_image","twitter_misc":{"Gesch\u00e4tzte Lesezeit":"1\u00a0Minute"},"schema":{"@context":"https:\/\/schema.org","@graph":[{"@type":"WebPage","@id":"https:\/\/repatransportbanden.nl\/de\/rubber\/rubber-snaren\/","url":"https:\/\/repatransportbanden.nl\/de\/rubber\/rubber-snaren\/","name":"Gummileisten - repatransportbanden.nl","isPartOf":{"@id":"https:\/\/repatransportbanden.tempurl.host\/#website"},"primaryImageOfPage":{"@id":"https:\/\/repatransportbanden.nl\/de\/rubber\/rubber-snaren\/#primaryimage"},"image":{"@id":"https:\/\/repatransportbanden.nl\/de\/rubber\/rubber-snaren\/#primaryimage"},"thumbnailUrl":"https:\/\/repatransportbanden.nl\/wp-content\/uploads\/2021\/12\/Rubber-snaren.jpg","datePublished":"2022-01-07T07:53:42+00:00","dateModified":"2022-01-17T08:24:09+00:00","breadcrumb":{"@id":"https:\/\/repatransportbanden.nl\/de\/rubber\/rubber-snaren\/#breadcrumb"},"inLanguage":"de","potentialAction":[{"@type":"ReadAction","target":["https:\/\/repatransportbanden.nl\/de\/rubber\/rubber-snaren\/"]}]},{"@type":"ImageObject","inLanguage":"de","@id":"https:\/\/repatransportbanden.nl\/de\/rubber\/rubber-snaren\/#primaryimage","url":"https:\/\/repatransportbanden.nl\/wp-content\/uploads\/2021\/12\/Rubber-snaren.jpg","contentUrl":"https:\/\/repatransportbanden.nl\/wp-content\/uploads\/2021\/12\/Rubber-snaren.jpg","width":331,"height":331},{"@type":"BreadcrumbList","@id":"https:\/\/repatransportbanden.nl\/de\/rubber\/rubber-snaren\/#breadcrumb","itemListElement":[{"@type":"ListItem","position":1,"name":"Home","item":"https:\/\/repatransportbanden.nl\/de\/"},{"@type":"ListItem","position":2,"name":"Gummif\u00f6rderb\u00e4ndern","item":"https:\/\/repatransportbanden.tempurl.host\/de\/rubber\/"},{"@type":"ListItem","position":3,"name":"Gummileisten"}]},{"@type":"WebSite","@id":"https:\/\/repatransportbanden.tempurl.host\/#website","url":"https:\/\/repatransportbanden.tempurl.host\/","name":"repatransportbanden.nl","description":"","potentialAction":[{"@type":"SearchAction","target":{"@type":"EntryPoint","urlTemplate":"https:\/\/repatransportbanden.tempurl.host\/?s={search_term_string}"},"query-input":{"@type":"PropertyValueSpecification","valueRequired":true,"valueName":"search_term_string"}}],"inLanguage":"de"}]}},"_links":{"self":[{"href":"https:\/\/repatransportbanden.nl\/de\/wp-json\/wp\/v2\/pages\/3619","targetHints":{"allow":["GET"]}}],"collection":[{"href":"https:\/\/repatransportbanden.nl\/de\/wp-json\/wp\/v2\/pages"}],"about":[{"href":"https:\/\/repatransportbanden.nl\/de\/wp-json\/wp\/v2\/types\/page"}],"author":[{"embeddable":true,"href":"https:\/\/repatransportbanden.nl\/de\/wp-json\/wp\/v2\/users\/2"}],"replies":[{"embeddable":true,"href":"https:\/\/repatransportbanden.nl\/de\/wp-json\/wp\/v2\/comments?post=3619"}],"version-history":[{"count":3,"href":"https:\/\/repatransportbanden.nl\/de\/wp-json\/wp\/v2\/pages\/3619\/revisions"}],"predecessor-version":[{"id":4319,"href":"https:\/\/repatransportbanden.nl\/de\/wp-json\/wp\/v2\/pages\/3619\/revisions\/4319"}],"up":[{"embeddable":true,"href":"https:\/\/repatransportbanden.nl\/de\/wp-json\/wp\/v2\/pages\/3577"}],"wp:featuredmedia":[{"embeddable":true,"href":"https:\/\/repatransportbanden.nl\/de\/wp-json\/wp\/v2\/media\/2431"}],"wp:attachment":[{"href":"https:\/\/repatransportbanden.nl\/de\/wp-json\/wp\/v2\/media?parent=3619"}],"curies":[{"name":"wp","href":"https:\/\/api.w.org\/{rel}","templated":true}]}}