{"id":3613,"date":"2022-01-07T08:51:09","date_gmt":"2022-01-07T07:51:09","guid":{"rendered":"https:\/\/repatransportbanden.nl\/rubber\/reparatiematerialen\/"},"modified":"2022-01-17T09:16:14","modified_gmt":"2022-01-17T08:16:14","slug":"reparatiematerialen","status":"publish","type":"page","link":"https:\/\/repatransportbanden.nl\/de\/rubber\/reparatiematerialen\/","title":{"rendered":"Reparaturmaterial"},"content":{"rendered":"\n<p>Es ist nicht immer notwendig, ein neues F\u00f6rderband anzuschaffen, wenn Ihr derzeitiges Band besch\u00e4digt ist. Es kommt auf die Art und die Schwere der Besch\u00e4digung an. Bei REPA verf\u00fcgen wir \u00fcber viele Ressourcen, mit denen F\u00f6rderb\u00e4nder repariert werden k\u00f6nnen.<\/p>\n\n\n\n<p>In fast allen F\u00e4llen k\u00f6nnen wir Besch\u00e4digungen von F\u00f6rderb\u00e4ndern mit speziellen Reparaturstreifen oder \u2013pflastern kleben. Ist das nicht m\u00f6glich, k\u00f6nnen wir z. B. auch Bandkrampen, Hei\u00dfvulkanisation oder Zwei-Komponenten-Gummi verwenden.<\/p>\n","protected":false},"excerpt":{"rendered":"<p>Es ist nicht immer notwendig, ein neues F\u00f6rderband anzuschaffen, wenn Ihr derzeitiges Band besch\u00e4digt ist. Es kommt auf die Art und die Schwere der Besch\u00e4digung an. Bei REPA verf\u00fcgen wir \u00fcber viele Ressourcen, mit denen F\u00f6rderb\u00e4nder repariert werden k\u00f6nnen. In fast allen F\u00e4llen k\u00f6nnen wir Besch\u00e4digungen von F\u00f6rderb\u00e4ndern mit speziellen Reparaturstreifen oder \u2013pflastern kleben. Ist&hellip; <a class=\"more-link\" href=\"https:\/\/repatransportbanden.nl\/de\/rubber\/reparatiematerialen\/\">Continue reading <span class=\"screen-reader-text\">Reparaturmaterial<\/span><\/a><\/p>\n","protected":false},"author":2,"featured_media":2419,"parent":3577,"menu_order":0,"comment_status":"closed","ping_status":"closed","template":"templates\/template-service.php","meta":{"_acf_changed":false,"footnotes":""},"class_list":["post-3613","page","type-page","status-publish","has-post-thumbnail","hentry","entry"],"acf":[],"yoast_head":"<!-- This site is optimized with the Yoast SEO plugin v27.4 - https:\/\/yoast.com\/product\/yoast-seo-wordpress\/ -->\n<title>Reparaturmaterial - repatransportbanden.nl<\/title>\n<meta name=\"robots\" content=\"index, follow, max-snippet:-1, max-image-preview:large, max-video-preview:-1\" \/>\n<link rel=\"canonical\" href=\"https:\/\/repatransportbanden.nl\/de\/rubber\/reparatiematerialen\/\" \/>\n<meta property=\"og:locale\" content=\"de_DE\" \/>\n<meta property=\"og:type\" content=\"article\" \/>\n<meta property=\"og:title\" content=\"Reparaturmaterial - repatransportbanden.nl\" \/>\n<meta property=\"og:description\" content=\"Es ist nicht immer notwendig, ein neues F\u00f6rderband anzuschaffen, wenn Ihr derzeitiges Band besch\u00e4digt ist. Es kommt auf die Art und die Schwere der Besch\u00e4digung an. Bei REPA verf\u00fcgen wir \u00fcber viele Ressourcen, mit denen F\u00f6rderb\u00e4nder repariert werden k\u00f6nnen. In fast allen F\u00e4llen k\u00f6nnen wir Besch\u00e4digungen von F\u00f6rderb\u00e4ndern mit speziellen Reparaturstreifen oder \u2013pflastern kleben. Ist&hellip; Continue reading Reparaturmaterial\" \/>\n<meta property=\"og:url\" content=\"https:\/\/repatransportbanden.nl\/de\/rubber\/reparatiematerialen\/\" \/>\n<meta property=\"og:site_name\" content=\"repatransportbanden.nl\" \/>\n<meta property=\"article:modified_time\" content=\"2022-01-17T08:16:14+00:00\" \/>\n<meta property=\"og:image\" content=\"https:\/\/repatransportbanden.tempurl.host\/wp-content\/uploads\/2021\/12\/Reparatiematerialen.jpg\" \/>\n\t<meta property=\"og:image:width\" content=\"331\" \/>\n\t<meta property=\"og:image:height\" content=\"331\" \/>\n\t<meta property=\"og:image:type\" content=\"image\/jpeg\" \/>\n<meta name=\"twitter:card\" content=\"summary_large_image\" \/>\n<meta name=\"twitter:label1\" content=\"Gesch\u00e4tzte Lesezeit\" \/>\n\t<meta name=\"twitter:data1\" content=\"1\u00a0Minute\" \/>\n<script type=\"application\/ld+json\" class=\"yoast-schema-graph\">{\"@context\":\"https:\\\/\\\/schema.org\",\"@graph\":[{\"@type\":\"WebPage\",\"@id\":\"https:\\\/\\\/repatransportbanden.nl\\\/de\\\/rubber\\\/reparatiematerialen\\\/\",\"url\":\"https:\\\/\\\/repatransportbanden.nl\\\/de\\\/rubber\\\/reparatiematerialen\\\/\",\"name\":\"Reparaturmaterial - repatransportbanden.nl\",\"isPartOf\":{\"@id\":\"https:\\\/\\\/repatransportbanden.tempurl.host\\\/#website\"},\"primaryImageOfPage\":{\"@id\":\"https:\\\/\\\/repatransportbanden.nl\\\/de\\\/rubber\\\/reparatiematerialen\\\/#primaryimage\"},\"image\":{\"@id\":\"https:\\\/\\\/repatransportbanden.nl\\\/de\\\/rubber\\\/reparatiematerialen\\\/#primaryimage\"},\"thumbnailUrl\":\"https:\\\/\\\/repatransportbanden.nl\\\/wp-content\\\/uploads\\\/2021\\\/12\\\/Reparatiematerialen.jpg\",\"datePublished\":\"2022-01-07T07:51:09+00:00\",\"dateModified\":\"2022-01-17T08:16:14+00:00\",\"breadcrumb\":{\"@id\":\"https:\\\/\\\/repatransportbanden.nl\\\/de\\\/rubber\\\/reparatiematerialen\\\/#breadcrumb\"},\"inLanguage\":\"de\",\"potentialAction\":[{\"@type\":\"ReadAction\",\"target\":[\"https:\\\/\\\/repatransportbanden.nl\\\/de\\\/rubber\\\/reparatiematerialen\\\/\"]}]},{\"@type\":\"ImageObject\",\"inLanguage\":\"de\",\"@id\":\"https:\\\/\\\/repatransportbanden.nl\\\/de\\\/rubber\\\/reparatiematerialen\\\/#primaryimage\",\"url\":\"https:\\\/\\\/repatransportbanden.nl\\\/wp-content\\\/uploads\\\/2021\\\/12\\\/Reparatiematerialen.jpg\",\"contentUrl\":\"https:\\\/\\\/repatransportbanden.nl\\\/wp-content\\\/uploads\\\/2021\\\/12\\\/Reparatiematerialen.jpg\",\"width\":331,\"height\":331},{\"@type\":\"BreadcrumbList\",\"@id\":\"https:\\\/\\\/repatransportbanden.nl\\\/de\\\/rubber\\\/reparatiematerialen\\\/#breadcrumb\",\"itemListElement\":[{\"@type\":\"ListItem\",\"position\":1,\"name\":\"Home\",\"item\":\"https:\\\/\\\/repatransportbanden.nl\\\/de\\\/\"},{\"@type\":\"ListItem\",\"position\":2,\"name\":\"Gummif\u00f6rderb\u00e4ndern\",\"item\":\"https:\\\/\\\/repatransportbanden.tempurl.host\\\/de\\\/rubber\\\/\"},{\"@type\":\"ListItem\",\"position\":3,\"name\":\"Reparaturmaterial\"}]},{\"@type\":\"WebSite\",\"@id\":\"https:\\\/\\\/repatransportbanden.tempurl.host\\\/#website\",\"url\":\"https:\\\/\\\/repatransportbanden.tempurl.host\\\/\",\"name\":\"repatransportbanden.nl\",\"description\":\"\",\"potentialAction\":[{\"@type\":\"SearchAction\",\"target\":{\"@type\":\"EntryPoint\",\"urlTemplate\":\"https:\\\/\\\/repatransportbanden.tempurl.host\\\/?s={search_term_string}\"},\"query-input\":{\"@type\":\"PropertyValueSpecification\",\"valueRequired\":true,\"valueName\":\"search_term_string\"}}],\"inLanguage\":\"de\"}]}<\/script>\n<!-- \/ Yoast SEO plugin. -->","yoast_head_json":{"title":"Reparaturmaterial - repatransportbanden.nl","robots":{"index":"index","follow":"follow","max-snippet":"max-snippet:-1","max-image-preview":"max-image-preview:large","max-video-preview":"max-video-preview:-1"},"canonical":"https:\/\/repatransportbanden.nl\/de\/rubber\/reparatiematerialen\/","og_locale":"de_DE","og_type":"article","og_title":"Reparaturmaterial - repatransportbanden.nl","og_description":"Es ist nicht immer notwendig, ein neues F\u00f6rderband anzuschaffen, wenn Ihr derzeitiges Band besch\u00e4digt ist. Es kommt auf die Art und die Schwere der Besch\u00e4digung an. Bei REPA verf\u00fcgen wir \u00fcber viele Ressourcen, mit denen F\u00f6rderb\u00e4nder repariert werden k\u00f6nnen. In fast allen F\u00e4llen k\u00f6nnen wir Besch\u00e4digungen von F\u00f6rderb\u00e4ndern mit speziellen Reparaturstreifen oder \u2013pflastern kleben. Ist&hellip; Continue reading Reparaturmaterial","og_url":"https:\/\/repatransportbanden.nl\/de\/rubber\/reparatiematerialen\/","og_site_name":"repatransportbanden.nl","article_modified_time":"2022-01-17T08:16:14+00:00","og_image":[{"width":331,"height":331,"url":"https:\/\/repatransportbanden.tempurl.host\/wp-content\/uploads\/2021\/12\/Reparatiematerialen.jpg","type":"image\/jpeg"}],"twitter_card":"summary_large_image","twitter_misc":{"Gesch\u00e4tzte Lesezeit":"1\u00a0Minute"},"schema":{"@context":"https:\/\/schema.org","@graph":[{"@type":"WebPage","@id":"https:\/\/repatransportbanden.nl\/de\/rubber\/reparatiematerialen\/","url":"https:\/\/repatransportbanden.nl\/de\/rubber\/reparatiematerialen\/","name":"Reparaturmaterial - repatransportbanden.nl","isPartOf":{"@id":"https:\/\/repatransportbanden.tempurl.host\/#website"},"primaryImageOfPage":{"@id":"https:\/\/repatransportbanden.nl\/de\/rubber\/reparatiematerialen\/#primaryimage"},"image":{"@id":"https:\/\/repatransportbanden.nl\/de\/rubber\/reparatiematerialen\/#primaryimage"},"thumbnailUrl":"https:\/\/repatransportbanden.nl\/wp-content\/uploads\/2021\/12\/Reparatiematerialen.jpg","datePublished":"2022-01-07T07:51:09+00:00","dateModified":"2022-01-17T08:16:14+00:00","breadcrumb":{"@id":"https:\/\/repatransportbanden.nl\/de\/rubber\/reparatiematerialen\/#breadcrumb"},"inLanguage":"de","potentialAction":[{"@type":"ReadAction","target":["https:\/\/repatransportbanden.nl\/de\/rubber\/reparatiematerialen\/"]}]},{"@type":"ImageObject","inLanguage":"de","@id":"https:\/\/repatransportbanden.nl\/de\/rubber\/reparatiematerialen\/#primaryimage","url":"https:\/\/repatransportbanden.nl\/wp-content\/uploads\/2021\/12\/Reparatiematerialen.jpg","contentUrl":"https:\/\/repatransportbanden.nl\/wp-content\/uploads\/2021\/12\/Reparatiematerialen.jpg","width":331,"height":331},{"@type":"BreadcrumbList","@id":"https:\/\/repatransportbanden.nl\/de\/rubber\/reparatiematerialen\/#breadcrumb","itemListElement":[{"@type":"ListItem","position":1,"name":"Home","item":"https:\/\/repatransportbanden.nl\/de\/"},{"@type":"ListItem","position":2,"name":"Gummif\u00f6rderb\u00e4ndern","item":"https:\/\/repatransportbanden.tempurl.host\/de\/rubber\/"},{"@type":"ListItem","position":3,"name":"Reparaturmaterial"}]},{"@type":"WebSite","@id":"https:\/\/repatransportbanden.tempurl.host\/#website","url":"https:\/\/repatransportbanden.tempurl.host\/","name":"repatransportbanden.nl","description":"","potentialAction":[{"@type":"SearchAction","target":{"@type":"EntryPoint","urlTemplate":"https:\/\/repatransportbanden.tempurl.host\/?s={search_term_string}"},"query-input":{"@type":"PropertyValueSpecification","valueRequired":true,"valueName":"search_term_string"}}],"inLanguage":"de"}]}},"_links":{"self":[{"href":"https:\/\/repatransportbanden.nl\/de\/wp-json\/wp\/v2\/pages\/3613","targetHints":{"allow":["GET"]}}],"collection":[{"href":"https:\/\/repatransportbanden.nl\/de\/wp-json\/wp\/v2\/pages"}],"about":[{"href":"https:\/\/repatransportbanden.nl\/de\/wp-json\/wp\/v2\/types\/page"}],"author":[{"embeddable":true,"href":"https:\/\/repatransportbanden.nl\/de\/wp-json\/wp\/v2\/users\/2"}],"replies":[{"embeddable":true,"href":"https:\/\/repatransportbanden.nl\/de\/wp-json\/wp\/v2\/comments?post=3613"}],"version-history":[{"count":4,"href":"https:\/\/repatransportbanden.nl\/de\/wp-json\/wp\/v2\/pages\/3613\/revisions"}],"predecessor-version":[{"id":4311,"href":"https:\/\/repatransportbanden.nl\/de\/wp-json\/wp\/v2\/pages\/3613\/revisions\/4311"}],"up":[{"embeddable":true,"href":"https:\/\/repatransportbanden.nl\/de\/wp-json\/wp\/v2\/pages\/3577"}],"wp:featuredmedia":[{"embeddable":true,"href":"https:\/\/repatransportbanden.nl\/de\/wp-json\/wp\/v2\/media\/2419"}],"wp:attachment":[{"href":"https:\/\/repatransportbanden.nl\/de\/wp-json\/wp\/v2\/media?parent=3613"}],"curies":[{"name":"wp","href":"https:\/\/api.w.org\/{rel}","templated":true}]}}