{"id":3607,"date":"2022-01-07T08:47:22","date_gmt":"2022-01-07T07:47:22","guid":{"rendered":"https:\/\/repatransportbanden.nl\/rubber\/profielbanden\/"},"modified":"2022-01-17T09:12:49","modified_gmt":"2022-01-17T08:12:49","slug":"profielbanden","status":"publish","type":"page","link":"https:\/\/repatransportbanden.nl\/de\/rubber\/profielbanden\/","title":{"rendered":"Profilb\u00e4nder"},"content":{"rendered":"\n<p>Profilb\u00e4nder sind spezielle F\u00f6rderb\u00e4nder, die f\u00fcr den Transport von Produkten schr\u00e4g nach oben konzipiert sind. Diese B\u00e4nder werden in vielen Branchen ben\u00f6tigt, unter anderen in der Logistikbranche, der Landwirtschaft und dem Stra\u00dfenbau.<\/p>\n\n\n\n<p>Repa bietet Ihnen ein gro\u00dfes Angebot an Profilb\u00e4ndern mit verschiedenen Arten von Profilen. Ein sehr g\u00e4ngiger Typ ist das V-Profil oder Chevron-Profil, aber wir liefern noch viele weitere Varianten. Welchen Wunsch Sie auch haben oder welcher Herausforderung Sie auch gegen\u00fcberstehen, wir haben das richtige Band f\u00fcr Sie.<\/p>\n\n\n\n<p>Die Entscheidung f\u00fcr ein Profilband beschr\u00e4nkt sich nicht nur auf die Wahl eines Profiltyps. Auch die H\u00f6he und die Breite des Profils und die Bandbreite spielen eine wichtige Rolle.<\/p>\n","protected":false},"excerpt":{"rendered":"<p>Profilb\u00e4nder sind spezielle F\u00f6rderb\u00e4nder, die f\u00fcr den Transport von Produkten schr\u00e4g nach oben konzipiert sind. Diese B\u00e4nder werden in vielen Branchen ben\u00f6tigt, unter anderen in der Logistikbranche, der Landwirtschaft und dem Stra\u00dfenbau. Repa bietet Ihnen ein gro\u00dfes Angebot an Profilb\u00e4ndern mit verschiedenen Arten von Profilen. Ein sehr g\u00e4ngiger Typ ist das V-Profil oder Chevron-Profil, aber&hellip; <a class=\"more-link\" href=\"https:\/\/repatransportbanden.nl\/de\/rubber\/profielbanden\/\">Continue reading <span class=\"screen-reader-text\">Profilb\u00e4nder<\/span><\/a><\/p>\n","protected":false},"author":2,"featured_media":2401,"parent":3577,"menu_order":0,"comment_status":"closed","ping_status":"closed","template":"templates\/template-service.php","meta":{"_acf_changed":false,"footnotes":""},"class_list":["post-3607","page","type-page","status-publish","has-post-thumbnail","hentry","entry"],"acf":[],"yoast_head":"<!-- This site is optimized with the Yoast SEO plugin v27.4 - https:\/\/yoast.com\/product\/yoast-seo-wordpress\/ -->\n<title>Profilb\u00e4nder - repatransportbanden.nl<\/title>\n<meta name=\"robots\" content=\"index, follow, max-snippet:-1, max-image-preview:large, max-video-preview:-1\" \/>\n<link rel=\"canonical\" href=\"https:\/\/repatransportbanden.nl\/de\/rubber\/profielbanden\/\" \/>\n<meta property=\"og:locale\" content=\"de_DE\" \/>\n<meta property=\"og:type\" content=\"article\" \/>\n<meta property=\"og:title\" content=\"Profilb\u00e4nder - repatransportbanden.nl\" \/>\n<meta property=\"og:description\" content=\"Profilb\u00e4nder sind spezielle F\u00f6rderb\u00e4nder, die f\u00fcr den Transport von Produkten schr\u00e4g nach oben konzipiert sind. Diese B\u00e4nder werden in vielen Branchen ben\u00f6tigt, unter anderen in der Logistikbranche, der Landwirtschaft und dem Stra\u00dfenbau. Repa bietet Ihnen ein gro\u00dfes Angebot an Profilb\u00e4ndern mit verschiedenen Arten von Profilen. Ein sehr g\u00e4ngiger Typ ist das V-Profil oder Chevron-Profil, aber&hellip; Continue reading Profilb\u00e4nder\" \/>\n<meta property=\"og:url\" content=\"https:\/\/repatransportbanden.nl\/de\/rubber\/profielbanden\/\" \/>\n<meta property=\"og:site_name\" content=\"repatransportbanden.nl\" \/>\n<meta property=\"article:modified_time\" content=\"2022-01-17T08:12:49+00:00\" \/>\n<meta property=\"og:image\" content=\"https:\/\/repatransportbanden.tempurl.host\/wp-content\/uploads\/2021\/12\/Profielbanden.jpg\" \/>\n\t<meta property=\"og:image:width\" content=\"331\" \/>\n\t<meta property=\"og:image:height\" content=\"331\" \/>\n\t<meta property=\"og:image:type\" content=\"image\/jpeg\" \/>\n<meta name=\"twitter:card\" content=\"summary_large_image\" \/>\n<meta name=\"twitter:label1\" content=\"Gesch\u00e4tzte Lesezeit\" \/>\n\t<meta name=\"twitter:data1\" content=\"1\u00a0Minute\" \/>\n<script type=\"application\/ld+json\" class=\"yoast-schema-graph\">{\"@context\":\"https:\\\/\\\/schema.org\",\"@graph\":[{\"@type\":\"WebPage\",\"@id\":\"https:\\\/\\\/repatransportbanden.nl\\\/de\\\/rubber\\\/profielbanden\\\/\",\"url\":\"https:\\\/\\\/repatransportbanden.nl\\\/de\\\/rubber\\\/profielbanden\\\/\",\"name\":\"Profilb\u00e4nder - repatransportbanden.nl\",\"isPartOf\":{\"@id\":\"https:\\\/\\\/repatransportbanden.tempurl.host\\\/#website\"},\"primaryImageOfPage\":{\"@id\":\"https:\\\/\\\/repatransportbanden.nl\\\/de\\\/rubber\\\/profielbanden\\\/#primaryimage\"},\"image\":{\"@id\":\"https:\\\/\\\/repatransportbanden.nl\\\/de\\\/rubber\\\/profielbanden\\\/#primaryimage\"},\"thumbnailUrl\":\"https:\\\/\\\/repatransportbanden.nl\\\/wp-content\\\/uploads\\\/2021\\\/12\\\/Profielbanden.jpg\",\"datePublished\":\"2022-01-07T07:47:22+00:00\",\"dateModified\":\"2022-01-17T08:12:49+00:00\",\"breadcrumb\":{\"@id\":\"https:\\\/\\\/repatransportbanden.nl\\\/de\\\/rubber\\\/profielbanden\\\/#breadcrumb\"},\"inLanguage\":\"de\",\"potentialAction\":[{\"@type\":\"ReadAction\",\"target\":[\"https:\\\/\\\/repatransportbanden.nl\\\/de\\\/rubber\\\/profielbanden\\\/\"]}]},{\"@type\":\"ImageObject\",\"inLanguage\":\"de\",\"@id\":\"https:\\\/\\\/repatransportbanden.nl\\\/de\\\/rubber\\\/profielbanden\\\/#primaryimage\",\"url\":\"https:\\\/\\\/repatransportbanden.nl\\\/wp-content\\\/uploads\\\/2021\\\/12\\\/Profielbanden.jpg\",\"contentUrl\":\"https:\\\/\\\/repatransportbanden.nl\\\/wp-content\\\/uploads\\\/2021\\\/12\\\/Profielbanden.jpg\",\"width\":331,\"height\":331},{\"@type\":\"BreadcrumbList\",\"@id\":\"https:\\\/\\\/repatransportbanden.nl\\\/de\\\/rubber\\\/profielbanden\\\/#breadcrumb\",\"itemListElement\":[{\"@type\":\"ListItem\",\"position\":1,\"name\":\"Home\",\"item\":\"https:\\\/\\\/repatransportbanden.nl\\\/de\\\/\"},{\"@type\":\"ListItem\",\"position\":2,\"name\":\"Gummif\u00f6rderb\u00e4ndern\",\"item\":\"https:\\\/\\\/repatransportbanden.tempurl.host\\\/de\\\/rubber\\\/\"},{\"@type\":\"ListItem\",\"position\":3,\"name\":\"Profilb\u00e4nder\"}]},{\"@type\":\"WebSite\",\"@id\":\"https:\\\/\\\/repatransportbanden.tempurl.host\\\/#website\",\"url\":\"https:\\\/\\\/repatransportbanden.tempurl.host\\\/\",\"name\":\"repatransportbanden.nl\",\"description\":\"\",\"potentialAction\":[{\"@type\":\"SearchAction\",\"target\":{\"@type\":\"EntryPoint\",\"urlTemplate\":\"https:\\\/\\\/repatransportbanden.tempurl.host\\\/?s={search_term_string}\"},\"query-input\":{\"@type\":\"PropertyValueSpecification\",\"valueRequired\":true,\"valueName\":\"search_term_string\"}}],\"inLanguage\":\"de\"}]}<\/script>\n<!-- \/ Yoast SEO plugin. -->","yoast_head_json":{"title":"Profilb\u00e4nder - repatransportbanden.nl","robots":{"index":"index","follow":"follow","max-snippet":"max-snippet:-1","max-image-preview":"max-image-preview:large","max-video-preview":"max-video-preview:-1"},"canonical":"https:\/\/repatransportbanden.nl\/de\/rubber\/profielbanden\/","og_locale":"de_DE","og_type":"article","og_title":"Profilb\u00e4nder - repatransportbanden.nl","og_description":"Profilb\u00e4nder sind spezielle F\u00f6rderb\u00e4nder, die f\u00fcr den Transport von Produkten schr\u00e4g nach oben konzipiert sind. Diese B\u00e4nder werden in vielen Branchen ben\u00f6tigt, unter anderen in der Logistikbranche, der Landwirtschaft und dem Stra\u00dfenbau. Repa bietet Ihnen ein gro\u00dfes Angebot an Profilb\u00e4ndern mit verschiedenen Arten von Profilen. Ein sehr g\u00e4ngiger Typ ist das V-Profil oder Chevron-Profil, aber&hellip; Continue reading Profilb\u00e4nder","og_url":"https:\/\/repatransportbanden.nl\/de\/rubber\/profielbanden\/","og_site_name":"repatransportbanden.nl","article_modified_time":"2022-01-17T08:12:49+00:00","og_image":[{"width":331,"height":331,"url":"https:\/\/repatransportbanden.tempurl.host\/wp-content\/uploads\/2021\/12\/Profielbanden.jpg","type":"image\/jpeg"}],"twitter_card":"summary_large_image","twitter_misc":{"Gesch\u00e4tzte Lesezeit":"1\u00a0Minute"},"schema":{"@context":"https:\/\/schema.org","@graph":[{"@type":"WebPage","@id":"https:\/\/repatransportbanden.nl\/de\/rubber\/profielbanden\/","url":"https:\/\/repatransportbanden.nl\/de\/rubber\/profielbanden\/","name":"Profilb\u00e4nder - repatransportbanden.nl","isPartOf":{"@id":"https:\/\/repatransportbanden.tempurl.host\/#website"},"primaryImageOfPage":{"@id":"https:\/\/repatransportbanden.nl\/de\/rubber\/profielbanden\/#primaryimage"},"image":{"@id":"https:\/\/repatransportbanden.nl\/de\/rubber\/profielbanden\/#primaryimage"},"thumbnailUrl":"https:\/\/repatransportbanden.nl\/wp-content\/uploads\/2021\/12\/Profielbanden.jpg","datePublished":"2022-01-07T07:47:22+00:00","dateModified":"2022-01-17T08:12:49+00:00","breadcrumb":{"@id":"https:\/\/repatransportbanden.nl\/de\/rubber\/profielbanden\/#breadcrumb"},"inLanguage":"de","potentialAction":[{"@type":"ReadAction","target":["https:\/\/repatransportbanden.nl\/de\/rubber\/profielbanden\/"]}]},{"@type":"ImageObject","inLanguage":"de","@id":"https:\/\/repatransportbanden.nl\/de\/rubber\/profielbanden\/#primaryimage","url":"https:\/\/repatransportbanden.nl\/wp-content\/uploads\/2021\/12\/Profielbanden.jpg","contentUrl":"https:\/\/repatransportbanden.nl\/wp-content\/uploads\/2021\/12\/Profielbanden.jpg","width":331,"height":331},{"@type":"BreadcrumbList","@id":"https:\/\/repatransportbanden.nl\/de\/rubber\/profielbanden\/#breadcrumb","itemListElement":[{"@type":"ListItem","position":1,"name":"Home","item":"https:\/\/repatransportbanden.nl\/de\/"},{"@type":"ListItem","position":2,"name":"Gummif\u00f6rderb\u00e4ndern","item":"https:\/\/repatransportbanden.tempurl.host\/de\/rubber\/"},{"@type":"ListItem","position":3,"name":"Profilb\u00e4nder"}]},{"@type":"WebSite","@id":"https:\/\/repatransportbanden.tempurl.host\/#website","url":"https:\/\/repatransportbanden.tempurl.host\/","name":"repatransportbanden.nl","description":"","potentialAction":[{"@type":"SearchAction","target":{"@type":"EntryPoint","urlTemplate":"https:\/\/repatransportbanden.tempurl.host\/?s={search_term_string}"},"query-input":{"@type":"PropertyValueSpecification","valueRequired":true,"valueName":"search_term_string"}}],"inLanguage":"de"}]}},"_links":{"self":[{"href":"https:\/\/repatransportbanden.nl\/de\/wp-json\/wp\/v2\/pages\/3607","targetHints":{"allow":["GET"]}}],"collection":[{"href":"https:\/\/repatransportbanden.nl\/de\/wp-json\/wp\/v2\/pages"}],"about":[{"href":"https:\/\/repatransportbanden.nl\/de\/wp-json\/wp\/v2\/types\/page"}],"author":[{"embeddable":true,"href":"https:\/\/repatransportbanden.nl\/de\/wp-json\/wp\/v2\/users\/2"}],"replies":[{"embeddable":true,"href":"https:\/\/repatransportbanden.nl\/de\/wp-json\/wp\/v2\/comments?post=3607"}],"version-history":[{"count":3,"href":"https:\/\/repatransportbanden.nl\/de\/wp-json\/wp\/v2\/pages\/3607\/revisions"}],"predecessor-version":[{"id":4306,"href":"https:\/\/repatransportbanden.nl\/de\/wp-json\/wp\/v2\/pages\/3607\/revisions\/4306"}],"up":[{"embeddable":true,"href":"https:\/\/repatransportbanden.nl\/de\/wp-json\/wp\/v2\/pages\/3577"}],"wp:featuredmedia":[{"embeddable":true,"href":"https:\/\/repatransportbanden.nl\/de\/wp-json\/wp\/v2\/media\/2401"}],"wp:attachment":[{"href":"https:\/\/repatransportbanden.nl\/de\/wp-json\/wp\/v2\/media?parent=3607"}],"curies":[{"name":"wp","href":"https:\/\/api.w.org\/{rel}","templated":true}]}}