{"id":3601,"date":"2022-01-07T08:44:53","date_gmt":"2022-01-07T07:44:53","guid":{"rendered":"https:\/\/repatransportbanden.nl\/rubber\/overige-toebehoren-en-accessoires\/"},"modified":"2022-01-17T09:09:53","modified_gmt":"2022-01-17T08:09:53","slug":"overige-toebehoren-en-accessoires","status":"publish","type":"page","link":"https:\/\/repatransportbanden.nl\/de\/rubber\/overige-toebehoren-en-accessoires\/","title":{"rendered":"Sonstiges Zubeh\u00f6r"},"content":{"rendered":"\n<p>Repa liefert nicht nur F\u00f6rderb\u00e4nder, sondern auch ein breites Angebot an Zubeh\u00f6r. Wir verf\u00fcgen unter anderem \u00fcber V-Profile, Muldenstationen, Bandf\u00fchrungsrollen, Impact Bars und viele andere Produkte.<\/p>\n\n\n\n<p>Nehmen Sie sich deshalb Zeit und sehen Sie sich unsere komplette Zubeh\u00f6rliste an. In den meisten F\u00e4llen ist ein Produkt dabei, das Ihren W\u00fcnschen entspricht. Und sollte das nicht der Fall sein, nehmen Sie bitte Kontakt mit uns auf. Durch unser schnell wachsendes Sortiment ist es gut m\u00f6glich, dass wir doch noch ein geeignetes Produkt f\u00fcr Sie haben.<\/p>\n","protected":false},"excerpt":{"rendered":"<p>Repa liefert nicht nur F\u00f6rderb\u00e4nder, sondern auch ein breites Angebot an Zubeh\u00f6r. Wir verf\u00fcgen unter anderem \u00fcber V-Profile, Muldenstationen, Bandf\u00fchrungsrollen, Impact Bars und viele andere Produkte. Nehmen Sie sich deshalb Zeit und sehen Sie sich unsere komplette Zubeh\u00f6rliste an. In den meisten F\u00e4llen ist ein Produkt dabei, das Ihren W\u00fcnschen entspricht. Und sollte das nicht&hellip; <a class=\"more-link\" href=\"https:\/\/repatransportbanden.nl\/de\/rubber\/overige-toebehoren-en-accessoires\/\">Continue reading <span class=\"screen-reader-text\">Sonstiges Zubeh\u00f6r<\/span><\/a><\/p>\n","protected":false},"author":2,"featured_media":2389,"parent":3577,"menu_order":0,"comment_status":"closed","ping_status":"closed","template":"templates\/template-service.php","meta":{"_acf_changed":false,"footnotes":""},"class_list":["post-3601","page","type-page","status-publish","has-post-thumbnail","hentry","entry"],"acf":[],"yoast_head":"<!-- This site is optimized with the Yoast SEO plugin v27.4 - https:\/\/yoast.com\/product\/yoast-seo-wordpress\/ -->\n<title>Sonstiges Zubeh\u00f6r - repatransportbanden.nl<\/title>\n<meta name=\"robots\" content=\"index, follow, max-snippet:-1, max-image-preview:large, max-video-preview:-1\" \/>\n<link rel=\"canonical\" href=\"https:\/\/repatransportbanden.nl\/de\/rubber\/overige-toebehoren-en-accessoires\/\" \/>\n<meta property=\"og:locale\" content=\"de_DE\" \/>\n<meta property=\"og:type\" content=\"article\" \/>\n<meta property=\"og:title\" content=\"Sonstiges Zubeh\u00f6r - repatransportbanden.nl\" \/>\n<meta property=\"og:description\" content=\"Repa liefert nicht nur F\u00f6rderb\u00e4nder, sondern auch ein breites Angebot an Zubeh\u00f6r. Wir verf\u00fcgen unter anderem \u00fcber V-Profile, Muldenstationen, Bandf\u00fchrungsrollen, Impact Bars und viele andere Produkte. Nehmen Sie sich deshalb Zeit und sehen Sie sich unsere komplette Zubeh\u00f6rliste an. In den meisten F\u00e4llen ist ein Produkt dabei, das Ihren W\u00fcnschen entspricht. Und sollte das nicht&hellip; Continue reading Sonstiges Zubeh\u00f6r\" \/>\n<meta property=\"og:url\" content=\"https:\/\/repatransportbanden.nl\/de\/rubber\/overige-toebehoren-en-accessoires\/\" \/>\n<meta property=\"og:site_name\" content=\"repatransportbanden.nl\" \/>\n<meta property=\"article:modified_time\" content=\"2022-01-17T08:09:53+00:00\" \/>\n<meta property=\"og:image\" content=\"https:\/\/repatransportbanden.tempurl.host\/wp-content\/uploads\/2021\/12\/Overige-toebehoren.jpg\" \/>\n\t<meta property=\"og:image:width\" content=\"331\" \/>\n\t<meta property=\"og:image:height\" content=\"331\" \/>\n\t<meta property=\"og:image:type\" content=\"image\/jpeg\" \/>\n<meta name=\"twitter:card\" content=\"summary_large_image\" \/>\n<meta name=\"twitter:label1\" content=\"Gesch\u00e4tzte Lesezeit\" \/>\n\t<meta name=\"twitter:data1\" content=\"1\u00a0Minute\" \/>\n<script type=\"application\/ld+json\" class=\"yoast-schema-graph\">{\"@context\":\"https:\\\/\\\/schema.org\",\"@graph\":[{\"@type\":\"WebPage\",\"@id\":\"https:\\\/\\\/repatransportbanden.nl\\\/de\\\/rubber\\\/overige-toebehoren-en-accessoires\\\/\",\"url\":\"https:\\\/\\\/repatransportbanden.nl\\\/de\\\/rubber\\\/overige-toebehoren-en-accessoires\\\/\",\"name\":\"Sonstiges Zubeh\u00f6r - repatransportbanden.nl\",\"isPartOf\":{\"@id\":\"https:\\\/\\\/repatransportbanden.tempurl.host\\\/#website\"},\"primaryImageOfPage\":{\"@id\":\"https:\\\/\\\/repatransportbanden.nl\\\/de\\\/rubber\\\/overige-toebehoren-en-accessoires\\\/#primaryimage\"},\"image\":{\"@id\":\"https:\\\/\\\/repatransportbanden.nl\\\/de\\\/rubber\\\/overige-toebehoren-en-accessoires\\\/#primaryimage\"},\"thumbnailUrl\":\"https:\\\/\\\/repatransportbanden.nl\\\/wp-content\\\/uploads\\\/2021\\\/12\\\/Overige-toebehoren.jpg\",\"datePublished\":\"2022-01-07T07:44:53+00:00\",\"dateModified\":\"2022-01-17T08:09:53+00:00\",\"breadcrumb\":{\"@id\":\"https:\\\/\\\/repatransportbanden.nl\\\/de\\\/rubber\\\/overige-toebehoren-en-accessoires\\\/#breadcrumb\"},\"inLanguage\":\"de\",\"potentialAction\":[{\"@type\":\"ReadAction\",\"target\":[\"https:\\\/\\\/repatransportbanden.nl\\\/de\\\/rubber\\\/overige-toebehoren-en-accessoires\\\/\"]}]},{\"@type\":\"ImageObject\",\"inLanguage\":\"de\",\"@id\":\"https:\\\/\\\/repatransportbanden.nl\\\/de\\\/rubber\\\/overige-toebehoren-en-accessoires\\\/#primaryimage\",\"url\":\"https:\\\/\\\/repatransportbanden.nl\\\/wp-content\\\/uploads\\\/2021\\\/12\\\/Overige-toebehoren.jpg\",\"contentUrl\":\"https:\\\/\\\/repatransportbanden.nl\\\/wp-content\\\/uploads\\\/2021\\\/12\\\/Overige-toebehoren.jpg\",\"width\":331,\"height\":331},{\"@type\":\"BreadcrumbList\",\"@id\":\"https:\\\/\\\/repatransportbanden.nl\\\/de\\\/rubber\\\/overige-toebehoren-en-accessoires\\\/#breadcrumb\",\"itemListElement\":[{\"@type\":\"ListItem\",\"position\":1,\"name\":\"Home\",\"item\":\"https:\\\/\\\/repatransportbanden.nl\\\/de\\\/\"},{\"@type\":\"ListItem\",\"position\":2,\"name\":\"Gummif\u00f6rderb\u00e4ndern\",\"item\":\"https:\\\/\\\/repatransportbanden.tempurl.host\\\/de\\\/rubber\\\/\"},{\"@type\":\"ListItem\",\"position\":3,\"name\":\"Sonstiges Zubeh\u00f6r\"}]},{\"@type\":\"WebSite\",\"@id\":\"https:\\\/\\\/repatransportbanden.tempurl.host\\\/#website\",\"url\":\"https:\\\/\\\/repatransportbanden.tempurl.host\\\/\",\"name\":\"repatransportbanden.nl\",\"description\":\"\",\"potentialAction\":[{\"@type\":\"SearchAction\",\"target\":{\"@type\":\"EntryPoint\",\"urlTemplate\":\"https:\\\/\\\/repatransportbanden.tempurl.host\\\/?s={search_term_string}\"},\"query-input\":{\"@type\":\"PropertyValueSpecification\",\"valueRequired\":true,\"valueName\":\"search_term_string\"}}],\"inLanguage\":\"de\"}]}<\/script>\n<!-- \/ Yoast SEO plugin. -->","yoast_head_json":{"title":"Sonstiges Zubeh\u00f6r - repatransportbanden.nl","robots":{"index":"index","follow":"follow","max-snippet":"max-snippet:-1","max-image-preview":"max-image-preview:large","max-video-preview":"max-video-preview:-1"},"canonical":"https:\/\/repatransportbanden.nl\/de\/rubber\/overige-toebehoren-en-accessoires\/","og_locale":"de_DE","og_type":"article","og_title":"Sonstiges Zubeh\u00f6r - repatransportbanden.nl","og_description":"Repa liefert nicht nur F\u00f6rderb\u00e4nder, sondern auch ein breites Angebot an Zubeh\u00f6r. Wir verf\u00fcgen unter anderem \u00fcber V-Profile, Muldenstationen, Bandf\u00fchrungsrollen, Impact Bars und viele andere Produkte. Nehmen Sie sich deshalb Zeit und sehen Sie sich unsere komplette Zubeh\u00f6rliste an. In den meisten F\u00e4llen ist ein Produkt dabei, das Ihren W\u00fcnschen entspricht. Und sollte das nicht&hellip; Continue reading Sonstiges Zubeh\u00f6r","og_url":"https:\/\/repatransportbanden.nl\/de\/rubber\/overige-toebehoren-en-accessoires\/","og_site_name":"repatransportbanden.nl","article_modified_time":"2022-01-17T08:09:53+00:00","og_image":[{"width":331,"height":331,"url":"https:\/\/repatransportbanden.tempurl.host\/wp-content\/uploads\/2021\/12\/Overige-toebehoren.jpg","type":"image\/jpeg"}],"twitter_card":"summary_large_image","twitter_misc":{"Gesch\u00e4tzte Lesezeit":"1\u00a0Minute"},"schema":{"@context":"https:\/\/schema.org","@graph":[{"@type":"WebPage","@id":"https:\/\/repatransportbanden.nl\/de\/rubber\/overige-toebehoren-en-accessoires\/","url":"https:\/\/repatransportbanden.nl\/de\/rubber\/overige-toebehoren-en-accessoires\/","name":"Sonstiges Zubeh\u00f6r - repatransportbanden.nl","isPartOf":{"@id":"https:\/\/repatransportbanden.tempurl.host\/#website"},"primaryImageOfPage":{"@id":"https:\/\/repatransportbanden.nl\/de\/rubber\/overige-toebehoren-en-accessoires\/#primaryimage"},"image":{"@id":"https:\/\/repatransportbanden.nl\/de\/rubber\/overige-toebehoren-en-accessoires\/#primaryimage"},"thumbnailUrl":"https:\/\/repatransportbanden.nl\/wp-content\/uploads\/2021\/12\/Overige-toebehoren.jpg","datePublished":"2022-01-07T07:44:53+00:00","dateModified":"2022-01-17T08:09:53+00:00","breadcrumb":{"@id":"https:\/\/repatransportbanden.nl\/de\/rubber\/overige-toebehoren-en-accessoires\/#breadcrumb"},"inLanguage":"de","potentialAction":[{"@type":"ReadAction","target":["https:\/\/repatransportbanden.nl\/de\/rubber\/overige-toebehoren-en-accessoires\/"]}]},{"@type":"ImageObject","inLanguage":"de","@id":"https:\/\/repatransportbanden.nl\/de\/rubber\/overige-toebehoren-en-accessoires\/#primaryimage","url":"https:\/\/repatransportbanden.nl\/wp-content\/uploads\/2021\/12\/Overige-toebehoren.jpg","contentUrl":"https:\/\/repatransportbanden.nl\/wp-content\/uploads\/2021\/12\/Overige-toebehoren.jpg","width":331,"height":331},{"@type":"BreadcrumbList","@id":"https:\/\/repatransportbanden.nl\/de\/rubber\/overige-toebehoren-en-accessoires\/#breadcrumb","itemListElement":[{"@type":"ListItem","position":1,"name":"Home","item":"https:\/\/repatransportbanden.nl\/de\/"},{"@type":"ListItem","position":2,"name":"Gummif\u00f6rderb\u00e4ndern","item":"https:\/\/repatransportbanden.tempurl.host\/de\/rubber\/"},{"@type":"ListItem","position":3,"name":"Sonstiges Zubeh\u00f6r"}]},{"@type":"WebSite","@id":"https:\/\/repatransportbanden.tempurl.host\/#website","url":"https:\/\/repatransportbanden.tempurl.host\/","name":"repatransportbanden.nl","description":"","potentialAction":[{"@type":"SearchAction","target":{"@type":"EntryPoint","urlTemplate":"https:\/\/repatransportbanden.tempurl.host\/?s={search_term_string}"},"query-input":{"@type":"PropertyValueSpecification","valueRequired":true,"valueName":"search_term_string"}}],"inLanguage":"de"}]}},"_links":{"self":[{"href":"https:\/\/repatransportbanden.nl\/de\/wp-json\/wp\/v2\/pages\/3601","targetHints":{"allow":["GET"]}}],"collection":[{"href":"https:\/\/repatransportbanden.nl\/de\/wp-json\/wp\/v2\/pages"}],"about":[{"href":"https:\/\/repatransportbanden.nl\/de\/wp-json\/wp\/v2\/types\/page"}],"author":[{"embeddable":true,"href":"https:\/\/repatransportbanden.nl\/de\/wp-json\/wp\/v2\/users\/2"}],"replies":[{"embeddable":true,"href":"https:\/\/repatransportbanden.nl\/de\/wp-json\/wp\/v2\/comments?post=3601"}],"version-history":[{"count":3,"href":"https:\/\/repatransportbanden.nl\/de\/wp-json\/wp\/v2\/pages\/3601\/revisions"}],"predecessor-version":[{"id":4303,"href":"https:\/\/repatransportbanden.nl\/de\/wp-json\/wp\/v2\/pages\/3601\/revisions\/4303"}],"up":[{"embeddable":true,"href":"https:\/\/repatransportbanden.nl\/de\/wp-json\/wp\/v2\/pages\/3577"}],"wp:featuredmedia":[{"embeddable":true,"href":"https:\/\/repatransportbanden.nl\/de\/wp-json\/wp\/v2\/media\/2389"}],"wp:attachment":[{"href":"https:\/\/repatransportbanden.nl\/de\/wp-json\/wp\/v2\/media?parent=3601"}],"curies":[{"name":"wp","href":"https:\/\/api.w.org\/{rel}","templated":true}]}}