{"id":3595,"date":"2022-01-07T08:41:40","date_gmt":"2022-01-07T07:41:40","guid":{"rendered":"https:\/\/repatransportbanden.nl\/rubber\/hittebestendige-banden\/"},"modified":"2022-01-17T09:07:16","modified_gmt":"2022-01-17T08:07:16","slug":"hittebestendige-banden","status":"publish","type":"page","link":"https:\/\/repatransportbanden.nl\/de\/rubber\/hittebestendige-banden\/","title":{"rendered":"Hitzebest\u00e4ndige b\u00e4nder"},"content":{"rendered":"\n<p>An Orten, an denen hei\u00dfe Stoffe oder Produkte mit einem F\u00f6rderband transportiert werden m\u00fcssen, geht es nicht ohne hitzebest\u00e4ndige B\u00e4nder, z. B. in der Stahlindustrie, der Recyclingbranche oder dem Hafensektor.<\/p>\n\n\n\n<p>Wenn F\u00f6rderb\u00e4nder lange Zeit sehr hohen Temperaturen ausgesetzt werden, kann sich ihre Qualit\u00e4t schnell verschlechtern. Beschichtungen und Einlagen, aber auch Schwei\u00dfn\u00e4hte, k\u00f6nnen sich beispielsweise l\u00f6sen. Das kann dazu f\u00fchren, dass das Band rei\u00dft, und dadurch die Produktion stockt.<\/p>\n\n\n\n<p>Mit den qualitativ hochwertigen hitzebest\u00e4ndigen F\u00f6rderb\u00e4ndern von Repa k\u00f6nnen solche Situationen vermieden werden.<\/p>\n","protected":false},"excerpt":{"rendered":"<p>An Orten, an denen hei\u00dfe Stoffe oder Produkte mit einem F\u00f6rderband transportiert werden m\u00fcssen, geht es nicht ohne hitzebest\u00e4ndige B\u00e4nder, z. B. in der Stahlindustrie, der Recyclingbranche oder dem Hafensektor. Wenn F\u00f6rderb\u00e4nder lange Zeit sehr hohen Temperaturen ausgesetzt werden, kann sich ihre Qualit\u00e4t schnell verschlechtern. Beschichtungen und Einlagen, aber auch Schwei\u00dfn\u00e4hte, k\u00f6nnen sich beispielsweise l\u00f6sen.&hellip; <a class=\"more-link\" href=\"https:\/\/repatransportbanden.nl\/de\/rubber\/hittebestendige-banden\/\">Continue reading <span class=\"screen-reader-text\">Hitzebest\u00e4ndige b\u00e4nder<\/span><\/a><\/p>\n","protected":false},"author":2,"featured_media":2365,"parent":3577,"menu_order":0,"comment_status":"closed","ping_status":"closed","template":"templates\/template-service.php","meta":{"_acf_changed":false,"footnotes":""},"class_list":["post-3595","page","type-page","status-publish","has-post-thumbnail","hentry","entry"],"acf":[],"yoast_head":"<!-- This site is optimized with the Yoast SEO plugin v27.3 - https:\/\/yoast.com\/product\/yoast-seo-wordpress\/ -->\n<title>Hitzebest\u00e4ndige b\u00e4nder - repatransportbanden.nl<\/title>\n<meta name=\"robots\" content=\"index, follow, max-snippet:-1, max-image-preview:large, max-video-preview:-1\" \/>\n<link rel=\"canonical\" href=\"https:\/\/repatransportbanden.nl\/de\/rubber\/hittebestendige-banden\/\" \/>\n<meta property=\"og:locale\" content=\"de_DE\" \/>\n<meta property=\"og:type\" content=\"article\" \/>\n<meta property=\"og:title\" content=\"Hitzebest\u00e4ndige b\u00e4nder - repatransportbanden.nl\" \/>\n<meta property=\"og:description\" content=\"An Orten, an denen hei\u00dfe Stoffe oder Produkte mit einem F\u00f6rderband transportiert werden m\u00fcssen, geht es nicht ohne hitzebest\u00e4ndige B\u00e4nder, z. B. in der Stahlindustrie, der Recyclingbranche oder dem Hafensektor. Wenn F\u00f6rderb\u00e4nder lange Zeit sehr hohen Temperaturen ausgesetzt werden, kann sich ihre Qualit\u00e4t schnell verschlechtern. Beschichtungen und Einlagen, aber auch Schwei\u00dfn\u00e4hte, k\u00f6nnen sich beispielsweise l\u00f6sen.&hellip; Continue reading Hitzebest\u00e4ndige b\u00e4nder\" \/>\n<meta property=\"og:url\" content=\"https:\/\/repatransportbanden.nl\/de\/rubber\/hittebestendige-banden\/\" \/>\n<meta property=\"og:site_name\" content=\"repatransportbanden.nl\" \/>\n<meta property=\"article:modified_time\" content=\"2022-01-17T08:07:16+00:00\" \/>\n<meta property=\"og:image\" content=\"https:\/\/repatransportbanden.tempurl.host\/wp-content\/uploads\/2021\/12\/Hittebestendige-banden.jpg\" \/>\n\t<meta property=\"og:image:width\" content=\"331\" \/>\n\t<meta property=\"og:image:height\" content=\"331\" \/>\n\t<meta property=\"og:image:type\" content=\"image\/jpeg\" \/>\n<meta name=\"twitter:card\" content=\"summary_large_image\" \/>\n<meta name=\"twitter:label1\" content=\"Gesch\u00e4tzte Lesezeit\" \/>\n\t<meta name=\"twitter:data1\" content=\"1\u00a0Minute\" \/>\n<script type=\"application\/ld+json\" class=\"yoast-schema-graph\">{\"@context\":\"https:\\\/\\\/schema.org\",\"@graph\":[{\"@type\":\"WebPage\",\"@id\":\"https:\\\/\\\/repatransportbanden.nl\\\/de\\\/rubber\\\/hittebestendige-banden\\\/\",\"url\":\"https:\\\/\\\/repatransportbanden.nl\\\/de\\\/rubber\\\/hittebestendige-banden\\\/\",\"name\":\"Hitzebest\u00e4ndige b\u00e4nder - repatransportbanden.nl\",\"isPartOf\":{\"@id\":\"https:\\\/\\\/repatransportbanden.tempurl.host\\\/#website\"},\"primaryImageOfPage\":{\"@id\":\"https:\\\/\\\/repatransportbanden.nl\\\/de\\\/rubber\\\/hittebestendige-banden\\\/#primaryimage\"},\"image\":{\"@id\":\"https:\\\/\\\/repatransportbanden.nl\\\/de\\\/rubber\\\/hittebestendige-banden\\\/#primaryimage\"},\"thumbnailUrl\":\"https:\\\/\\\/repatransportbanden.nl\\\/wp-content\\\/uploads\\\/2021\\\/12\\\/Hittebestendige-banden.jpg\",\"datePublished\":\"2022-01-07T07:41:40+00:00\",\"dateModified\":\"2022-01-17T08:07:16+00:00\",\"breadcrumb\":{\"@id\":\"https:\\\/\\\/repatransportbanden.nl\\\/de\\\/rubber\\\/hittebestendige-banden\\\/#breadcrumb\"},\"inLanguage\":\"de\",\"potentialAction\":[{\"@type\":\"ReadAction\",\"target\":[\"https:\\\/\\\/repatransportbanden.nl\\\/de\\\/rubber\\\/hittebestendige-banden\\\/\"]}]},{\"@type\":\"ImageObject\",\"inLanguage\":\"de\",\"@id\":\"https:\\\/\\\/repatransportbanden.nl\\\/de\\\/rubber\\\/hittebestendige-banden\\\/#primaryimage\",\"url\":\"https:\\\/\\\/repatransportbanden.nl\\\/wp-content\\\/uploads\\\/2021\\\/12\\\/Hittebestendige-banden.jpg\",\"contentUrl\":\"https:\\\/\\\/repatransportbanden.nl\\\/wp-content\\\/uploads\\\/2021\\\/12\\\/Hittebestendige-banden.jpg\",\"width\":331,\"height\":331},{\"@type\":\"BreadcrumbList\",\"@id\":\"https:\\\/\\\/repatransportbanden.nl\\\/de\\\/rubber\\\/hittebestendige-banden\\\/#breadcrumb\",\"itemListElement\":[{\"@type\":\"ListItem\",\"position\":1,\"name\":\"Home\",\"item\":\"https:\\\/\\\/repatransportbanden.nl\\\/de\\\/\"},{\"@type\":\"ListItem\",\"position\":2,\"name\":\"Gummif\u00f6rderb\u00e4ndern\",\"item\":\"https:\\\/\\\/repatransportbanden.tempurl.host\\\/de\\\/rubber\\\/\"},{\"@type\":\"ListItem\",\"position\":3,\"name\":\"Hitzebest\u00e4ndige b\u00e4nder\"}]},{\"@type\":\"WebSite\",\"@id\":\"https:\\\/\\\/repatransportbanden.tempurl.host\\\/#website\",\"url\":\"https:\\\/\\\/repatransportbanden.tempurl.host\\\/\",\"name\":\"repatransportbanden.nl\",\"description\":\"\",\"potentialAction\":[{\"@type\":\"SearchAction\",\"target\":{\"@type\":\"EntryPoint\",\"urlTemplate\":\"https:\\\/\\\/repatransportbanden.tempurl.host\\\/?s={search_term_string}\"},\"query-input\":{\"@type\":\"PropertyValueSpecification\",\"valueRequired\":true,\"valueName\":\"search_term_string\"}}],\"inLanguage\":\"de\"}]}<\/script>\n<!-- \/ Yoast SEO plugin. -->","yoast_head_json":{"title":"Hitzebest\u00e4ndige b\u00e4nder - repatransportbanden.nl","robots":{"index":"index","follow":"follow","max-snippet":"max-snippet:-1","max-image-preview":"max-image-preview:large","max-video-preview":"max-video-preview:-1"},"canonical":"https:\/\/repatransportbanden.nl\/de\/rubber\/hittebestendige-banden\/","og_locale":"de_DE","og_type":"article","og_title":"Hitzebest\u00e4ndige b\u00e4nder - repatransportbanden.nl","og_description":"An Orten, an denen hei\u00dfe Stoffe oder Produkte mit einem F\u00f6rderband transportiert werden m\u00fcssen, geht es nicht ohne hitzebest\u00e4ndige B\u00e4nder, z. B. in der Stahlindustrie, der Recyclingbranche oder dem Hafensektor. Wenn F\u00f6rderb\u00e4nder lange Zeit sehr hohen Temperaturen ausgesetzt werden, kann sich ihre Qualit\u00e4t schnell verschlechtern. Beschichtungen und Einlagen, aber auch Schwei\u00dfn\u00e4hte, k\u00f6nnen sich beispielsweise l\u00f6sen.&hellip; Continue reading Hitzebest\u00e4ndige b\u00e4nder","og_url":"https:\/\/repatransportbanden.nl\/de\/rubber\/hittebestendige-banden\/","og_site_name":"repatransportbanden.nl","article_modified_time":"2022-01-17T08:07:16+00:00","og_image":[{"width":331,"height":331,"url":"https:\/\/repatransportbanden.tempurl.host\/wp-content\/uploads\/2021\/12\/Hittebestendige-banden.jpg","type":"image\/jpeg"}],"twitter_card":"summary_large_image","twitter_misc":{"Gesch\u00e4tzte Lesezeit":"1\u00a0Minute"},"schema":{"@context":"https:\/\/schema.org","@graph":[{"@type":"WebPage","@id":"https:\/\/repatransportbanden.nl\/de\/rubber\/hittebestendige-banden\/","url":"https:\/\/repatransportbanden.nl\/de\/rubber\/hittebestendige-banden\/","name":"Hitzebest\u00e4ndige b\u00e4nder - repatransportbanden.nl","isPartOf":{"@id":"https:\/\/repatransportbanden.tempurl.host\/#website"},"primaryImageOfPage":{"@id":"https:\/\/repatransportbanden.nl\/de\/rubber\/hittebestendige-banden\/#primaryimage"},"image":{"@id":"https:\/\/repatransportbanden.nl\/de\/rubber\/hittebestendige-banden\/#primaryimage"},"thumbnailUrl":"https:\/\/repatransportbanden.nl\/wp-content\/uploads\/2021\/12\/Hittebestendige-banden.jpg","datePublished":"2022-01-07T07:41:40+00:00","dateModified":"2022-01-17T08:07:16+00:00","breadcrumb":{"@id":"https:\/\/repatransportbanden.nl\/de\/rubber\/hittebestendige-banden\/#breadcrumb"},"inLanguage":"de","potentialAction":[{"@type":"ReadAction","target":["https:\/\/repatransportbanden.nl\/de\/rubber\/hittebestendige-banden\/"]}]},{"@type":"ImageObject","inLanguage":"de","@id":"https:\/\/repatransportbanden.nl\/de\/rubber\/hittebestendige-banden\/#primaryimage","url":"https:\/\/repatransportbanden.nl\/wp-content\/uploads\/2021\/12\/Hittebestendige-banden.jpg","contentUrl":"https:\/\/repatransportbanden.nl\/wp-content\/uploads\/2021\/12\/Hittebestendige-banden.jpg","width":331,"height":331},{"@type":"BreadcrumbList","@id":"https:\/\/repatransportbanden.nl\/de\/rubber\/hittebestendige-banden\/#breadcrumb","itemListElement":[{"@type":"ListItem","position":1,"name":"Home","item":"https:\/\/repatransportbanden.nl\/de\/"},{"@type":"ListItem","position":2,"name":"Gummif\u00f6rderb\u00e4ndern","item":"https:\/\/repatransportbanden.tempurl.host\/de\/rubber\/"},{"@type":"ListItem","position":3,"name":"Hitzebest\u00e4ndige b\u00e4nder"}]},{"@type":"WebSite","@id":"https:\/\/repatransportbanden.tempurl.host\/#website","url":"https:\/\/repatransportbanden.tempurl.host\/","name":"repatransportbanden.nl","description":"","potentialAction":[{"@type":"SearchAction","target":{"@type":"EntryPoint","urlTemplate":"https:\/\/repatransportbanden.tempurl.host\/?s={search_term_string}"},"query-input":{"@type":"PropertyValueSpecification","valueRequired":true,"valueName":"search_term_string"}}],"inLanguage":"de"}]}},"_links":{"self":[{"href":"https:\/\/repatransportbanden.nl\/de\/wp-json\/wp\/v2\/pages\/3595","targetHints":{"allow":["GET"]}}],"collection":[{"href":"https:\/\/repatransportbanden.nl\/de\/wp-json\/wp\/v2\/pages"}],"about":[{"href":"https:\/\/repatransportbanden.nl\/de\/wp-json\/wp\/v2\/types\/page"}],"author":[{"embeddable":true,"href":"https:\/\/repatransportbanden.nl\/de\/wp-json\/wp\/v2\/users\/2"}],"replies":[{"embeddable":true,"href":"https:\/\/repatransportbanden.nl\/de\/wp-json\/wp\/v2\/comments?post=3595"}],"version-history":[{"count":3,"href":"https:\/\/repatransportbanden.nl\/de\/wp-json\/wp\/v2\/pages\/3595\/revisions"}],"predecessor-version":[{"id":4300,"href":"https:\/\/repatransportbanden.nl\/de\/wp-json\/wp\/v2\/pages\/3595\/revisions\/4300"}],"up":[{"embeddable":true,"href":"https:\/\/repatransportbanden.nl\/de\/wp-json\/wp\/v2\/pages\/3577"}],"wp:featuredmedia":[{"embeddable":true,"href":"https:\/\/repatransportbanden.nl\/de\/wp-json\/wp\/v2\/media\/2365"}],"wp:attachment":[{"href":"https:\/\/repatransportbanden.nl\/de\/wp-json\/wp\/v2\/media?parent=3595"}],"curies":[{"name":"wp","href":"https:\/\/api.w.org\/{rel}","templated":true}]}}